{"id":39376,"date":"2025-12-04T19:10:26","date_gmt":"2025-12-04T17:10:26","guid":{"rendered":"https:\/\/ecostera.com\/dk\/product\/dekorativ-trykkuglepen-med-dyr\/"},"modified":"2025-12-04T19:11:35","modified_gmt":"2025-12-04T17:11:35","slug":"dekorativ-trykkuglepen-med-dyr","status":"publish","type":"product","link":"https:\/\/ecostera.com\/dk\/product\/dekorativ-trykkuglepen-med-dyr\/","title":{"rendered":"Dekorativ trykkuglepen med dyr"},"content":{"rendered":"<p style=\"text-align: center\" data-start=\"0\" data-end=\"66\"><strong>Tilf\u00f8j s\u00f8de m\u00f8nstre til dine noter, kort og planl\u00e6ggere p\u00e5 f\u00e5 sekunder. \ud83d\udc3e\ud83d\udd8a<\/strong><\/p>\n<p style=\"text-align: center\" data-start=\"68\" data-end=\"283\">Denne dekorative dyrepen g\u00f8r hver side sjovere med tegneserieb\u00e5nd, der er nemme at p\u00e5f\u00f8re. Hvert tema indeholder mange forskellige designs, der giver dig uendelige muligheder for at personligg\u00f8re dit h\u00e5ndv\u00e6rk, dine b\u00f8ger og din daglige planl\u00e6gning.<\/p>\n<p data-start=\"68\" data-end=\"283\"><img fetchpriority=\"high\" decoding=\"async\" class=\"size-full wp-image-43611 aligncenter\" src=\"https:\/\/keluvo.com\/template\/wp-content\/uploads\/sites\/5\/2025\/12\/871c4b2c-76ab-400d-86ae-3b66d4585559.gif\" alt=\"\" width=\"480\" height=\"480\" \/><\/p>\n<h2 style=\"text-align: center\" data-start=\"290\" data-end=\"310\"><strong>Hovedfordele<\/strong><\/h2>\n<p data-start=\"313\" data-end=\"408\">\ud83d\udc3e Mange s\u00f8de temaer &#8211; 12 unikke temaer, hvert fyldt med forskellige m\u00f8nstre og tegneserier.<\/p>\n<p data-start=\"411\" data-end=\"495\">\ud83c\udfa8 \u00d8jeblikkelig dekoration &#8211; Tryk, glid, og m\u00f8nsteret vises rent og skarpt.<\/p>\n<p data-start=\"498\" data-end=\"601\">\ud83d\udcd8 Perfekt til planl\u00e6ggere og h\u00e5ndv\u00e6rk &#8211; Perfekt til tidsskrifter, dagb\u00f8ger, kort, scrapb\u00f8ger og notesb\u00f8ger.<\/p>\n<p data-start=\"604\" data-end=\"674\">\u2728 Let at bruge &#8211; Fungerer som en pen, men anvender tape-lignende designs.<\/p>\n<p data-start=\"677\" data-end=\"761\">\ud83c\udf81 God gaveid\u00e9 &#8211; Ideel til b\u00f8rn, venner og alle, der elsker papirvarer.<\/p>\n<p data-start=\"764\" data-end=\"848\">\ud83d\udc6f Del det sjove &#8211; Byt temaer med venner, og g\u00f8r jeres stil personlig sammen.<\/p>\n<p data-start=\"764\" data-end=\"848\"><img decoding=\"async\" class=\"size-full wp-image-43612 aligncenter\" src=\"https:\/\/keluvo.com\/template\/wp-content\/uploads\/sites\/5\/2025\/12\/5f4de4d4-b83d-48cc-90e0-8260c5eec16b.gif\" alt=\"\" width=\"480\" height=\"480\" \/><\/p>\n<h2 style=\"text-align: center\" data-start=\"855\" data-end=\"873\"><strong>S\u00e5dan bruges<\/strong><\/h2>\n<ol data-start=\"874\" data-end=\"1123\">\n<li data-start=\"874\" data-end=\"913\">\n<p data-start=\"877\" data-end=\"913\">V\u00e6lg det \u00f8nskede m\u00f8nstertema.<\/p>\n<\/li>\n<li data-start=\"914\" data-end=\"976\">\n<p data-start=\"917\" data-end=\"976\">Placer pennespidsen p\u00e5 papiret, hvor du vil have designet.<\/p>\n<\/li>\n<li data-start=\"977\" data-end=\"1024\">\n<p data-start=\"980\" data-end=\"1024\">Tryk forsigtigt, og skub hen over overfladen.<\/p>\n<\/li>\n<li data-start=\"1025\" data-end=\"1079\">\n<p data-start=\"1028\" data-end=\"1079\">L\u00f8ft pennen for at afsl\u00f8re det rene, trykte m\u00f8nster.<\/p>\n<\/li>\n<li data-start=\"1080\" data-end=\"1123\">\n<p data-start=\"1083\" data-end=\"1123\">Gentag efter behov for at dekorere dine sider.<\/p>\n<\/li>\n<\/ol>\n<h2 style=\"text-align: center\" data-start=\"1130\" data-end=\"1153\"><strong>Produktdetaljer<\/strong><\/h2>\n<ul data-start=\"1154\" data-end=\"1460\">\n<li data-start=\"1228\" data-end=\"1256\">\n<p data-start=\"1230\" data-end=\"1256\">Materiale: ABS + PC + POM<\/p>\n<\/li>\n<li data-start=\"1257\" data-end=\"1306\">\n<p data-start=\"1259\" data-end=\"1306\">St\u00f8rrelse: 11 x 2,7 x 2 cm<\/p>\n<\/li>\n<li data-start=\"1307\" data-end=\"1352\">\n<p data-start=\"1309\" data-end=\"1352\">B\u00e5nddesignst\u00f8rrelse: 6 mm<\/p>\n<\/li>\n<li data-start=\"1353\" data-end=\"1406\">\n<p data-start=\"1355\" data-end=\"1406\">12 temaer til r\u00e5dighed (hver med flere m\u00f8nstre)<\/p>\n<\/li>\n<li data-start=\"1407\" data-end=\"1428\">\n<p data-start=\"1409\" data-end=\"1428\">Blisteremballage<\/p>\n<\/li>\n<li data-start=\"1429\" data-end=\"1460\">\n<p data-start=\"1431\" data-end=\"1460\">Letv\u00e6gt og nem at b\u00e6re<\/p>\n<\/li>\n<li data-start=\"1429\" data-end=\"1460\">B\u00e5ndl\u00e6ngde: 4 m<\/li>\n<\/ul>\n<h2 style=\"text-align: center\" data-start=\"1467\" data-end=\"1491\"><strong>Pakken indeholder<\/strong><\/h2>\n<ul data-start=\"1492\" data-end=\"1525\" data-is-last-node=\"\" data-is-only-node=\"\">\n<li data-start=\"1492\" data-end=\"1525\" data-is-last-node=\"\">\n<p data-start=\"1494\" data-end=\"1525\" data-is-last-node=\"\">1x dekorativ dyrepen.<\/p>\n<\/li>\n<\/ul>\n","protected":false},"excerpt":{"rendered":"<p>Tilf\u00f8j s\u00f8de m\u00f8nstre til dine noter, kort og planl\u00e6ggere p\u00e5 f\u00e5 sekunder. \ud83d\udc3e\ud83d\udd8a Denne dekorative dyrepen g\u00f8r hver side sjovere [&hellip;]<\/p>\n","protected":false},"featured_media":39372,"comment_status":"open","ping_status":"closed","template":"","meta":{"site-sidebar-layout":"default","site-content-layout":"","ast-site-content-layout":"default","site-content-style":"default","site-sidebar-style":"default","ast-global-header-display":"","ast-banner-title-visibility":"","ast-main-header-display":"","ast-hfb-above-header-display":"","ast-hfb-below-header-display":"","ast-hfb-mobile-header-display":"","site-post-title":"","ast-breadcrumbs-content":"","ast-featured-img":"","footer-sml-layout":"","theme-transparent-header-meta":"default","adv-header-id-meta":"","stick-header-meta":"","header-above-stick-meta":"","header-main-stick-meta":"","header-below-stick-meta":"","astra-migrate-meta-layouts":"set","ast-page-background-enabled":"default","ast-page-background-meta":{"desktop":{"background-color":"var(--ast-global-color-5)","background-image":"","background-repeat":"repeat","background-position":"center center","background-size":"auto","background-attachment":"scroll","background-type":"","background-media":"","overlay-type":"","overlay-color":"","overlay-opacity":"","overlay-gradient":""},"tablet":{"background-color":"","background-image":"","background-repeat":"repeat","background-position":"center center","background-size":"auto","background-attachment":"scroll","background-type":"","background-media":"","overlay-type":"","overlay-color":"","overlay-opacity":"","overlay-gradient":""},"mobile":{"background-color":"","background-image":"","background-repeat":"repeat","background-position":"center center","background-size":"auto","background-attachment":"scroll","background-type":"","background-media":"","overlay-type":"","overlay-color":"","overlay-opacity":"","overlay-gradient":""}},"ast-content-background-meta":{"desktop":{"background-color":"var(--ast-global-color-4)","background-image":"","background-repeat":"repeat","background-position":"center center","background-size":"auto","background-attachment":"scroll","background-type":"","background-media":"","overlay-type":"","overlay-color":"","overlay-opacity":"","overlay-gradient":""},"tablet":{"background-color":"var(--ast-global-color-4)","background-image":"","background-repeat":"repeat","background-position":"center center","background-size":"auto","background-attachment":"scroll","background-type":"","background-media":"","overlay-type":"","overlay-color":"","overlay-opacity":"","overlay-gradient":""},"mobile":{"background-color":"var(--ast-global-color-4)","background-image":"","background-repeat":"repeat","background-position":"center center","background-size":"auto","background-attachment":"scroll","background-type":"","background-media":"","overlay-type":"","overlay-color":"","overlay-opacity":"","overlay-gradient":""}}},"product_brand":[],"product_cat":[19],"product_tag":[],"class_list":{"0":"post-39376","1":"product","2":"type-product","3":"status-publish","4":"has-post-thumbnail","6":"product_cat-uncategorized","7":"pa_54642_p9k2te86-alfabetet","8":"pa_54642_p9k2te86-ballon","9":"pa_54642_p9k2te86-blomst","10":"pa_54642_p9k2te86-citron","11":"pa_54642_p9k2te86-hjerte","12":"pa_54642_p9k2te86-kaffe","13":"pa_54642_p9k2te86-kat","14":"pa_54642_p9k2te86-kirsebaer","15":"pa_54642_p9k2te86-panda","16":"pa_54642_p9k2te86-saet-med-12-stk","17":"pa_54642_p9k2te86-stjerne","18":"pa_54642_p9k2te86-tumblur","19":"pa_54642_p9k2te86-vandmelon","20":"desktop-align-left","21":"tablet-align-left","22":"mobile-align-left","24":"first","25":"instock","26":"shipping-taxable","27":"purchasable","28":"product-type-variable"},"_links":{"self":[{"href":"https:\/\/ecostera.com\/dk\/wp-json\/wp\/v2\/product\/39376","targetHints":{"allow":["GET"]}}],"collection":[{"href":"https:\/\/ecostera.com\/dk\/wp-json\/wp\/v2\/product"}],"about":[{"href":"https:\/\/ecostera.com\/dk\/wp-json\/wp\/v2\/types\/product"}],"replies":[{"embeddable":true,"href":"https:\/\/ecostera.com\/dk\/wp-json\/wp\/v2\/comments?post=39376"}],"wp:featuredmedia":[{"embeddable":true,"href":"https:\/\/ecostera.com\/dk\/wp-json\/wp\/v2\/media\/39372"}],"wp:attachment":[{"href":"https:\/\/ecostera.com\/dk\/wp-json\/wp\/v2\/media?parent=39376"}],"wp:term":[{"taxonomy":"product_brand","embeddable":true,"href":"https:\/\/ecostera.com\/dk\/wp-json\/wp\/v2\/product_brand?post=39376"},{"taxonomy":"product_cat","embeddable":true,"href":"https:\/\/ecostera.com\/dk\/wp-json\/wp\/v2\/product_cat?post=39376"},{"taxonomy":"product_tag","embeddable":true,"href":"https:\/\/ecostera.com\/dk\/wp-json\/wp\/v2\/product_tag?post=39376"}],"curies":[{"name":"wp","href":"https:\/\/api.w.org\/{rel}","templated":true}]}}