{"id":39456,"date":"2025-12-04T19:18:13","date_gmt":"2025-12-04T17:18:13","guid":{"rendered":"https:\/\/ecostera.com\/dk\/product\/gule-klaebrige-faelder\/"},"modified":"2025-12-15T18:28:15","modified_gmt":"2025-12-15T16:28:15","slug":"gule-klaebrige-faelder","status":"publish","type":"product","link":"https:\/\/ecostera.com\/dk\/product\/gule-klaebrige-faelder\/","title":{"rendered":"Gule kl\u00e6brige f\u00e6lder"},"content":{"rendered":"<p style=\"text-align: center\" data-start=\"0\" data-end=\"91\"><strong>Stop Flyvende Skadedyr Hurtigt Med St\u00e6rke, Langtidsholdbare Kl\u00e6bende F\u00e6lder, Der Virker I Over 30 Dage. \ud83c\udf3c\ud83d\udc1b<\/strong><\/p>\n<p style=\"text-align: center\" data-start=\"93\" data-end=\"353\">Disse gule kl\u00e6bende f\u00e6lder tiltr\u00e6kker og fanger fluer, myg, hvide fluer, trips og andre insekter i det \u00f8jeblik, de lander. Med en bred dobbeltsidet overflade og sikker, giftfri lim hj\u00e6lper de med at beskytte dine planter, dit hjem og dit k\u00f8kken uden spray eller kemikalier.<\/p>\n<p data-start=\"93\" data-end=\"353\"><img fetchpriority=\"high\" decoding=\"async\" class=\"size-full wp-image-43672 aligncenter\" src=\"https:\/\/keluvo.com\/template\/wp-content\/uploads\/sites\/5\/2025\/12\/10224-ezgif.com-video-to-webp-converter-1.webp\" alt=\"\" width=\"500\" height=\"500\" \/><\/p>\n<h2 style=\"text-align: center\" data-start=\"360\" data-end=\"380\">\u2b50 Hovedfordele<\/h2>\n<p data-start=\"383\" data-end=\"464\">\ud83e\udeb0 \u00d8jeblikkelig Fangstkraft &#8211; Lim Med H\u00f8j Viskositet Fanger Insekter Ved Kontakt.<\/p>\n<p data-start=\"467\" data-end=\"545\">\ud83c\udf3c St\u00f8rre D\u00e6kning &#8211; Blomsterformet Design \u00d8ger Overfladearealet Med 40%.<\/p>\n<p data-start=\"548\" data-end=\"633\">\ud83c\udf15 Lysende Gul Tiltr\u00e6kning &#8211; Dobbeltsidet Farve Tiltr\u00e6kker Fototaktiske Skadedyr Hurtigt.<\/p>\n<p data-start=\"636\" data-end=\"715\">\ud83d\udca7 Vandt\u00e6t Og UV-Bestandig &#8211; Fungerer Indend\u00f8rs Og I Fugtige Eller Solrige Omr\u00e5der.<\/p>\n<p data-start=\"718\" data-end=\"799\">\ud83d\udc76 100% Sikker &#8211; Giftfri, Lugtfri, Pesticidfri Og K\u00e6ledyrs-\/B\u00f8rnevenlig.<\/p>\n<p data-start=\"802\" data-end=\"886\">\ud83c\udf31 Beskytter Dine Planter &#8211; Perfekt Til Potteplanter, Haver Og Drivhuse.<\/p>\n<p data-start=\"889\" data-end=\"973\">\ud83c\udfe1 Multianvendelig &#8211; Perfekt Til K\u00f8kkener, Balkoner, Restauranter, G\u00e5rde Og Kontorer.<\/p>\n<p data-start=\"976\" data-end=\"1060\">\ud83d\udcb8 Omkostningseffektiv &#8211; Hver F\u00e6lde Holder 1 M\u00e5ned; 15 F\u00e6lder Pr. Pakke Sparer Dig Penge.<\/p>\n<p data-start=\"1063\" data-end=\"1130\">\u2728 Nem Ops\u00e6tning &#8211; Skr\u00e6l, Placer Og Glem &#8211; Ingen Vedligeholdelse N\u00f8dvendig.<\/p>\n<p data-start=\"1063\" data-end=\"1130\"><img decoding=\"async\" class=\"size-full wp-image-43673 aligncenter\" src=\"https:\/\/keluvo.com\/template\/wp-content\/uploads\/sites\/5\/2025\/12\/24ef351894c1f499810e8b3a985a9d3605ed0204-800.avif\" alt=\"\" \/><\/p>\n<h2 style=\"text-align: center\" data-start=\"1137\" data-end=\"1155\">\ud83e\uddfe S\u00e5dan Bruges<\/h2>\n<ol data-start=\"1156\" data-end=\"1629\">\n<li data-start=\"1156\" data-end=\"1212\">\n<p data-start=\"1159\" data-end=\"1212\">Skr\u00e6l den hvide beskyttelsesfilm af fra begge sider.<\/p>\n<\/li>\n<li data-start=\"1213\" data-end=\"1294\">\n<p data-start=\"1216\" data-end=\"1294\">S\u00e6t f\u00e6lden i pottejord, eller h\u00e6ng den i n\u00e6rheden af omr\u00e5det med insekter.<\/p>\n<\/li>\n<li data-start=\"1295\" data-end=\"1384\">\n<p data-start=\"1298\" data-end=\"1384\">Placer flere f\u00e6lder omkring vinduer, planter, skraldespande eller k\u00f8kkener for at f\u00e5 bedre resultater.<\/p>\n<\/li>\n<li data-start=\"1385\" data-end=\"1457\">\n<p data-start=\"1388\" data-end=\"1457\">Udskift f\u00e6lden hver 30. dag, eller n\u00e5r den er helt d\u00e6kket af insekter.<\/p>\n<\/li>\n<li data-start=\"1458\" data-end=\"1629\">\n<p data-start=\"1461\" data-end=\"1479\">Til Bananfluer:<\/p>\n<ul data-start=\"1483\" data-end=\"1629\">\n<li data-start=\"1483\" data-end=\"1532\">\n<p data-start=\"1485\" data-end=\"1532\">Fyld en kop med \u00e6blecidereddike eller juice.<\/p>\n<\/li>\n<li data-start=\"1536\" data-end=\"1576\">\n<p data-start=\"1538\" data-end=\"1576\">S\u00e6t en kl\u00e6brig f\u00e6lde i koppen.<\/p>\n<\/li>\n<li data-start=\"1580\" data-end=\"1629\">\n<p data-start=\"1582\" data-end=\"1629\">Placer den rundt omkring i k\u00f8kkenet for hurtigt at tiltr\u00e6kke fluer.<\/p>\n<\/li>\n<\/ul>\n<\/li>\n<\/ol>\n<h2 style=\"text-align: center\" data-start=\"1636\" data-end=\"1659\">\ud83d\udccc Produktdetaljer<\/h2>\n<ul data-start=\"1660\" data-end=\"2154\">\n<li data-start=\"1698\" data-end=\"1754\">\n<p data-start=\"1700\" data-end=\"1754\">Kl\u00e6bemiddel: H\u00f8jviskos, dobbeltsidet fangelim<\/p>\n<\/li>\n<li data-start=\"1755\" data-end=\"1804\">\n<p data-start=\"1757\" data-end=\"1804\">Design: Blomsterformet (40% Mere Overfladeareal)<\/p>\n<\/li>\n<li data-start=\"1805\" data-end=\"1850\">\n<p data-start=\"1807\" data-end=\"1850\">Sikker: Ikke-Giftig, Lugtfri, Pesticidfri<\/p>\n<\/li>\n<li data-start=\"1851\" data-end=\"1915\">\n<p data-start=\"1853\" data-end=\"1915\">Holdbarhed: Fungerer I -10\u00b0C Til 60\u00b0C, UV-Bestandig, Vandt\u00e6t<\/p>\n<\/li>\n<li data-start=\"1916\" data-end=\"1997\">\n<p data-start=\"1918\" data-end=\"1997\">Anbefalet Brug: Indend\u00f8rs Planter, K\u00f8kkenhaver, K\u00f8kkener, Altaner, G\u00e5rde<\/p>\n<\/li>\n<li data-start=\"1998\" data-end=\"2100\">\n<p data-start=\"2000\" data-end=\"2100\">M\u00e5lrettede Skadedyr: Svampemyg, Bladlus, Hvide Fluer, Trips, Min\u00e9rfluer, Bananfluer, Stuefluer, M\u00f8l<\/p>\n<\/li>\n<li data-start=\"2101\" data-end=\"2132\">\n<p data-start=\"2103\" data-end=\"2132\">Livsl\u00e6ngde: 30+ Dage Pr. F\u00e6lde<\/p>\n<\/li>\n<li data-start=\"2101\" data-end=\"2132\">Stil: Sommerfugl, Fugl, Blomst<\/li>\n<\/ul>\n<h2 style=\"text-align: center\" data-start=\"2161\" data-end=\"2185\">\ud83c\udf81 Pakken indeholder<\/h2>\n<ul data-start=\"2186\" data-end=\"2212\" data-is-last-node=\"\" data-is-only-node=\"\">\n<li data-start=\"2186\" data-end=\"2212\" data-is-last-node=\"\">\n<p data-start=\"2188\" data-end=\"2212\" data-is-last-node=\"\">15, 30, 60x Gule Kl\u00e6bende F\u00e6lder.<\/p>\n<\/li>\n<\/ul>\n","protected":false},"excerpt":{"rendered":"<p>Stop Flyvende Skadedyr Hurtigt Med St\u00e6rke, Langtidsholdbare Kl\u00e6bende F\u00e6lder, Der Virker I Over 30 Dage. \ud83c\udf3c\ud83d\udc1b Disse gule kl\u00e6bende f\u00e6lder [&hellip;]<\/p>\n","protected":false},"featured_media":39452,"comment_status":"open","ping_status":"closed","template":"","meta":{"site-sidebar-layout":"default","site-content-layout":"","ast-site-content-layout":"default","site-content-style":"default","site-sidebar-style":"default","ast-global-header-display":"","ast-banner-title-visibility":"","ast-main-header-display":"","ast-hfb-above-header-display":"","ast-hfb-below-header-display":"","ast-hfb-mobile-header-display":"","site-post-title":"","ast-breadcrumbs-content":"","ast-featured-img":"","footer-sml-layout":"","theme-transparent-header-meta":"default","adv-header-id-meta":"","stick-header-meta":"","header-above-stick-meta":"","header-main-stick-meta":"","header-below-stick-meta":"","astra-migrate-meta-layouts":"set","ast-page-background-enabled":"default","ast-page-background-meta":{"desktop":{"background-color":"var(--ast-global-color-5)","background-image":"","background-repeat":"repeat","background-position":"center center","background-size":"auto","background-attachment":"scroll","background-type":"","background-media":"","overlay-type":"","overlay-color":"","overlay-opacity":"","overlay-gradient":""},"tablet":{"background-color":"","background-image":"","background-repeat":"repeat","background-position":"center center","background-size":"auto","background-attachment":"scroll","background-type":"","background-media":"","overlay-type":"","overlay-color":"","overlay-opacity":"","overlay-gradient":""},"mobile":{"background-color":"","background-image":"","background-repeat":"repeat","background-position":"center center","background-size":"auto","background-attachment":"scroll","background-type":"","background-media":"","overlay-type":"","overlay-color":"","overlay-opacity":"","overlay-gradient":""}},"ast-content-background-meta":{"desktop":{"background-color":"var(--ast-global-color-4)","background-image":"","background-repeat":"repeat","background-position":"center center","background-size":"auto","background-attachment":"scroll","background-type":"","background-media":"","overlay-type":"","overlay-color":"","overlay-opacity":"","overlay-gradient":""},"tablet":{"background-color":"var(--ast-global-color-4)","background-image":"","background-repeat":"repeat","background-position":"center center","background-size":"auto","background-attachment":"scroll","background-type":"","background-media":"","overlay-type":"","overlay-color":"","overlay-opacity":"","overlay-gradient":""},"mobile":{"background-color":"var(--ast-global-color-4)","background-image":"","background-repeat":"repeat","background-position":"center center","background-size":"auto","background-attachment":"scroll","background-type":"","background-media":"","overlay-type":"","overlay-color":"","overlay-opacity":"","overlay-gradient":""}}},"product_brand":[],"product_cat":[19],"product_tag":[],"class_list":{"0":"post-39456","1":"product","2":"type-product","3":"status-publish","4":"has-post-thumbnail","6":"product_cat-uncategorized","7":"pa_54698_qy2ov56o-blomst","8":"pa_54698_qy2ov56o-fugl","9":"pa_54698_qy2ov56o-sommerfugl","10":"pa_54698_s79wo6n0-15-stk","11":"pa_54698_s79wo6n0-30-stk","12":"pa_54698_s79wo6n0-60-stk","13":"desktop-align-left","14":"tablet-align-left","15":"mobile-align-left","17":"first","18":"instock","19":"shipping-taxable","20":"purchasable","21":"product-type-variable","22":"has-default-attributes"},"_links":{"self":[{"href":"https:\/\/ecostera.com\/dk\/wp-json\/wp\/v2\/product\/39456","targetHints":{"allow":["GET"]}}],"collection":[{"href":"https:\/\/ecostera.com\/dk\/wp-json\/wp\/v2\/product"}],"about":[{"href":"https:\/\/ecostera.com\/dk\/wp-json\/wp\/v2\/types\/product"}],"replies":[{"embeddable":true,"href":"https:\/\/ecostera.com\/dk\/wp-json\/wp\/v2\/comments?post=39456"}],"wp:featuredmedia":[{"embeddable":true,"href":"https:\/\/ecostera.com\/dk\/wp-json\/wp\/v2\/media\/39452"}],"wp:attachment":[{"href":"https:\/\/ecostera.com\/dk\/wp-json\/wp\/v2\/media?parent=39456"}],"wp:term":[{"taxonomy":"product_brand","embeddable":true,"href":"https:\/\/ecostera.com\/dk\/wp-json\/wp\/v2\/product_brand?post=39456"},{"taxonomy":"product_cat","embeddable":true,"href":"https:\/\/ecostera.com\/dk\/wp-json\/wp\/v2\/product_cat?post=39456"},{"taxonomy":"product_tag","embeddable":true,"href":"https:\/\/ecostera.com\/dk\/wp-json\/wp\/v2\/product_tag?post=39456"}],"curies":[{"name":"wp","href":"https:\/\/api.w.org\/{rel}","templated":true}]}}