{"id":39492,"date":"2025-12-04T19:22:15","date_gmt":"2025-12-04T17:22:15","guid":{"rendered":"https:\/\/ecostera.com\/dk\/product\/3-i-1-holder-til-opladningskabel\/"},"modified":"2025-12-22T18:19:16","modified_gmt":"2025-12-22T16:19:16","slug":"3-i-1-holder-til-opladningskabel","status":"publish","type":"product","link":"https:\/\/ecostera.com\/dk\/product\/3-i-1-holder-til-opladningskabel\/","title":{"rendered":"3-i-1-holder til opladningskabel"},"content":{"rendered":"<p style=\"text-align: center\" data-start=\"0\" data-end=\"77\"><strong>Oplad alle dine enheder med \u00e9t kabel, der ogs\u00e5 fungerer som telefonholder. \ud83d\udd0c<\/strong><\/p>\n<p style=\"text-align: center\" data-start=\"79\" data-end=\"328\">Denne 3-i-1-holder til opladningskabler holder styr p\u00e5 dine kabler, sparer plads og lader dig oplade flere typer enheder uden at b\u00e6re p\u00e5 ekstra ledninger. Den tr\u00e6kkes nemt ind, underst\u00f8tter hurtig opladning og fungerer endda som et stativ til at se videoer h\u00e5ndfrit.<\/p>\n<p data-start=\"79\" data-end=\"328\"><img fetchpriority=\"high\" decoding=\"async\" class=\" wp-image-43703 aligncenter\" src=\"https:\/\/keluvo.com\/template\/wp-content\/uploads\/sites\/5\/2025\/12\/76269f63-37c1-48f7-9e72-da8093b76244.gif\" alt=\"\" width=\"501\" height=\"501\" \/><\/p>\n<h2 style=\"text-align: center\" data-start=\"335\" data-end=\"355\"><strong>Hovedfordele<\/strong><\/h2>\n<p data-start=\"358\" data-end=\"439\">\ud83d\udd0c \u00c9t kabel til alle enheder &#8211; Fungerer med Lyn, Mikro-USB og Type-C.<\/p>\n<p data-start=\"442\" data-end=\"510\">\u26a1 Hurtig opladning &#8211; Op til 3A output til hurtig og sikker opladning.<\/p>\n<p data-start=\"513\" data-end=\"581\">\ud83d\udd04 Hurtig dataoverf\u00f8rsel &#8211; USB 2.0 underst\u00f8tter hastigheder p\u00e5 op til 480 Mbps.<\/p>\n<p data-start=\"584\" data-end=\"660\">\ud83c\udf92 B\u00e6rbart og udtr\u00e6kkeligt &#8211; Ingen sammenfiltrede kabler, nemt at have med overalt.<\/p>\n<p data-start=\"663\" data-end=\"739\">\ud83d\udcf1 Indbygget telefonholder &#8211; Perfekt til at se film eller foretage videoopkald.<\/p>\n<p data-start=\"742\" data-end=\"817\">\ud83c\udfe1 Perfekt til bil, kontor, hjem og rejser &#8211; \u00e9t kabel opfylder alle behov.<\/p>\n<p data-start=\"742\" data-end=\"817\"><img decoding=\"async\" class=\" wp-image-43702 aligncenter\" src=\"https:\/\/keluvo.com\/template\/wp-content\/uploads\/sites\/5\/2025\/12\/0a3a526e-ecdc-4fbb-be47-cc9a97bd66f3.gif\" alt=\"\" width=\"501\" height=\"501\" \/><\/p>\n<h2 style=\"text-align: center\" data-start=\"824\" data-end=\"842\"><strong>S\u00e5dan bruges<\/strong><\/h2>\n<ol data-start=\"843\" data-end=\"1183\">\n<li data-start=\"843\" data-end=\"913\">\n<p data-start=\"846\" data-end=\"913\">Tr\u00e6k forsigtigt i kabelenderne for at forl\u00e6nge det til din foretrukne l\u00e6ngde.<\/p>\n<\/li>\n<li data-start=\"914\" data-end=\"957\">\n<p data-start=\"917\" data-end=\"957\">S\u00e6t USB-enden i en opladningsport.<\/p>\n<\/li>\n<li data-start=\"958\" data-end=\"1039\">\n<p data-start=\"961\" data-end=\"1039\">V\u00e6lg det stik, der passer til din enhed (Lyn, Mikro eller Type-C).<\/p>\n<\/li>\n<li data-start=\"1040\" data-end=\"1114\">\n<p data-start=\"1043\" data-end=\"1114\">Til brug af telefonholder skal du \u00e5bne bagstativet og placere din telefon p\u00e5 det.<\/p>\n<\/li>\n<li data-start=\"1115\" data-end=\"1183\">\n<p data-start=\"1118\" data-end=\"1183\">Efter brug skal du tr\u00e6kke i begge ender igen for at tr\u00e6kke kablet ind til opbevaring.<\/p>\n<\/li>\n<\/ol>\n<h2 style=\"text-align: center\" data-start=\"1190\" data-end=\"1213\"><strong>Produktdetaljer<\/strong><\/h2>\n<ul data-start=\"1214\" data-end=\"1599\">\n<li data-start=\"1261\" data-end=\"1309\">\n<p data-start=\"1263\" data-end=\"1309\">Materiale: Aluminiumslegering + kobberkerne + TPE<\/p>\n<\/li>\n<li data-start=\"1310\" data-end=\"1334\">\n<p data-start=\"1312\" data-end=\"1334\">St\u00f8rrelse: 7 x 5 x 2,3 cm<\/p>\n<\/li>\n<li data-start=\"1335\" data-end=\"1351\">\n<p data-start=\"1337\" data-end=\"1351\">V\u00e6gt: 47 g<\/p>\n<\/li>\n<li data-start=\"1352\" data-end=\"1372\">\n<p data-start=\"1354\" data-end=\"1372\">Ledningens l\u00e6ngde: 1 m<\/p>\n<\/li>\n<li data-start=\"1373\" data-end=\"1430\">\n<p data-start=\"1375\" data-end=\"1430\">Stiktyper: Lyn 8-pin \/ Mikro USB \/ Type-C<\/p>\n<\/li>\n<li data-start=\"1431\" data-end=\"1459\">\n<p data-start=\"1433\" data-end=\"1459\">Opladningshastighed: Op til 3A<\/p>\n<\/li>\n<li data-start=\"1460\" data-end=\"1499\">\n<p data-start=\"1462\" data-end=\"1499\">Dataoverf\u00f8rselshastighed: Op til 480 Mbps<\/p>\n<\/li>\n<li data-start=\"1500\" data-end=\"1541\">\n<p data-start=\"1502\" data-end=\"1541\">Ekstra funktion: Indbygget telefonholder<\/p>\n<\/li>\n<\/ul>\n<h2 style=\"text-align: center\" data-start=\"1606\" data-end=\"1630\"><strong>Pakken indeholder<\/strong><\/h2>\n<ul data-start=\"1631\" data-end=\"1677\" data-is-last-node=\"\" data-is-only-node=\"\">\n<li data-start=\"1631\" data-end=\"1677\" data-is-last-node=\"\">\n<p data-start=\"1633\" data-end=\"1677\" data-is-last-node=\"\">1x 3-i-1-opladerkabelholder.<\/p>\n<\/li>\n<\/ul>\n","protected":false},"excerpt":{"rendered":"<p>Oplad alle dine enheder med \u00e9t kabel, der ogs\u00e5 fungerer som telefonholder. \ud83d\udd0c Denne 3-i-1-holder til opladningskabler holder styr p\u00e5 [&hellip;]<\/p>\n","protected":false},"featured_media":39488,"comment_status":"open","ping_status":"closed","template":"","meta":{"site-sidebar-layout":"default","site-content-layout":"","ast-site-content-layout":"default","site-content-style":"default","site-sidebar-style":"default","ast-global-header-display":"","ast-banner-title-visibility":"","ast-main-header-display":"","ast-hfb-above-header-display":"","ast-hfb-below-header-display":"","ast-hfb-mobile-header-display":"","site-post-title":"","ast-breadcrumbs-content":"","ast-featured-img":"","footer-sml-layout":"","theme-transparent-header-meta":"default","adv-header-id-meta":"","stick-header-meta":"","header-above-stick-meta":"","header-main-stick-meta":"","header-below-stick-meta":"","astra-migrate-meta-layouts":"set","ast-page-background-enabled":"default","ast-page-background-meta":{"desktop":{"background-color":"var(--ast-global-color-5)","background-image":"","background-repeat":"repeat","background-position":"center center","background-size":"auto","background-attachment":"scroll","background-type":"","background-media":"","overlay-type":"","overlay-color":"","overlay-opacity":"","overlay-gradient":""},"tablet":{"background-color":"","background-image":"","background-repeat":"repeat","background-position":"center center","background-size":"auto","background-attachment":"scroll","background-type":"","background-media":"","overlay-type":"","overlay-color":"","overlay-opacity":"","overlay-gradient":""},"mobile":{"background-color":"","background-image":"","background-repeat":"repeat","background-position":"center center","background-size":"auto","background-attachment":"scroll","background-type":"","background-media":"","overlay-type":"","overlay-color":"","overlay-opacity":"","overlay-gradient":""}},"ast-content-background-meta":{"desktop":{"background-color":"var(--ast-global-color-4)","background-image":"","background-repeat":"repeat","background-position":"center center","background-size":"auto","background-attachment":"scroll","background-type":"","background-media":"","overlay-type":"","overlay-color":"","overlay-opacity":"","overlay-gradient":""},"tablet":{"background-color":"var(--ast-global-color-4)","background-image":"","background-repeat":"repeat","background-position":"center center","background-size":"auto","background-attachment":"scroll","background-type":"","background-media":"","overlay-type":"","overlay-color":"","overlay-opacity":"","overlay-gradient":""},"mobile":{"background-color":"var(--ast-global-color-4)","background-image":"","background-repeat":"repeat","background-position":"center center","background-size":"auto","background-attachment":"scroll","background-type":"","background-media":"","overlay-type":"","overlay-color":"","overlay-opacity":"","overlay-gradient":""}}},"product_brand":[],"product_cat":[19],"product_tag":[],"class_list":{"0":"post-39492","1":"product","2":"type-product","3":"status-publish","4":"has-post-thumbnail","6":"product_cat-uncategorized","7":"pa_54832_3tskgtso-1-stk","8":"pa_54832_3tskgtso-2-stk","9":"pa_54832_3tskgtso-3-stk","10":"pa_54832_mholyhgg-blaa","11":"pa_54832_mholyhgg-groen","12":"pa_54832_mholyhgg-lilla","13":"pa_54832_mholyhgg-lyseroed","14":"pa_54832_mholyhgg-roed","15":"pa_54832_mholyhgg-sort","16":"desktop-align-left","17":"tablet-align-left","18":"mobile-align-left","20":"first","21":"instock","22":"shipping-taxable","23":"purchasable","24":"product-type-variable","25":"has-default-attributes"},"_links":{"self":[{"href":"https:\/\/ecostera.com\/dk\/wp-json\/wp\/v2\/product\/39492","targetHints":{"allow":["GET"]}}],"collection":[{"href":"https:\/\/ecostera.com\/dk\/wp-json\/wp\/v2\/product"}],"about":[{"href":"https:\/\/ecostera.com\/dk\/wp-json\/wp\/v2\/types\/product"}],"replies":[{"embeddable":true,"href":"https:\/\/ecostera.com\/dk\/wp-json\/wp\/v2\/comments?post=39492"}],"wp:featuredmedia":[{"embeddable":true,"href":"https:\/\/ecostera.com\/dk\/wp-json\/wp\/v2\/media\/39488"}],"wp:attachment":[{"href":"https:\/\/ecostera.com\/dk\/wp-json\/wp\/v2\/media?parent=39492"}],"wp:term":[{"taxonomy":"product_brand","embeddable":true,"href":"https:\/\/ecostera.com\/dk\/wp-json\/wp\/v2\/product_brand?post=39492"},{"taxonomy":"product_cat","embeddable":true,"href":"https:\/\/ecostera.com\/dk\/wp-json\/wp\/v2\/product_cat?post=39492"},{"taxonomy":"product_tag","embeddable":true,"href":"https:\/\/ecostera.com\/dk\/wp-json\/wp\/v2\/product_tag?post=39492"}],"curies":[{"name":"wp","href":"https:\/\/api.w.org\/{rel}","templated":true}]}}