{"id":3961,"date":"2025-07-23T11:51:34","date_gmt":"2025-07-23T11:51:34","guid":{"rendered":"https:\/\/ecostera.com\/dk\/product\/naturlig-haarmaske\/"},"modified":"2025-08-25T16:27:11","modified_gmt":"2025-08-25T13:27:11","slug":"naturlig-haarmaske","status":"publish","type":"product","link":"https:\/\/ecostera.com\/dk\/product\/naturlig-haarmaske\/","title":{"rendered":"Naturlig h\u00e5rmaske"},"content":{"rendered":"<h2 style=\"text-align: center\" data-start=\"103\" data-end=\"300\">\ud83c\udf1f Supernem h\u00e5rmaske &#8211; g\u00f8r dit h\u00e5r glad! \ud83c\udf1f<\/h2>\n<p class=\"\" style=\"text-align: center\" data-start=\"56\" data-end=\"175\"><span class=\"relative -mx-px my-[-0.2rem] rounded px-px py-[0.2rem] transition-colors duration-100 ease-in-out\">Sig hej til bl\u00f8dt, skinnende og st\u00e6rkt h\u00e5r med vores naturlige h\u00e5rmaske!<\/span> <span class=\"relative -mx-px my-[-0.2rem] rounded px-px py-[0.2rem] transition-colors duration-100 ease-in-out\">Den er som en l\u00e6kkerbisken til dit h\u00e5r, der g\u00f8r underv\u00e6rker p\u00e5 f\u00e5 minutter.<\/span><\/p>\n<p class=\"\" style=\"text-align: center\" data-start=\"56\" data-end=\"175\"><img decoding=\"async\" class=\"alignnone size-full wp-image-14416\" src=\"https:\/\/keluvo.com\/template\/wp-content\/uploads\/sites\/5\/2025\/04\/98a18e06-b23c-4dc4-b46e-2c2b02b7afbb-ezgif.com-gif-to-webp-converter.webp\" alt=\"\" \/>\u200b<\/p>\n<h2 style=\"text-align: center\" data-start=\"182\" data-end=\"208\">\ud83d\udc96 Hvorfor du vil elske den:<\/h2>\n<ul data-start=\"210\" data-end=\"633\">\n<li class=\"\" data-start=\"210\" data-end=\"313\">\n<p class=\"\" data-start=\"212\" data-end=\"313\"><strong data-start=\"212\" data-end=\"230\">Fikserer T\u00f8rt H\u00e5r<\/strong>: <span class=\"relative -mx-px my-[-0.2rem] rounded px-px py-[0.2rem] transition-colors duration-100 ease-in-out\">Keratin og andre naturlige olieekstrakter giver dit h\u00e5r en stor dosis fugt, s\u00e5 det bliver bl\u00f8dt og glat.<\/span>\u200b<\/p>\n<\/li>\n<li class=\"\" data-start=\"314\" data-end=\"417\">\n<p class=\"\" data-start=\"316\" data-end=\"417\"><strong data-start=\"316\" data-end=\"334\">Stopper Brud<\/strong>: Takket v\u00e6re kollagen h<span class=\"relative -mx-px my-[-0.2rem] rounded px-px py-[0.2rem] transition-colors duration-100 ease-in-out\">j\u00e6lper det dit h\u00e5r med at forblive st\u00e6rkt, s\u00e5 det ikke kn\u00e6kker s\u00e5 let.<\/span>\u200b<\/p>\n<\/li>\n<li class=\"\" data-start=\"418\" data-end=\"523\">\n<p class=\"\" data-start=\"420\" data-end=\"523\"><strong data-start=\"420\" data-end=\"440\">Skinnende Og Gl\u00f8dende<\/strong>: <span class=\"relative -mx-px my-[-0.2rem] rounded px-px py-[0.2rem] transition-colors duration-100 ease-in-out\">F\u00e5r dit h\u00e5r til at se skinnende og fuld af liv ud.<\/span>\u200b<\/p>\n<\/li>\n<li class=\"\" data-start=\"524\" data-end=\"633\">\n<p class=\"\" data-start=\"526\" data-end=\"633\"><strong data-start=\"526\" data-end=\"548\">Fungerer For Alle<\/strong>: <span class=\"relative -mx-px my-[-0.2rem] rounded px-px py-[0.2rem] transition-colors duration-100 ease-in-out\">Perfekt til alle h\u00e5rtyper &#8211; t\u00f8rt, fedtet, normalt eller skadet.<\/span><\/p>\n<\/li>\n<\/ul>\n<p><img decoding=\"async\" class=\"size-full wp-image-14492 aligncenter\" src=\"https:\/\/keluvo.com\/template\/wp-content\/uploads\/sites\/5\/2025\/04\/Sceede64ad56847bc8d6932bcd513e805D.avif\" alt=\"\" \/><\/p>\n<h2 style=\"text-align: center\" data-start=\"640\" data-end=\"662\">\ud83d\udee0\ufe0f Indhold:<\/h2>\n<ul data-start=\"664\" data-end=\"966\">\n<li class=\"\" data-start=\"664\" data-end=\"761\">\n<p class=\"\" data-start=\"666\" data-end=\"761\"><strong data-start=\"666\" data-end=\"674\">St\u00f8rrelse<\/strong>: <span class=\"relative -mx-px my-[-0.2rem] rounded px-px py-[0.2rem] transition-colors duration-100 ease-in-out\">100 g h\u00e5relskende godhed.<\/span><\/p>\n<\/li>\n<li class=\"\" data-start=\"664\" data-end=\"761\">\n<p class=\"\" data-start=\"666\" data-end=\"761\"><strong>Ingredienser<\/strong>:\u00a0Keratin, kollagen, glycerin, kokosn\u00f8ddeolie, maca-ekstrakt\u200b<\/p>\n<\/li>\n<li class=\"\" data-start=\"762\" data-end=\"865\">\n<p class=\"\" data-start=\"764\" data-end=\"865\"><strong data-start=\"764\" data-end=\"778\">Holdbarhed<\/strong>: <span class=\"relative -mx-px my-[-0.2rem] rounded px-px py-[0.2rem] transition-colors duration-100 ease-in-out\">Holder i op til 3 \u00e5r &#8211; masser af tid til at nyde det!<\/span><\/p>\n<\/li>\n<li class=\"\" data-start=\"866\" data-end=\"966\">\n<p class=\"\" data-start=\"868\" data-end=\"966\"><strong data-start=\"868\" data-end=\"879\">Opbevaring<\/strong>: <span class=\"relative -mx-px my-[-0.2rem] rounded px-px py-[0.2rem] transition-colors duration-100 ease-in-out\">Opbevar den p\u00e5 et k\u00f8ligt, t\u00f8rt sted.<\/span><\/p>\n<p><img decoding=\"async\" class=\"size-full wp-image-14488 aligncenter\" src=\"https:\/\/keluvo.com\/template\/wp-content\/uploads\/sites\/5\/2025\/04\/main-image-3-3.jpeg\" alt=\"\" \/><\/li>\n<\/ul>\n<h2 style=\"text-align: center\" data-start=\"973\" data-end=\"991\">\ud83e\uddf4 S\u00e5dan bruges den:<\/h2>\n<ol data-start=\"993\" data-end=\"1423\">\n<li class=\"\" data-start=\"993\" data-end=\"1101\">\n<p class=\"\" data-start=\"996\" data-end=\"1101\"><strong data-start=\"996\" data-end=\"1014\">Vask Dit H\u00e5r<\/strong>: <span class=\"relative -mx-px my-[-0.2rem] rounded px-px py-[0.2rem] transition-colors duration-100 ease-in-out\">Rens dit h\u00e5r med shampoo, og pres forsigtigt det ekstra vand ud.<\/span>\u200b<\/p>\n<\/li>\n<li class=\"\" data-start=\"1102\" data-end=\"1210\">\n<p class=\"\" data-start=\"1105\" data-end=\"1210\"><strong data-start=\"1105\" data-end=\"1123\">P\u00e5f\u00f8r Masken<\/strong>: <span class=\"relative -mx-px my-[-0.2rem] rounded px-px py-[0.2rem] transition-colors duration-100 ease-in-out\">Tag en lille smule af masken, og kom den i dit v\u00e5de h\u00e5r, begynd lidt v\u00e6k fra hovedbunden og g\u00e5 ned til spidserne.<\/span>\u200b<\/p>\n<\/li>\n<li class=\"\" data-start=\"1211\" data-end=\"1319\">\n<p class=\"\" data-start=\"1214\" data-end=\"1319\"><strong data-start=\"1214\" data-end=\"1232\">Masser Forsigtigt<\/strong>: <span class=\"relative -mx-px my-[-0.2rem] rounded px-px py-[0.2rem] transition-colors duration-100 ease-in-out\">Gnid den blidt ind i 3-5 minutter for at lade den virke.<\/span>\u200b<\/p>\n<\/li>\n<li class=\"\" data-start=\"1320\" data-end=\"1423\">\n<p class=\"\" data-start=\"1323\" data-end=\"1423\"><strong data-start=\"1323\" data-end=\"1336\">Skyl Ud<\/strong>: <span class=\"relative -mx-px my-[-0.2rem] rounded px-px py-[0.2rem] transition-colors duration-100 ease-in-out\">Vask den ud med varmt vand, og m\u00e6rk bl\u00f8dheden!<\/span><\/p>\n<\/li>\n<\/ol>\n<p class=\"\" data-start=\"868\" data-end=\"966\">\u200b<\/p>\n","protected":false},"excerpt":{"rendered":"<p>\ud83c\udf1f Supernem h\u00e5rmaske &#8211; g\u00f8r dit h\u00e5r glad! \ud83c\udf1f Sig hej til bl\u00f8dt, skinnende og st\u00e6rkt h\u00e5r med vores naturlige [&hellip;]<\/p>\n","protected":false},"featured_media":3957,"comment_status":"open","ping_status":"closed","template":"","meta":{"site-sidebar-layout":"default","site-content-layout":"","ast-site-content-layout":"default","site-content-style":"default","site-sidebar-style":"default","ast-global-header-display":"","ast-banner-title-visibility":"","ast-main-header-display":"","ast-hfb-above-header-display":"","ast-hfb-below-header-display":"","ast-hfb-mobile-header-display":"","site-post-title":"","ast-breadcrumbs-content":"","ast-featured-img":"","footer-sml-layout":"","theme-transparent-header-meta":"default","adv-header-id-meta":"","stick-header-meta":"","header-above-stick-meta":"","header-main-stick-meta":"","header-below-stick-meta":"","astra-migrate-meta-layouts":"set","ast-page-background-enabled":"default","ast-page-background-meta":{"desktop":{"background-color":"var(--ast-global-color-5)","background-image":"","background-repeat":"repeat","background-position":"center center","background-size":"auto","background-attachment":"scroll","background-type":"","background-media":"","overlay-type":"","overlay-color":"","overlay-opacity":"","overlay-gradient":""},"tablet":{"background-color":"","background-image":"","background-repeat":"repeat","background-position":"center center","background-size":"auto","background-attachment":"scroll","background-type":"","background-media":"","overlay-type":"","overlay-color":"","overlay-opacity":"","overlay-gradient":""},"mobile":{"background-color":"","background-image":"","background-repeat":"repeat","background-position":"center center","background-size":"auto","background-attachment":"scroll","background-type":"","background-media":"","overlay-type":"","overlay-color":"","overlay-opacity":"","overlay-gradient":""}},"ast-content-background-meta":{"desktop":{"background-color":"var(--ast-global-color-4)","background-image":"","background-repeat":"repeat","background-position":"center center","background-size":"auto","background-attachment":"scroll","background-type":"","background-media":"","overlay-type":"","overlay-color":"","overlay-opacity":"","overlay-gradient":""},"tablet":{"background-color":"var(--ast-global-color-4)","background-image":"","background-repeat":"repeat","background-position":"center center","background-size":"auto","background-attachment":"scroll","background-type":"","background-media":"","overlay-type":"","overlay-color":"","overlay-opacity":"","overlay-gradient":""},"mobile":{"background-color":"var(--ast-global-color-4)","background-image":"","background-repeat":"repeat","background-position":"center center","background-size":"auto","background-attachment":"scroll","background-type":"","background-media":"","overlay-type":"","overlay-color":"","overlay-opacity":"","overlay-gradient":""}}},"product_brand":[],"product_cat":[19],"product_tag":[],"class_list":{"0":"post-3961","1":"product","2":"type-product","3":"status-publish","4":"has-post-thumbnail","6":"product_cat-uncategorized","7":"desktop-align-left","8":"tablet-align-left","9":"mobile-align-left","11":"first","12":"instock","13":"shipping-taxable","14":"purchasable","15":"product-type-simple"},"_links":{"self":[{"href":"https:\/\/ecostera.com\/dk\/wp-json\/wp\/v2\/product\/3961","targetHints":{"allow":["GET"]}}],"collection":[{"href":"https:\/\/ecostera.com\/dk\/wp-json\/wp\/v2\/product"}],"about":[{"href":"https:\/\/ecostera.com\/dk\/wp-json\/wp\/v2\/types\/product"}],"replies":[{"embeddable":true,"href":"https:\/\/ecostera.com\/dk\/wp-json\/wp\/v2\/comments?post=3961"}],"wp:featuredmedia":[{"embeddable":true,"href":"https:\/\/ecostera.com\/dk\/wp-json\/wp\/v2\/media\/3957"}],"wp:attachment":[{"href":"https:\/\/ecostera.com\/dk\/wp-json\/wp\/v2\/media?parent=3961"}],"wp:term":[{"taxonomy":"product_brand","embeddable":true,"href":"https:\/\/ecostera.com\/dk\/wp-json\/wp\/v2\/product_brand?post=3961"},{"taxonomy":"product_cat","embeddable":true,"href":"https:\/\/ecostera.com\/dk\/wp-json\/wp\/v2\/product_cat?post=3961"},{"taxonomy":"product_tag","embeddable":true,"href":"https:\/\/ecostera.com\/dk\/wp-json\/wp\/v2\/product_tag?post=3961"}],"curies":[{"name":"wp","href":"https:\/\/api.w.org\/{rel}","templated":true}]}}