{"id":39611,"date":"2025-12-04T19:34:24","date_gmt":"2025-12-04T17:34:24","guid":{"rendered":"https:\/\/ecostera.com\/dk\/product\/360-graders-roterende-tablet-og-telefonstativ\/"},"modified":"2025-12-07T21:04:44","modified_gmt":"2025-12-07T19:04:44","slug":"360-graders-roterende-tablet-og-telefonstativ","status":"publish","type":"product","link":"https:\/\/ecostera.com\/dk\/product\/360-graders-roterende-tablet-og-telefonstativ\/","title":{"rendered":"360-graders roterende tablet- og telefonstativ"},"content":{"rendered":"<div class=\"flex max-w-full flex-col grow\">\n<div class=\"min-h-8 text-message relative flex w-full flex-col items-end gap-2 text-start break-words whitespace-normal [.text-message+&amp;]:mt-1\" dir=\"auto\" data-message-author-role=\"assistant\" data-message-id=\"75aa9da3-6f06-4a11-94a6-53a83f6e09ad\" data-message-model-slug=\"gpt-5-1\">\n<div class=\"flex w-full flex-col gap-1 empty:hidden first:pt-[1px]\">\n<div class=\"markdown prose dark:prose-invert w-full break-words light markdown-new-styling\">\n<p style=\"text-align: center\" data-start=\"0\" data-end=\"115\"><strong>Nyd H\u00e5ndfri Komfort Overalt Med Et Stativ, Der Kan Drejes 360\u00b0 Og Holder Din Enhed Pr\u00e6cis, Hvor Du Vil Have Den. \ud83d\udd04\ud83d\udcf1<\/strong><\/p>\n<p style=\"text-align: center\" data-start=\"117\" data-end=\"405\">Denne roterende tablet- og telefonstander g\u00f8r det lettere at se, lave mad, l\u00e6se og foretage videoopkald ved at holde din enhed stabil og i den perfekte vinkel. Den fleksible base passer til skriveborde, senge, borde og sn\u00e6vre rum, hvilket giver dig total frihed til at slappe af uden at anstrenge nakken eller h\u00e6nderne.<\/p>\n<p data-start=\"117\" data-end=\"405\"><img fetchpriority=\"high\" decoding=\"async\" class=\" wp-image-43825 aligncenter\" src=\"https:\/\/keluvo.com\/template\/wp-content\/uploads\/sites\/5\/2025\/12\/f2f7fa8ad4da6735a4d1f4c64b76dad8440ca627.webp\" alt=\"\" width=\"406\" height=\"721\" \/><\/p>\n<h2 style=\"text-align: center\" data-start=\"412\" data-end=\"432\"><strong>Hovedfordele<\/strong><\/h2>\n<p data-start=\"435\" data-end=\"510\">\ud83d\udd04 360\u00b0 rotation &#8211; Juster nemt din enhed til enhver synsvinkel.<\/p>\n<p data-start=\"513\" data-end=\"621\">\ud83d\udcaa Stabilt design med to arme &#8211; Den nederste arm giver styrke; den \u00f8verste arm bev\u00e6ger sig j\u00e6vnt for pr\u00e6cis positionering.<\/p>\n<p data-start=\"624\" data-end=\"687\">\ud83d\udcf1 Universel pasform &#8211; Holder alle telefoner og tablets sikkert.<\/p>\n<p data-start=\"690\" data-end=\"769\">\ud83d\udecf\ufe0f Kan monteres hvor som helst &#8211; Ideel til sengerammer, skriveborde, borde eller bordplader.<\/p>\n<p data-start=\"772\" data-end=\"851\">\u2728 Skridsikker base &#8211; Bliver p\u00e5 plads uden at ridse eller beskadige overflader.<\/p>\n<p data-start=\"854\" data-end=\"939\">\ud83e\uddd8 Komfortabel visning &#8211; Perfekt til serier, opskrifter, tr\u00e6ning og videoopkald.<\/p>\n<p data-start=\"942\" data-end=\"1048\">\ud83e\uddf2 St\u00e6rk + fleksibel &#8211; PP + jernarm forbliver fast uden at vakle, men b\u00f8jes let for omplacering.<\/p>\n<p data-start=\"942\" data-end=\"1048\"><img decoding=\"async\" class=\"size-full wp-image-43826 aligncenter\" src=\"https:\/\/keluvo.com\/template\/wp-content\/uploads\/sites\/5\/2025\/12\/4f02edfda17d40b2f3aec024e1fb685e70871d66-800.avif\" alt=\"\" \/><\/p>\n<h2 style=\"text-align: center\" data-start=\"1055\" data-end=\"1073\"><strong>S\u00e5dan Bruges<\/strong><\/h2>\n<ol data-start=\"1074\" data-end=\"1448\">\n<li data-start=\"1074\" data-end=\"1181\">\n<p data-start=\"1077\" data-end=\"1181\">Placer eller vikl den fleksible spiralbase p\u00e5 en stabil overflade som f.eks. en sengeramme, bordkant eller skrivebord.<\/p>\n<\/li>\n<li data-start=\"1182\" data-end=\"1239\">\n<p data-start=\"1185\" data-end=\"1239\">Juster den nederste arm for balance og samlet h\u00f8jde.<\/p>\n<\/li>\n<li data-start=\"1240\" data-end=\"1309\">\n<p data-start=\"1243\" data-end=\"1309\">Placer den roterende \u00f8verste arm for at indstille din ideelle synsvinkel.<\/p>\n<\/li>\n<li data-start=\"1310\" data-end=\"1364\">\n<p data-start=\"1313\" data-end=\"1364\">Inds\u00e6t din telefon eller tablet i det sikre greb.<\/p>\n<\/li>\n<li data-start=\"1365\" data-end=\"1448\">\n<p data-start=\"1368\" data-end=\"1448\">Roter eller juster n\u00e5r som helst for h\u00e5ndfri visning, madlavning, tr\u00e6ning eller opkald.<\/p>\n<\/li>\n<\/ol>\n<h2 style=\"text-align: center\" data-start=\"1455\" data-end=\"1478\"><strong>Produktdetaljer<\/strong><\/h2>\n<ul data-start=\"1479\" data-end=\"1865\">\n<li data-start=\"1540\" data-end=\"1580\">\n<p data-start=\"1542\" data-end=\"1580\">Rotation: 360\u00b0 justering i hele omr\u00e5det<\/p>\n<\/li>\n<li data-start=\"1581\" data-end=\"1654\">\n<p data-start=\"1583\" data-end=\"1654\">Armdesign: Dobbeltarm (stabil underarm + fleksibel roterende overarm)<\/p>\n<\/li>\n<li data-start=\"1655\" data-end=\"1679\">\n<p data-start=\"1657\" data-end=\"1679\">Materialer: PP + Jern<\/p>\n<\/li>\n<li data-start=\"1680\" data-end=\"1726\">\n<p data-start=\"1682\" data-end=\"1726\">Kompatibilitet: Alle smartphones og tablets<\/p>\n<\/li>\n<li data-start=\"1727\" data-end=\"1795\">\n<p data-start=\"1729\" data-end=\"1795\">Funktioner: Skridsikker base, ridsefri montering, pladsbesparende design<\/p>\n<\/li>\n<li data-start=\"1796\" data-end=\"1865\">\n<p data-start=\"1798\" data-end=\"1865\">Velegnet til: Senge, skriveborde, borde, k\u00f8kkener, tr\u00e6ningsomr\u00e5der, sofaer<\/p>\n<\/li>\n<\/ul>\n<h2 style=\"text-align: center\" data-start=\"1872\" data-end=\"1896\"><strong>Pakken indeholder<\/strong><\/h2>\n<ul data-start=\"1897\" data-end=\"1945\" data-is-last-node=\"\" data-is-only-node=\"\">\n<li data-start=\"1897\" data-end=\"1945\" data-is-last-node=\"\">\n<p data-start=\"1899\" data-end=\"1945\" data-is-last-node=\"\">1, 2x 360-graders roterende tablet- og telefonstativ.<\/p>\n<\/li>\n<\/ul>\n<\/div>\n<\/div>\n<\/div>\n<p>&nbsp;<\/p>\n<\/div>\n","protected":false},"excerpt":{"rendered":"<p>Nyd H\u00e5ndfri Komfort Overalt Med Et Stativ, Der Kan Drejes 360\u00b0 Og Holder Din Enhed Pr\u00e6cis, Hvor Du Vil Have [&hellip;]<\/p>\n","protected":false},"featured_media":39607,"comment_status":"open","ping_status":"closed","template":"","meta":{"site-sidebar-layout":"default","site-content-layout":"","ast-site-content-layout":"default","site-content-style":"default","site-sidebar-style":"default","ast-global-header-display":"","ast-banner-title-visibility":"","ast-main-header-display":"","ast-hfb-above-header-display":"","ast-hfb-below-header-display":"","ast-hfb-mobile-header-display":"","site-post-title":"","ast-breadcrumbs-content":"","ast-featured-img":"","footer-sml-layout":"","theme-transparent-header-meta":"default","adv-header-id-meta":"","stick-header-meta":"","header-above-stick-meta":"","header-main-stick-meta":"","header-below-stick-meta":"","astra-migrate-meta-layouts":"set","ast-page-background-enabled":"default","ast-page-background-meta":{"desktop":{"background-color":"var(--ast-global-color-5)","background-image":"","background-repeat":"repeat","background-position":"center center","background-size":"auto","background-attachment":"scroll","background-type":"","background-media":"","overlay-type":"","overlay-color":"","overlay-opacity":"","overlay-gradient":""},"tablet":{"background-color":"","background-image":"","background-repeat":"repeat","background-position":"center center","background-size":"auto","background-attachment":"scroll","background-type":"","background-media":"","overlay-type":"","overlay-color":"","overlay-opacity":"","overlay-gradient":""},"mobile":{"background-color":"","background-image":"","background-repeat":"repeat","background-position":"center center","background-size":"auto","background-attachment":"scroll","background-type":"","background-media":"","overlay-type":"","overlay-color":"","overlay-opacity":"","overlay-gradient":""}},"ast-content-background-meta":{"desktop":{"background-color":"var(--ast-global-color-4)","background-image":"","background-repeat":"repeat","background-position":"center center","background-size":"auto","background-attachment":"scroll","background-type":"","background-media":"","overlay-type":"","overlay-color":"","overlay-opacity":"","overlay-gradient":""},"tablet":{"background-color":"var(--ast-global-color-4)","background-image":"","background-repeat":"repeat","background-position":"center center","background-size":"auto","background-attachment":"scroll","background-type":"","background-media":"","overlay-type":"","overlay-color":"","overlay-opacity":"","overlay-gradient":""},"mobile":{"background-color":"var(--ast-global-color-4)","background-image":"","background-repeat":"repeat","background-position":"center center","background-size":"auto","background-attachment":"scroll","background-type":"","background-media":"","overlay-type":"","overlay-color":"","overlay-opacity":"","overlay-gradient":""}}},"product_brand":[],"product_cat":[19],"product_tag":[],"class_list":{"0":"post-39611","1":"product","2":"type-product","3":"status-publish","4":"has-post-thumbnail","6":"product_cat-uncategorized","7":"pa_55046_2f0llrj0-hvid","8":"pa_55046_2f0llrj0-sort","9":"pa_55046_q3wz7n85-1-stk","10":"pa_55046_q3wz7n85-2-stk","11":"desktop-align-left","12":"tablet-align-left","13":"mobile-align-left","15":"first","16":"instock","17":"shipping-taxable","18":"purchasable","19":"product-type-variable","20":"has-default-attributes"},"_links":{"self":[{"href":"https:\/\/ecostera.com\/dk\/wp-json\/wp\/v2\/product\/39611","targetHints":{"allow":["GET"]}}],"collection":[{"href":"https:\/\/ecostera.com\/dk\/wp-json\/wp\/v2\/product"}],"about":[{"href":"https:\/\/ecostera.com\/dk\/wp-json\/wp\/v2\/types\/product"}],"replies":[{"embeddable":true,"href":"https:\/\/ecostera.com\/dk\/wp-json\/wp\/v2\/comments?post=39611"}],"wp:featuredmedia":[{"embeddable":true,"href":"https:\/\/ecostera.com\/dk\/wp-json\/wp\/v2\/media\/39607"}],"wp:attachment":[{"href":"https:\/\/ecostera.com\/dk\/wp-json\/wp\/v2\/media?parent=39611"}],"wp:term":[{"taxonomy":"product_brand","embeddable":true,"href":"https:\/\/ecostera.com\/dk\/wp-json\/wp\/v2\/product_brand?post=39611"},{"taxonomy":"product_cat","embeddable":true,"href":"https:\/\/ecostera.com\/dk\/wp-json\/wp\/v2\/product_cat?post=39611"},{"taxonomy":"product_tag","embeddable":true,"href":"https:\/\/ecostera.com\/dk\/wp-json\/wp\/v2\/product_tag?post=39611"}],"curies":[{"name":"wp","href":"https:\/\/api.w.org\/{rel}","templated":true}]}}