{"id":3967,"date":"2025-07-23T11:52:14","date_gmt":"2025-07-23T11:52:14","guid":{"rendered":"https:\/\/ecostera.com\/dk\/product\/sammenklappelig-vaskemaskine\/"},"modified":"2025-07-23T11:52:37","modified_gmt":"2025-07-23T11:52:37","slug":"sammenklappelig-vaskemaskine","status":"publish","type":"product","link":"https:\/\/ecostera.com\/dk\/product\/sammenklappelig-vaskemaskine\/","title":{"rendered":"Sammenklappelig vaskemaskine"},"content":{"rendered":"<h2 style=\"text-align: center\" data-start=\"0\" data-end=\"33\">Pladsbesparende Sammenklappeligt Design<\/h2>\n<p class=\"\" style=\"text-align: center\" data-start=\"34\" data-end=\"233\">Den sammenklappelige vaskemaskine kan trykkes ned og foldes sammen, n\u00e5r den ikke er i brug. Det g\u00f8r den perfekt til sm\u00e5 rum som kollegier, lejligheder eller rejser. Den er let, kompakt og nem at opbevare overalt.<\/p>\n<p data-start=\"34\" data-end=\"233\"><img decoding=\"async\" class=\"alignnone size-medium wp-image-13675 aligncenter\" src=\"https:\/\/keluvo.com\/template\/wp-content\/uploads\/sites\/5\/2025\/04\/4c234d59-cb65-4143-9869-dccce5e1e5e9.webp\" alt=\"\" \/><\/p>\n<h2 class=\"\" style=\"text-align: center\" data-start=\"235\" data-end=\"262\">Nem Og Hurtig Vask<\/h2>\n<p class=\"\" style=\"text-align: center\" data-start=\"263\" data-end=\"484\">Med en enkel knap og en timer p\u00e5 op til 10 minutter er den sammenklappelige vaskemaskine nem at bruge. Hold blot kontakten inde i 2 sekunder for at t\u00e6nde eller slukke den. Den er fantastisk til hurtig reng\u00f8ring af sm\u00e5 ting som sokker og undert\u00f8j.<\/p>\n<p data-start=\"263\" data-end=\"484\"><img decoding=\"async\" class=\"alignnone size-medium wp-image-13676 aligncenter\" src=\"https:\/\/keluvo.com\/template\/wp-content\/uploads\/sites\/5\/2025\/04\/9537d849-09ab-4526-90c2-0f56acc5c29d.webp\" alt=\"\" \/><\/p>\n","protected":false},"excerpt":{"rendered":"<p>Pladsbesparende Sammenklappeligt Design Den sammenklappelige vaskemaskine kan trykkes ned og foldes sammen, n\u00e5r den ikke er i brug. Det g\u00f8r [&hellip;]<\/p>\n","protected":false},"featured_media":3963,"comment_status":"open","ping_status":"closed","template":"","meta":{"site-sidebar-layout":"default","site-content-layout":"","ast-site-content-layout":"default","site-content-style":"default","site-sidebar-style":"default","ast-global-header-display":"","ast-banner-title-visibility":"","ast-main-header-display":"","ast-hfb-above-header-display":"","ast-hfb-below-header-display":"","ast-hfb-mobile-header-display":"","site-post-title":"","ast-breadcrumbs-content":"","ast-featured-img":"","footer-sml-layout":"","theme-transparent-header-meta":"default","adv-header-id-meta":"","stick-header-meta":"","header-above-stick-meta":"","header-main-stick-meta":"","header-below-stick-meta":"","astra-migrate-meta-layouts":"set","ast-page-background-enabled":"default","ast-page-background-meta":{"desktop":{"background-color":"var(--ast-global-color-5)","background-image":"","background-repeat":"repeat","background-position":"center center","background-size":"auto","background-attachment":"scroll","background-type":"","background-media":"","overlay-type":"","overlay-color":"","overlay-opacity":"","overlay-gradient":""},"tablet":{"background-color":"","background-image":"","background-repeat":"repeat","background-position":"center center","background-size":"auto","background-attachment":"scroll","background-type":"","background-media":"","overlay-type":"","overlay-color":"","overlay-opacity":"","overlay-gradient":""},"mobile":{"background-color":"","background-image":"","background-repeat":"repeat","background-position":"center center","background-size":"auto","background-attachment":"scroll","background-type":"","background-media":"","overlay-type":"","overlay-color":"","overlay-opacity":"","overlay-gradient":""}},"ast-content-background-meta":{"desktop":{"background-color":"var(--ast-global-color-4)","background-image":"","background-repeat":"repeat","background-position":"center center","background-size":"auto","background-attachment":"scroll","background-type":"","background-media":"","overlay-type":"","overlay-color":"","overlay-opacity":"","overlay-gradient":""},"tablet":{"background-color":"var(--ast-global-color-4)","background-image":"","background-repeat":"repeat","background-position":"center center","background-size":"auto","background-attachment":"scroll","background-type":"","background-media":"","overlay-type":"","overlay-color":"","overlay-opacity":"","overlay-gradient":""},"mobile":{"background-color":"var(--ast-global-color-4)","background-image":"","background-repeat":"repeat","background-position":"center center","background-size":"auto","background-attachment":"scroll","background-type":"","background-media":"","overlay-type":"","overlay-color":"","overlay-opacity":"","overlay-gradient":""}}},"product_brand":[],"product_cat":[19],"product_tag":[],"class_list":{"0":"post-3967","1":"product","2":"type-product","3":"status-publish","4":"has-post-thumbnail","6":"product_cat-uncategorized","7":"pa_41694_xoflc5pq-blaa","8":"pa_41694_xoflc5pq-lyseroed","9":"desktop-align-left","10":"tablet-align-left","11":"mobile-align-left","13":"first","14":"instock","15":"shipping-taxable","16":"purchasable","17":"product-type-variable"},"_links":{"self":[{"href":"https:\/\/ecostera.com\/dk\/wp-json\/wp\/v2\/product\/3967","targetHints":{"allow":["GET"]}}],"collection":[{"href":"https:\/\/ecostera.com\/dk\/wp-json\/wp\/v2\/product"}],"about":[{"href":"https:\/\/ecostera.com\/dk\/wp-json\/wp\/v2\/types\/product"}],"replies":[{"embeddable":true,"href":"https:\/\/ecostera.com\/dk\/wp-json\/wp\/v2\/comments?post=3967"}],"wp:featuredmedia":[{"embeddable":true,"href":"https:\/\/ecostera.com\/dk\/wp-json\/wp\/v2\/media\/3963"}],"wp:attachment":[{"href":"https:\/\/ecostera.com\/dk\/wp-json\/wp\/v2\/media?parent=3967"}],"wp:term":[{"taxonomy":"product_brand","embeddable":true,"href":"https:\/\/ecostera.com\/dk\/wp-json\/wp\/v2\/product_brand?post=3967"},{"taxonomy":"product_cat","embeddable":true,"href":"https:\/\/ecostera.com\/dk\/wp-json\/wp\/v2\/product_cat?post=3967"},{"taxonomy":"product_tag","embeddable":true,"href":"https:\/\/ecostera.com\/dk\/wp-json\/wp\/v2\/product_tag?post=3967"}],"curies":[{"name":"wp","href":"https:\/\/api.w.org\/{rel}","templated":true}]}}