{"id":39733,"date":"2025-12-04T19:49:14","date_gmt":"2025-12-04T17:49:14","guid":{"rendered":"https:\/\/ecostera.com\/dk\/product\/cover-til-opbevaring-af-armlaen\/"},"modified":"2025-12-15T18:28:24","modified_gmt":"2025-12-15T16:28:24","slug":"cover-til-opbevaring-af-armlaen","status":"publish","type":"product","link":"https:\/\/ecostera.com\/dk\/product\/cover-til-opbevaring-af-armlaen\/","title":{"rendered":"Arml\u00e6nopbevaringsbetr\u00e6k"},"content":{"rendered":"<p style=\"text-align: center\" data-start=\"162\" data-end=\"241\"><strong>Nyd komfortabel k\u00f8rsel og ekstra opbevaring med dette betr\u00e6k til arml\u00e6n. \ud83d\ude97\ud83e\uddfb<\/strong><\/p>\n<p style=\"text-align: center\" data-start=\"243\" data-end=\"442\">Dette arml\u00e6nsovertr\u00e6k giver bl\u00f8d st\u00f8tte til din arm, samtidig med at det giver dig praktisk opbevaring til sm\u00e5 dagligdags ting. Det holder din bil p\u00e6n, beskytter dit arml\u00e6n og g\u00f8r lange k\u00f8reture meget mere behagelige.<\/p>\n<p data-start=\"243\" data-end=\"442\"><img fetchpriority=\"high\" decoding=\"async\" class=\" wp-image-43996 aligncenter\" src=\"https:\/\/keluvo.com\/template\/wp-content\/uploads\/sites\/5\/2025\/12\/099382cba27df1f6fae7d7a8cc0da6e8660fd8bc.gif\" alt=\"\" width=\"500\" height=\"667\" \/><\/p>\n<h2 style=\"text-align: center\" data-start=\"449\" data-end=\"473\"><strong>Hovedfordele \u2728<\/strong><\/h2>\n<p data-start=\"476\" data-end=\"552\">\ud83d\udecb\ufe0f Bl\u00f8d st\u00f8tte i hukommelseskum &#8211; Reducerer tr\u00e6thed i armen under lange k\u00f8reture.<\/p>\n<p data-start=\"555\" data-end=\"644\">\ud83d\udcf1 Ekstra opbevaringsplads &#8211; Har plads til telefoner, kort, n\u00f8gler, lommet\u00f8rkl\u00e6der og andre sm\u00e5ting.<\/p>\n<p data-start=\"647\" data-end=\"732\">\ud83e\uddfb Indbygget holder til papirlommet\u00f8rkl\u00e6der &#8211; Nem adgang for b\u00e5de for- og bags\u00e6depassagerer.<\/p>\n<p data-start=\"735\" data-end=\"791\">\ud83d\ude97 Universel pasform &#8211; Passer til 99 % af alle bilmodeller.<\/p>\n<p data-start=\"794\" data-end=\"875\">\ud83c\udfa8 Stilfuldt broderidesign &#8211; Tilf\u00f8jer et rent, elegant look til dit interi\u00f8r.<\/p>\n<p data-start=\"878\" data-end=\"955\">\ud83d\udcaa Holdbart PU-l\u00e6der &#8211; Beskytter dit arml\u00e6n mod sol, slid og snavs.<\/p>\n<p data-start=\"958\" data-end=\"1015\">\ud83e\uddfc Let at reng\u00f8re &#8211; Fjern og t\u00f8r af, n\u00e5r det er n\u00f8dvendigt.<\/p>\n<p data-start=\"1018\" data-end=\"1090\">\ud83d\udd27 Enkel installation &#8211; Installeres p\u00e5 f\u00e5 sekunder uden brug af v\u00e6rkt\u00f8j.<\/p>\n<p data-start=\"1018\" data-end=\"1090\"><img decoding=\"async\" class=\"size-full wp-image-43995 aligncenter\" src=\"https:\/\/keluvo.com\/template\/wp-content\/uploads\/sites\/5\/2025\/12\/5331c4a1ff7603aab2d2f40a10a0fc7d08f70c32.avif\" alt=\"\" \/><\/p>\n<h2 style=\"text-align: center\" data-start=\"1097\" data-end=\"1119\"><strong>S\u00e5dan Bruges Det \ud83e\uddf0<\/strong><\/h2>\n<ol data-start=\"1120\" data-end=\"1384\">\n<li data-start=\"1120\" data-end=\"1183\">\n<p data-start=\"1123\" data-end=\"1183\">Placer betr\u00e6kket direkte oven p\u00e5 din bils arml\u00e6nskasse.<\/p>\n<\/li>\n<li data-start=\"1184\" data-end=\"1234\">\n<p data-start=\"1187\" data-end=\"1234\">S\u00e6t det p\u00e5 plads med de indbyggede stropper.<\/p>\n<\/li>\n<li data-start=\"1235\" data-end=\"1305\">\n<p data-start=\"1238\" data-end=\"1305\">L\u00e6g din telefon, kort, n\u00f8gler eller servietter i opbevaringslommerne.<\/p>\n<\/li>\n<li data-start=\"1306\" data-end=\"1384\">\n<p data-start=\"1309\" data-end=\"1384\">Nyd behagelig st\u00f8tte og nem adgang til dine vigtigste ting, mens du k\u00f8rer.<\/p>\n<\/li>\n<\/ol>\n<h2 style=\"text-align: center\" data-start=\"1391\" data-end=\"1418\"><strong>Produktoplysninger \ud83d\udccf<\/strong><\/h2>\n<ul data-start=\"1419\" data-end=\"1649\">\n<li data-start=\"1419\" data-end=\"1457\">\n<p data-start=\"1421\" data-end=\"1457\">Materiale: PU-l\u00e6der +hukommelseskum<\/p>\n<\/li>\n<li data-start=\"1499\" data-end=\"1527\">\n<p data-start=\"1501\" data-end=\"1527\">St\u00f8rrelse: 35 x 22 x 19 cm<\/p>\n<\/li>\n<li data-start=\"1528\" data-end=\"1562\">\n<p data-start=\"1530\" data-end=\"1562\">Pasform: Universal til 99 % af alle biler<\/p>\n<\/li>\n<li data-start=\"1563\" data-end=\"1649\">\n<p data-start=\"1565\" data-end=\"1649\">Funktioner: Opbevaringslommer, papirholder, broderidesign, beskyttende polstring<\/p>\n<\/li>\n<\/ul>\n<h2 style=\"text-align: center\" data-start=\"1656\" data-end=\"1684\"><strong>Pakken indeholder \ud83d\udce6<\/strong><\/h2>\n<ul data-start=\"1685\" data-end=\"1718\">\n<li data-start=\"1685\" data-end=\"1718\">\n<p data-start=\"1687\" data-end=\"1718\">1, 2x opbevaringsbetr\u00e6k til bilens arml\u00e6n.<\/p>\n<\/li>\n<\/ul>\n","protected":false},"excerpt":{"rendered":"<p>Nyd komfortabel k\u00f8rsel og ekstra opbevaring med dette betr\u00e6k til arml\u00e6n. \ud83d\ude97\ud83e\uddfb Dette arml\u00e6nsovertr\u00e6k giver bl\u00f8d st\u00f8tte til din arm, [&hellip;]<\/p>\n","protected":false},"featured_media":39729,"comment_status":"open","ping_status":"closed","template":"","meta":{"site-sidebar-layout":"default","site-content-layout":"","ast-site-content-layout":"default","site-content-style":"default","site-sidebar-style":"default","ast-global-header-display":"","ast-banner-title-visibility":"","ast-main-header-display":"","ast-hfb-above-header-display":"","ast-hfb-below-header-display":"","ast-hfb-mobile-header-display":"","site-post-title":"","ast-breadcrumbs-content":"","ast-featured-img":"","footer-sml-layout":"","theme-transparent-header-meta":"default","adv-header-id-meta":"","stick-header-meta":"","header-above-stick-meta":"","header-main-stick-meta":"","header-below-stick-meta":"","astra-migrate-meta-layouts":"set","ast-page-background-enabled":"default","ast-page-background-meta":{"desktop":{"background-color":"var(--ast-global-color-5)","background-image":"","background-repeat":"repeat","background-position":"center center","background-size":"auto","background-attachment":"scroll","background-type":"","background-media":"","overlay-type":"","overlay-color":"","overlay-opacity":"","overlay-gradient":""},"tablet":{"background-color":"","background-image":"","background-repeat":"repeat","background-position":"center center","background-size":"auto","background-attachment":"scroll","background-type":"","background-media":"","overlay-type":"","overlay-color":"","overlay-opacity":"","overlay-gradient":""},"mobile":{"background-color":"","background-image":"","background-repeat":"repeat","background-position":"center center","background-size":"auto","background-attachment":"scroll","background-type":"","background-media":"","overlay-type":"","overlay-color":"","overlay-opacity":"","overlay-gradient":""}},"ast-content-background-meta":{"desktop":{"background-color":"var(--ast-global-color-4)","background-image":"","background-repeat":"repeat","background-position":"center center","background-size":"auto","background-attachment":"scroll","background-type":"","background-media":"","overlay-type":"","overlay-color":"","overlay-opacity":"","overlay-gradient":""},"tablet":{"background-color":"var(--ast-global-color-4)","background-image":"","background-repeat":"repeat","background-position":"center center","background-size":"auto","background-attachment":"scroll","background-type":"","background-media":"","overlay-type":"","overlay-color":"","overlay-opacity":"","overlay-gradient":""},"mobile":{"background-color":"var(--ast-global-color-4)","background-image":"","background-repeat":"repeat","background-position":"center center","background-size":"auto","background-attachment":"scroll","background-type":"","background-media":"","overlay-type":"","overlay-color":"","overlay-opacity":"","overlay-gradient":""}}},"product_brand":[],"product_cat":[19],"product_tag":[],"class_list":{"0":"post-39733","1":"product","2":"type-product","3":"status-publish","4":"has-post-thumbnail","6":"product_cat-uncategorized","7":"pa_55590_2614ps3t-1-stk","8":"pa_55590_2614ps3t-2-stk","9":"pa_55590_pyepqc59-beige","10":"pa_55590_pyepqc59-brun","11":"pa_55590_pyepqc59-graa","12":"pa_55590_pyepqc59-orange","13":"pa_55590_pyepqc59-roed","14":"pa_55590_pyepqc59-sort","15":"pa_55590_pyepqc59-sort-roed","16":"desktop-align-left","17":"tablet-align-left","18":"mobile-align-left","20":"first","21":"instock","22":"shipping-taxable","23":"purchasable","24":"product-type-variable","25":"has-default-attributes"},"_links":{"self":[{"href":"https:\/\/ecostera.com\/dk\/wp-json\/wp\/v2\/product\/39733","targetHints":{"allow":["GET"]}}],"collection":[{"href":"https:\/\/ecostera.com\/dk\/wp-json\/wp\/v2\/product"}],"about":[{"href":"https:\/\/ecostera.com\/dk\/wp-json\/wp\/v2\/types\/product"}],"replies":[{"embeddable":true,"href":"https:\/\/ecostera.com\/dk\/wp-json\/wp\/v2\/comments?post=39733"}],"wp:featuredmedia":[{"embeddable":true,"href":"https:\/\/ecostera.com\/dk\/wp-json\/wp\/v2\/media\/39729"}],"wp:attachment":[{"href":"https:\/\/ecostera.com\/dk\/wp-json\/wp\/v2\/media?parent=39733"}],"wp:term":[{"taxonomy":"product_brand","embeddable":true,"href":"https:\/\/ecostera.com\/dk\/wp-json\/wp\/v2\/product_brand?post=39733"},{"taxonomy":"product_cat","embeddable":true,"href":"https:\/\/ecostera.com\/dk\/wp-json\/wp\/v2\/product_cat?post=39733"},{"taxonomy":"product_tag","embeddable":true,"href":"https:\/\/ecostera.com\/dk\/wp-json\/wp\/v2\/product_tag?post=39733"}],"curies":[{"name":"wp","href":"https:\/\/api.w.org\/{rel}","templated":true}]}}