{"id":3978,"date":"2025-07-23T11:53:54","date_gmt":"2025-07-23T11:53:54","guid":{"rendered":"https:\/\/ecostera.com\/dk\/product\/figur-af-et-par\/"},"modified":"2025-07-23T11:54:05","modified_gmt":"2025-07-23T11:54:05","slug":"figur-af-et-par","status":"publish","type":"product","link":"https:\/\/ecostera.com\/dk\/product\/figur-af-et-par\/","title":{"rendered":"Figur af et par"},"content":{"rendered":"<h2 style=\"text-align: center\" data-start=\"0\" data-end=\"62\">Et s\u00f8dt touch til dit hjem \ud83d\udc95<\/h2>\n<p class=\"\" style=\"text-align: center\" data-start=\"64\" data-end=\"183\"><span class=\"relative -mx-px my-[-0.2rem] rounded px-px py-[0.2rem] transition-colors duration-100 ease-in-out\">Bring varme og k\u00e6rlighed ind i dit rum med denne smukke parfigur.<\/span> <span class=\"relative -mx-px my-[-0.2rem] rounded px-px py-[0.2rem] transition-colors duration-100 ease-in-out\">Det er en perfekt m\u00e5de at vise det s\u00e6rlige b\u00e5nd mellem to mennesker.<\/span><\/p>\n<p data-start=\"33\" data-end=\"238\"><img decoding=\"async\" class=\"alignnone size-medium wp-image-13649 aligncenter\" src=\"https:\/\/keluvo.com\/template\/wp-content\/uploads\/sites\/5\/2025\/04\/S1d5eb41124644355b8620e65cba9638cR.jpeg\" alt=\"\" \/><\/p>\n<h2 style=\"text-align: center\" data-start=\"190\" data-end=\"215\">\ud83c\udf1f Derfor vil du elske den<\/h2>\n<ul data-start=\"217\" data-end=\"631\">\n<li class=\"\" data-start=\"217\" data-end=\"323\">\n<p class=\"\" data-start=\"219\" data-end=\"323\"><strong data-start=\"219\" data-end=\"240\">St\u00e6rk Og Glat<\/strong>: <span class=\"relative -mx-px my-[-0.2rem] rounded px-px py-[0.2rem] transition-colors duration-100 ease-in-out\">Den er lavet af resin i h\u00f8j kvalitet, s\u00e5 den er bygget til at holde og f\u00f8les rar at r\u00f8re ved.<\/span>\u200b<\/p>\n<\/li>\n<li class=\"\" data-start=\"324\" data-end=\"426\">\n<p class=\"\" data-start=\"326\" data-end=\"426\"><strong data-start=\"326\" data-end=\"343\">Flot Design<\/strong>: <span class=\"relative -mx-px my-[-0.2rem] rounded px-px py-[0.2rem] transition-colors duration-100 ease-in-out\">Parrets kram viser k\u00e6rlighed og n\u00e6rhed i en enkel, moderne stil.<\/span>\u200b<\/p>\n<\/li>\n<li class=\"\" data-start=\"427\" data-end=\"529\">\n<p class=\"\" data-start=\"429\" data-end=\"529\"><strong data-start=\"429\" data-end=\"446\">Passer Overalt<\/strong>: <span class=\"relative -mx-px my-[-0.2rem] rounded px-px py-[0.2rem] transition-colors duration-100 ease-in-out\">Ser godt ud p\u00e5 hylder, skriveborde eller borde i ethvert rum &#8211; stue, sovev\u00e6relse eller kontor.<\/span>\u200b<\/p>\n<\/li>\n<li class=\"\" data-start=\"530\" data-end=\"631\">\n<p class=\"\" data-start=\"532\" data-end=\"631\"><strong data-start=\"532\" data-end=\"546\">Fantastisk Gave<\/strong>: <span class=\"relative -mx-px my-[-0.2rem] rounded px-px py-[0.2rem] transition-colors duration-100 ease-in-out\">Perfekt til bryllupper, jubil\u00e6er, valentinsdag eller bare for at sige &#8220;jeg elsker dig.&#8221;<\/span>\u200b<\/p>\n<\/li>\n<\/ul>\n<h2 class=\"\" style=\"text-align: center\" data-start=\"240\" data-end=\"271\"><img decoding=\"async\" class=\"alignnone size-medium wp-image-13652 aligncenter\" style=\"font-size: 16px;font-style: inherit;font-weight: inherit\" src=\"https:\/\/keluvo.com\/template\/wp-content\/uploads\/sites\/5\/2025\/04\/S0346a2ce5eef4de295d12f4cec43615dY.jpeg\" alt=\"\" \/><\/h2>\n<h2 style=\"text-align: center\" data-start=\"638\" data-end=\"661\">\ud83d\udee0\ufe0f Produktdetaljer<\/h2>\n<ul data-start=\"663\" data-end=\"960\">\n<li class=\"\" data-start=\"663\" data-end=\"764\">\n<p class=\"\" data-start=\"665\" data-end=\"764\"><strong data-start=\"665\" data-end=\"677\">Materiale<\/strong>: <span class=\"relative -mx-px my-[-0.2rem] rounded px-px py-[0.2rem] transition-colors duration-100 ease-in-out\">Holdbar harpiks.<\/span>\u200b<\/p>\n<\/li>\n<li class=\"\" data-start=\"765\" data-end=\"863\">\n<p class=\"\" data-start=\"767\" data-end=\"863\"><strong data-start=\"767\" data-end=\"776\">Stil<\/strong>: <span class=\"relative -mx-px my-[-0.2rem] rounded px-px py-[0.2rem] transition-colors duration-100 ease-in-out\">Moderne nordisk design med fine detaljer.<\/span>\u200b<\/p>\n<\/li>\n<li class=\"\" data-start=\"864\" data-end=\"960\">\n<p class=\"\" data-start=\"866\" data-end=\"960\"><strong data-start=\"866\" data-end=\"873\">Anvendelse<\/strong>: <span class=\"relative -mx-px my-[-0.2rem] rounded px-px py-[0.2rem] transition-colors duration-100 ease-in-out\">Dekorer dit hjem eller giv en oprigtig gave.<\/span><\/p>\n<\/li>\n<\/ul>\n<p><img decoding=\"async\" class=\"size-full wp-image-14418 aligncenter\" src=\"https:\/\/keluvo.com\/template\/wp-content\/uploads\/sites\/5\/2025\/04\/eLS1qUh1TctsKRtwuFVR.jpg\" alt=\"\" \/><\/p>\n<p class=\"\" style=\"text-align: center\" data-start=\"967\" data-end=\"1052\"><span class=\"relative -mx-px my-[-0.2rem] rounded px-px py-[0.2rem] transition-colors duration-100 ease-in-out\">Denne figur er mere end bare dekoration &#8211; den er en p\u00e5mindelse om k\u00e6rlighed og sammenhold.<\/span>\u200b<\/p>\n","protected":false},"excerpt":{"rendered":"<p>Et s\u00f8dt touch til dit hjem \ud83d\udc95 Bring varme og k\u00e6rlighed ind i dit rum med denne smukke parfigur. Det [&hellip;]<\/p>\n","protected":false},"featured_media":3974,"comment_status":"open","ping_status":"closed","template":"","meta":{"site-sidebar-layout":"default","site-content-layout":"","ast-site-content-layout":"default","site-content-style":"default","site-sidebar-style":"default","ast-global-header-display":"","ast-banner-title-visibility":"","ast-main-header-display":"","ast-hfb-above-header-display":"","ast-hfb-below-header-display":"","ast-hfb-mobile-header-display":"","site-post-title":"","ast-breadcrumbs-content":"","ast-featured-img":"","footer-sml-layout":"","theme-transparent-header-meta":"default","adv-header-id-meta":"","stick-header-meta":"","header-above-stick-meta":"","header-main-stick-meta":"","header-below-stick-meta":"","astra-migrate-meta-layouts":"set","ast-page-background-enabled":"default","ast-page-background-meta":{"desktop":{"background-color":"var(--ast-global-color-5)","background-image":"","background-repeat":"repeat","background-position":"center center","background-size":"auto","background-attachment":"scroll","background-type":"","background-media":"","overlay-type":"","overlay-color":"","overlay-opacity":"","overlay-gradient":""},"tablet":{"background-color":"","background-image":"","background-repeat":"repeat","background-position":"center center","background-size":"auto","background-attachment":"scroll","background-type":"","background-media":"","overlay-type":"","overlay-color":"","overlay-opacity":"","overlay-gradient":""},"mobile":{"background-color":"","background-image":"","background-repeat":"repeat","background-position":"center center","background-size":"auto","background-attachment":"scroll","background-type":"","background-media":"","overlay-type":"","overlay-color":"","overlay-opacity":"","overlay-gradient":""}},"ast-content-background-meta":{"desktop":{"background-color":"var(--ast-global-color-4)","background-image":"","background-repeat":"repeat","background-position":"center center","background-size":"auto","background-attachment":"scroll","background-type":"","background-media":"","overlay-type":"","overlay-color":"","overlay-opacity":"","overlay-gradient":""},"tablet":{"background-color":"var(--ast-global-color-4)","background-image":"","background-repeat":"repeat","background-position":"center center","background-size":"auto","background-attachment":"scroll","background-type":"","background-media":"","overlay-type":"","overlay-color":"","overlay-opacity":"","overlay-gradient":""},"mobile":{"background-color":"var(--ast-global-color-4)","background-image":"","background-repeat":"repeat","background-position":"center center","background-size":"auto","background-attachment":"scroll","background-type":"","background-media":"","overlay-type":"","overlay-color":"","overlay-opacity":"","overlay-gradient":""}}},"product_brand":[],"product_cat":[19],"product_tag":[],"class_list":{"0":"post-3978","1":"product","2":"type-product","3":"status-publish","4":"has-post-thumbnail","6":"product_cat-uncategorized","7":"pa_28138_8jmgjfwm-graa","8":"pa_28138_8jmgjfwm-guld","9":"pa_28138_8jmgjfwm-hvid","10":"pa_28138_8jmgjfwm-sort","11":"desktop-align-left","12":"tablet-align-left","13":"mobile-align-left","15":"first","16":"instock","17":"shipping-taxable","18":"purchasable","19":"product-type-variable"},"_links":{"self":[{"href":"https:\/\/ecostera.com\/dk\/wp-json\/wp\/v2\/product\/3978","targetHints":{"allow":["GET"]}}],"collection":[{"href":"https:\/\/ecostera.com\/dk\/wp-json\/wp\/v2\/product"}],"about":[{"href":"https:\/\/ecostera.com\/dk\/wp-json\/wp\/v2\/types\/product"}],"replies":[{"embeddable":true,"href":"https:\/\/ecostera.com\/dk\/wp-json\/wp\/v2\/comments?post=3978"}],"wp:featuredmedia":[{"embeddable":true,"href":"https:\/\/ecostera.com\/dk\/wp-json\/wp\/v2\/media\/3974"}],"wp:attachment":[{"href":"https:\/\/ecostera.com\/dk\/wp-json\/wp\/v2\/media?parent=3978"}],"wp:term":[{"taxonomy":"product_brand","embeddable":true,"href":"https:\/\/ecostera.com\/dk\/wp-json\/wp\/v2\/product_brand?post=3978"},{"taxonomy":"product_cat","embeddable":true,"href":"https:\/\/ecostera.com\/dk\/wp-json\/wp\/v2\/product_cat?post=3978"},{"taxonomy":"product_tag","embeddable":true,"href":"https:\/\/ecostera.com\/dk\/wp-json\/wp\/v2\/product_tag?post=3978"}],"curies":[{"name":"wp","href":"https:\/\/api.w.org\/{rel}","templated":true}]}}