{"id":39859,"date":"2025-12-05T17:19:15","date_gmt":"2025-12-05T15:19:15","guid":{"rendered":"https:\/\/ecostera.com\/dk\/product\/skraemmekasse\/"},"modified":"2025-12-15T18:28:27","modified_gmt":"2025-12-15T16:28:27","slug":"skraemmekasse","status":"publish","type":"product","link":"https:\/\/ecostera.com\/dk\/product\/skraemmekasse\/","title":{"rendered":"Skr\u00e6mmekasse"},"content":{"rendered":"<p style=\"text-align: center\" data-start=\"155\" data-end=\"226\"><strong>F\u00e5 Uforglemmelige Grin Med Denne Sjove Og Ufarlige Skr\u00e6mmekasse-Sp\u00f8g. \ud83d\udd77\ufe0f\ud83d\ude02<\/strong><\/p>\n<p style=\"text-align: center\" data-start=\"228\" data-end=\"455\">Denne skr\u00e6mmekasse i tr\u00e6 gemmer p\u00e5 en overraskende edderkop, som springer ud i det \u00f8jeblik, nogen skubber l\u00e5get op. Det er den perfekte sp\u00f8g til fester, halloween eller hverdagssjov &#8211; sikker, nem at bruge og f\u00e5r med garanti folk til at hoppe og grine.<\/p>\n<p data-start=\"228\" data-end=\"455\"><img fetchpriority=\"high\" decoding=\"async\" class=\"size-full wp-image-44035 aligncenter\" src=\"https:\/\/keluvo.com\/template\/wp-content\/uploads\/sites\/5\/2025\/12\/10224-ezgif.com-video-to-webp-converter-1-1.webp\" alt=\"\" width=\"500\" height=\"500\" \/><\/p>\n<h2 style=\"text-align: center\" data-start=\"462\" data-end=\"486\">Hovedfordele \u2728<\/h2>\n<p data-start=\"489\" data-end=\"570\">\ud83d\ude02 Sjov sp\u00f8g &#8211; giver overraskende hop og uforglemmelige reaktioner.<\/p>\n<p data-start=\"573\" data-end=\"664\">\ud83d\udd77\ufe0f Realistisk poppende edderkop &#8211; Wobbly edderkop springer ud, s\u00e5 snart l\u00e5get glider op.<\/p>\n<p data-start=\"667\" data-end=\"764\">\ud83c\udf89 Perfekt til fester &#8211; Perfekt til Halloween, sammenkomster eller n\u00e5r som helst, du vil have et godt grin.<\/p>\n<p data-start=\"767\" data-end=\"857\">\ud83e\udeb5 Holdbart tr\u00e6design &#8211; H\u00e5ndlavet, robust og bygget til at holde i mange \u00e5r med drengestreger.<\/p>\n<p data-start=\"860\" data-end=\"928\">\ud83d\udc76 Sikker at lege med &#8211; Giftfri, glatte kanter og ingen skarpe dele.<\/p>\n<p data-start=\"931\" data-end=\"1013\">\ud83d\udcf8 Sjovt at optage &#8211; Stil den p\u00e5 et bord, og optag uvurderlige reaktioner p\u00e5 video.<\/p>\n<p data-start=\"931\" data-end=\"1013\"><img decoding=\"async\" class=\"size-full wp-image-44034 aligncenter\" src=\"https:\/\/keluvo.com\/template\/wp-content\/uploads\/sites\/5\/2025\/12\/cbea09ceb05e0b0afae291e5121c4bb1fe01afea.gif\" alt=\"\" width=\"480\" height=\"270\" \/><\/p>\n<h2 style=\"text-align: center\" data-start=\"1020\" data-end=\"1042\">S\u00e5dan Bruger Du Den \ud83e\uddf0<\/h2>\n<ol data-start=\"1043\" data-end=\"1358\">\n<li data-start=\"1043\" data-end=\"1103\">\n<p data-start=\"1046\" data-end=\"1103\">Hold skr\u00e6mmekassen i h\u00e5nden, eller stil den p\u00e5 et bord.<\/p>\n<\/li>\n<li data-start=\"1104\" data-end=\"1165\">\n<p data-start=\"1107\" data-end=\"1165\">Giv den til nogen, eller lad den st\u00e5 et sted, hvor folk kan finde den.<\/p>\n<\/li>\n<li data-start=\"1166\" data-end=\"1225\">\n<p data-start=\"1169\" data-end=\"1225\">De vil naturligvis skubbe l\u00e5get op for at kigge ind.<\/p>\n<\/li>\n<li data-start=\"1226\" data-end=\"1288\">\n<p data-start=\"1229\" data-end=\"1288\">En vaklende edderkop vil springe ud og overraske dem med det samme!<\/p>\n<\/li>\n<li data-start=\"1289\" data-end=\"1358\">\n<p data-start=\"1292\" data-end=\"1358\">Nyd latteren og gentag sp\u00f8gen s\u00e5 mange gange, du vil.<\/p>\n<\/li>\n<\/ol>\n<h2 style=\"text-align: center\" data-start=\"1365\" data-end=\"1392\">Produktoplysninger \ud83d\udccf<\/h2>\n<ul data-start=\"1393\" data-end=\"1640\">\n<li data-start=\"1393\" data-end=\"1435\">\n<p data-start=\"1395\" data-end=\"1435\">Materiale: Naturligt tr\u00e6 + gummiedderkop<\/p>\n<\/li>\n<li data-start=\"1436\" data-end=\"1460\">\n<p data-start=\"1438\" data-end=\"1460\">St\u00f8rrelse: 9 x 6 x 5,5 cm<\/p>\n<\/li>\n<li data-start=\"1461\" data-end=\"1477\">\n<p data-start=\"1463\" data-end=\"1477\">V\u00e6gt: 60 g<\/p>\n<\/li>\n<li data-start=\"1478\" data-end=\"1518\">\n<p data-start=\"1480\" data-end=\"1518\">Design: H\u00e5ndlavet Amish-tr\u00e6\u00e6ske<\/p>\n<\/li>\n<li data-start=\"1519\" data-end=\"1572\">\n<p data-start=\"1521\" data-end=\"1572\">Sikkerhed: Ikke-giftig, glat overflade, ingen skarpe kanter<\/p>\n<\/li>\n<li data-start=\"1573\" data-end=\"1640\">\n<p data-start=\"1575\" data-end=\"1640\">Anvendelsesmuligheder: Fester, Halloween, drengestreger, familiesjov, kontorjokes<\/p>\n<\/li>\n<\/ul>\n<h2 style=\"text-align: center\" data-start=\"1647\" data-end=\"1675\">Pakken indeholder \ud83d\udce6<\/h2>\n<ul data-start=\"1676\" data-end=\"1700\">\n<li data-start=\"1676\" data-end=\"1700\">\n<p data-start=\"1678\" data-end=\"1700\">1, 2x edderkoppeskr\u00e6mmekasse.<\/p>\n<\/li>\n<\/ul>\n","protected":false},"excerpt":{"rendered":"<p>F\u00e5 Uforglemmelige Grin Med Denne Sjove Og Ufarlige Skr\u00e6mmekasse-Sp\u00f8g. \ud83d\udd77\ufe0f\ud83d\ude02 Denne skr\u00e6mmekasse i tr\u00e6 gemmer p\u00e5 en overraskende edderkop, som [&hellip;]<\/p>\n","protected":false},"featured_media":39855,"comment_status":"open","ping_status":"closed","template":"","meta":{"site-sidebar-layout":"default","site-content-layout":"","ast-site-content-layout":"default","site-content-style":"default","site-sidebar-style":"default","ast-global-header-display":"","ast-banner-title-visibility":"","ast-main-header-display":"","ast-hfb-above-header-display":"","ast-hfb-below-header-display":"","ast-hfb-mobile-header-display":"","site-post-title":"","ast-breadcrumbs-content":"","ast-featured-img":"","footer-sml-layout":"","theme-transparent-header-meta":"default","adv-header-id-meta":"","stick-header-meta":"","header-above-stick-meta":"","header-main-stick-meta":"","header-below-stick-meta":"","astra-migrate-meta-layouts":"set","ast-page-background-enabled":"default","ast-page-background-meta":{"desktop":{"background-color":"var(--ast-global-color-5)","background-image":"","background-repeat":"repeat","background-position":"center center","background-size":"auto","background-attachment":"scroll","background-type":"","background-media":"","overlay-type":"","overlay-color":"","overlay-opacity":"","overlay-gradient":""},"tablet":{"background-color":"","background-image":"","background-repeat":"repeat","background-position":"center center","background-size":"auto","background-attachment":"scroll","background-type":"","background-media":"","overlay-type":"","overlay-color":"","overlay-opacity":"","overlay-gradient":""},"mobile":{"background-color":"","background-image":"","background-repeat":"repeat","background-position":"center center","background-size":"auto","background-attachment":"scroll","background-type":"","background-media":"","overlay-type":"","overlay-color":"","overlay-opacity":"","overlay-gradient":""}},"ast-content-background-meta":{"desktop":{"background-color":"var(--ast-global-color-4)","background-image":"","background-repeat":"repeat","background-position":"center center","background-size":"auto","background-attachment":"scroll","background-type":"","background-media":"","overlay-type":"","overlay-color":"","overlay-opacity":"","overlay-gradient":""},"tablet":{"background-color":"var(--ast-global-color-4)","background-image":"","background-repeat":"repeat","background-position":"center center","background-size":"auto","background-attachment":"scroll","background-type":"","background-media":"","overlay-type":"","overlay-color":"","overlay-opacity":"","overlay-gradient":""},"mobile":{"background-color":"var(--ast-global-color-4)","background-image":"","background-repeat":"repeat","background-position":"center center","background-size":"auto","background-attachment":"scroll","background-type":"","background-media":"","overlay-type":"","overlay-color":"","overlay-opacity":"","overlay-gradient":""}}},"product_brand":[],"product_cat":[19],"product_tag":[],"class_list":{"0":"post-39859","1":"product","2":"type-product","3":"status-publish","4":"has-post-thumbnail","6":"product_cat-uncategorized","7":"pa_55615_0a2jooxb-a","8":"pa_55615_0a2jooxb-b","9":"pa_55615_rlas3anr-1-stk","10":"pa_55615_rlas3anr-2-stk","11":"desktop-align-left","12":"tablet-align-left","13":"mobile-align-left","15":"first","16":"instock","17":"shipping-taxable","18":"purchasable","19":"product-type-variable","20":"has-default-attributes"},"_links":{"self":[{"href":"https:\/\/ecostera.com\/dk\/wp-json\/wp\/v2\/product\/39859","targetHints":{"allow":["GET"]}}],"collection":[{"href":"https:\/\/ecostera.com\/dk\/wp-json\/wp\/v2\/product"}],"about":[{"href":"https:\/\/ecostera.com\/dk\/wp-json\/wp\/v2\/types\/product"}],"replies":[{"embeddable":true,"href":"https:\/\/ecostera.com\/dk\/wp-json\/wp\/v2\/comments?post=39859"}],"wp:featuredmedia":[{"embeddable":true,"href":"https:\/\/ecostera.com\/dk\/wp-json\/wp\/v2\/media\/39855"}],"wp:attachment":[{"href":"https:\/\/ecostera.com\/dk\/wp-json\/wp\/v2\/media?parent=39859"}],"wp:term":[{"taxonomy":"product_brand","embeddable":true,"href":"https:\/\/ecostera.com\/dk\/wp-json\/wp\/v2\/product_brand?post=39859"},{"taxonomy":"product_cat","embeddable":true,"href":"https:\/\/ecostera.com\/dk\/wp-json\/wp\/v2\/product_cat?post=39859"},{"taxonomy":"product_tag","embeddable":true,"href":"https:\/\/ecostera.com\/dk\/wp-json\/wp\/v2\/product_tag?post=39859"}],"curies":[{"name":"wp","href":"https:\/\/api.w.org\/{rel}","templated":true}]}}