{"id":3992,"date":"2025-07-23T11:54:39","date_gmt":"2025-07-23T11:54:39","guid":{"rendered":"https:\/\/ecostera.com\/dk\/product\/honningdispenser\/"},"modified":"2025-07-23T11:54:39","modified_gmt":"2025-07-23T11:54:39","slug":"honningdispenser","status":"publish","type":"product","link":"https:\/\/ecostera.com\/dk\/product\/honningdispenser\/","title":{"rendered":"Honningdispenser"},"content":{"rendered":"<h2 style=\"text-align: center\">\ud83c\udf6f Ikke mere klistret rod!<\/h2>\n<p style=\"text-align: center\"><span style=\"font-weight: 400\">Sig farvel til klistrede flasker og goddag til s\u00f8d, enkel h\u00e6ldning med vores honningdispenser, der er nem at h\u00e6lde! Dette praktiske v\u00e6rkt\u00f8j er designet til b\u00e5de b\u00f8rn og voksne og g\u00f8r det til en leg at nyde honning, sirup og meget mere.<\/span><\/p>\n<p><img decoding=\"async\" class=\"size-full wp-image-14493 aligncenter\" src=\"https:\/\/keluvo.com\/template\/wp-content\/uploads\/sites\/5\/2025\/04\/honeyvideo-ezgif.com-gif-to-webp-converter.webp\" alt=\"\" \/><\/p>\n<h2 style=\"text-align: center\">\ud83c\udf1f Derfor vil du elske den<\/h2>\n<ul>\n<li style=\"font-weight: 400\"><b>Ingen dryp, intet rod<\/b><span style=\"font-weight: 400\">: Bare tryk p\u00e5 aftr\u00e6kkeren, s\u00e5 flyder honningen j\u00e6vnt &#8211; og stopper, n\u00e5r du slipper. Ikke mere klistret spild!<\/span><\/li>\n<li style=\"font-weight: 400\"><b>Design med bundflow<\/b><span style=\"font-weight: 400\">: Honningen kommer ud fra bunden, s\u00e5 du ikke beh\u00f8ver at vente eller ryste flasken.<\/span><\/li>\n<li style=\"font-weight: 400\"><b>Perfekt til mange form\u00e5l<\/b><span style=\"font-weight: 400\">: Perfekt til honning, sirup, sukker, saucer og endda salonkokosolie.<\/span><span style=\"font-weight: 400\"><br \/>\n<\/span><\/li>\n<\/ul>\n<p><img decoding=\"async\" class=\"alignnone size-medium wp-image-13707 aligncenter\" src=\"https:\/\/keluvo.com\/template\/wp-content\/uploads\/sites\/5\/2025\/04\/68557167-93ac-46f5-9260-477218a8fb15.webp\" alt=\"\" \/><\/p>\n<h2 style=\"text-align: center\">\ud83d\udee0\ufe0f Produktdetaljer<\/h2>\n<ul>\n<li style=\"font-weight: 400\"><b>Materiale<\/b><span style=\"font-weight: 400\">: Robust glaskrukke med et skinnende, kromfarvet plastl\u00e5g.<\/span><\/li>\n<li style=\"font-weight: 400\"><b>Kapacitet<\/b><span style=\"font-weight: 400\">: Kan rumme 230 gram &#8211; den helt rigtige st\u00f8rrelse til dit bord.<\/span><\/li>\n<li style=\"font-weight: 400\"><b>Medf\u00f8lger<\/b><span style=\"font-weight: 400\">: Denne honningdispenser er ikke kun praktisk, men tilf\u00f8jer ogs\u00e5 et strejf af charme til dit k\u00f8kken. Det er en bet\u00e6nksom gave til f\u00f8dselsdage, ferier, bryllupper eller housewarmings.<\/span><br \/>\n<h2 class=\"\" style=\"text-align: center\" data-start=\"184\" data-end=\"213\"><img decoding=\"async\" class=\"alignnone size-medium wp-image-13710 aligncenter\" style=\"font-size: 16px;font-style: inherit;font-weight: inherit\" src=\"https:\/\/keluvo.com\/template\/wp-content\/uploads\/sites\/5\/2025\/04\/H1977095ec2214838acc8b1bea9eede445.jpg_960x960q75.jpg_.jpeg\" alt=\"\" \/><\/h2>\n<\/li>\n<\/ul>\n<p style=\"text-align: center\"><span style=\"font-weight: 400\"><\/span><\/p>\n<h2 class=\"\" style=\"text-align: center\" data-start=\"184\" data-end=\"213\"><\/h2>\n","protected":false},"excerpt":{"rendered":"<p>\ud83c\udf6f Ikke mere klistret rod! Sig farvel til klistrede flasker og goddag til s\u00f8d, enkel h\u00e6ldning med vores honningdispenser, der [&hellip;]<\/p>\n","protected":false},"featured_media":3987,"comment_status":"open","ping_status":"closed","template":"","meta":{"site-sidebar-layout":"default","site-content-layout":"","ast-site-content-layout":"default","site-content-style":"default","site-sidebar-style":"default","ast-global-header-display":"","ast-banner-title-visibility":"","ast-main-header-display":"","ast-hfb-above-header-display":"","ast-hfb-below-header-display":"","ast-hfb-mobile-header-display":"","site-post-title":"","ast-breadcrumbs-content":"","ast-featured-img":"","footer-sml-layout":"","theme-transparent-header-meta":"default","adv-header-id-meta":"","stick-header-meta":"","header-above-stick-meta":"","header-main-stick-meta":"","header-below-stick-meta":"","astra-migrate-meta-layouts":"set","ast-page-background-enabled":"default","ast-page-background-meta":{"desktop":{"background-color":"var(--ast-global-color-5)","background-image":"","background-repeat":"repeat","background-position":"center center","background-size":"auto","background-attachment":"scroll","background-type":"","background-media":"","overlay-type":"","overlay-color":"","overlay-opacity":"","overlay-gradient":""},"tablet":{"background-color":"","background-image":"","background-repeat":"repeat","background-position":"center center","background-size":"auto","background-attachment":"scroll","background-type":"","background-media":"","overlay-type":"","overlay-color":"","overlay-opacity":"","overlay-gradient":""},"mobile":{"background-color":"","background-image":"","background-repeat":"repeat","background-position":"center center","background-size":"auto","background-attachment":"scroll","background-type":"","background-media":"","overlay-type":"","overlay-color":"","overlay-opacity":"","overlay-gradient":""}},"ast-content-background-meta":{"desktop":{"background-color":"var(--ast-global-color-4)","background-image":"","background-repeat":"repeat","background-position":"center center","background-size":"auto","background-attachment":"scroll","background-type":"","background-media":"","overlay-type":"","overlay-color":"","overlay-opacity":"","overlay-gradient":""},"tablet":{"background-color":"var(--ast-global-color-4)","background-image":"","background-repeat":"repeat","background-position":"center center","background-size":"auto","background-attachment":"scroll","background-type":"","background-media":"","overlay-type":"","overlay-color":"","overlay-opacity":"","overlay-gradient":""},"mobile":{"background-color":"var(--ast-global-color-4)","background-image":"","background-repeat":"repeat","background-position":"center center","background-size":"auto","background-attachment":"scroll","background-type":"","background-media":"","overlay-type":"","overlay-color":"","overlay-opacity":"","overlay-gradient":""}}},"product_brand":[],"product_cat":[19],"product_tag":[],"class_list":{"0":"post-3992","1":"product","2":"type-product","3":"status-publish","4":"has-post-thumbnail","6":"product_cat-uncategorized","7":"desktop-align-left","8":"tablet-align-left","9":"mobile-align-left","11":"first","12":"instock","13":"shipping-taxable","14":"purchasable","15":"product-type-simple"},"_links":{"self":[{"href":"https:\/\/ecostera.com\/dk\/wp-json\/wp\/v2\/product\/3992","targetHints":{"allow":["GET"]}}],"collection":[{"href":"https:\/\/ecostera.com\/dk\/wp-json\/wp\/v2\/product"}],"about":[{"href":"https:\/\/ecostera.com\/dk\/wp-json\/wp\/v2\/types\/product"}],"replies":[{"embeddable":true,"href":"https:\/\/ecostera.com\/dk\/wp-json\/wp\/v2\/comments?post=3992"}],"wp:featuredmedia":[{"embeddable":true,"href":"https:\/\/ecostera.com\/dk\/wp-json\/wp\/v2\/media\/3987"}],"wp:attachment":[{"href":"https:\/\/ecostera.com\/dk\/wp-json\/wp\/v2\/media?parent=3992"}],"wp:term":[{"taxonomy":"product_brand","embeddable":true,"href":"https:\/\/ecostera.com\/dk\/wp-json\/wp\/v2\/product_brand?post=3992"},{"taxonomy":"product_cat","embeddable":true,"href":"https:\/\/ecostera.com\/dk\/wp-json\/wp\/v2\/product_cat?post=3992"},{"taxonomy":"product_tag","embeddable":true,"href":"https:\/\/ecostera.com\/dk\/wp-json\/wp\/v2\/product_tag?post=3992"}],"curies":[{"name":"wp","href":"https:\/\/api.w.org\/{rel}","templated":true}]}}