{"id":3997,"date":"2025-07-23T11:55:51","date_gmt":"2025-07-23T11:55:51","guid":{"rendered":"https:\/\/ecostera.com\/dk\/product\/hoved-til-boersteskaerer\/"},"modified":"2025-07-23T11:56:14","modified_gmt":"2025-07-23T11:56:14","slug":"hoved-til-boersteskaerer","status":"publish","type":"product","link":"https:\/\/ecostera.com\/dk\/product\/hoved-til-boersteskaerer\/","title":{"rendered":"Hoved til b\u00f8rstesk\u00e6rer"},"content":{"rendered":"<h2 style=\"text-align: center\">Holdbart og st\u00e6rkt design<\/h2>\n<p style=\"text-align: center\">Buskrydderhovedet er lavet af st\u00e5ltr\u00e5d af h\u00f8j kvalitet og en jernskive, der sikrer enest\u00e5ende holdbarhed. Den robuste konstruktion modst\u00e5r slitage, hvilket g\u00f8r den perfekt til at sk\u00e6re gennem h\u00e5rdt ukrudt og gr\u00e6s. Nyd en ensartet ydeevne med et v\u00e6rkt\u00f8j, der er bygget til at holde.<\/p>\n<p><img decoding=\"async\" class=\"alignnone size-medium wp-image-8966 aligncenter\" src=\"https:\/\/keluvo.com\/template\/wp-content\/uploads\/sites\/5\/2025\/01\/S2fd6827141dd4ce5a30e7daf675200e8b.jpg_960x960q75.jpg_.jpeg\" alt=\"\" \/><\/p>\n<h2 style=\"text-align: center\">Alsidig til mange form\u00e5l<\/h2>\n<p style=\"text-align: center\">Dette buskrydderhoved er velegnet til mange forskellige opgaver, fra trimning af gr\u00e6spl\u00e6ner til fjernelse af mos og rust. Det er ideelt til brug i haver, p\u00e5 fortove, i g\u00e5rdspladser og p\u00e5 parkeringspladser og er et p\u00e5lideligt v\u00e6rkt\u00f8j til alle dine udend\u00f8rs vedligeholdelsesbehov.<\/p>\n<p><img decoding=\"async\" class=\"alignnone size-medium wp-image-8968 aligncenter\" src=\"https:\/\/keluvo.com\/template\/wp-content\/uploads\/sites\/5\/2025\/01\/Se511aa071a064ae5b80c25e313a3ac656.jpg_960x960q75.jpg_.jpeg\" alt=\"\" \/><\/p>\n","protected":false},"excerpt":{"rendered":"<p>Holdbart og st\u00e6rkt design Buskrydderhovedet er lavet af st\u00e5ltr\u00e5d af h\u00f8j kvalitet og en jernskive, der sikrer enest\u00e5ende holdbarhed. Den [&hellip;]<\/p>\n","protected":false},"featured_media":3993,"comment_status":"open","ping_status":"closed","template":"","meta":{"site-sidebar-layout":"default","site-content-layout":"","ast-site-content-layout":"default","site-content-style":"default","site-sidebar-style":"default","ast-global-header-display":"","ast-banner-title-visibility":"","ast-main-header-display":"","ast-hfb-above-header-display":"","ast-hfb-below-header-display":"","ast-hfb-mobile-header-display":"","site-post-title":"","ast-breadcrumbs-content":"","ast-featured-img":"","footer-sml-layout":"","theme-transparent-header-meta":"default","adv-header-id-meta":"","stick-header-meta":"","header-above-stick-meta":"","header-main-stick-meta":"","header-below-stick-meta":"","astra-migrate-meta-layouts":"set","ast-page-background-enabled":"default","ast-page-background-meta":{"desktop":{"background-color":"var(--ast-global-color-5)","background-image":"","background-repeat":"repeat","background-position":"center center","background-size":"auto","background-attachment":"scroll","background-type":"","background-media":"","overlay-type":"","overlay-color":"","overlay-opacity":"","overlay-gradient":""},"tablet":{"background-color":"","background-image":"","background-repeat":"repeat","background-position":"center center","background-size":"auto","background-attachment":"scroll","background-type":"","background-media":"","overlay-type":"","overlay-color":"","overlay-opacity":"","overlay-gradient":""},"mobile":{"background-color":"","background-image":"","background-repeat":"repeat","background-position":"center center","background-size":"auto","background-attachment":"scroll","background-type":"","background-media":"","overlay-type":"","overlay-color":"","overlay-opacity":"","overlay-gradient":""}},"ast-content-background-meta":{"desktop":{"background-color":"var(--ast-global-color-4)","background-image":"","background-repeat":"repeat","background-position":"center center","background-size":"auto","background-attachment":"scroll","background-type":"","background-media":"","overlay-type":"","overlay-color":"","overlay-opacity":"","overlay-gradient":""},"tablet":{"background-color":"var(--ast-global-color-4)","background-image":"","background-repeat":"repeat","background-position":"center center","background-size":"auto","background-attachment":"scroll","background-type":"","background-media":"","overlay-type":"","overlay-color":"","overlay-opacity":"","overlay-gradient":""},"mobile":{"background-color":"var(--ast-global-color-4)","background-image":"","background-repeat":"repeat","background-position":"center center","background-size":"auto","background-attachment":"scroll","background-type":"","background-media":"","overlay-type":"","overlay-color":"","overlay-opacity":"","overlay-gradient":""}}},"product_brand":[],"product_cat":[19],"product_tag":[],"class_list":{"0":"post-3997","1":"product","2":"type-product","3":"status-publish","4":"has-post-thumbnail","6":"product_cat-uncategorized","7":"pa_37035_kd3qyrot-3-knive","8":"pa_37035_kd3qyrot-6-knive","9":"desktop-align-left","10":"tablet-align-left","11":"mobile-align-left","13":"first","14":"instock","15":"shipping-taxable","16":"purchasable","17":"product-type-variable"},"_links":{"self":[{"href":"https:\/\/ecostera.com\/dk\/wp-json\/wp\/v2\/product\/3997","targetHints":{"allow":["GET"]}}],"collection":[{"href":"https:\/\/ecostera.com\/dk\/wp-json\/wp\/v2\/product"}],"about":[{"href":"https:\/\/ecostera.com\/dk\/wp-json\/wp\/v2\/types\/product"}],"replies":[{"embeddable":true,"href":"https:\/\/ecostera.com\/dk\/wp-json\/wp\/v2\/comments?post=3997"}],"wp:featuredmedia":[{"embeddable":true,"href":"https:\/\/ecostera.com\/dk\/wp-json\/wp\/v2\/media\/3993"}],"wp:attachment":[{"href":"https:\/\/ecostera.com\/dk\/wp-json\/wp\/v2\/media?parent=3997"}],"wp:term":[{"taxonomy":"product_brand","embeddable":true,"href":"https:\/\/ecostera.com\/dk\/wp-json\/wp\/v2\/product_brand?post=3997"},{"taxonomy":"product_cat","embeddable":true,"href":"https:\/\/ecostera.com\/dk\/wp-json\/wp\/v2\/product_cat?post=3997"},{"taxonomy":"product_tag","embeddable":true,"href":"https:\/\/ecostera.com\/dk\/wp-json\/wp\/v2\/product_tag?post=3997"}],"curies":[{"name":"wp","href":"https:\/\/api.w.org\/{rel}","templated":true}]}}