{"id":4030,"date":"2025-07-23T11:58:41","date_gmt":"2025-07-23T11:58:41","guid":{"rendered":"https:\/\/ecostera.com\/dk\/product\/aeggeform\/"},"modified":"2025-09-15T12:07:45","modified_gmt":"2025-09-15T09:07:45","slug":"aeggeform","status":"publish","type":"product","link":"https:\/\/ecostera.com\/dk\/product\/aeggeform\/","title":{"rendered":"\u00c6ggeform"},"content":{"rendered":"<h2 class=\"\" style=\"text-align: center\" data-start=\"0\" data-end=\"27\">Sjove former til madlavning<\/h2>\n<p class=\"\" style=\"text-align: center\" data-start=\"28\" data-end=\"169\">Med \u00e6ggeformen kan du lave \u00e6g eller pandekager i s\u00f8de former. Det g\u00f8r morgenmaden sjovere for b\u00f8rn og familie. En god m\u00e5de at tilf\u00f8je gl\u00e6de til m\u00e5ltiderne.<\/p>\n<p data-start=\"28\" data-end=\"169\"><img decoding=\"async\" class=\"alignnone size-medium wp-image-13801 aligncenter\" src=\"https:\/\/keluvo.com\/template\/wp-content\/uploads\/sites\/5\/2025\/04\/S12a499ee0f304873af1551c3c2a54b93C.jpg_960x960q75.jpg_.jpeg\" alt=\"\" \/><\/p>\n<h2 class=\"\" style=\"text-align: center\" data-start=\"171\" data-end=\"197\">Nem at bruge og reng\u00f8re<\/h2>\n<p class=\"\" style=\"text-align: center\" data-start=\"198\" data-end=\"344\">Denne \u00e6ggeform er enkel at bruge og fungerer godt i enhver gryde. Efter tilberedning kan den hurtigt reng\u00f8res. Den glatte overflade g\u00f8r det nemt at f\u00e5 maden ud.<\/p>\n<p style=\"text-align: center\" data-start=\"198\" data-end=\"344\"><img decoding=\"async\" class=\"alignnone size-medium wp-image-13802\" src=\"https:\/\/keluvo.com\/template\/wp-content\/uploads\/sites\/5\/2025\/04\/S68affe8e5c6f41b087c59ee14f403f93x.jpg_960x960q75.jpg_.jpeg\" alt=\"\" \/><\/p>\n","protected":false},"excerpt":{"rendered":"<p>Sjove former til madlavning Med \u00e6ggeformen kan du lave \u00e6g eller pandekager i s\u00f8de former. Det g\u00f8r morgenmaden sjovere for [&hellip;]<\/p>\n","protected":false},"featured_media":4026,"comment_status":"open","ping_status":"closed","template":"","meta":{"site-sidebar-layout":"default","site-content-layout":"","ast-site-content-layout":"default","site-content-style":"default","site-sidebar-style":"default","ast-global-header-display":"","ast-banner-title-visibility":"","ast-main-header-display":"","ast-hfb-above-header-display":"","ast-hfb-below-header-display":"","ast-hfb-mobile-header-display":"","site-post-title":"","ast-breadcrumbs-content":"","ast-featured-img":"","footer-sml-layout":"","theme-transparent-header-meta":"default","adv-header-id-meta":"","stick-header-meta":"","header-above-stick-meta":"","header-main-stick-meta":"","header-below-stick-meta":"","astra-migrate-meta-layouts":"set","ast-page-background-enabled":"default","ast-page-background-meta":{"desktop":{"background-color":"var(--ast-global-color-5)","background-image":"","background-repeat":"repeat","background-position":"center center","background-size":"auto","background-attachment":"scroll","background-type":"","background-media":"","overlay-type":"","overlay-color":"","overlay-opacity":"","overlay-gradient":""},"tablet":{"background-color":"","background-image":"","background-repeat":"repeat","background-position":"center center","background-size":"auto","background-attachment":"scroll","background-type":"","background-media":"","overlay-type":"","overlay-color":"","overlay-opacity":"","overlay-gradient":""},"mobile":{"background-color":"","background-image":"","background-repeat":"repeat","background-position":"center center","background-size":"auto","background-attachment":"scroll","background-type":"","background-media":"","overlay-type":"","overlay-color":"","overlay-opacity":"","overlay-gradient":""}},"ast-content-background-meta":{"desktop":{"background-color":"var(--ast-global-color-4)","background-image":"","background-repeat":"repeat","background-position":"center center","background-size":"auto","background-attachment":"scroll","background-type":"","background-media":"","overlay-type":"","overlay-color":"","overlay-opacity":"","overlay-gradient":""},"tablet":{"background-color":"var(--ast-global-color-4)","background-image":"","background-repeat":"repeat","background-position":"center center","background-size":"auto","background-attachment":"scroll","background-type":"","background-media":"","overlay-type":"","overlay-color":"","overlay-opacity":"","overlay-gradient":""},"mobile":{"background-color":"var(--ast-global-color-4)","background-image":"","background-repeat":"repeat","background-position":"center center","background-size":"auto","background-attachment":"scroll","background-type":"","background-media":"","overlay-type":"","overlay-color":"","overlay-opacity":"","overlay-gradient":""}}},"product_brand":[],"product_cat":[19],"product_tag":[],"class_list":{"0":"post-4030","1":"product","2":"type-product","3":"status-publish","4":"has-post-thumbnail","6":"product_cat-uncategorized","7":"pa_45932_mkeq3amb-a","8":"pa_45932_mkeq3amb-b","9":"pa_45932_mkeq3amb-c","10":"pa_45932_mkeq3amb-d","11":"pa_45932_mkeq3amb-e","12":"pa_45932_mkeq3amb-saet","13":"desktop-align-left","14":"tablet-align-left","15":"mobile-align-left","17":"first","18":"instock","19":"shipping-taxable","20":"purchasable","21":"product-type-variable"},"_links":{"self":[{"href":"https:\/\/ecostera.com\/dk\/wp-json\/wp\/v2\/product\/4030","targetHints":{"allow":["GET"]}}],"collection":[{"href":"https:\/\/ecostera.com\/dk\/wp-json\/wp\/v2\/product"}],"about":[{"href":"https:\/\/ecostera.com\/dk\/wp-json\/wp\/v2\/types\/product"}],"replies":[{"embeddable":true,"href":"https:\/\/ecostera.com\/dk\/wp-json\/wp\/v2\/comments?post=4030"}],"wp:featuredmedia":[{"embeddable":true,"href":"https:\/\/ecostera.com\/dk\/wp-json\/wp\/v2\/media\/4026"}],"wp:attachment":[{"href":"https:\/\/ecostera.com\/dk\/wp-json\/wp\/v2\/media?parent=4030"}],"wp:term":[{"taxonomy":"product_brand","embeddable":true,"href":"https:\/\/ecostera.com\/dk\/wp-json\/wp\/v2\/product_brand?post=4030"},{"taxonomy":"product_cat","embeddable":true,"href":"https:\/\/ecostera.com\/dk\/wp-json\/wp\/v2\/product_cat?post=4030"},{"taxonomy":"product_tag","embeddable":true,"href":"https:\/\/ecostera.com\/dk\/wp-json\/wp\/v2\/product_tag?post=4030"}],"curies":[{"name":"wp","href":"https:\/\/api.w.org\/{rel}","templated":true}]}}