{"id":4048,"date":"2025-07-23T11:59:35","date_gmt":"2025-07-23T11:59:35","guid":{"rendered":"https:\/\/ecostera.com\/dk\/product\/skaal-til-langsom-udfodring\/"},"modified":"2025-07-23T11:59:52","modified_gmt":"2025-07-23T11:59:52","slug":"skaal-til-langsom-udfodring","status":"publish","type":"product","link":"https:\/\/ecostera.com\/dk\/product\/skaal-til-langsom-udfodring\/","title":{"rendered":"Sk\u00e5l til langsom udfodring"},"content":{"rendered":"<h2 style=\"text-align: center\">Fremmer Sundere Spisning<\/h2>\n<p style=\"text-align: center\">Slow Feeder-sk\u00e5len hj\u00e6lper dit k\u00e6ledyr med at spise i et langsommere tempo, hvilket reducerer risikoen for kv\u00e6lning og forbedrer ford\u00f8jelsen. Dens unikke labyrintdesign tilskynder til bevidst spisning og sikrer, at m\u00e5ltiderne bliver sjovere og mere afbalancerede. Den er perfekt til mellemstore og sm\u00e5 hunde og underst\u00f8tter en sundere livsstil.<\/p>\n<p><img decoding=\"async\" class=\"alignnone size-medium wp-image-7884 aligncenter\" src=\"https:\/\/keluvo.com\/template\/wp-content\/uploads\/sites\/5\/2025\/01\/Sfcaf33c2ed5d4930abae3641c0e17ec5h.jpg_960x960q75.jpg_.jpeg\" \/><\/p>\n<h2 style=\"text-align: center\">Skridsikker Og Spildsikker<\/h2>\n<p style=\"text-align: center\">Udstyret med fire skridsikre m\u00e5tter forbliver slow feeder-sk\u00e5len p\u00e5 plads under m\u00e5ltidet. Det forhindrer spild af mad og holder dit k\u00e6ledyrs spiseomr\u00e5de rent. Det er en praktisk l\u00f8sning til aktive spisere.<\/p>\n<p><img decoding=\"async\" class=\"alignnone size-medium wp-image-7882 aligncenter\" src=\"https:\/\/keluvo.com\/template\/wp-content\/uploads\/sites\/5\/2025\/01\/S540b060ad89d477394b482de9636f5dd5.jpg_960x960q75.jpg_.jpeg\" \/><\/p>\n","protected":false},"excerpt":{"rendered":"<p>Fremmer Sundere Spisning Slow Feeder-sk\u00e5len hj\u00e6lper dit k\u00e6ledyr med at spise i et langsommere tempo, hvilket reducerer risikoen for kv\u00e6lning [&hellip;]<\/p>\n","protected":false},"featured_media":4044,"comment_status":"open","ping_status":"closed","template":"","meta":{"site-sidebar-layout":"default","site-content-layout":"","ast-site-content-layout":"default","site-content-style":"default","site-sidebar-style":"default","ast-global-header-display":"","ast-banner-title-visibility":"","ast-main-header-display":"","ast-hfb-above-header-display":"","ast-hfb-below-header-display":"","ast-hfb-mobile-header-display":"","site-post-title":"","ast-breadcrumbs-content":"","ast-featured-img":"","footer-sml-layout":"","theme-transparent-header-meta":"default","adv-header-id-meta":"","stick-header-meta":"","header-above-stick-meta":"","header-main-stick-meta":"","header-below-stick-meta":"","astra-migrate-meta-layouts":"set","ast-page-background-enabled":"default","ast-page-background-meta":{"desktop":{"background-color":"var(--ast-global-color-5)","background-image":"","background-repeat":"repeat","background-position":"center center","background-size":"auto","background-attachment":"scroll","background-type":"","background-media":"","overlay-type":"","overlay-color":"","overlay-opacity":"","overlay-gradient":""},"tablet":{"background-color":"","background-image":"","background-repeat":"repeat","background-position":"center center","background-size":"auto","background-attachment":"scroll","background-type":"","background-media":"","overlay-type":"","overlay-color":"","overlay-opacity":"","overlay-gradient":""},"mobile":{"background-color":"","background-image":"","background-repeat":"repeat","background-position":"center center","background-size":"auto","background-attachment":"scroll","background-type":"","background-media":"","overlay-type":"","overlay-color":"","overlay-opacity":"","overlay-gradient":""}},"ast-content-background-meta":{"desktop":{"background-color":"var(--ast-global-color-4)","background-image":"","background-repeat":"repeat","background-position":"center center","background-size":"auto","background-attachment":"scroll","background-type":"","background-media":"","overlay-type":"","overlay-color":"","overlay-opacity":"","overlay-gradient":""},"tablet":{"background-color":"var(--ast-global-color-4)","background-image":"","background-repeat":"repeat","background-position":"center center","background-size":"auto","background-attachment":"scroll","background-type":"","background-media":"","overlay-type":"","overlay-color":"","overlay-opacity":"","overlay-gradient":""},"mobile":{"background-color":"var(--ast-global-color-4)","background-image":"","background-repeat":"repeat","background-position":"center center","background-size":"auto","background-attachment":"scroll","background-type":"","background-media":"","overlay-type":"","overlay-color":"","overlay-opacity":"","overlay-gradient":""}}},"product_brand":[],"product_cat":[19],"product_tag":[],"class_list":{"0":"post-4048","1":"product","2":"type-product","3":"status-publish","4":"has-post-thumbnail","6":"product_cat-uncategorized","7":"pa_46757_g0wnay91-blaa","8":"pa_46757_g0wnay91-groen","9":"pa_46757_g0wnay91-gul","10":"pa_46757_g0wnay91-lilla","11":"pa_46757_g0wnay91-lyseroed","12":"desktop-align-left","13":"tablet-align-left","14":"mobile-align-left","16":"first","17":"instock","18":"shipping-taxable","19":"purchasable","20":"product-type-variable"},"_links":{"self":[{"href":"https:\/\/ecostera.com\/dk\/wp-json\/wp\/v2\/product\/4048","targetHints":{"allow":["GET"]}}],"collection":[{"href":"https:\/\/ecostera.com\/dk\/wp-json\/wp\/v2\/product"}],"about":[{"href":"https:\/\/ecostera.com\/dk\/wp-json\/wp\/v2\/types\/product"}],"replies":[{"embeddable":true,"href":"https:\/\/ecostera.com\/dk\/wp-json\/wp\/v2\/comments?post=4048"}],"wp:featuredmedia":[{"embeddable":true,"href":"https:\/\/ecostera.com\/dk\/wp-json\/wp\/v2\/media\/4044"}],"wp:attachment":[{"href":"https:\/\/ecostera.com\/dk\/wp-json\/wp\/v2\/media?parent=4048"}],"wp:term":[{"taxonomy":"product_brand","embeddable":true,"href":"https:\/\/ecostera.com\/dk\/wp-json\/wp\/v2\/product_brand?post=4048"},{"taxonomy":"product_cat","embeddable":true,"href":"https:\/\/ecostera.com\/dk\/wp-json\/wp\/v2\/product_cat?post=4048"},{"taxonomy":"product_tag","embeddable":true,"href":"https:\/\/ecostera.com\/dk\/wp-json\/wp\/v2\/product_tag?post=4048"}],"curies":[{"name":"wp","href":"https:\/\/api.w.org\/{rel}","templated":true}]}}