{"id":40507,"date":"2025-12-09T10:48:47","date_gmt":"2025-12-09T08:48:47","guid":{"rendered":"https:\/\/ecostera.com\/dk\/product\/elektrisk-vaeskepumpe\/"},"modified":"2025-12-09T15:44:09","modified_gmt":"2025-12-09T13:44:09","slug":"elektrisk-vaeskepumpe","status":"publish","type":"product","link":"https:\/\/ecostera.com\/dk\/product\/elektrisk-vaeskepumpe\/","title":{"rendered":"Elektrisk v\u00e6skepumpe"},"content":{"rendered":"<p style=\"text-align: center\" data-start=\"161\" data-end=\"235\"><strong>Overf\u00f8r v\u00e6sker hurtigt, sikkert og uden at l\u00f8fte tunge beholdere. \ud83e\uddf4<\/strong><\/p>\n<p style=\"text-align: center\" data-start=\"237\" data-end=\"449\">Denne elektriske v\u00e6skepumpe g\u00f8r det nemt at flytte v\u00e6sker med et enkelt tryk p\u00e5 en knap. Den er perfekt til garager, akvarier, hjemmebrug og udend\u00f8rs opgaver &#8211; ikke mere spild, tunge l\u00f8ft eller usikker h\u00e6ldning.<\/p>\n<p data-start=\"237\" data-end=\"449\"><img fetchpriority=\"high\" decoding=\"async\" class=\"size-full wp-image-44295 aligncenter\" src=\"https:\/\/keluvo.com\/template\/wp-content\/uploads\/sites\/5\/2025\/12\/10225-ezgif.com-video-to-webp-converter-2.webp\" alt=\"\" width=\"500\" height=\"500\" \/><\/p>\n<h2 style=\"text-align: center\" data-start=\"456\" data-end=\"480\">Vigtigste Fordele \u2728<\/h2>\n<p data-start=\"483\" data-end=\"585\">\u26a1 Nem v\u00e6skeoverf\u00f8rsel &#8211; Flytter vand, benzin, diesel, petroleum og andre ikke-\u00e6tsende v\u00e6sker.<\/p>\n<p data-start=\"588\" data-end=\"667\">\ud83e\uddf4 Sikker og problemfri &#8211; Forhindrer spild og reducerer kontakt med v\u00e6sker.<\/p>\n<p data-start=\"670\" data-end=\"738\">\ud83d\udd0b Batteridrevet &#8211; Fungerer overalt uden behov for en stikkontakt.<\/p>\n<p data-start=\"741\" data-end=\"823\">\ud83c\udfe0 Multianvendelig &#8211; Perfekt til biler, akvarier, havearbejde og opgaver i hjemmet.<\/p>\n<p data-start=\"826\" data-end=\"924\">\ud83d\udcaa Sikker slangeforbindelse &#8211; Leveres med en cirkelring for at \u00f8ge fastheden og forhindre l\u00e6kager.<\/p>\n<p data-start=\"927\" data-end=\"985\">\ud83c\udf31 Milj\u00f8venlige materialer &#8211; Fremstillet af holdbar plast.<\/p>\n<p data-start=\"927\" data-end=\"985\"><img decoding=\"async\" class=\"size-full wp-image-44296 aligncenter\" src=\"https:\/\/keluvo.com\/template\/wp-content\/uploads\/sites\/5\/2025\/12\/\u0397\u03bb\u03b5\u03ba\u03c4\u03c1\u03b9\u03ba\u03ae-\u0391\u03bd\u03c4\u03bb\u03af\u03b1-\u039b\u03b1\u03b4\u03b9\u03bf\u03cd-\u039d\u03b5\u03c1\u03bf\u03cd-\u03ba\u03b1\u03b9-\u03ac\u03bb\u03bb\u03c9\u03bd-\u03a5\u03b3\u03c1\u03ce\u03bd-Electric-Oil-Water-Pump2.jpg\" alt=\"\" width=\"1024\" height=\"1024\" \/><\/p>\n<h2 style=\"text-align: center\" data-start=\"992\" data-end=\"1014\">S\u00e5dan Bruges \ud83e\uddf0<\/h2>\n<ol data-start=\"1015\" data-end=\"1376\">\n<li data-start=\"1015\" data-end=\"1088\">\n<p data-start=\"1018\" data-end=\"1088\">S\u00e6t det rigtige batteri i pumpen, og s\u00f8rg for korrekt justering.<\/p>\n<\/li>\n<li data-start=\"1089\" data-end=\"1156\">\n<p data-start=\"1092\" data-end=\"1156\">S\u00e6nk sugeenden ned i den v\u00e6ske, du vil overf\u00f8re.<\/p>\n<\/li>\n<li data-start=\"1157\" data-end=\"1223\">\n<p data-start=\"1160\" data-end=\"1223\">Placer udl\u00f8bsslangen i den beholder, du vil fylde.<\/p>\n<\/li>\n<li data-start=\"1224\" data-end=\"1272\">\n<p data-start=\"1227\" data-end=\"1272\">Tryk og hold knappen nede for at begynde at pumpe.<\/p>\n<\/li>\n<li data-start=\"1273\" data-end=\"1328\">\n<p data-start=\"1276\" data-end=\"1328\">Slip knappen, f\u00f8r beholderen overfyldes.<\/p>\n<\/li>\n<li data-start=\"1329\" data-end=\"1376\">\n<p data-start=\"1332\" data-end=\"1376\">Fjern pumpen og batterierne, n\u00e5r du er f\u00e6rdig.<\/p>\n<\/li>\n<\/ol>\n<h2 style=\"text-align: center\" data-start=\"1383\" data-end=\"1410\">Produktoplysninger \ud83d\udccf<\/h2>\n<ul data-start=\"1411\" data-end=\"1932\">\n<li data-start=\"1451\" data-end=\"1472\">\n<p data-start=\"1453\" data-end=\"1472\">Materiale: Plast<\/p>\n<\/li>\n<li data-start=\"1473\" data-end=\"1492\">\n<p data-start=\"1475\" data-end=\"1492\">Motoreffekt: 3W<\/p>\n<\/li>\n<li data-start=\"1493\" data-end=\"1510\">\n<p data-start=\"1495\" data-end=\"1510\">Str\u00f8m: 1,5A<\/p>\n<\/li>\n<li data-start=\"1511\" data-end=\"1526\">\n<p data-start=\"1513\" data-end=\"1526\">Sp\u00e6nding: 3V<\/p>\n<\/li>\n<li data-start=\"1527\" data-end=\"1546\">\n<p data-start=\"1529\" data-end=\"1546\">V\u00e6gt: 206,3 g<\/p>\n<\/li>\n<li data-start=\"1547\" data-end=\"1564\">\n<p data-start=\"1549\" data-end=\"1564\">L\u00e6ngde: 58 cm<\/p>\n<\/li>\n<li data-start=\"1565\" data-end=\"1619\">\n<p data-start=\"1567\" data-end=\"1619\">Batteritype: Kr\u00e6ver nr. 1 batteri (medf\u00f8lger ikke)<\/p>\n<\/li>\n<li data-start=\"1620\" data-end=\"1702\">\n<p data-start=\"1622\" data-end=\"1702\">Velegnet til: Vand, benzin, diesel, petroleum og andre ikke-\u00e6tsende v\u00e6sker<\/p>\n<\/li>\n<li data-start=\"1703\" data-end=\"1932\">\n<p data-start=\"1705\" data-end=\"1720\">Sikkerhedsanvisninger:<\/p>\n<ul data-start=\"1723\" data-end=\"1932\">\n<li data-start=\"1723\" data-end=\"1741\">\n<p data-start=\"1725\" data-end=\"1741\">M\u00e5 ikke l\u00f8be t\u00f8r<\/p>\n<\/li>\n<li data-start=\"1744\" data-end=\"1783\">\n<p data-start=\"1746\" data-end=\"1783\">Brug ikke med fortynder eller opl\u00f8sningsmidler<\/p>\n<\/li>\n<li data-start=\"1786\" data-end=\"1840\">\n<p data-start=\"1788\" data-end=\"1840\">Holdes v\u00e6k fra varme, n\u00e5r der pumpes br\u00e6ndbare v\u00e6sker<\/p>\n<\/li>\n<li data-start=\"1843\" data-end=\"1880\">\n<p data-start=\"1845\" data-end=\"1880\">Vend ikke p\u00e5 hovedet efter brug<\/p>\n<\/li>\n<li data-start=\"1883\" data-end=\"1932\">\n<p data-start=\"1885\" data-end=\"1932\">Fjern batterierne, n\u00e5r de opbevares i l\u00e6ngere tid<\/p>\n<\/li>\n<\/ul>\n<\/li>\n<\/ul>\n<h2 style=\"text-align: center\" data-start=\"1939\" data-end=\"1967\">Pakken indeholder \ud83d\udce6<\/h2>\n<ul data-start=\"1968\" data-end=\"2017\">\n<li data-start=\"1968\" data-end=\"2017\">\n<p data-start=\"1970\" data-end=\"2017\">1x elektrisk v\u00e6skepumpe.<\/p>\n<\/li>\n<\/ul>\n","protected":false},"excerpt":{"rendered":"<p>Overf\u00f8r v\u00e6sker hurtigt, sikkert og uden at l\u00f8fte tunge beholdere. \ud83e\uddf4 Denne elektriske v\u00e6skepumpe g\u00f8r det nemt at flytte v\u00e6sker [&hellip;]<\/p>\n","protected":false},"featured_media":40503,"comment_status":"open","ping_status":"closed","template":"","meta":{"site-sidebar-layout":"default","site-content-layout":"","ast-site-content-layout":"default","site-content-style":"default","site-sidebar-style":"default","ast-global-header-display":"","ast-banner-title-visibility":"","ast-main-header-display":"","ast-hfb-above-header-display":"","ast-hfb-below-header-display":"","ast-hfb-mobile-header-display":"","site-post-title":"","ast-breadcrumbs-content":"","ast-featured-img":"","footer-sml-layout":"","theme-transparent-header-meta":"default","adv-header-id-meta":"","stick-header-meta":"","header-above-stick-meta":"","header-main-stick-meta":"","header-below-stick-meta":"","astra-migrate-meta-layouts":"set","ast-page-background-enabled":"default","ast-page-background-meta":{"desktop":{"background-color":"var(--ast-global-color-5)","background-image":"","background-repeat":"repeat","background-position":"center center","background-size":"auto","background-attachment":"scroll","background-type":"","background-media":"","overlay-type":"","overlay-color":"","overlay-opacity":"","overlay-gradient":""},"tablet":{"background-color":"","background-image":"","background-repeat":"repeat","background-position":"center center","background-size":"auto","background-attachment":"scroll","background-type":"","background-media":"","overlay-type":"","overlay-color":"","overlay-opacity":"","overlay-gradient":""},"mobile":{"background-color":"","background-image":"","background-repeat":"repeat","background-position":"center center","background-size":"auto","background-attachment":"scroll","background-type":"","background-media":"","overlay-type":"","overlay-color":"","overlay-opacity":"","overlay-gradient":""}},"ast-content-background-meta":{"desktop":{"background-color":"var(--ast-global-color-4)","background-image":"","background-repeat":"repeat","background-position":"center center","background-size":"auto","background-attachment":"scroll","background-type":"","background-media":"","overlay-type":"","overlay-color":"","overlay-opacity":"","overlay-gradient":""},"tablet":{"background-color":"var(--ast-global-color-4)","background-image":"","background-repeat":"repeat","background-position":"center center","background-size":"auto","background-attachment":"scroll","background-type":"","background-media":"","overlay-type":"","overlay-color":"","overlay-opacity":"","overlay-gradient":""},"mobile":{"background-color":"var(--ast-global-color-4)","background-image":"","background-repeat":"repeat","background-position":"center center","background-size":"auto","background-attachment":"scroll","background-type":"","background-media":"","overlay-type":"","overlay-color":"","overlay-opacity":"","overlay-gradient":""}}},"product_brand":[],"product_cat":[19],"product_tag":[],"class_list":{"0":"post-40507","1":"product","2":"type-product","3":"status-publish","4":"has-post-thumbnail","6":"product_cat-uncategorized","7":"pa_55870_6xml4j2c-blaa","8":"pa_55870_6xml4j2c-roed","9":"desktop-align-left","10":"tablet-align-left","11":"mobile-align-left","13":"first","14":"instock","15":"shipping-taxable","16":"purchasable","17":"product-type-variable"},"_links":{"self":[{"href":"https:\/\/ecostera.com\/dk\/wp-json\/wp\/v2\/product\/40507","targetHints":{"allow":["GET"]}}],"collection":[{"href":"https:\/\/ecostera.com\/dk\/wp-json\/wp\/v2\/product"}],"about":[{"href":"https:\/\/ecostera.com\/dk\/wp-json\/wp\/v2\/types\/product"}],"replies":[{"embeddable":true,"href":"https:\/\/ecostera.com\/dk\/wp-json\/wp\/v2\/comments?post=40507"}],"wp:featuredmedia":[{"embeddable":true,"href":"https:\/\/ecostera.com\/dk\/wp-json\/wp\/v2\/media\/40503"}],"wp:attachment":[{"href":"https:\/\/ecostera.com\/dk\/wp-json\/wp\/v2\/media?parent=40507"}],"wp:term":[{"taxonomy":"product_brand","embeddable":true,"href":"https:\/\/ecostera.com\/dk\/wp-json\/wp\/v2\/product_brand?post=40507"},{"taxonomy":"product_cat","embeddable":true,"href":"https:\/\/ecostera.com\/dk\/wp-json\/wp\/v2\/product_cat?post=40507"},{"taxonomy":"product_tag","embeddable":true,"href":"https:\/\/ecostera.com\/dk\/wp-json\/wp\/v2\/product_tag?post=40507"}],"curies":[{"name":"wp","href":"https:\/\/api.w.org\/{rel}","templated":true}]}}