{"id":4063,"date":"2025-07-23T12:01:21","date_gmt":"2025-07-23T12:01:21","guid":{"rendered":"https:\/\/ecostera.com\/dk\/product\/betraek-til-rattet\/"},"modified":"2025-07-23T12:01:48","modified_gmt":"2025-07-23T12:01:48","slug":"betraek-til-rattet","status":"publish","type":"product","link":"https:\/\/ecostera.com\/dk\/product\/betraek-til-rattet\/","title":{"rendered":"Betr\u00e6k til rattet"},"content":{"rendered":"<h2 class=\"\" style=\"text-align: center\" data-start=\"0\" data-end=\"30\">\ud83d\udcaa Bedre greb under k\u00f8rslen<\/h2>\n<p class=\"\" style=\"text-align: center\" data-start=\"31\" data-end=\"250\">Ratbetr\u00e6kket har en skridsikker overflade, der hj\u00e6lper dig med at holde bedre fast i rattet. Det giver dig bedre kontrol over bilen, selv under lange ture eller hurtige sving. Det hj\u00e6lper dig med at k\u00f8re mere sikkert og komfortabelt.<\/p>\n<p data-start=\"31\" data-end=\"250\"><img decoding=\"async\" class=\"size-full wp-image-14430 aligncenter\" src=\"https:\/\/keluvo.com\/template\/wp-content\/uploads\/sites\/5\/2025\/04\/Steeringwheelvideo-ezgif.com-gif-to-webp-converter.webp\" alt=\"\" \/><\/p>\n<h2 style=\"text-align: center\">Ultratyndt tr\u00e6korn<\/h2>\n<p style=\"text-align: center\"><span style=\"font-weight: 400\">F\u00e5 din bil til at se bedre ud og f\u00f8les bedre med vores slanke ratbetr\u00e6k. Det er tyndt, stilfuldt og nemt at bruge.\u200b<\/span><\/p>\n<p data-start=\"278\" data-end=\"458\"><img decoding=\"async\" class=\"alignnone size-medium wp-image-13822 aligncenter\" src=\"https:\/\/keluvo.com\/template\/wp-content\/uploads\/sites\/5\/2025\/04\/S698e88632fa6496d8003238633c4cd30t.jpg_960x960q75.jpg_.jpeg\" alt=\"\" \/><\/p>\n<h2 style=\"text-align: center\">\ud83c\udf1f Derfor vil du elske det<\/h2>\n<ul>\n<li style=\"font-weight: 400\"><b>Slankt og stilfuldt<\/b><span style=\"font-weight: 400\">: Det ultratynde design giver et moderne touch uden at g\u00f8re dit rat klodset.\u200b<\/span><\/li>\n<li style=\"font-weight: 400\"><b>St\u00e6rkt materiale<\/b><span style=\"font-weight: 400\">: Lavet af tr\u00e6materiale i h\u00f8j kvalitet, det er bygget til at holde.\u200b<\/span><\/li>\n<li style=\"font-weight: 400\"><b>Passer til de fleste biler<\/b><span style=\"font-weight: 400\">: Designet til at passe til en lang r\u00e6kke bilmodeller, hvilket g\u00f8r det til et alsidigt tilbeh\u00f8r.\u200b<\/span><\/li>\n<li style=\"font-weight: 400\"><b>Brug hele \u00e5ret<\/b><span style=\"font-weight: 400\">: Komfortabel p\u00e5 alle \u00e5rstider &#8211; k\u00f8lig om sommeren, varm om vinteren.\u200b<\/span><\/li>\n<li data-start=\"278\" data-end=\"458\"><b>glider ikke<\/b><span style=\"font-weight: 400\">: Den strukturerede overflade sikrer et fast greb for mere sikker k\u00f8rsel.\u200b<\/span><\/li>\n<\/ul>\n<p><span style=\"font-weight: 400\"><img decoding=\"async\" class=\"alignnone size-medium wp-image-13817 aligncenter\" src=\"https:\/\/keluvo.com\/template\/wp-content\/uploads\/sites\/5\/2025\/04\/40a2417c-7ae0-4a7b-a3d4-689ba6a5796a.webp\" alt=\"\" \/><\/span><\/p>\n<h2 style=\"text-align: center\">\ud83d\udee0\ufe0f Produktdetaljer<\/h2>\n<ul>\n<li style=\"font-weight: 400\"><b>Materiale<\/b><span style=\"font-weight: 400\">: Holdbart tr\u00e6kornsmateriale.\u200b<\/span><\/li>\n<li style=\"font-weight: 400\"><b>Design<\/b><span style=\"font-weight: 400\">: Ultratyndt og let<\/span><\/li>\n<li style=\"font-weight: 400\"><b>Kompatibilitet<\/b><span style=\"font-weight: 400\">: Universel pasform til de fleste rat.\u200b<\/span><\/li>\n<li><b>tekstur<\/b><span style=\"font-weight: 400\">: Skridsikker overflade for bedre kontrol.\u200b<\/span><\/li>\n<\/ul>\n","protected":false},"excerpt":{"rendered":"<p>\ud83d\udcaa Bedre greb under k\u00f8rslen Ratbetr\u00e6kket har en skridsikker overflade, der hj\u00e6lper dig med at holde bedre fast i rattet. [&hellip;]<\/p>\n","protected":false},"featured_media":4059,"comment_status":"open","ping_status":"closed","template":"","meta":{"site-sidebar-layout":"default","site-content-layout":"","ast-site-content-layout":"default","site-content-style":"default","site-sidebar-style":"default","ast-global-header-display":"","ast-banner-title-visibility":"","ast-main-header-display":"","ast-hfb-above-header-display":"","ast-hfb-below-header-display":"","ast-hfb-mobile-header-display":"","site-post-title":"","ast-breadcrumbs-content":"","ast-featured-img":"","footer-sml-layout":"","theme-transparent-header-meta":"default","adv-header-id-meta":"","stick-header-meta":"","header-above-stick-meta":"","header-main-stick-meta":"","header-below-stick-meta":"","astra-migrate-meta-layouts":"set","ast-page-background-enabled":"default","ast-page-background-meta":{"desktop":{"background-color":"var(--ast-global-color-5)","background-image":"","background-repeat":"repeat","background-position":"center center","background-size":"auto","background-attachment":"scroll","background-type":"","background-media":"","overlay-type":"","overlay-color":"","overlay-opacity":"","overlay-gradient":""},"tablet":{"background-color":"","background-image":"","background-repeat":"repeat","background-position":"center center","background-size":"auto","background-attachment":"scroll","background-type":"","background-media":"","overlay-type":"","overlay-color":"","overlay-opacity":"","overlay-gradient":""},"mobile":{"background-color":"","background-image":"","background-repeat":"repeat","background-position":"center center","background-size":"auto","background-attachment":"scroll","background-type":"","background-media":"","overlay-type":"","overlay-color":"","overlay-opacity":"","overlay-gradient":""}},"ast-content-background-meta":{"desktop":{"background-color":"var(--ast-global-color-4)","background-image":"","background-repeat":"repeat","background-position":"center center","background-size":"auto","background-attachment":"scroll","background-type":"","background-media":"","overlay-type":"","overlay-color":"","overlay-opacity":"","overlay-gradient":""},"tablet":{"background-color":"var(--ast-global-color-4)","background-image":"","background-repeat":"repeat","background-position":"center center","background-size":"auto","background-attachment":"scroll","background-type":"","background-media":"","overlay-type":"","overlay-color":"","overlay-opacity":"","overlay-gradient":""},"mobile":{"background-color":"var(--ast-global-color-4)","background-image":"","background-repeat":"repeat","background-position":"center center","background-size":"auto","background-attachment":"scroll","background-type":"","background-media":"","overlay-type":"","overlay-color":"","overlay-opacity":"","overlay-gradient":""}}},"product_brand":[],"product_cat":[19],"product_tag":[],"class_list":{"0":"post-4063","1":"product","2":"type-product","3":"status-publish","4":"has-post-thumbnail","6":"product_cat-uncategorized","7":"pa_46445_y02utlaq-brun","8":"pa_46445_y02utlaq-graa","9":"pa_46445_y02utlaq-gul","10":"pa_46445_y02utlaq-roed","11":"pa_46445_y02utlaq-sort","12":"desktop-align-left","13":"tablet-align-left","14":"mobile-align-left","16":"first","17":"instock","18":"shipping-taxable","19":"purchasable","20":"product-type-variable"},"_links":{"self":[{"href":"https:\/\/ecostera.com\/dk\/wp-json\/wp\/v2\/product\/4063","targetHints":{"allow":["GET"]}}],"collection":[{"href":"https:\/\/ecostera.com\/dk\/wp-json\/wp\/v2\/product"}],"about":[{"href":"https:\/\/ecostera.com\/dk\/wp-json\/wp\/v2\/types\/product"}],"replies":[{"embeddable":true,"href":"https:\/\/ecostera.com\/dk\/wp-json\/wp\/v2\/comments?post=4063"}],"wp:featuredmedia":[{"embeddable":true,"href":"https:\/\/ecostera.com\/dk\/wp-json\/wp\/v2\/media\/4059"}],"wp:attachment":[{"href":"https:\/\/ecostera.com\/dk\/wp-json\/wp\/v2\/media?parent=4063"}],"wp:term":[{"taxonomy":"product_brand","embeddable":true,"href":"https:\/\/ecostera.com\/dk\/wp-json\/wp\/v2\/product_brand?post=4063"},{"taxonomy":"product_cat","embeddable":true,"href":"https:\/\/ecostera.com\/dk\/wp-json\/wp\/v2\/product_cat?post=4063"},{"taxonomy":"product_tag","embeddable":true,"href":"https:\/\/ecostera.com\/dk\/wp-json\/wp\/v2\/product_tag?post=4063"}],"curies":[{"name":"wp","href":"https:\/\/api.w.org\/{rel}","templated":true}]}}