{"id":4079,"date":"2025-07-23T12:03:16","date_gmt":"2025-07-23T12:03:16","guid":{"rendered":"https:\/\/ecostera.com\/dk\/product\/vindspil-til-fugle\/"},"modified":"2025-08-25T16:16:16","modified_gmt":"2025-08-25T13:16:16","slug":"vindspil-til-fugle","status":"publish","type":"product","link":"https:\/\/ecostera.com\/dk\/product\/vindspil-til-fugle\/","title":{"rendered":"Vindspil til fugle"},"content":{"rendered":"<h2 style=\"text-align: center\">\ud83d\udc26 Tilf\u00f8j glade lyde til dit rum!<\/h2>\n<p style=\"text-align: center\"><span style=\"font-weight: 400\">Bring naturens s\u00f8de lyde til dit hjem med vores fuglevindspil. Det er ikke bare en dekoration, det er et lille stykke lykke, der synger med vinden.\u200b<\/span><\/p>\n<p><img decoding=\"async\" class=\"size-full wp-image-14432 aligncenter\" src=\"https:\/\/keluvo.com\/template\/wp-content\/uploads\/sites\/5\/2025\/01\/birdwindchimvideo-ezgif.com-gif-to-webp-converter.webp\" alt=\"\" \/><\/p>\n<h2 style=\"text-align: center\">\ud83c\udf1f Derfor vil du elske det<\/h2>\n<ul>\n<li style=\"font-weight: 400\"><span style=\"font-weight: 400\"><strong>H\u00e5ndlavet sk\u00f8nhed<\/strong>: Hver fugl er omhyggeligt udformet i h\u00e5nden, hvilket g\u00f8r hvert klokkespil specielt.\u200b<\/span><\/li>\n<li style=\"font-weight: 400\"><span style=\"font-weight: 400\"><strong>Lyse og farverige<\/strong>: Lavet af milj\u00f8venlig harpiks, s\u00e5 farverne forbliver levende og muntre.\u200b<\/span><\/li>\n<li style=\"font-weight: 400\"><span style=\"font-weight: 400\"><strong>Beroligende lyde<\/strong>: N\u00e5r brisen bl\u00e6ser, skaber den bl\u00f8de, beroligende toner, der f\u00e5r dit sind til at slappe af.\u200b<\/span><\/li>\n<li style=\"font-weight: 400\"><span style=\"font-weight: 400\"><strong>Passer overalt<\/strong>: Perfekt til altanen, vinduet, haven eller endda b\u00f8rnev\u00e6relset.\u200b<\/span><\/li>\n<li><span style=\"font-weight: 400\"><strong>Fantastisk gaveid\u00e9<\/strong>: En bet\u00e6nksom gave til venner og familie, der viser k\u00e6rlighed og bringer smil frem.<\/span><\/li>\n<\/ul>\n<p><img decoding=\"async\" class=\"size-full wp-image-14435 aligncenter\" src=\"https:\/\/keluvo.com\/template\/wp-content\/uploads\/sites\/5\/2025\/01\/92a5ae56-3f93-4f72-9f64-1670384e0f9e-1.webp\" alt=\"\" \/><\/p>\n<h2 style=\"text-align: center\">\ud83d\udee0\ufe0f Produktdetaljer<\/h2>\n<ul>\n<li style=\"font-weight: 400\"><b>Material<\/b><span style=\"font-weight: 400\">: Holdbar, milj\u00f8venlig harpiks.\u200b<\/span><\/li>\n<li style=\"font-weight: 400\"><b>Design<\/b><span style=\"font-weight: 400\">: Farverige fugle med blidt klingende klokker.\u200b<\/span><\/li>\n<li><span style=\"font-weight: 400\"><strong>Bruge<\/strong>: Indend\u00f8rs eller udend\u00f8rs dekoration til enhver \u00e5rstid.<\/span><\/li>\n<\/ul>\n<p><img decoding=\"async\" class=\"size-full wp-image-14434 aligncenter\" src=\"https:\/\/keluvo.com\/template\/wp-content\/uploads\/sites\/5\/2025\/01\/194463a8-57e8-48c8-8ba4-5ef5bf2eaae9-1.webp\" alt=\"\" \/><\/p>\n<p style=\"text-align: center\"><span style=\"font-weight: 400\">Lad denne charmerende vindklokke bringe fred og gl\u00e6de til din dag.\u200b<\/span><\/p>\n","protected":false},"excerpt":{"rendered":"<p>\ud83d\udc26 Tilf\u00f8j glade lyde til dit rum! Bring naturens s\u00f8de lyde til dit hjem med vores fuglevindspil. Det er ikke [&hellip;]<\/p>\n","protected":false},"featured_media":4075,"comment_status":"open","ping_status":"closed","template":"","meta":{"site-sidebar-layout":"default","site-content-layout":"","ast-site-content-layout":"default","site-content-style":"default","site-sidebar-style":"default","ast-global-header-display":"","ast-banner-title-visibility":"","ast-main-header-display":"","ast-hfb-above-header-display":"","ast-hfb-below-header-display":"","ast-hfb-mobile-header-display":"","site-post-title":"","ast-breadcrumbs-content":"","ast-featured-img":"","footer-sml-layout":"","theme-transparent-header-meta":"default","adv-header-id-meta":"","stick-header-meta":"","header-above-stick-meta":"","header-main-stick-meta":"","header-below-stick-meta":"","astra-migrate-meta-layouts":"set","ast-page-background-enabled":"default","ast-page-background-meta":{"desktop":{"background-color":"var(--ast-global-color-5)","background-image":"","background-repeat":"repeat","background-position":"center center","background-size":"auto","background-attachment":"scroll","background-type":"","background-media":"","overlay-type":"","overlay-color":"","overlay-opacity":"","overlay-gradient":""},"tablet":{"background-color":"","background-image":"","background-repeat":"repeat","background-position":"center center","background-size":"auto","background-attachment":"scroll","background-type":"","background-media":"","overlay-type":"","overlay-color":"","overlay-opacity":"","overlay-gradient":""},"mobile":{"background-color":"","background-image":"","background-repeat":"repeat","background-position":"center center","background-size":"auto","background-attachment":"scroll","background-type":"","background-media":"","overlay-type":"","overlay-color":"","overlay-opacity":"","overlay-gradient":""}},"ast-content-background-meta":{"desktop":{"background-color":"var(--ast-global-color-4)","background-image":"","background-repeat":"repeat","background-position":"center center","background-size":"auto","background-attachment":"scroll","background-type":"","background-media":"","overlay-type":"","overlay-color":"","overlay-opacity":"","overlay-gradient":""},"tablet":{"background-color":"var(--ast-global-color-4)","background-image":"","background-repeat":"repeat","background-position":"center center","background-size":"auto","background-attachment":"scroll","background-type":"","background-media":"","overlay-type":"","overlay-color":"","overlay-opacity":"","overlay-gradient":""},"mobile":{"background-color":"var(--ast-global-color-4)","background-image":"","background-repeat":"repeat","background-position":"center center","background-size":"auto","background-attachment":"scroll","background-type":"","background-media":"","overlay-type":"","overlay-color":"","overlay-opacity":"","overlay-gradient":""}}},"product_brand":[],"product_cat":[19],"product_tag":[],"class_list":{"0":"post-4079","1":"product","2":"type-product","3":"status-publish","4":"has-post-thumbnail","6":"product_cat-uncategorized","7":"pa_38151_qtjmom2g-beige","8":"pa_38151_qtjmom2g-blaa","9":"pa_38151_qtjmom2g-groen","10":"pa_38151_qtjmom2g-gul","11":"pa_38151_qtjmom2g-hvid","12":"pa_38151_qtjmom2g-roed","13":"desktop-align-left","14":"tablet-align-left","15":"mobile-align-left","17":"first","18":"instock","19":"shipping-taxable","20":"purchasable","21":"product-type-variable"},"_links":{"self":[{"href":"https:\/\/ecostera.com\/dk\/wp-json\/wp\/v2\/product\/4079","targetHints":{"allow":["GET"]}}],"collection":[{"href":"https:\/\/ecostera.com\/dk\/wp-json\/wp\/v2\/product"}],"about":[{"href":"https:\/\/ecostera.com\/dk\/wp-json\/wp\/v2\/types\/product"}],"replies":[{"embeddable":true,"href":"https:\/\/ecostera.com\/dk\/wp-json\/wp\/v2\/comments?post=4079"}],"wp:featuredmedia":[{"embeddable":true,"href":"https:\/\/ecostera.com\/dk\/wp-json\/wp\/v2\/media\/4075"}],"wp:attachment":[{"href":"https:\/\/ecostera.com\/dk\/wp-json\/wp\/v2\/media?parent=4079"}],"wp:term":[{"taxonomy":"product_brand","embeddable":true,"href":"https:\/\/ecostera.com\/dk\/wp-json\/wp\/v2\/product_brand?post=4079"},{"taxonomy":"product_cat","embeddable":true,"href":"https:\/\/ecostera.com\/dk\/wp-json\/wp\/v2\/product_cat?post=4079"},{"taxonomy":"product_tag","embeddable":true,"href":"https:\/\/ecostera.com\/dk\/wp-json\/wp\/v2\/product_tag?post=4079"}],"curies":[{"name":"wp","href":"https:\/\/api.w.org\/{rel}","templated":true}]}}