{"id":40867,"date":"2025-12-09T18:11:39","date_gmt":"2025-12-09T16:11:39","guid":{"rendered":"https:\/\/ecostera.com\/dk\/product\/3d-togruter-med-kuber\/"},"modified":"2025-12-09T18:28:27","modified_gmt":"2025-12-09T16:28:27","slug":"3d-togruter-med-kuber","status":"publish","type":"product","link":"https:\/\/ecostera.com\/dk\/product\/3d-togruter-med-kuber\/","title":{"rendered":"3D-togruter med kuber"},"content":{"rendered":"<h2 style=\"text-align: center\"><strong>Uforglemmelig Oplevelse For Dit Barn!<\/strong><\/h2>\n<p style=\"text-align: center\"><span style=\"font-weight: 400\">Vores 3d-togrute giver b\u00f8rn mulighed for at skabe deres egen sp\u00e6ndende racerverden, hvor kreativiteten ikke har nogen gr\u00e6nser, og udvikler vigtige f\u00e6rdigheder, mens den leverer fantastiske stunts, ustoppelig action og endel\u00f8s sjov, der g\u00f8r hvert spil\u00f8jeblik uforglemmeligt.<\/span><\/p>\n<p style=\"text-align: center\"><img fetchpriority=\"high\" decoding=\"async\" class=\"alignnone size-full wp-image-40876\" src=\"https:\/\/ecostera.com\/dk\/wp-content\/uploads\/sites\/4\/2025\/12\/2_e7297958-b52a-4784-8dc7-5b545867c1a5_480x480.webp\" alt=\"\" width=\"480\" height=\"480\" srcset=\"https:\/\/ecostera.com\/dk\/wp-content\/uploads\/sites\/4\/2025\/12\/2_e7297958-b52a-4784-8dc7-5b545867c1a5_480x480.webp 480w, https:\/\/ecostera.com\/dk\/wp-content\/uploads\/sites\/4\/2025\/12\/2_e7297958-b52a-4784-8dc7-5b545867c1a5_480x480-300x300.webp 300w\" sizes=\"(max-width: 480px) 100vw, 480px\" \/><\/p>\n<h2 style=\"text-align: center\"><b>Ustoppelig Sjov, Der Forts\u00e6tter<\/b><\/h2>\n<p style=\"text-align: center\"><span style=\"font-weight: 400\">Vi ved, hvordan b\u00f8rn elsker at lege og ofte \u00f8del\u00e6gger dele ved et uheld. Derfor er vores 3d-togbane lavet af dele af h\u00f8j kvalitet, s\u00e5 den forbliver robust under kollisioner, hop og vilde stunts. B\u00f8rn kan forts\u00e6tte med at lege uden at bekymre sig om \u00f8delagte dele eller afskallet maling. For\u00e6ldre elsker leget\u00f8j, der holder og ikke giver anledning til frustrationer. Rutine giver sp\u00e6nding i dag og hver dag derefter, hvilket g\u00f8r dette leget\u00f8j til en langvarig favorit.<\/span><\/p>\n<p style=\"text-align: center\"><img decoding=\"async\" class=\"alignnone size-full wp-image-40877\" src=\"https:\/\/ecostera.com\/dk\/wp-content\/uploads\/sites\/4\/2025\/12\/GIF_21.webp\" alt=\"\" width=\"480\" height=\"480\" srcset=\"https:\/\/ecostera.com\/dk\/wp-content\/uploads\/sites\/4\/2025\/12\/GIF_21.webp 480w, https:\/\/ecostera.com\/dk\/wp-content\/uploads\/sites\/4\/2025\/12\/GIF_21-300x300.webp 300w\" sizes=\"(max-width: 480px) 100vw, 480px\" \/><\/p>\n<h2 style=\"text-align: center\"><strong>Udvikl F\u00e6rdigheder Uden Selv At Pr\u00f8ve<\/strong><\/h2>\n<p style=\"text-align: center\"><span style=\"font-weight: 400\">Denne 3d-togrute stimulerer vigtige f\u00e6rdigheder p\u00e5 den sjoveste m\u00e5de. B\u00f8rn l\u00e6rer om retning, balance og rum, mens de bygger utrolige kredsl\u00f8bsid\u00e9er. Deres h\u00e6nder forbliver aktive, og deres fantasi vokser for hver tur. De opdager, hvad der virker ved at pr\u00f8ve sig frem, og f\u00f8ler sig stolte, n\u00e5r bilerne endelig kommer rundt. Det er et selvtillidsboost for hver spilsession.<\/span><\/p>\n<p style=\"text-align: center\"><img decoding=\"async\" class=\"alignnone size-full wp-image-40878\" src=\"https:\/\/ecostera.com\/dk\/wp-content\/uploads\/sites\/4\/2025\/12\/2_e93ed430-ed82-4558-ae3d-0a4d0ae459fe_480x480.webp\" alt=\"\" width=\"480\" height=\"480\" srcset=\"https:\/\/ecostera.com\/dk\/wp-content\/uploads\/sites\/4\/2025\/12\/2_e93ed430-ed82-4558-ae3d-0a4d0ae459fe_480x480.webp 480w, https:\/\/ecostera.com\/dk\/wp-content\/uploads\/sites\/4\/2025\/12\/2_e93ed430-ed82-4558-ae3d-0a4d0ae459fe_480x480-300x300.webp 300w\" sizes=\"(max-width: 480px) 100vw, 480px\" \/><\/p>\n<h2 style=\"text-align: center\"><b>Detaljer:<\/b><\/h2>\n<ul style=\"text-align: center\">\n<li style=\"font-weight: 400;text-align: left\"><span style=\"font-weight: 400\">3D-togruter med kuber, der kan kombineres<\/span><\/li>\n<li style=\"font-weight: 400;text-align: left\"><span style=\"font-weight: 400\">Stimulerer kreativ leg<\/span><\/li>\n<li style=\"font-weight: 400;text-align: left\"><span style=\"font-weight: 400\">Udvikler motoriske f\u00e6rdigheder<\/span><\/li>\n<li style=\"font-weight: 400;text-align: left\"><span style=\"font-weight: 400\">Opmuntrer til probleml\u00f8sning<\/span><\/li>\n<li style=\"font-weight: 400;text-align: left\"><span style=\"font-weight: 400\">Uendelige kredsl\u00f8bsmuligheder<\/span><\/li>\n<li style=\"font-weight: 400;text-align: left\"><span style=\"font-weight: 400\">USB-opladelig (kabel medf\u00f8lger)<\/span><\/li>\n<li style=\"font-weight: 400;text-align: left\"><span style=\"font-weight: 400\">S\u00e6t f\u00e5s: 51 stk. og 81 stk.<\/span><\/li>\n<li style=\"font-weight: 400;text-align: left\"><span style=\"font-weight: 400\">Aldersanbefaling: 3-5+ \u00e5r<\/span><\/li>\n<li style=\"font-weight: 400;text-align: left\"><span style=\"font-weight: 400\">Advarsel: Fare for kv\u00e6lning \u2013 sm\u00e5 dele. Ikke egnet til b\u00f8rn under 3 \u00e5r. Der kr\u00e6ves altid opsyn af en voksen, n\u00e5r dette produkt bruges.<\/span><\/li>\n<li style=\"font-weight: 400;text-align: left\"><span style=\"font-weight: 400\">Fremstillet af ABS-materiale<\/span><\/li>\n<li style=\"font-weight: 400;text-align: left\"><span style=\"font-weight: 400\">For st\u00f8rrelser, se venligst produktbilleder<\/span><\/li>\n<\/ul>\n<p style=\"text-align: center\">\n","protected":false},"excerpt":{"rendered":"<p>Uforglemmelig Oplevelse For Dit Barn! Vores 3d-togrute giver b\u00f8rn mulighed for at skabe deres egen sp\u00e6ndende racerverden, hvor kreativiteten ikke [&hellip;]<\/p>\n","protected":false},"featured_media":40863,"comment_status":"open","ping_status":"closed","template":"","meta":{"site-sidebar-layout":"default","site-content-layout":"","ast-site-content-layout":"default","site-content-style":"default","site-sidebar-style":"default","ast-global-header-display":"","ast-banner-title-visibility":"","ast-main-header-display":"","ast-hfb-above-header-display":"","ast-hfb-below-header-display":"","ast-hfb-mobile-header-display":"","site-post-title":"","ast-breadcrumbs-content":"","ast-featured-img":"","footer-sml-layout":"","theme-transparent-header-meta":"default","adv-header-id-meta":"","stick-header-meta":"","header-above-stick-meta":"","header-main-stick-meta":"","header-below-stick-meta":"","astra-migrate-meta-layouts":"set","ast-page-background-enabled":"default","ast-page-background-meta":{"desktop":{"background-color":"var(--ast-global-color-5)","background-image":"","background-repeat":"repeat","background-position":"center center","background-size":"auto","background-attachment":"scroll","background-type":"","background-media":"","overlay-type":"","overlay-color":"","overlay-opacity":"","overlay-gradient":""},"tablet":{"background-color":"","background-image":"","background-repeat":"repeat","background-position":"center center","background-size":"auto","background-attachment":"scroll","background-type":"","background-media":"","overlay-type":"","overlay-color":"","overlay-opacity":"","overlay-gradient":""},"mobile":{"background-color":"","background-image":"","background-repeat":"repeat","background-position":"center center","background-size":"auto","background-attachment":"scroll","background-type":"","background-media":"","overlay-type":"","overlay-color":"","overlay-opacity":"","overlay-gradient":""}},"ast-content-background-meta":{"desktop":{"background-color":"var(--ast-global-color-4)","background-image":"","background-repeat":"repeat","background-position":"center center","background-size":"auto","background-attachment":"scroll","background-type":"","background-media":"","overlay-type":"","overlay-color":"","overlay-opacity":"","overlay-gradient":""},"tablet":{"background-color":"var(--ast-global-color-4)","background-image":"","background-repeat":"repeat","background-position":"center center","background-size":"auto","background-attachment":"scroll","background-type":"","background-media":"","overlay-type":"","overlay-color":"","overlay-opacity":"","overlay-gradient":""},"mobile":{"background-color":"var(--ast-global-color-4)","background-image":"","background-repeat":"repeat","background-position":"center center","background-size":"auto","background-attachment":"scroll","background-type":"","background-media":"","overlay-type":"","overlay-color":"","overlay-opacity":"","overlay-gradient":""}}},"product_brand":[],"product_cat":[19],"product_tag":[],"class_list":{"0":"post-40867","1":"product","2":"type-product","3":"status-publish","4":"has-post-thumbnail","6":"product_cat-uncategorized","7":"pa_60601_ae9vjsef-51-stk","8":"pa_60601_ae9vjsef-81-stk","9":"desktop-align-left","10":"tablet-align-left","11":"mobile-align-left","13":"first","14":"instock","15":"shipping-taxable","16":"purchasable","17":"product-type-variable"},"_links":{"self":[{"href":"https:\/\/ecostera.com\/dk\/wp-json\/wp\/v2\/product\/40867","targetHints":{"allow":["GET"]}}],"collection":[{"href":"https:\/\/ecostera.com\/dk\/wp-json\/wp\/v2\/product"}],"about":[{"href":"https:\/\/ecostera.com\/dk\/wp-json\/wp\/v2\/types\/product"}],"replies":[{"embeddable":true,"href":"https:\/\/ecostera.com\/dk\/wp-json\/wp\/v2\/comments?post=40867"}],"wp:featuredmedia":[{"embeddable":true,"href":"https:\/\/ecostera.com\/dk\/wp-json\/wp\/v2\/media\/40863"}],"wp:attachment":[{"href":"https:\/\/ecostera.com\/dk\/wp-json\/wp\/v2\/media?parent=40867"}],"wp:term":[{"taxonomy":"product_brand","embeddable":true,"href":"https:\/\/ecostera.com\/dk\/wp-json\/wp\/v2\/product_brand?post=40867"},{"taxonomy":"product_cat","embeddable":true,"href":"https:\/\/ecostera.com\/dk\/wp-json\/wp\/v2\/product_cat?post=40867"},{"taxonomy":"product_tag","embeddable":true,"href":"https:\/\/ecostera.com\/dk\/wp-json\/wp\/v2\/product_tag?post=40867"}],"curies":[{"name":"wp","href":"https:\/\/api.w.org\/{rel}","templated":true}]}}