{"id":4096,"date":"2025-07-23T12:04:39","date_gmt":"2025-07-23T12:04:39","guid":{"rendered":"https:\/\/ecostera.com\/dk\/product\/handsker-til-bideringe-til-babyer\/"},"modified":"2025-07-23T12:04:57","modified_gmt":"2025-07-23T12:04:57","slug":"handsker-til-bideringe-til-babyer","status":"publish","type":"product","link":"https:\/\/ecostera.com\/dk\/product\/handsker-til-bideringe-til-babyer\/","title":{"rendered":"Handsker til bideringe til babyer"},"content":{"rendered":"<h2 style=\"text-align: center\">Beroligende lindring til sm\u00e5 gummer! \ud83c\udf7c<\/h2>\n<p style=\"text-align: center\"><span style=\"font-weight: 400\">Hj\u00e6lp din baby med at f\u00e5 det bedre under tandfrembruddet med vores bl\u00f8de og sikre babybiderhandsker. De er nemme at have p\u00e5 og sjove at tygge p\u00e5!<\/span><\/p>\n<p><img decoding=\"async\" class=\"size-full wp-image-14508 aligncenter\" src=\"https:\/\/keluvo.com\/template\/wp-content\/uploads\/sites\/5\/2025\/04\/babyteethingglovesvideo-ezgif.com-gif-to-webp-converter.webp\" alt=\"\" \/><\/p>\n<h2 class=\"\" style=\"text-align: center\" data-start=\"261\" data-end=\"292\">\ud83e\uddb7 Hj\u00e6lper med at lindre smerter ved tandfrembrud<\/h2>\n<p class=\"\" style=\"text-align: center\" data-start=\"293\" data-end=\"491\">Babybiderhandskerne er designet til at massere gummerne og reducere ubehag ved tandfrembrud. Den strukturerede overflade hj\u00e6lper babyer med at tygge og slappe af. Det g\u00f8r det lettere at f\u00e5 t\u00e6nder og holder babyerne rolige og glade.<\/p>\n<p style=\"text-align: center\" data-start=\"293\" data-end=\"491\"><img decoding=\"async\" class=\"alignnone size-medium wp-image-13688\" src=\"https:\/\/keluvo.com\/template\/wp-content\/uploads\/sites\/5\/2025\/04\/S61221565c546466ea3109ea33a9306b1H.jpeg\" alt=\"\" \/><\/p>\n<h2 style=\"text-align: center\">\ud83c\udf1f Derfor vil din baby elske dem<\/h2>\n<ul>\n<li style=\"font-weight: 400\"><b>Safe to chew<\/b><span style=\"font-weight: 400\">: Fremstillet af BPA-fri silikone, der er sk\u00e5nsom mod babyens gummer.<\/span><\/li>\n<li style=\"font-weight: 400\"><b>Easy to wear<\/b><span style=\"font-weight: 400\">: Passer godt til sm\u00e5 h\u00e6nder, s\u00e5 babyer kan tygge uden at tabe den.<\/span><\/li>\n<li style=\"font-weight: 400\"><b>Fun design<\/b><span style=\"font-weight: 400\">: Lyse farver og bl\u00f8de teksturer holder babyer glade og engagerede.<\/span><\/li>\n<li style=\"font-weight: 400\"><b>Keeps hands clean<\/b><span style=\"font-weight: 400\">: Beskytter babys h\u00e6nder mod savl og snavs.<\/span><\/li>\n<li data-start=\"293\" data-end=\"491\"><b>Easy to clean<\/b><span style=\"font-weight: 400\">: Vaskes blot med vand og s\u00e6be &#8211; klar til brug igen!<\/span><\/li>\n<\/ul>\n<p><span style=\"font-weight: 400\"><img decoding=\"async\" class=\"alignnone size-medium wp-image-13687 aligncenter\" src=\"https:\/\/keluvo.com\/template\/wp-content\/uploads\/sites\/5\/2025\/04\/S390c6021ecdd4162aaf1ab009893a593b.jpeg\" alt=\"\" \/><\/span><\/p>\n<h2 style=\"text-align: center\">\ud83d\udee0\ufe0f Produktdetaljer<\/h2>\n<ul>\n<li style=\"font-weight: 400\"><b>Material<\/b><span style=\"font-weight: 400\">: BPA-fri silikone af h\u00f8j kvalitet.<\/span><\/li>\n<li style=\"font-weight: 400\"><b>Age range<\/b><span style=\"font-weight: 400\">: Velegnet til sp\u00e6db\u00f8rn fra 0 til 36 m\u00e5neder.<\/span><\/li>\n<li style=\"font-weight: 400\"><b>Design<\/b><span style=\"font-weight: 400\">: Ergonomisk handskeform giver en behagelig pasform.<\/span><\/li>\n<li><b>Safety<\/b><span style=\"font-weight: 400\">: Opfylder alle sikkerhedsstandarder for babyprodukter<\/span><\/li>\n<\/ul>\n<h2 style=\"text-align: center\">\ud83d\udce6 Pakken indeholder:<\/h2>\n<ul>\n<li>1x bideringshandsker til babyer<\/li>\n<\/ul>\n","protected":false},"excerpt":{"rendered":"<p>Beroligende lindring til sm\u00e5 gummer! \ud83c\udf7c Hj\u00e6lp din baby med at f\u00e5 det bedre under tandfrembruddet med vores bl\u00f8de og [&hellip;]<\/p>\n","protected":false},"featured_media":4092,"comment_status":"open","ping_status":"closed","template":"","meta":{"site-sidebar-layout":"default","site-content-layout":"","ast-site-content-layout":"default","site-content-style":"default","site-sidebar-style":"default","ast-global-header-display":"","ast-banner-title-visibility":"","ast-main-header-display":"","ast-hfb-above-header-display":"","ast-hfb-below-header-display":"","ast-hfb-mobile-header-display":"","site-post-title":"","ast-breadcrumbs-content":"","ast-featured-img":"","footer-sml-layout":"","theme-transparent-header-meta":"default","adv-header-id-meta":"","stick-header-meta":"","header-above-stick-meta":"","header-main-stick-meta":"","header-below-stick-meta":"","astra-migrate-meta-layouts":"set","ast-page-background-enabled":"default","ast-page-background-meta":{"desktop":{"background-color":"var(--ast-global-color-5)","background-image":"","background-repeat":"repeat","background-position":"center center","background-size":"auto","background-attachment":"scroll","background-type":"","background-media":"","overlay-type":"","overlay-color":"","overlay-opacity":"","overlay-gradient":""},"tablet":{"background-color":"","background-image":"","background-repeat":"repeat","background-position":"center center","background-size":"auto","background-attachment":"scroll","background-type":"","background-media":"","overlay-type":"","overlay-color":"","overlay-opacity":"","overlay-gradient":""},"mobile":{"background-color":"","background-image":"","background-repeat":"repeat","background-position":"center center","background-size":"auto","background-attachment":"scroll","background-type":"","background-media":"","overlay-type":"","overlay-color":"","overlay-opacity":"","overlay-gradient":""}},"ast-content-background-meta":{"desktop":{"background-color":"var(--ast-global-color-4)","background-image":"","background-repeat":"repeat","background-position":"center center","background-size":"auto","background-attachment":"scroll","background-type":"","background-media":"","overlay-type":"","overlay-color":"","overlay-opacity":"","overlay-gradient":""},"tablet":{"background-color":"var(--ast-global-color-4)","background-image":"","background-repeat":"repeat","background-position":"center center","background-size":"auto","background-attachment":"scroll","background-type":"","background-media":"","overlay-type":"","overlay-color":"","overlay-opacity":"","overlay-gradient":""},"mobile":{"background-color":"var(--ast-global-color-4)","background-image":"","background-repeat":"repeat","background-position":"center center","background-size":"auto","background-attachment":"scroll","background-type":"","background-media":"","overlay-type":"","overlay-color":"","overlay-opacity":"","overlay-gradient":""}}},"product_brand":[],"product_cat":[19],"product_tag":[],"class_list":{"0":"post-4096","1":"product","2":"type-product","3":"status-publish","4":"has-post-thumbnail","6":"product_cat-uncategorized","7":"pa_37973_grykl54j-beige","8":"pa_37973_grykl54j-blaa","9":"pa_37973_grykl54j-groen","10":"pa_37973_grykl54j-lyseroed","11":"desktop-align-left","12":"tablet-align-left","13":"mobile-align-left","15":"first","16":"instock","17":"shipping-taxable","18":"purchasable","19":"product-type-variable"},"_links":{"self":[{"href":"https:\/\/ecostera.com\/dk\/wp-json\/wp\/v2\/product\/4096","targetHints":{"allow":["GET"]}}],"collection":[{"href":"https:\/\/ecostera.com\/dk\/wp-json\/wp\/v2\/product"}],"about":[{"href":"https:\/\/ecostera.com\/dk\/wp-json\/wp\/v2\/types\/product"}],"replies":[{"embeddable":true,"href":"https:\/\/ecostera.com\/dk\/wp-json\/wp\/v2\/comments?post=4096"}],"wp:featuredmedia":[{"embeddable":true,"href":"https:\/\/ecostera.com\/dk\/wp-json\/wp\/v2\/media\/4092"}],"wp:attachment":[{"href":"https:\/\/ecostera.com\/dk\/wp-json\/wp\/v2\/media?parent=4096"}],"wp:term":[{"taxonomy":"product_brand","embeddable":true,"href":"https:\/\/ecostera.com\/dk\/wp-json\/wp\/v2\/product_brand?post=4096"},{"taxonomy":"product_cat","embeddable":true,"href":"https:\/\/ecostera.com\/dk\/wp-json\/wp\/v2\/product_cat?post=4096"},{"taxonomy":"product_tag","embeddable":true,"href":"https:\/\/ecostera.com\/dk\/wp-json\/wp\/v2\/product_tag?post=4096"}],"curies":[{"name":"wp","href":"https:\/\/api.w.org\/{rel}","templated":true}]}}