{"id":41029,"date":"2025-12-10T15:30:28","date_gmt":"2025-12-10T13:30:28","guid":{"rendered":"https:\/\/ecostera.com\/dk\/product\/stencils-til-dekoration-af-blonder-paa-kager-4-stk\/"},"modified":"2025-12-10T17:47:37","modified_gmt":"2025-12-10T15:47:37","slug":"stencils-til-dekoration-af-blonder-paa-kager-4-stk","status":"publish","type":"product","link":"https:\/\/ecostera.com\/dk\/product\/stencils-til-dekoration-af-blonder-paa-kager-4-stk\/","title":{"rendered":"Stencils til dekoration af blonder p\u00e5 kager (4 stk.)"},"content":{"rendered":"<p style=\"text-align: center\" data-start=\"0\" data-end=\"52\"><strong data-start=\"0\" data-end=\"52\">Lav Elegante Blondedesigns P\u00e5 Kager P\u00e5 F\u00e5 Minutter. \ud83e\uddc1\ud83c\udf82<\/strong><\/p>\n<p style=\"text-align: center\" data-start=\"54\" data-end=\"235\">Disse stencils til dekoration af blonder p\u00e5 kager hj\u00e6lper dig med at tilf\u00f8je detaljerede damaskblonder til kager hurtigt og nemt. Den er ideel til fondant, glasur, sukkerpasta og chokoladedekorationer og giver dine kager en ren og professionel finish uden komplekse v\u00e6rkt\u00f8jer eller erfaring. Perfekt til hjemmebagere, kageelskere og s\u00e6rlige lejligheder som bryllupper eller f\u00f8dselsdage.<\/p>\n<p data-start=\"54\" data-end=\"235\"><img fetchpriority=\"high\" decoding=\"async\" class=\"size-full wp-image-44729 aligncenter\" src=\"https:\/\/keluvo.com\/template\/wp-content\/uploads\/sites\/5\/2025\/12\/10227-ezgif.com-video-to-webp-converter-3.webp\" alt=\"\" width=\"500\" height=\"500\" \/><\/p>\n<h2 style=\"text-align: center\" data-start=\"237\" data-end=\"257\">\ud83c\udf82 Vigtigste Fordele<\/h2>\n<p data-start=\"260\" data-end=\"321\">\u2728 Elegant blondedesign &#8211; skab detaljerede damaskborter.<\/p>\n<p data-start=\"324\" data-end=\"384\">\ud83e\uddc1 Nem at bruge &#8211; perfekt til begyndere og hjemmebagere.<\/p>\n<p data-start=\"387\" data-end=\"436\">\u267b\ufe0f Milj\u00f8venlig plast &#8211; sikker og genanvendelig.<\/p>\n<p data-start=\"439\" data-end=\"489\">\ud83e\uddfc Nem at reng\u00f8re &#8211; vaskes hurtigt med vand.<\/p>\n<p data-start=\"492\" data-end=\"561\">\ud83c\udf89 Professionelle resultater &#8211; ideel til bryllupper og s\u00e6rlige begivenheder.<\/p>\n<p data-start=\"492\" data-end=\"561\"><img decoding=\"async\" class=\" wp-image-44730 aligncenter\" src=\"https:\/\/keluvo.com\/template\/wp-content\/uploads\/sites\/5\/2025\/12\/942697c75c0e71f4211cce997871b6b5.gif\" alt=\"\" width=\"500\" height=\"500\" \/><\/p>\n<h2 style=\"text-align: center\" data-start=\"563\" data-end=\"581\">\ud83d\udd79\ufe0f S\u00e5dan Bruges<\/h2>\n<ol data-start=\"582\" data-end=\"738\">\n<li data-start=\"582\" data-end=\"625\">\n<p data-start=\"585\" data-end=\"625\">S\u00e6t stencilen p\u00e5 fondant eller glasur.<\/p>\n<\/li>\n<li data-start=\"626\" data-end=\"665\">\n<p data-start=\"629\" data-end=\"665\">Fordel glasuren j\u00e6vnt over stencilen.<\/p>\n<\/li>\n<li data-start=\"666\" data-end=\"697\">\n<p data-start=\"669\" data-end=\"697\">Fjern forsigtigt stencilen.<\/p>\n<\/li>\n<li data-start=\"698\" data-end=\"738\">\n<p data-start=\"701\" data-end=\"738\">P\u00e5f\u00f8r blondedesignet p\u00e5 din kage.<\/p>\n<\/li>\n<\/ol>\n<h2 style=\"text-align: center\" data-start=\"740\" data-end=\"762\">\ud83d\udccb Produktdetaljer<\/h2>\n<ul data-start=\"763\" data-end=\"1038\">\n<li data-start=\"812\" data-end=\"845\">\n<p data-start=\"814\" data-end=\"845\">Type: kagedekorationsstencil<\/p>\n<\/li>\n<li data-start=\"846\" data-end=\"867\">\n<p data-start=\"848\" data-end=\"867\">Materiale: plast<\/p>\n<\/li>\n<li data-start=\"868\" data-end=\"884\">\n<p data-start=\"870\" data-end=\"884\">Farve: hvid<\/p>\n<\/li>\n<li data-start=\"885\" data-end=\"916\">\n<p data-start=\"887\" data-end=\"916\">M\u00f8nster: damaskblondekant<\/p>\n<\/li>\n<li data-start=\"917\" data-end=\"1001\">\n<p data-start=\"919\" data-end=\"927\">St\u00f8rrelser: <span style=\"font-size: 16px\">11 x 26,5 cm, <\/span><span style=\"font-size: 16px\">10 x 32,3 cm\u00a0<\/span><\/p>\n<\/li>\n<li data-start=\"1002\" data-end=\"1038\">\n<p data-start=\"1004\" data-end=\"1038\">Funktioner: genanvendelig, milj\u00f8venlig<\/p>\n<\/li>\n<\/ul>\n<h2 style=\"text-align: center\" data-start=\"1040\" data-end=\"1063\">\ud83d\udce6 Pakken indeholder<\/h2>\n<ul data-start=\"1064\" data-end=\"1101\">\n<li data-start=\"1064\" data-end=\"1101\">\n<p data-start=\"1066\" data-end=\"1101\">4x stencils til kagedekoration med blonder.<\/p>\n<\/li>\n<\/ul>\n","protected":false},"excerpt":{"rendered":"<p>Lav Elegante Blondedesigns P\u00e5 Kager P\u00e5 F\u00e5 Minutter. \ud83e\uddc1\ud83c\udf82 Disse stencils til dekoration af blonder p\u00e5 kager hj\u00e6lper dig med [&hellip;]<\/p>\n","protected":false},"featured_media":41025,"comment_status":"open","ping_status":"closed","template":"","meta":{"site-sidebar-layout":"default","site-content-layout":"","ast-site-content-layout":"default","site-content-style":"default","site-sidebar-style":"default","ast-global-header-display":"","ast-banner-title-visibility":"","ast-main-header-display":"","ast-hfb-above-header-display":"","ast-hfb-below-header-display":"","ast-hfb-mobile-header-display":"","site-post-title":"","ast-breadcrumbs-content":"","ast-featured-img":"","footer-sml-layout":"","theme-transparent-header-meta":"default","adv-header-id-meta":"","stick-header-meta":"","header-above-stick-meta":"","header-main-stick-meta":"","header-below-stick-meta":"","astra-migrate-meta-layouts":"set","ast-page-background-enabled":"default","ast-page-background-meta":{"desktop":{"background-color":"var(--ast-global-color-5)","background-image":"","background-repeat":"repeat","background-position":"center center","background-size":"auto","background-attachment":"scroll","background-type":"","background-media":"","overlay-type":"","overlay-color":"","overlay-opacity":"","overlay-gradient":""},"tablet":{"background-color":"","background-image":"","background-repeat":"repeat","background-position":"center center","background-size":"auto","background-attachment":"scroll","background-type":"","background-media":"","overlay-type":"","overlay-color":"","overlay-opacity":"","overlay-gradient":""},"mobile":{"background-color":"","background-image":"","background-repeat":"repeat","background-position":"center center","background-size":"auto","background-attachment":"scroll","background-type":"","background-media":"","overlay-type":"","overlay-color":"","overlay-opacity":"","overlay-gradient":""}},"ast-content-background-meta":{"desktop":{"background-color":"var(--ast-global-color-4)","background-image":"","background-repeat":"repeat","background-position":"center center","background-size":"auto","background-attachment":"scroll","background-type":"","background-media":"","overlay-type":"","overlay-color":"","overlay-opacity":"","overlay-gradient":""},"tablet":{"background-color":"var(--ast-global-color-4)","background-image":"","background-repeat":"repeat","background-position":"center center","background-size":"auto","background-attachment":"scroll","background-type":"","background-media":"","overlay-type":"","overlay-color":"","overlay-opacity":"","overlay-gradient":""},"mobile":{"background-color":"var(--ast-global-color-4)","background-image":"","background-repeat":"repeat","background-position":"center center","background-size":"auto","background-attachment":"scroll","background-type":"","background-media":"","overlay-type":"","overlay-color":"","overlay-opacity":"","overlay-gradient":""}}},"product_brand":[],"product_cat":[19],"product_tag":[],"class_list":{"0":"post-41029","1":"product","2":"type-product","3":"status-publish","4":"has-post-thumbnail","6":"product_cat-uncategorized","7":"pa_56619_r540que9-a","8":"pa_56619_r540que9-b","9":"pa_56619_r540que9-saet-med-4-stk","10":"desktop-align-left","11":"tablet-align-left","12":"mobile-align-left","14":"first","15":"instock","16":"shipping-taxable","17":"purchasable","18":"product-type-variable"},"_links":{"self":[{"href":"https:\/\/ecostera.com\/dk\/wp-json\/wp\/v2\/product\/41029","targetHints":{"allow":["GET"]}}],"collection":[{"href":"https:\/\/ecostera.com\/dk\/wp-json\/wp\/v2\/product"}],"about":[{"href":"https:\/\/ecostera.com\/dk\/wp-json\/wp\/v2\/types\/product"}],"replies":[{"embeddable":true,"href":"https:\/\/ecostera.com\/dk\/wp-json\/wp\/v2\/comments?post=41029"}],"wp:featuredmedia":[{"embeddable":true,"href":"https:\/\/ecostera.com\/dk\/wp-json\/wp\/v2\/media\/41025"}],"wp:attachment":[{"href":"https:\/\/ecostera.com\/dk\/wp-json\/wp\/v2\/media?parent=41029"}],"wp:term":[{"taxonomy":"product_brand","embeddable":true,"href":"https:\/\/ecostera.com\/dk\/wp-json\/wp\/v2\/product_brand?post=41029"},{"taxonomy":"product_cat","embeddable":true,"href":"https:\/\/ecostera.com\/dk\/wp-json\/wp\/v2\/product_cat?post=41029"},{"taxonomy":"product_tag","embeddable":true,"href":"https:\/\/ecostera.com\/dk\/wp-json\/wp\/v2\/product_tag?post=41029"}],"curies":[{"name":"wp","href":"https:\/\/api.w.org\/{rel}","templated":true}]}}