{"id":41680,"date":"2025-12-12T18:54:55","date_gmt":"2025-12-12T16:54:55","guid":{"rendered":"https:\/\/ecostera.com\/dk\/product\/salt-og-peberkvaern\/"},"modified":"2025-12-15T23:05:03","modified_gmt":"2025-12-15T21:05:03","slug":"salt-og-peberkvaern","status":"publish","type":"product","link":"https:\/\/ecostera.com\/dk\/product\/salt-og-peberkvaern\/","title":{"rendered":"Salt- og peberkv\u00e6rn"},"content":{"rendered":"<p style=\"text-align: center;\" data-start=\"0\" data-end=\"56\"><strong data-start=\"0\" data-end=\"56\">Krydr din mad med det samme med kv\u00e6rning med \u00e9n h\u00e5nd. \ud83e\uddc2<\/strong><\/p>\n<p style=\"text-align: center;\" data-start=\"58\" data-end=\"293\">Med denne salt- og peberkv\u00e6rn i rustfrit st\u00e5l kan du kv\u00e6rne krydderier hurtigt og ubesv\u00e6ret med et enkelt tryk p\u00e5 toppen. Den er perfekt til madlavning eller servering ved bordet og leverer frisk smag hver gang med j\u00e6vn, kontrolleret formaling. En stilfuld, kompakt og ubesv\u00e6ret m\u00e5de at tilf\u00f8je frisk smag til hvert m\u00e5ltid.<\/p>\n<p data-start=\"58\" data-end=\"293\"><img fetchpriority=\"high\" decoding=\"async\" class=\"size-full wp-image-45213 aligncenter\" src=\"https:\/\/keluvo.com\/template\/wp-content\/uploads\/sites\/5\/2025\/12\/102212-ezgif.com-video-to-webp-converter-2.webp\" alt=\"\" width=\"500\" height=\"500\" \/><\/p>\n<h2 style=\"text-align: center;\" data-start=\"295\" data-end=\"315\"><strong>Hovedfordele<\/strong><\/h2>\n<p data-start=\"318\" data-end=\"381\">\u270b Enh\u00e5ndsbetjening &#8211; tryk p\u00e5 toppen for at kv\u00e6rne med det samme.<\/p>\n<p data-start=\"384\" data-end=\"467\">\ud83e\uddc2 Alsidig brug &#8211; perfekt til salt, peber, majs, kardemomme, nelliker og meget mere.<\/p>\n<p data-start=\"470\" data-end=\"537\">\ud83d\udd0d Gennemsigtigt kammer &#8211; ved altid, hvorn\u00e5r det er tid til at genopfylde.<\/p>\n<p data-start=\"540\" data-end=\"606\">\ud83d\udcaa Holdbart rustfrit st\u00e5l &#8211; rustbestandigt og langtidsholdbart.<\/p>\n<p data-start=\"609\" data-end=\"662\">\ud83e\uddfc Let at reng\u00f8re &#8211; enkel vedligeholdelse med aft\u00f8rring.<\/p>\n<p data-start=\"665\" data-end=\"734\">\ud83d\udd04 Hurtig genopfyldning &#8211; drej bunden af og genopfyld p\u00e5 f\u00e5 sekunder.<\/p>\n<p data-start=\"665\" data-end=\"734\"><img decoding=\"async\" class=\"size-full wp-image-45215 aligncenter\" src=\"https:\/\/keluvo.com\/template\/wp-content\/uploads\/sites\/5\/2025\/12\/efa6c76455b39e87911c49c8beb9b5cf3febb82a_18a63721-7cd4-4bd4-bc23-2a7f1efe6e4f.webp\" alt=\"\" width=\"679\" height=\"679\" \/><\/p>\n<h2 style=\"text-align: center;\" data-start=\"736\" data-end=\"754\"><strong>S\u00e5dan Bruges<\/strong><\/h2>\n<ol data-start=\"755\" data-end=\"944\">\n<li data-start=\"755\" data-end=\"794\">\n<p data-start=\"758\" data-end=\"794\">Skru bunden af kv\u00e6rnen af.<\/p>\n<\/li>\n<li data-start=\"795\" data-end=\"831\">\n<p data-start=\"798\" data-end=\"831\">Fyld med dit foretrukne krydderi.<\/p>\n<\/li>\n<li data-start=\"832\" data-end=\"863\">\n<p data-start=\"835\" data-end=\"863\">Luk bunden godt til.<\/p>\n<\/li>\n<li data-start=\"864\" data-end=\"944\">\n<p data-start=\"867\" data-end=\"944\">Tryk p\u00e5 toppen af kv\u00e6rnen for at male friske krydderier direkte p\u00e5 din mad.<\/p>\n<\/li>\n<\/ol>\n<h2 style=\"text-align: center;\" data-start=\"946\" data-end=\"968\"><strong>Produktdetaljer<\/strong><\/h2>\n<ul data-start=\"969\" data-end=\"1295\">\n<li data-start=\"1008\" data-end=\"1037\">\n<p data-start=\"1010\" data-end=\"1037\">Materiale: rustfrit st\u00e5l<\/p>\n<\/li>\n<li data-start=\"1038\" data-end=\"1055\">\n<p data-start=\"1040\" data-end=\"1055\">Farve: s\u00f8lv<\/p>\n<\/li>\n<li data-start=\"1056\" data-end=\"1118\">\n<p data-start=\"1058\" data-end=\"1118\">St\u00f8rrelse: ca. 15 cm x 2,7 cm x 2,7 cm<\/p>\n<\/li>\n<li data-start=\"1119\" data-end=\"1164\">\n<p data-start=\"1121\" data-end=\"1164\">Bedrift: enh\u00e5ndsbetjent tryk-top-mekanisme<\/p>\n<\/li>\n<li data-start=\"1165\" data-end=\"1214\">\n<p data-start=\"1167\" data-end=\"1214\">Anvendelse: k\u00f8kken, spisebord, restauranter, grill<\/p>\n<\/li>\n<li data-start=\"1215\" data-end=\"1295\">\n<p data-start=\"1217\" data-end=\"1295\">Passende krydderier: peberkorn, salt, sm\u00e5 hele krydderier, stensukker m.m.<\/p>\n<\/li>\n<\/ul>\n<h2 style=\"text-align: center;\" data-start=\"1297\" data-end=\"1320\"><strong>Pakken indeholder<\/strong><\/h2>\n<ul data-start=\"1321\" data-end=\"1399\">\n<li data-start=\"1321\" data-end=\"1399\">\n<p data-start=\"1323\" data-end=\"1399\">1, 2, 4x salt- og peberkv\u00e6rne i rustfrit st\u00e5l.<\/p>\n<\/li>\n<\/ul>\n","protected":false},"excerpt":{"rendered":"<p>Krydr din mad med det samme med kv\u00e6rning med \u00e9n h\u00e5nd. \ud83e\uddc2 Med denne salt- og peberkv\u00e6rn i rustfrit st\u00e5l [&hellip;]<\/p>\n","protected":false},"featured_media":41676,"comment_status":"open","ping_status":"closed","template":"","meta":{"site-sidebar-layout":"default","site-content-layout":"","ast-site-content-layout":"default","site-content-style":"default","site-sidebar-style":"default","ast-global-header-display":"","ast-banner-title-visibility":"","ast-main-header-display":"","ast-hfb-above-header-display":"","ast-hfb-below-header-display":"","ast-hfb-mobile-header-display":"","site-post-title":"","ast-breadcrumbs-content":"","ast-featured-img":"","footer-sml-layout":"","theme-transparent-header-meta":"default","adv-header-id-meta":"","stick-header-meta":"","header-above-stick-meta":"","header-main-stick-meta":"","header-below-stick-meta":"","astra-migrate-meta-layouts":"set","ast-page-background-enabled":"default","ast-page-background-meta":{"desktop":{"background-color":"var(--ast-global-color-5)","background-image":"","background-repeat":"repeat","background-position":"center center","background-size":"auto","background-attachment":"scroll","background-type":"","background-media":"","overlay-type":"","overlay-color":"","overlay-opacity":"","overlay-gradient":""},"tablet":{"background-color":"","background-image":"","background-repeat":"repeat","background-position":"center center","background-size":"auto","background-attachment":"scroll","background-type":"","background-media":"","overlay-type":"","overlay-color":"","overlay-opacity":"","overlay-gradient":""},"mobile":{"background-color":"","background-image":"","background-repeat":"repeat","background-position":"center center","background-size":"auto","background-attachment":"scroll","background-type":"","background-media":"","overlay-type":"","overlay-color":"","overlay-opacity":"","overlay-gradient":""}},"ast-content-background-meta":{"desktop":{"background-color":"var(--ast-global-color-4)","background-image":"","background-repeat":"repeat","background-position":"center center","background-size":"auto","background-attachment":"scroll","background-type":"","background-media":"","overlay-type":"","overlay-color":"","overlay-opacity":"","overlay-gradient":""},"tablet":{"background-color":"var(--ast-global-color-4)","background-image":"","background-repeat":"repeat","background-position":"center center","background-size":"auto","background-attachment":"scroll","background-type":"","background-media":"","overlay-type":"","overlay-color":"","overlay-opacity":"","overlay-gradient":""},"mobile":{"background-color":"var(--ast-global-color-4)","background-image":"","background-repeat":"repeat","background-position":"center center","background-size":"auto","background-attachment":"scroll","background-type":"","background-media":"","overlay-type":"","overlay-color":"","overlay-opacity":"","overlay-gradient":""}}},"product_brand":[],"product_cat":[19],"product_tag":[],"class_list":{"0":"post-41680","1":"product","2":"type-product","3":"status-publish","4":"has-post-thumbnail","6":"product_cat-uncategorized","7":"pa_58681_omexs0xm-1-stk","8":"pa_58681_omexs0xm-2-stk","9":"pa_58681_omexs0xm-4-stk","10":"desktop-align-left","11":"tablet-align-left","12":"mobile-align-left","14":"first","15":"instock","16":"shipping-taxable","17":"purchasable","18":"product-type-variable"},"_links":{"self":[{"href":"https:\/\/ecostera.com\/dk\/wp-json\/wp\/v2\/product\/41680","targetHints":{"allow":["GET"]}}],"collection":[{"href":"https:\/\/ecostera.com\/dk\/wp-json\/wp\/v2\/product"}],"about":[{"href":"https:\/\/ecostera.com\/dk\/wp-json\/wp\/v2\/types\/product"}],"replies":[{"embeddable":true,"href":"https:\/\/ecostera.com\/dk\/wp-json\/wp\/v2\/comments?post=41680"}],"wp:featuredmedia":[{"embeddable":true,"href":"https:\/\/ecostera.com\/dk\/wp-json\/wp\/v2\/media\/41676"}],"wp:attachment":[{"href":"https:\/\/ecostera.com\/dk\/wp-json\/wp\/v2\/media?parent=41680"}],"wp:term":[{"taxonomy":"product_brand","embeddable":true,"href":"https:\/\/ecostera.com\/dk\/wp-json\/wp\/v2\/product_brand?post=41680"},{"taxonomy":"product_cat","embeddable":true,"href":"https:\/\/ecostera.com\/dk\/wp-json\/wp\/v2\/product_cat?post=41680"},{"taxonomy":"product_tag","embeddable":true,"href":"https:\/\/ecostera.com\/dk\/wp-json\/wp\/v2\/product_tag?post=41680"}],"curies":[{"name":"wp","href":"https:\/\/api.w.org\/{rel}","templated":true}]}}