{"id":41719,"date":"2025-12-12T18:58:07","date_gmt":"2025-12-12T16:58:07","guid":{"rendered":"https:\/\/ecostera.com\/dk\/product\/holder-til-spildte-vinflasker-2-stk\/"},"modified":"2025-12-15T23:10:57","modified_gmt":"2025-12-15T21:10:57","slug":"holder-til-spildte-vinflasker-2-stk","status":"publish","type":"product","link":"https:\/\/ecostera.com\/dk\/product\/holder-til-spildte-vinflasker-2-stk\/","title":{"rendered":"Holder til spildte vinflasker (2 stk.)"},"content":{"rendered":"<p style=\"text-align: center;\" data-start=\"0\" data-end=\"52\"><strong data-start=\"0\" data-end=\"52\">Udstil din vin p\u00e5 en sjov og i\u00f8jnefaldende m\u00e5de.<\/strong><span style=\"font-size: 16px; font-style: normal; font-weight: 400;\">\ud83c\udf77\u2728<\/span><\/p>\n<p style=\"text-align: center;\" data-start=\"54\" data-end=\"310\">Denne spildte vinflaskeholder skaber en illusion af et frossent vinspild, s\u00e5 din flaske ser ud, som om den sv\u00e6ver. Det er en kreativ og stilfuld m\u00e5de at fremvise dine yndlingsvine p\u00e5, samtidig med at du tilf\u00f8jer et unikt dekorativt touch til dit k\u00f8kken eller din spiseplads. En legende og stilfuld m\u00e5de at vise vin p\u00e5, som altid f\u00e5r folk til at tale. Sk\u00e5l!<\/p>\n<p data-start=\"54\" data-end=\"310\"><img fetchpriority=\"high\" decoding=\"async\" class=\"size-full wp-image-45259 aligncenter\" src=\"https:\/\/keluvo.com\/template\/wp-content\/uploads\/sites\/5\/2025\/12\/102214-ezgif.com-video-to-webp-converter-2.webp\" alt=\"\" width=\"500\" height=\"500\" \/><\/p>\n<h2 style=\"text-align: center;\" data-start=\"312\" data-end=\"332\"><strong>Hovedfordele<\/strong><\/h2>\n<p data-start=\"335\" data-end=\"416\">\ud83c\udf77 Unikt illusionsdesign &#8211; ligner \u00e6gte spildt vin, der holder flasken.<\/p>\n<p data-start=\"419\" data-end=\"482\">\ud83d\udc40 Fantastisk samtalestarter &#8211; fanger \u00f8jeblikkeligt opm\u00e6rksomheden.<\/p>\n<p data-start=\"485\" data-end=\"561\">\ud83d\udcd0 Perfekt opbevaringsvinkel &#8211; holder proppen fugtig og forhindrer oxidering.<\/p>\n<p data-start=\"564\" data-end=\"640\">\ud83c\udfa8 Blank, realistisk finish &#8211; halvgennemsigtigt look efterligner \u00e6gte v\u00e6ske.<\/p>\n<p data-start=\"564\" data-end=\"640\">\ud83c\udfe0 Moderne indretning &#8211; sjov til k\u00f8kkener, spisestuer, fester.<\/p>\n<p data-start=\"715\" data-end=\"784\">\ud83c\udf81 Perfekt gave &#8211; ideel til vinelskere og fans af kreativ indretning.<\/p>\n<p data-start=\"715\" data-end=\"784\"><img decoding=\"async\" class=\"size-full wp-image-45261 aligncenter\" src=\"https:\/\/keluvo.com\/template\/wp-content\/uploads\/sites\/5\/2025\/12\/5e2ccc26c387aa337516f7a48c0f0457d446ff3a-700.avif\" alt=\"\" \/><\/p>\n<h2 style=\"text-align: center;\" data-start=\"786\" data-end=\"804\"><strong>S\u00e5dan Bruges<\/strong><\/h2>\n<ol data-start=\"805\" data-end=\"1024\">\n<li data-start=\"805\" data-end=\"858\">\n<p data-start=\"808\" data-end=\"858\">Placer den spildte vinholder p\u00e5 en flad overflade.<\/p>\n<\/li>\n<li data-start=\"859\" data-end=\"921\">\n<p data-start=\"862\" data-end=\"921\">Inds\u00e6t halsen p\u00e5 din vinflaske i den vinklede \u00e5bning.<\/p>\n<\/li>\n<li data-start=\"922\" data-end=\"961\">\n<p data-start=\"925\" data-end=\"961\">Juster, indtil den balancerer sikkert.<\/p>\n<\/li>\n<li data-start=\"962\" data-end=\"1024\">\n<p data-start=\"965\" data-end=\"1024\">Vis flasken som et sjovt midterstykke eller indretningselement.<\/p>\n<\/li>\n<\/ol>\n<h2 style=\"text-align: center;\" data-start=\"1026\" data-end=\"1048\"><strong>Produktdetaljer<\/strong><\/h2>\n<ul data-start=\"1049\" data-end=\"1264\">\n<li data-start=\"1094\" data-end=\"1111\">\n<p data-start=\"1096\" data-end=\"1111\">Materiale: ABS<\/p>\n<\/li>\n<li data-start=\"1112\" data-end=\"1140\">\n<p data-start=\"1114\" data-end=\"1140\">Skala: 9,1 x 7,7 x 7,8 cm<\/p>\n<\/li>\n<li data-start=\"1141\" data-end=\"1157\">\n<p data-start=\"1143\" data-end=\"1157\">V\u00e6gt: 26 g<\/p>\n<\/li>\n<li data-start=\"1158\" data-end=\"1216\">\n<p data-start=\"1160\" data-end=\"1216\">Finish: blank, halvgennemsigtig &#8220;spildt vin&#8221;-effekt<\/p>\n<\/li>\n<\/ul>\n<h2 style=\"text-align: center;\" data-start=\"1266\" data-end=\"1289\"><strong>Pakken indeholder<\/strong><\/h2>\n<ul data-start=\"1290\" data-end=\"1324\">\n<li data-start=\"1290\" data-end=\"1324\">\n<p data-start=\"1292\" data-end=\"1324\">2x spildt vinflaskeholder.<\/p>\n<\/li>\n<\/ul>\n","protected":false},"excerpt":{"rendered":"<p>Udstil din vin p\u00e5 en sjov og i\u00f8jnefaldende m\u00e5de.\ud83c\udf77\u2728 Denne spildte vinflaskeholder skaber en illusion af et frossent vinspild, s\u00e5 [&hellip;]<\/p>\n","protected":false},"featured_media":41715,"comment_status":"open","ping_status":"closed","template":"","meta":{"site-sidebar-layout":"default","site-content-layout":"","ast-site-content-layout":"default","site-content-style":"default","site-sidebar-style":"default","ast-global-header-display":"","ast-banner-title-visibility":"","ast-main-header-display":"","ast-hfb-above-header-display":"","ast-hfb-below-header-display":"","ast-hfb-mobile-header-display":"","site-post-title":"","ast-breadcrumbs-content":"","ast-featured-img":"","footer-sml-layout":"","theme-transparent-header-meta":"default","adv-header-id-meta":"","stick-header-meta":"","header-above-stick-meta":"","header-main-stick-meta":"","header-below-stick-meta":"","astra-migrate-meta-layouts":"set","ast-page-background-enabled":"default","ast-page-background-meta":{"desktop":{"background-color":"var(--ast-global-color-5)","background-image":"","background-repeat":"repeat","background-position":"center center","background-size":"auto","background-attachment":"scroll","background-type":"","background-media":"","overlay-type":"","overlay-color":"","overlay-opacity":"","overlay-gradient":""},"tablet":{"background-color":"","background-image":"","background-repeat":"repeat","background-position":"center center","background-size":"auto","background-attachment":"scroll","background-type":"","background-media":"","overlay-type":"","overlay-color":"","overlay-opacity":"","overlay-gradient":""},"mobile":{"background-color":"","background-image":"","background-repeat":"repeat","background-position":"center center","background-size":"auto","background-attachment":"scroll","background-type":"","background-media":"","overlay-type":"","overlay-color":"","overlay-opacity":"","overlay-gradient":""}},"ast-content-background-meta":{"desktop":{"background-color":"var(--ast-global-color-4)","background-image":"","background-repeat":"repeat","background-position":"center center","background-size":"auto","background-attachment":"scroll","background-type":"","background-media":"","overlay-type":"","overlay-color":"","overlay-opacity":"","overlay-gradient":""},"tablet":{"background-color":"var(--ast-global-color-4)","background-image":"","background-repeat":"repeat","background-position":"center center","background-size":"auto","background-attachment":"scroll","background-type":"","background-media":"","overlay-type":"","overlay-color":"","overlay-opacity":"","overlay-gradient":""},"mobile":{"background-color":"var(--ast-global-color-4)","background-image":"","background-repeat":"repeat","background-position":"center center","background-size":"auto","background-attachment":"scroll","background-type":"","background-media":"","overlay-type":"","overlay-color":"","overlay-opacity":"","overlay-gradient":""}}},"product_brand":[],"product_cat":[19],"product_tag":[],"class_list":{"0":"post-41719","1":"product","2":"type-product","3":"status-publish","4":"has-post-thumbnail","6":"product_cat-uncategorized","7":"pa_52098_68whkti8-gul","8":"pa_52098_68whkti8-roed","9":"pa_52098_68whkti8-sort","10":"desktop-align-left","11":"tablet-align-left","12":"mobile-align-left","14":"first","15":"instock","16":"shipping-taxable","17":"purchasable","18":"product-type-variable"},"_links":{"self":[{"href":"https:\/\/ecostera.com\/dk\/wp-json\/wp\/v2\/product\/41719","targetHints":{"allow":["GET"]}}],"collection":[{"href":"https:\/\/ecostera.com\/dk\/wp-json\/wp\/v2\/product"}],"about":[{"href":"https:\/\/ecostera.com\/dk\/wp-json\/wp\/v2\/types\/product"}],"replies":[{"embeddable":true,"href":"https:\/\/ecostera.com\/dk\/wp-json\/wp\/v2\/comments?post=41719"}],"wp:featuredmedia":[{"embeddable":true,"href":"https:\/\/ecostera.com\/dk\/wp-json\/wp\/v2\/media\/41715"}],"wp:attachment":[{"href":"https:\/\/ecostera.com\/dk\/wp-json\/wp\/v2\/media?parent=41719"}],"wp:term":[{"taxonomy":"product_brand","embeddable":true,"href":"https:\/\/ecostera.com\/dk\/wp-json\/wp\/v2\/product_brand?post=41719"},{"taxonomy":"product_cat","embeddable":true,"href":"https:\/\/ecostera.com\/dk\/wp-json\/wp\/v2\/product_cat?post=41719"},{"taxonomy":"product_tag","embeddable":true,"href":"https:\/\/ecostera.com\/dk\/wp-json\/wp\/v2\/product_tag?post=41719"}],"curies":[{"name":"wp","href":"https:\/\/api.w.org\/{rel}","templated":true}]}}