{"id":41839,"date":"2025-12-12T19:12:54","date_gmt":"2025-12-12T17:12:54","guid":{"rendered":"https:\/\/ecostera.com\/dk\/product\/noedtriangel-pw12\/"},"modified":"2026-01-22T17:58:17","modified_gmt":"2026-01-22T15:58:17","slug":"noedtriangel-pw12","status":"publish","type":"product","link":"https:\/\/ecostera.com\/dk\/product\/noedtriangel-pw12\/","title":{"rendered":"N\u00f8dtriangel PW12"},"content":{"rendered":"<p style=\"text-align: center;\" data-start=\"0\" data-end=\"65\"><strong data-start=\"0\" data-end=\"65\">V\u00e6r tydeligt synlig og v\u00e6r sikker i n\u00f8dsituationer p\u00e5 vejen. \ud83d\udea8\ud83d\udd3a<\/strong><\/p>\n<p style=\"text-align: center;\" data-start=\"67\" data-end=\"301\">Denne n\u00f8dhj\u00e6lpstrekant PW12 er en kraftig LED-advarselstrekant, der advarer andre bilister om din tilstedev\u00e6relse p\u00e5 lang afstand. Den er kompakt, nem at s\u00e6tte op og designet til at holde dig og dine passagerer mere sikre under nedbrud eller ulykker. Et must-have sikkerhedsv\u00e6rkt\u00f8j, der hj\u00e6lper med at beskytte dig, n\u00e5r det betyder mest p\u00e5 vejen.<\/p>\n<p data-start=\"67\" data-end=\"301\"><img fetchpriority=\"high\" decoding=\"async\" class=\"size-full wp-image-45455 aligncenter\" src=\"https:\/\/keluvo.com\/template\/wp-content\/uploads\/sites\/5\/2025\/12\/10222-ezgif.com-video-to-webp-converter-1-2.webp\" alt=\"\" width=\"500\" height=\"500\" \/><\/p>\n<h2 style=\"text-align: center;\" data-start=\"303\" data-end=\"323\"><strong>Hovedfordele<\/strong><\/h2>\n<p data-start=\"326\" data-end=\"384\">\ud83d\udea8 Ultraskarpt LED-lys &#8211; synligt op til 200 meter.<\/p>\n<p data-start=\"387\" data-end=\"456\">\ud83d\udd3a Tydelig n\u00f8dsignalering &#8211; advarer k\u00f8ret\u00f8jer, der n\u00e6rmer sig, tidligt.<\/p>\n<p data-start=\"459\" data-end=\"513\">\ud83e\uddf3 Sammenklappelig og kompakt &#8211; nem at opbevare i enhver bil.<\/p>\n<p data-start=\"516\" data-end=\"560\">\u26a1 Hurtig ops\u00e6tning &#8211; klar til brug p\u00e5 f\u00e5 sekunder.<\/p>\n<p data-start=\"563\" data-end=\"629\">\ud83e\uddf1 Stabil base &#8211; forbliver p\u00e5 plads p\u00e5 forskellige overflader.<\/p>\n<p data-start=\"632\" data-end=\"702\">\ud83c\udf27\ufe0f Vejrbestandig &#8211; fungerer p\u00e5lideligt i regn, t\u00e5ge eller m\u00f8rke.<\/p>\n<p data-start=\"705\" data-end=\"759\">\ud83d\udd0b Batteridrevet &#8211; langtidsholdbar og p\u00e5lidelig.<\/p>\n<p data-start=\"705\" data-end=\"759\"><img decoding=\"async\" class=\"size-full wp-image-45454 aligncenter\" src=\"https:\/\/keluvo.com\/template\/wp-content\/uploads\/sites\/5\/2025\/12\/10223-ezgif.com-video-to-webp-converter-1-2.webp\" alt=\"\" width=\"500\" height=\"500\" \/><\/p>\n<h2 style=\"text-align: center;\" data-start=\"761\" data-end=\"779\"><strong>S\u00e5dan Bruges<\/strong><\/h2>\n<ol data-start=\"780\" data-end=\"1014\">\n<li data-start=\"780\" data-end=\"831\">\n<p data-start=\"783\" data-end=\"831\">Tag trekanten ud af bilen.<\/p>\n<\/li>\n<li data-start=\"832\" data-end=\"882\">\n<p data-start=\"835\" data-end=\"882\">Fold den helt ud, indtil den l\u00e5ser p\u00e5 plads.<\/p>\n<\/li>\n<li data-start=\"883\" data-end=\"910\">\n<p data-start=\"886\" data-end=\"910\">T\u00e6nd for LED-lyset.<\/p>\n<\/li>\n<li data-start=\"911\" data-end=\"964\">\n<p data-start=\"914\" data-end=\"964\">Placer den bag bilen i sikker afstand.<\/p>\n<\/li>\n<li data-start=\"965\" data-end=\"1014\">\n<p data-start=\"968\" data-end=\"1014\">Og s\u00f8rg for, at den er synlig for modk\u00f8rende trafik.<\/p>\n<\/li>\n<\/ol>\n<h2 style=\"text-align: center;\" data-start=\"1016\" data-end=\"1038\"><strong>Produktdetaljer<\/strong><\/h2>\n<ul data-start=\"1039\" data-end=\"1377\">\n<li data-start=\"1081\" data-end=\"1116\">\n<p data-start=\"1083\" data-end=\"1116\">Lygtetype: LED med h\u00f8j lysstyrke<\/p>\n<\/li>\n<li data-start=\"1117\" data-end=\"1155\">\n<p data-start=\"1119\" data-end=\"1155\">Synlighedsomr\u00e5de: op til 200 meter<\/p>\n<\/li>\n<li data-start=\"1156\" data-end=\"1188\">\n<p data-start=\"1158\" data-end=\"1188\">Design: sammenklappelig og kompakt<\/p>\n<\/li>\n<li data-start=\"1189\" data-end=\"1225\">\n<p data-start=\"1191\" data-end=\"1225\">Str\u00f8mforsyning: standardbatterier<\/p>\n<\/li>\n<li data-start=\"1226\" data-end=\"1272\">\n<p data-start=\"1228\" data-end=\"1272\">Installation: hurtig ops\u00e6tning med stabil base<\/p>\n<\/li>\n<li data-start=\"1273\" data-end=\"1325\">\n<p data-start=\"1275\" data-end=\"1325\">Anvendelse: n\u00f8dsituationer p\u00e5 vejen, nedbrud, ulykker<\/p>\n<\/li>\n<li data-start=\"1326\" data-end=\"1377\">\n<p data-start=\"1328\" data-end=\"1377\">Vejrbestandighed: egnet til alle forhold<\/p>\n<\/li>\n<li data-start=\"1326\" data-end=\"1377\">St\u00f8rrelser: S &#8211; et lys (18,5 x 16,5 cm), M &#8211; tre lys (27 x 24 cm)<\/li>\n<\/ul>\n<h2 style=\"text-align: center;\" data-start=\"1379\" data-end=\"1402\"><strong>Pakken indeholder<\/strong><\/h2>\n<ul data-start=\"1403\" data-end=\"1434\">\n<li data-start=\"1403\" data-end=\"1434\">\n<p data-start=\"1405\" data-end=\"1434\">1x n\u00f8dtriangel PW12.<\/p>\n<\/li>\n<\/ul>\n","protected":false},"excerpt":{"rendered":"<p>V\u00e6r tydeligt synlig og v\u00e6r sikker i n\u00f8dsituationer p\u00e5 vejen. \ud83d\udea8\ud83d\udd3a Denne n\u00f8dhj\u00e6lpstrekant PW12 er en kraftig LED-advarselstrekant, der advarer [&hellip;]<\/p>\n","protected":false},"featured_media":41835,"comment_status":"open","ping_status":"closed","template":"","meta":{"site-sidebar-layout":"default","site-content-layout":"","ast-site-content-layout":"default","site-content-style":"default","site-sidebar-style":"default","ast-global-header-display":"","ast-banner-title-visibility":"","ast-main-header-display":"","ast-hfb-above-header-display":"","ast-hfb-below-header-display":"","ast-hfb-mobile-header-display":"","site-post-title":"","ast-breadcrumbs-content":"","ast-featured-img":"","footer-sml-layout":"","theme-transparent-header-meta":"default","adv-header-id-meta":"","stick-header-meta":"","header-above-stick-meta":"","header-main-stick-meta":"","header-below-stick-meta":"","astra-migrate-meta-layouts":"set","ast-page-background-enabled":"default","ast-page-background-meta":{"desktop":{"background-color":"var(--ast-global-color-5)","background-image":"","background-repeat":"repeat","background-position":"center center","background-size":"auto","background-attachment":"scroll","background-type":"","background-media":"","overlay-type":"","overlay-color":"","overlay-opacity":"","overlay-gradient":""},"tablet":{"background-color":"","background-image":"","background-repeat":"repeat","background-position":"center center","background-size":"auto","background-attachment":"scroll","background-type":"","background-media":"","overlay-type":"","overlay-color":"","overlay-opacity":"","overlay-gradient":""},"mobile":{"background-color":"","background-image":"","background-repeat":"repeat","background-position":"center center","background-size":"auto","background-attachment":"scroll","background-type":"","background-media":"","overlay-type":"","overlay-color":"","overlay-opacity":"","overlay-gradient":""}},"ast-content-background-meta":{"desktop":{"background-color":"var(--ast-global-color-4)","background-image":"","background-repeat":"repeat","background-position":"center center","background-size":"auto","background-attachment":"scroll","background-type":"","background-media":"","overlay-type":"","overlay-color":"","overlay-opacity":"","overlay-gradient":""},"tablet":{"background-color":"var(--ast-global-color-4)","background-image":"","background-repeat":"repeat","background-position":"center center","background-size":"auto","background-attachment":"scroll","background-type":"","background-media":"","overlay-type":"","overlay-color":"","overlay-opacity":"","overlay-gradient":""},"mobile":{"background-color":"var(--ast-global-color-4)","background-image":"","background-repeat":"repeat","background-position":"center center","background-size":"auto","background-attachment":"scroll","background-type":"","background-media":"","overlay-type":"","overlay-color":"","overlay-opacity":"","overlay-gradient":""}}},"product_brand":[],"product_cat":[19],"product_tag":[],"class_list":{"0":"post-41839","1":"product","2":"type-product","3":"status-publish","4":"has-post-thumbnail","6":"product_cat-uncategorized","7":"pa_59074_mdde7xqk-s","8":"pa_59074_mdde7xqk-m","9":"desktop-align-left","10":"tablet-align-left","11":"mobile-align-left","13":"first","14":"instock","15":"shipping-taxable","16":"purchasable","17":"product-type-variable"},"_links":{"self":[{"href":"https:\/\/ecostera.com\/dk\/wp-json\/wp\/v2\/product\/41839","targetHints":{"allow":["GET"]}}],"collection":[{"href":"https:\/\/ecostera.com\/dk\/wp-json\/wp\/v2\/product"}],"about":[{"href":"https:\/\/ecostera.com\/dk\/wp-json\/wp\/v2\/types\/product"}],"replies":[{"embeddable":true,"href":"https:\/\/ecostera.com\/dk\/wp-json\/wp\/v2\/comments?post=41839"}],"wp:featuredmedia":[{"embeddable":true,"href":"https:\/\/ecostera.com\/dk\/wp-json\/wp\/v2\/media\/41835"}],"wp:attachment":[{"href":"https:\/\/ecostera.com\/dk\/wp-json\/wp\/v2\/media?parent=41839"}],"wp:term":[{"taxonomy":"product_brand","embeddable":true,"href":"https:\/\/ecostera.com\/dk\/wp-json\/wp\/v2\/product_brand?post=41839"},{"taxonomy":"product_cat","embeddable":true,"href":"https:\/\/ecostera.com\/dk\/wp-json\/wp\/v2\/product_cat?post=41839"},{"taxonomy":"product_tag","embeddable":true,"href":"https:\/\/ecostera.com\/dk\/wp-json\/wp\/v2\/product_tag?post=41839"}],"curies":[{"name":"wp","href":"https:\/\/api.w.org\/{rel}","templated":true}]}}