{"id":41852,"date":"2025-12-12T19:14:25","date_gmt":"2025-12-12T17:14:25","guid":{"rendered":"https:\/\/ecostera.com\/dk\/product\/brusehoved-med-regnfald\/"},"modified":"2025-12-15T23:39:46","modified_gmt":"2025-12-15T21:39:46","slug":"brusehoved-med-regnfald","status":"publish","type":"product","link":"https:\/\/ecostera.com\/dk\/product\/brusehoved-med-regnfald\/","title":{"rendered":"Brusehoved med regnfald"},"content":{"rendered":"<p style=\"text-align: center;\" data-start=\"0\" data-end=\"80\"><strong data-start=\"0\" data-end=\"80\">Nyd et kraftfuldt, forfriskende brusebad med st\u00e6rkt tryk, mens du sparer p\u00e5 vandet. \ud83d\udebf\ud83d\udca7<\/strong><\/p>\n<p style=\"text-align: center;\" data-start=\"82\" data-end=\"320\">Dette regnvejrsbrusehoved leverer et superladet topspray-flow, der forvandler dit daglige brusebad til en spa-lignende oplevelse. Dets moderne firkantede design, h\u00f8jtryksydelse og nemme installation g\u00f8r det til en perfekt opgradering til ethvert badev\u00e6relse. En enkel opgradering, der giver et st\u00e6rkt tryk, moderne stil og et bedre brusebad hver dag.<\/p>\n<p data-start=\"82\" data-end=\"320\"><img fetchpriority=\"high\" decoding=\"async\" class=\"size-full wp-image-45467 aligncenter\" src=\"https:\/\/keluvo.com\/template\/wp-content\/uploads\/sites\/5\/2025\/12\/10224-ezgif.com-video-to-webp-converter-1-3.webp\" alt=\"\" width=\"500\" height=\"500\" \/><\/p>\n<h2 style=\"text-align: center;\" data-start=\"322\" data-end=\"342\"><strong>Hovedfordele<\/strong><\/h2>\n<p data-start=\"345\" data-end=\"431\">\ud83d\udebf H\u00f8jtryksregnspray &#8211; st\u00e6rk, j\u00e6vn vandgennemstr\u00f8mning til d\u00e6kning af hele kroppen.<\/p>\n<p data-start=\"434\" data-end=\"504\">\ud83d\udca7 Vandbesparende design &#8211; kraftig spray med reduceret vandforbrug.<\/p>\n<p data-start=\"507\" data-end=\"577\">\ud83d\udd04 Justerbar retning &#8211; drej for at rette sprayen derhen, hvor du vil.<\/p>\n<p data-start=\"580\" data-end=\"654\">\ud83e\uddf1 Holdbart ABS-materiale &#8211; varmebestandigt og bygget til langvarig brug.<\/p>\n<p data-start=\"657\" data-end=\"730\">\ud83d\udee0\ufe0f Nem installation &#8211; installeres hurtigt uden professionelt v\u00e6rkt\u00f8j.<\/p>\n<p data-start=\"733\" data-end=\"797\">\ud83c\udfa8 Moderne firkantet stil &#8211; opgraderer udseendet p\u00e5 ethvert badev\u00e6relse.<\/p>\n<p data-start=\"733\" data-end=\"797\"><img decoding=\"async\" class=\"size-full wp-image-45466 aligncenter\" src=\"https:\/\/keluvo.com\/template\/wp-content\/uploads\/sites\/5\/2025\/12\/10225-ezgif.com-video-to-webp-converter-1-2.webp\" alt=\"\" width=\"500\" height=\"500\" \/><\/p>\n<h2 style=\"text-align: center;\" data-start=\"799\" data-end=\"817\"><strong>S\u00e5dan Bruges<\/strong><\/h2>\n<ol data-start=\"818\" data-end=\"1048\">\n<li data-start=\"818\" data-end=\"864\">\n<p data-start=\"821\" data-end=\"864\">Fjern dit gamle brusehoved fra slangen.<\/p>\n<\/li>\n<li data-start=\"865\" data-end=\"930\">\n<p data-start=\"868\" data-end=\"930\">S\u00e6t regnbrusehovedet p\u00e5 med h\u00e5nden, og sp\u00e6nd det godt fast.<\/p>\n<\/li>\n<li data-start=\"931\" data-end=\"987\">\n<p data-start=\"934\" data-end=\"987\">Juster vinklen til din foretrukne str\u00e5leretning.<\/p>\n<\/li>\n<li data-start=\"988\" data-end=\"1048\">\n<p data-start=\"991\" data-end=\"1048\">T\u00e6nd for vandet, og nyd en kraftig regnbruser.<\/p>\n<\/li>\n<\/ol>\n<h2 style=\"text-align: center;\" data-start=\"1050\" data-end=\"1072\"><strong>Produktdetaljer<\/strong><\/h2>\n<ul data-start=\"1073\" data-end=\"1388\">\n<li data-start=\"1111\" data-end=\"1149\">\n<p data-start=\"1113\" data-end=\"1149\">Materiale: ABS-plast af h\u00f8j kvalitet<\/p>\n<\/li>\n<li data-start=\"1150\" data-end=\"1174\">\n<p data-start=\"1152\" data-end=\"1174\">Form: moderne firkantet<\/p>\n<\/li>\n<li data-start=\"1175\" data-end=\"1217\">\n<p data-start=\"1177\" data-end=\"1217\">Installationstype: h\u00e5ndholdt tilslutning<\/p>\n<\/li>\n<li data-start=\"1218\" data-end=\"1258\">\n<p data-start=\"1220\" data-end=\"1258\">Str\u00e5letype: topspray, h\u00f8jtryk<\/p>\n<\/li>\n<li data-start=\"1259\" data-end=\"1297\">\n<p data-start=\"1261\" data-end=\"1297\">Temperaturbestandighed: op til 105 \u2103<\/p>\n<\/li>\n<li data-start=\"1298\" data-end=\"1345\">\n<p data-start=\"1300\" data-end=\"1345\">Funktioner: vandbesparende, justerbar, holdbar<\/p>\n<\/li>\n<li data-start=\"1346\" data-end=\"1388\">\n<p data-start=\"1348\" data-end=\"1388\">Sikkerhed: ingen emissioner af flygtige materialer<\/p>\n<\/li>\n<\/ul>\n<h2 style=\"text-align: center;\" data-start=\"1390\" data-end=\"1413\"><strong>Pakken indeholder<\/strong><\/h2>\n<ul data-start=\"1414\" data-end=\"1441\">\n<li data-start=\"1414\" data-end=\"1441\">\n<p data-start=\"1416\" data-end=\"1441\">1, 2x regnvejrsbrusehoved.<\/p>\n<\/li>\n<\/ul>\n","protected":false},"excerpt":{"rendered":"<p>Nyd et kraftfuldt, forfriskende brusebad med st\u00e6rkt tryk, mens du sparer p\u00e5 vandet. \ud83d\udebf\ud83d\udca7 Dette regnvejrsbrusehoved leverer et superladet topspray-flow, [&hellip;]<\/p>\n","protected":false},"featured_media":41848,"comment_status":"open","ping_status":"closed","template":"","meta":{"site-sidebar-layout":"default","site-content-layout":"","ast-site-content-layout":"default","site-content-style":"default","site-sidebar-style":"default","ast-global-header-display":"","ast-banner-title-visibility":"","ast-main-header-display":"","ast-hfb-above-header-display":"","ast-hfb-below-header-display":"","ast-hfb-mobile-header-display":"","site-post-title":"","ast-breadcrumbs-content":"","ast-featured-img":"","footer-sml-layout":"","theme-transparent-header-meta":"default","adv-header-id-meta":"","stick-header-meta":"","header-above-stick-meta":"","header-main-stick-meta":"","header-below-stick-meta":"","astra-migrate-meta-layouts":"set","ast-page-background-enabled":"default","ast-page-background-meta":{"desktop":{"background-color":"var(--ast-global-color-5)","background-image":"","background-repeat":"repeat","background-position":"center center","background-size":"auto","background-attachment":"scroll","background-type":"","background-media":"","overlay-type":"","overlay-color":"","overlay-opacity":"","overlay-gradient":""},"tablet":{"background-color":"","background-image":"","background-repeat":"repeat","background-position":"center center","background-size":"auto","background-attachment":"scroll","background-type":"","background-media":"","overlay-type":"","overlay-color":"","overlay-opacity":"","overlay-gradient":""},"mobile":{"background-color":"","background-image":"","background-repeat":"repeat","background-position":"center center","background-size":"auto","background-attachment":"scroll","background-type":"","background-media":"","overlay-type":"","overlay-color":"","overlay-opacity":"","overlay-gradient":""}},"ast-content-background-meta":{"desktop":{"background-color":"var(--ast-global-color-4)","background-image":"","background-repeat":"repeat","background-position":"center center","background-size":"auto","background-attachment":"scroll","background-type":"","background-media":"","overlay-type":"","overlay-color":"","overlay-opacity":"","overlay-gradient":""},"tablet":{"background-color":"var(--ast-global-color-4)","background-image":"","background-repeat":"repeat","background-position":"center center","background-size":"auto","background-attachment":"scroll","background-type":"","background-media":"","overlay-type":"","overlay-color":"","overlay-opacity":"","overlay-gradient":""},"mobile":{"background-color":"var(--ast-global-color-4)","background-image":"","background-repeat":"repeat","background-position":"center center","background-size":"auto","background-attachment":"scroll","background-type":"","background-media":"","overlay-type":"","overlay-color":"","overlay-opacity":"","overlay-gradient":""}}},"product_brand":[],"product_cat":[19],"product_tag":[],"class_list":{"0":"post-41852","1":"product","2":"type-product","3":"status-publish","4":"has-post-thumbnail","6":"product_cat-uncategorized","7":"pa_59169_37kl3724-1-stk","8":"pa_59169_37kl3724-2-stk","9":"pa_59169_fmujm31j-soelv","10":"pa_59169_fmujm31j-sort","11":"desktop-align-left","12":"tablet-align-left","13":"mobile-align-left","15":"first","16":"instock","17":"shipping-taxable","18":"purchasable","19":"product-type-variable","20":"has-default-attributes"},"_links":{"self":[{"href":"https:\/\/ecostera.com\/dk\/wp-json\/wp\/v2\/product\/41852","targetHints":{"allow":["GET"]}}],"collection":[{"href":"https:\/\/ecostera.com\/dk\/wp-json\/wp\/v2\/product"}],"about":[{"href":"https:\/\/ecostera.com\/dk\/wp-json\/wp\/v2\/types\/product"}],"replies":[{"embeddable":true,"href":"https:\/\/ecostera.com\/dk\/wp-json\/wp\/v2\/comments?post=41852"}],"wp:featuredmedia":[{"embeddable":true,"href":"https:\/\/ecostera.com\/dk\/wp-json\/wp\/v2\/media\/41848"}],"wp:attachment":[{"href":"https:\/\/ecostera.com\/dk\/wp-json\/wp\/v2\/media?parent=41852"}],"wp:term":[{"taxonomy":"product_brand","embeddable":true,"href":"https:\/\/ecostera.com\/dk\/wp-json\/wp\/v2\/product_brand?post=41852"},{"taxonomy":"product_cat","embeddable":true,"href":"https:\/\/ecostera.com\/dk\/wp-json\/wp\/v2\/product_cat?post=41852"},{"taxonomy":"product_tag","embeddable":true,"href":"https:\/\/ecostera.com\/dk\/wp-json\/wp\/v2\/product_tag?post=41852"}],"curies":[{"name":"wp","href":"https:\/\/api.w.org\/{rel}","templated":true}]}}