{"id":42394,"date":"2025-12-16T16:27:18","date_gmt":"2025-12-16T14:27:18","guid":{"rendered":"https:\/\/ecostera.com\/dk\/product\/halskaede-med-foedselssten\/"},"modified":"2025-12-17T09:31:41","modified_gmt":"2025-12-17T07:31:41","slug":"halskaede-med-foedselssten","status":"publish","type":"product","link":"https:\/\/ecostera.com\/dk\/product\/halskaede-med-foedselssten\/","title":{"rendered":"Halsk\u00e6de med f\u00f8dselssten"},"content":{"rendered":"<h2><\/h2>\n<p><img fetchpriority=\"high\" decoding=\"async\" class=\"wp-image-42797  aligncenter\" src=\"https:\/\/ecostera.com\/dk\/wp-content\/uploads\/sites\/4\/2025\/12\/BIRTHSTONES-DA_1800x1800-1.png\" alt=\"\" width=\"479\" height=\"428\" \/><\/p>\n<h5 style=\"text-align: center\"><strong>G\u00f8r din halsk\u00e6de personlig med 1 til 4 brilliante zirkonia-f\u00f8dselssten, og skab et unikt og meningsfuldt smykke. F\u00e5s i guld og s\u00f8lv.<\/strong><\/h5>\n<h2><\/h2>\n<p style=\"text-align: center\">\u2606 18k guldbelagt &amp; rustfrit st\u00e5l<br \/>\n\u2606 Halsk\u00e6den kan justeres op til 45 cm<br \/>\n\u2606 F\u00f8dselssten 6 mm (zirkonia)<br \/>\n\u2606 H\u00e5ndlavet med k\u00e6rlighed<\/p>\n","protected":false},"excerpt":{"rendered":"<p>G\u00f8r din halsk\u00e6de personlig med 1 til 4 brilliante zirkonia-f\u00f8dselssten, og skab et unikt og meningsfuldt smykke. F\u00e5s i guld [&hellip;]<\/p>\n","protected":false},"featured_media":42390,"comment_status":"open","ping_status":"closed","template":"","meta":{"site-sidebar-layout":"default","site-content-layout":"","ast-site-content-layout":"default","site-content-style":"default","site-sidebar-style":"default","ast-global-header-display":"","ast-banner-title-visibility":"","ast-main-header-display":"","ast-hfb-above-header-display":"","ast-hfb-below-header-display":"","ast-hfb-mobile-header-display":"","site-post-title":"","ast-breadcrumbs-content":"","ast-featured-img":"","footer-sml-layout":"","theme-transparent-header-meta":"default","adv-header-id-meta":"","stick-header-meta":"","header-above-stick-meta":"","header-main-stick-meta":"","header-below-stick-meta":"","astra-migrate-meta-layouts":"set","ast-page-background-enabled":"default","ast-page-background-meta":{"desktop":{"background-color":"var(--ast-global-color-5)","background-image":"","background-repeat":"repeat","background-position":"center center","background-size":"auto","background-attachment":"scroll","background-type":"","background-media":"","overlay-type":"","overlay-color":"","overlay-opacity":"","overlay-gradient":""},"tablet":{"background-color":"","background-image":"","background-repeat":"repeat","background-position":"center center","background-size":"auto","background-attachment":"scroll","background-type":"","background-media":"","overlay-type":"","overlay-color":"","overlay-opacity":"","overlay-gradient":""},"mobile":{"background-color":"","background-image":"","background-repeat":"repeat","background-position":"center center","background-size":"auto","background-attachment":"scroll","background-type":"","background-media":"","overlay-type":"","overlay-color":"","overlay-opacity":"","overlay-gradient":""}},"ast-content-background-meta":{"desktop":{"background-color":"var(--ast-global-color-4)","background-image":"","background-repeat":"repeat","background-position":"center center","background-size":"auto","background-attachment":"scroll","background-type":"","background-media":"","overlay-type":"","overlay-color":"","overlay-opacity":"","overlay-gradient":""},"tablet":{"background-color":"var(--ast-global-color-4)","background-image":"","background-repeat":"repeat","background-position":"center center","background-size":"auto","background-attachment":"scroll","background-type":"","background-media":"","overlay-type":"","overlay-color":"","overlay-opacity":"","overlay-gradient":""},"mobile":{"background-color":"var(--ast-global-color-4)","background-image":"","background-repeat":"repeat","background-position":"center center","background-size":"auto","background-attachment":"scroll","background-type":"","background-media":"","overlay-type":"","overlay-color":"","overlay-opacity":"","overlay-gradient":""}}},"product_brand":[],"product_cat":[19],"product_tag":[],"class_list":{"0":"post-42394","1":"product","2":"type-product","3":"status-publish","4":"has-post-thumbnail","6":"product_cat-uncategorized","7":"pa_68300_5qduig9w-1-foedselssten","8":"pa_68300_5qduig9w-2-foedselssten","9":"pa_68300_5qduig9w-3-foedselssten","10":"pa_68300_5qduig9w-4-foedselssten","11":"desktop-align-left","12":"tablet-align-left","13":"mobile-align-left","15":"first","16":"instock","17":"shipping-taxable","18":"purchasable","19":"product-type-variable"},"_links":{"self":[{"href":"https:\/\/ecostera.com\/dk\/wp-json\/wp\/v2\/product\/42394","targetHints":{"allow":["GET"]}}],"collection":[{"href":"https:\/\/ecostera.com\/dk\/wp-json\/wp\/v2\/product"}],"about":[{"href":"https:\/\/ecostera.com\/dk\/wp-json\/wp\/v2\/types\/product"}],"replies":[{"embeddable":true,"href":"https:\/\/ecostera.com\/dk\/wp-json\/wp\/v2\/comments?post=42394"}],"wp:featuredmedia":[{"embeddable":true,"href":"https:\/\/ecostera.com\/dk\/wp-json\/wp\/v2\/media\/42390"}],"wp:attachment":[{"href":"https:\/\/ecostera.com\/dk\/wp-json\/wp\/v2\/media?parent=42394"}],"wp:term":[{"taxonomy":"product_brand","embeddable":true,"href":"https:\/\/ecostera.com\/dk\/wp-json\/wp\/v2\/product_brand?post=42394"},{"taxonomy":"product_cat","embeddable":true,"href":"https:\/\/ecostera.com\/dk\/wp-json\/wp\/v2\/product_cat?post=42394"},{"taxonomy":"product_tag","embeddable":true,"href":"https:\/\/ecostera.com\/dk\/wp-json\/wp\/v2\/product_tag?post=42394"}],"curies":[{"name":"wp","href":"https:\/\/api.w.org\/{rel}","templated":true}]}}