{"id":42507,"date":"2025-12-16T16:58:19","date_gmt":"2025-12-16T14:58:19","guid":{"rendered":"https:\/\/ecostera.com\/dk\/product\/halskaede-med-bogstaver\/"},"modified":"2025-12-16T22:03:12","modified_gmt":"2025-12-16T20:03:12","slug":"halskaede-med-bogstaver","status":"publish","type":"product","link":"https:\/\/ecostera.com\/dk\/product\/halskaede-med-bogstaver\/","title":{"rendered":"Halsk\u00e6de med bogstaver"},"content":{"rendered":"<h2><\/h2>\n<p style=\"text-align: center\">Elegant halsk\u00e6de, som du kan g\u00f8re personlig med to eller tre bogstaver efter eget valg. B\u00e6r initialerne p\u00e5 dig selv, dine k\u00e6re eller en, der st\u00e5r dig n\u00e6r, og skab et tidl\u00f8st smykke med en personlig betydning.<\/p>\n<p><img fetchpriority=\"high\" decoding=\"async\" class=\"alignnone wp-image-45924 aligncenter\" src=\"https:\/\/keluvo.com\/template\/wp-content\/uploads\/sites\/5\/2025\/12\/9_dfb09e89-186f-43ba-8c5c-428063b31940_1800x1800.webp\" alt=\"\" width=\"517\" height=\"517\" \/><\/p>\n<h4 style=\"text-align: center\">Specifikationer:<\/h4>\n<h2><\/h2>\n<p style=\"text-align: center\">\u2606 18k guldbelagt &amp; rustfrit st\u00e5l<br \/>\n\u2606 K\u00e6de 45 + 5 cm (forl\u00e6ngelse)<br \/>\n\u2606 Bogstavvedh\u00e6ng p\u00e5 ca. 2 cm<br \/>\n\u2606 F\u00e5s i guld og s\u00f8lv<\/p>\n","protected":false},"excerpt":{"rendered":"<p>Elegant halsk\u00e6de, som du kan g\u00f8re personlig med to eller tre bogstaver efter eget valg. B\u00e6r initialerne p\u00e5 dig selv, [&hellip;]<\/p>\n","protected":false},"featured_media":42503,"comment_status":"open","ping_status":"closed","template":"","meta":{"site-sidebar-layout":"default","site-content-layout":"","ast-site-content-layout":"default","site-content-style":"default","site-sidebar-style":"default","ast-global-header-display":"","ast-banner-title-visibility":"","ast-main-header-display":"","ast-hfb-above-header-display":"","ast-hfb-below-header-display":"","ast-hfb-mobile-header-display":"","site-post-title":"","ast-breadcrumbs-content":"","ast-featured-img":"","footer-sml-layout":"","theme-transparent-header-meta":"default","adv-header-id-meta":"","stick-header-meta":"","header-above-stick-meta":"","header-main-stick-meta":"","header-below-stick-meta":"","astra-migrate-meta-layouts":"set","ast-page-background-enabled":"default","ast-page-background-meta":{"desktop":{"background-color":"var(--ast-global-color-5)","background-image":"","background-repeat":"repeat","background-position":"center center","background-size":"auto","background-attachment":"scroll","background-type":"","background-media":"","overlay-type":"","overlay-color":"","overlay-opacity":"","overlay-gradient":""},"tablet":{"background-color":"","background-image":"","background-repeat":"repeat","background-position":"center center","background-size":"auto","background-attachment":"scroll","background-type":"","background-media":"","overlay-type":"","overlay-color":"","overlay-opacity":"","overlay-gradient":""},"mobile":{"background-color":"","background-image":"","background-repeat":"repeat","background-position":"center center","background-size":"auto","background-attachment":"scroll","background-type":"","background-media":"","overlay-type":"","overlay-color":"","overlay-opacity":"","overlay-gradient":""}},"ast-content-background-meta":{"desktop":{"background-color":"var(--ast-global-color-4)","background-image":"","background-repeat":"repeat","background-position":"center center","background-size":"auto","background-attachment":"scroll","background-type":"","background-media":"","overlay-type":"","overlay-color":"","overlay-opacity":"","overlay-gradient":""},"tablet":{"background-color":"var(--ast-global-color-4)","background-image":"","background-repeat":"repeat","background-position":"center center","background-size":"auto","background-attachment":"scroll","background-type":"","background-media":"","overlay-type":"","overlay-color":"","overlay-opacity":"","overlay-gradient":""},"mobile":{"background-color":"var(--ast-global-color-4)","background-image":"","background-repeat":"repeat","background-position":"center center","background-size":"auto","background-attachment":"scroll","background-type":"","background-media":"","overlay-type":"","overlay-color":"","overlay-opacity":"","overlay-gradient":""}}},"product_brand":[],"product_cat":[19],"product_tag":[],"class_list":{"0":"post-42507","1":"product","2":"type-product","3":"status-publish","4":"has-post-thumbnail","6":"product_cat-uncategorized","7":"pa_68301_yxdwgefz-guld","8":"pa_68301_yxdwgefz-soelv","9":"desktop-align-left","10":"tablet-align-left","11":"mobile-align-left","13":"first","14":"instock","15":"shipping-taxable","16":"purchasable","17":"product-type-variable","18":"has-default-attributes"},"_links":{"self":[{"href":"https:\/\/ecostera.com\/dk\/wp-json\/wp\/v2\/product\/42507","targetHints":{"allow":["GET"]}}],"collection":[{"href":"https:\/\/ecostera.com\/dk\/wp-json\/wp\/v2\/product"}],"about":[{"href":"https:\/\/ecostera.com\/dk\/wp-json\/wp\/v2\/types\/product"}],"replies":[{"embeddable":true,"href":"https:\/\/ecostera.com\/dk\/wp-json\/wp\/v2\/comments?post=42507"}],"wp:featuredmedia":[{"embeddable":true,"href":"https:\/\/ecostera.com\/dk\/wp-json\/wp\/v2\/media\/42503"}],"wp:attachment":[{"href":"https:\/\/ecostera.com\/dk\/wp-json\/wp\/v2\/media?parent=42507"}],"wp:term":[{"taxonomy":"product_brand","embeddable":true,"href":"https:\/\/ecostera.com\/dk\/wp-json\/wp\/v2\/product_brand?post=42507"},{"taxonomy":"product_cat","embeddable":true,"href":"https:\/\/ecostera.com\/dk\/wp-json\/wp\/v2\/product_cat?post=42507"},{"taxonomy":"product_tag","embeddable":true,"href":"https:\/\/ecostera.com\/dk\/wp-json\/wp\/v2\/product_tag?post=42507"}],"curies":[{"name":"wp","href":"https:\/\/api.w.org\/{rel}","templated":true}]}}