{"id":42565,"date":"2025-12-16T19:45:36","date_gmt":"2025-12-16T17:45:36","guid":{"rendered":"https:\/\/ecostera.com\/dk\/product\/stangholder-med-automatisk-laas\/"},"modified":"2025-12-16T19:45:57","modified_gmt":"2025-12-16T17:45:57","slug":"stangholder-med-automatisk-laas","status":"publish","type":"product","link":"https:\/\/ecostera.com\/dk\/product\/stangholder-med-automatisk-laas\/","title":{"rendered":"Stangholder med automatisk l\u00e5s"},"content":{"rendered":"<p style=\"text-align: center\" data-start=\"0\" data-end=\"66\"><strong data-start=\"0\" data-end=\"66\">Hold din fiskestang sikker og h\u00e5ndfri, uanset hvor du fisker. \ud83c\udfa3<\/strong><\/p>\n<p style=\"text-align: center\" data-start=\"68\" data-end=\"311\">Denne autol\u00e5sende stangholder holder din fiskestang p\u00e5 plads ved hj\u00e6lp af et smart selvl\u00e5sende design. Den er let, holdbar og nem at installere og giver dig mere frihed til at slappe af, agne kroge eller h\u00e5ndtere din fangst uden at skulle bekymre dig om din fiskestang. Et p\u00e5lideligt og praktisk fisketilbeh\u00f8r, der holder din stang sikker, s\u00e5 du kan nyde hvert \u00f8jeblik p\u00e5 vandet.<\/p>\n<p data-start=\"68\" data-end=\"311\"><img fetchpriority=\"high\" decoding=\"async\" class=\"size-full wp-image-45543 aligncenter\" src=\"https:\/\/keluvo.com\/template\/wp-content\/uploads\/sites\/5\/2025\/12\/102213-ezgif.com-video-to-webp-converter-1-1.webp\" alt=\"\" width=\"500\" height=\"500\" \/><\/p>\n<h2 style=\"text-align: center\" data-start=\"313\" data-end=\"333\"><strong>Main Benefits<\/strong><\/h2>\n<p data-start=\"336\" data-end=\"405\">\ud83c\udfa3 Selvl\u00e5sende design &#8211; sikrer automatisk stangen p\u00e5 plads.<\/p>\n<p data-start=\"408\" data-end=\"484\">\ud83e\udeb5 Nem installation af p\u00e6len &#8211; skubbes hurtigt og nemt ned i jorden.<\/p>\n<p data-start=\"487\" data-end=\"565\">\ud83d\udd12 St\u00e6rkt og stabilt greb &#8211; holder stangen stabil under forskellige forhold.<\/p>\n<p data-start=\"568\" data-end=\"635\">\ud83e\uddf3 Let og b\u00e6rbar &#8211; nem at have med p\u00e5 enhver fisketur.<\/p>\n<p data-start=\"638\" data-end=\"727\">\ud83d\udee0\ufe0f Multi-use design &#8211; fungerer som jordholder, bordholder eller b\u00e6rbart stativ.<\/p>\n<p data-start=\"730\" data-end=\"813\">\ud83c\udf27\ufe0f Holdbar og rustbestandig &#8211; bygget til at h\u00e5ndtere udend\u00f8rs og barske milj\u00f8er.<\/p>\n<p data-start=\"730\" data-end=\"813\"><img decoding=\"async\" class=\"size-full wp-image-45542 aligncenter\" src=\"https:\/\/keluvo.com\/template\/wp-content\/uploads\/sites\/5\/2025\/12\/102215-ezgif.com-video-to-webp-converter-1-1.webp\" alt=\"\" width=\"500\" height=\"500\" \/><\/p>\n<h2 style=\"text-align: center\" data-start=\"815\" data-end=\"833\"><strong>How To Use<\/strong><\/h2>\n<ol data-start=\"834\" data-end=\"1056\">\n<li data-start=\"834\" data-end=\"905\">\n<p data-start=\"837\" data-end=\"905\">S\u00e6t holderen i jorden eller placer den p\u00e5 en stabil overflade.<\/p>\n<\/li>\n<li data-start=\"906\" data-end=\"945\">\n<p data-start=\"909\" data-end=\"945\">Juster holderens vinkel, hvis det er n\u00f8dvendigt.<\/p>\n<\/li>\n<li data-start=\"946\" data-end=\"990\">\n<p data-start=\"949\" data-end=\"990\">Placer din fiskestang i holderen.<\/p>\n<\/li>\n<li data-start=\"991\" data-end=\"1056\">\n<p data-start=\"994\" data-end=\"1056\">Lad den selvl\u00e5sende mekanisme sikre stangen automatisk.<\/p>\n<\/li>\n<\/ol>\n<h2 style=\"text-align: center\" data-start=\"1058\" data-end=\"1080\"><strong>Product Details<\/strong><\/h2>\n<ul data-start=\"1081\" data-end=\"1327\">\n<li data-start=\"1154\" data-end=\"1185\">\n<p data-start=\"1156\" data-end=\"1185\">Materiale: metal og plast<\/p>\n<\/li>\n<li data-start=\"1186\" data-end=\"1214\">\n<p data-start=\"1188\" data-end=\"1214\">H\u00f8jde: 36 cm<\/p>\n<\/li>\n<li data-start=\"1215\" data-end=\"1263\">\n<p data-start=\"1217\" data-end=\"1263\">Funktioner: selvl\u00e5sende, justerbar, b\u00e6rbar<\/p>\n<\/li>\n<li data-start=\"1264\" data-end=\"1327\">\n<p data-start=\"1266\" data-end=\"1327\">Brug: fisketure, kystfiskeri, camping, udend\u00f8rs brug<\/p>\n<\/li>\n<\/ul>\n<h2 style=\"text-align: center\" data-start=\"1329\" data-end=\"1352\"><strong>Package Includes<\/strong><\/h2>\n<ul data-start=\"1353\" data-end=\"1379\">\n<li data-start=\"1353\" data-end=\"1379\">\n<p data-start=\"1355\" data-end=\"1379\">1, 2x fiskestangsholder.<\/p>\n<\/li>\n<\/ul>\n","protected":false},"excerpt":{"rendered":"<p>Hold din fiskestang sikker og h\u00e5ndfri, uanset hvor du fisker. \ud83c\udfa3 Denne autol\u00e5sende stangholder holder din fiskestang p\u00e5 plads ved [&hellip;]<\/p>\n","protected":false},"featured_media":42561,"comment_status":"open","ping_status":"closed","template":"","meta":{"site-sidebar-layout":"default","site-content-layout":"","ast-site-content-layout":"default","site-content-style":"default","site-sidebar-style":"default","ast-global-header-display":"","ast-banner-title-visibility":"","ast-main-header-display":"","ast-hfb-above-header-display":"","ast-hfb-below-header-display":"","ast-hfb-mobile-header-display":"","site-post-title":"","ast-breadcrumbs-content":"","ast-featured-img":"","footer-sml-layout":"","theme-transparent-header-meta":"default","adv-header-id-meta":"","stick-header-meta":"","header-above-stick-meta":"","header-main-stick-meta":"","header-below-stick-meta":"","astra-migrate-meta-layouts":"set","ast-page-background-enabled":"default","ast-page-background-meta":{"desktop":{"background-color":"var(--ast-global-color-5)","background-image":"","background-repeat":"repeat","background-position":"center center","background-size":"auto","background-attachment":"scroll","background-type":"","background-media":"","overlay-type":"","overlay-color":"","overlay-opacity":"","overlay-gradient":""},"tablet":{"background-color":"","background-image":"","background-repeat":"repeat","background-position":"center center","background-size":"auto","background-attachment":"scroll","background-type":"","background-media":"","overlay-type":"","overlay-color":"","overlay-opacity":"","overlay-gradient":""},"mobile":{"background-color":"","background-image":"","background-repeat":"repeat","background-position":"center center","background-size":"auto","background-attachment":"scroll","background-type":"","background-media":"","overlay-type":"","overlay-color":"","overlay-opacity":"","overlay-gradient":""}},"ast-content-background-meta":{"desktop":{"background-color":"var(--ast-global-color-4)","background-image":"","background-repeat":"repeat","background-position":"center center","background-size":"auto","background-attachment":"scroll","background-type":"","background-media":"","overlay-type":"","overlay-color":"","overlay-opacity":"","overlay-gradient":""},"tablet":{"background-color":"var(--ast-global-color-4)","background-image":"","background-repeat":"repeat","background-position":"center center","background-size":"auto","background-attachment":"scroll","background-type":"","background-media":"","overlay-type":"","overlay-color":"","overlay-opacity":"","overlay-gradient":""},"mobile":{"background-color":"var(--ast-global-color-4)","background-image":"","background-repeat":"repeat","background-position":"center center","background-size":"auto","background-attachment":"scroll","background-type":"","background-media":"","overlay-type":"","overlay-color":"","overlay-opacity":"","overlay-gradient":""}}},"product_brand":[],"product_cat":[19],"product_tag":[],"class_list":{"0":"post-42565","1":"product","2":"type-product","3":"status-publish","4":"has-post-thumbnail","6":"product_cat-uncategorized","7":"pa_59995_1wx4wep3-1-stk","8":"pa_59995_1wx4wep3-2-stk","9":"pa_59995_hj15y93x-blaa","10":"pa_59995_hj15y93x-orange","11":"desktop-align-left","12":"tablet-align-left","13":"mobile-align-left","15":"first","16":"instock","17":"shipping-taxable","18":"purchasable","19":"product-type-variable","20":"has-default-attributes"},"_links":{"self":[{"href":"https:\/\/ecostera.com\/dk\/wp-json\/wp\/v2\/product\/42565","targetHints":{"allow":["GET"]}}],"collection":[{"href":"https:\/\/ecostera.com\/dk\/wp-json\/wp\/v2\/product"}],"about":[{"href":"https:\/\/ecostera.com\/dk\/wp-json\/wp\/v2\/types\/product"}],"replies":[{"embeddable":true,"href":"https:\/\/ecostera.com\/dk\/wp-json\/wp\/v2\/comments?post=42565"}],"wp:featuredmedia":[{"embeddable":true,"href":"https:\/\/ecostera.com\/dk\/wp-json\/wp\/v2\/media\/42561"}],"wp:attachment":[{"href":"https:\/\/ecostera.com\/dk\/wp-json\/wp\/v2\/media?parent=42565"}],"wp:term":[{"taxonomy":"product_brand","embeddable":true,"href":"https:\/\/ecostera.com\/dk\/wp-json\/wp\/v2\/product_brand?post=42565"},{"taxonomy":"product_cat","embeddable":true,"href":"https:\/\/ecostera.com\/dk\/wp-json\/wp\/v2\/product_cat?post=42565"},{"taxonomy":"product_tag","embeddable":true,"href":"https:\/\/ecostera.com\/dk\/wp-json\/wp\/v2\/product_tag?post=42565"}],"curies":[{"name":"wp","href":"https:\/\/api.w.org\/{rel}","templated":true}]}}