{"id":42640,"date":"2025-12-16T19:55:21","date_gmt":"2025-12-16T17:55:21","guid":{"rendered":"https:\/\/ecostera.com\/dk\/product\/symaskinens-falsningsenhed\/"},"modified":"2025-12-19T16:10:19","modified_gmt":"2025-12-19T14:10:19","slug":"symaskinens-falsningsenhed","status":"publish","type":"product","link":"https:\/\/ecostera.com\/dk\/product\/symaskinens-falsningsenhed\/","title":{"rendered":"Symaskinens falsningsenhed"},"content":{"rendered":"<div class=\"flex flex-col text-sm pb-25\">\n<article class=\"text-token-text-primary w-full focus:outline-none [--shadow-height:45px] has-data-writing-block:pointer-events-none has-data-writing-block:-mt-(--shadow-height) has-data-writing-block:pt-(--shadow-height) [&amp;:has([data-writing-block])&gt;*]:pointer-events-auto scroll-mt-[calc(var(--header-height)+min(200px,max(70px,20svh)))]\" dir=\"auto\" data-turn-id=\"request-6936fe07-cfbc-8332-90bd-b8a479fabfb7-4\" data-testid=\"conversation-turn-108\" data-scroll-anchor=\"true\" data-turn=\"assistant\">\n<div class=\"text-base my-auto mx-auto pb-10 [--thread-content-margin:--spacing(4)] @w-sm\/main:[--thread-content-margin:--spacing(6)] @w-lg\/main:[--thread-content-margin:--spacing(16)] px-(--thread-content-margin)\">\n<div class=\"[--thread-content-max-width:40rem] @w-lg\/main:[--thread-content-max-width:48rem] mx-auto max-w-(--thread-content-max-width) flex-1 group\/turn-messages focus-visible:outline-hidden relative flex w-full min-w-0 flex-col agent-turn\">\n<div class=\"flex max-w-full flex-col grow\">\n<div class=\"min-h-8 text-message relative flex w-full flex-col items-end gap-2 text-start break-words whitespace-normal [.text-message+&amp;]:mt-1\" dir=\"auto\" data-message-author-role=\"assistant\" data-message-id=\"88768ba9-ed4b-4f5f-9d75-eeeb5f62c4b5\" data-message-model-slug=\"gpt-5-2\">\n<div class=\"flex w-full flex-col gap-1 empty:hidden first:pt-[1px]\">\n<div class=\"markdown prose dark:prose-invert w-full break-words light markdown-new-styling\">\n<p style=\"text-align: center;\" data-start=\"0\" data-end=\"73\"><strong data-start=\"0\" data-end=\"73\">Lav Rene, Professionelle S\u00f8mme Hurtigt Og Nemt Med Hvert Eneste Sting. \ud83e\uddf5<\/strong><\/p>\n<p style=\"text-align: center;\" data-start=\"75\" data-end=\"298\">Denne symaskinefals hj\u00e6lper med at folde og sy stofkanter j\u00e6vnt for en p\u00e6n finish. Den styrer stoffet automatisk, hvilket sparer tid og kr\u00e6fter, samtidig med at den leverer ensartede resultater til hjemme- eller flade symaskiner.<\/p>\n<p data-start=\"75\" data-end=\"298\"><img fetchpriority=\"high\" decoding=\"async\" class=\"size-full wp-image-45693 aligncenter\" src=\"https:\/\/keluvo.com\/template\/wp-content\/uploads\/sites\/5\/2025\/12\/10225-ezgif.com-video-to-webp-converter-5.webp\" alt=\"\" width=\"500\" height=\"500\" \/><\/p>\n<h2 style=\"text-align: center;\" data-start=\"300\" data-end=\"320\"><strong>\ud83e\uddf5 Vigtigste Fordele<\/strong><\/h2>\n<p data-start=\"323\" data-end=\"379\">\u2728 P\u00e6ne s\u00f8mme &#8211; skaber rene, j\u00e6vne kanter hver gang.<\/p>\n<p data-start=\"382\" data-end=\"459\">\ud83d\udd01 Dobbelt- og firfoldning &#8211; fleksible foldemuligheder til forskellige projekter.<\/p>\n<p data-start=\"462\" data-end=\"521\">\u2699\ufe0f J\u00e6vn styring &#8211; fremf\u00f8rer stoffet j\u00e6vnt under syning.<\/p>\n<p data-start=\"524\" data-end=\"587\">\ud83e\uddf1 Holdbar legering &#8211; rustfri og bygget til langvarig brug.<\/p>\n<p data-start=\"590\" data-end=\"654\">\ud83d\udcd0 Flere st\u00f8rrelser &#8211; v\u00e6lg den bredde, der passer til dit stof.<\/p>\n<p data-start=\"590\" data-end=\"654\"><img decoding=\"async\" class=\"size-full wp-image-45692 aligncenter\" src=\"https:\/\/keluvo.com\/template\/wp-content\/uploads\/sites\/5\/2025\/12\/10226-ezgif.com-video-to-webp-converter-5.webp\" alt=\"\" width=\"500\" height=\"500\" \/><\/p>\n<h2 style=\"text-align: center;\" data-start=\"656\" data-end=\"674\"><strong>\ud83d\udd79\ufe0f S\u00e5dan Bruges<\/strong><\/h2>\n<ol data-start=\"675\" data-end=\"974\">\n<li data-start=\"675\" data-end=\"741\">\n<p data-start=\"678\" data-end=\"741\">V\u00e6lg den korrekte indl\u00f8bs- og slutbredde til dit projekt.<\/p>\n<\/li>\n<li data-start=\"742\" data-end=\"813\">\n<p data-start=\"745\" data-end=\"813\">S\u00e6t bindet fast p\u00e5 symaskinen med de medf\u00f8lgende skruer.<\/p>\n<\/li>\n<li data-start=\"814\" data-end=\"860\">\n<p data-start=\"817\" data-end=\"860\">S\u00e6t stoffet ind i indl\u00f8bs\u00e5bningen.<\/p>\n<\/li>\n<li data-start=\"861\" data-end=\"924\">\n<p data-start=\"864\" data-end=\"924\">Begynd at sy, og lad bindet folde og styre stoffet.<\/p>\n<\/li>\n<li data-start=\"925\" data-end=\"974\">\n<p data-start=\"928\" data-end=\"974\">Forts\u00e6t med at sy for at f\u00e5 en glat, f\u00e6rdig kant.<\/p>\n<\/li>\n<\/ol>\n<h2 style=\"text-align: center;\" data-start=\"976\" data-end=\"998\"><strong>\ud83d\udccf Produktdetaljer<\/strong><\/h2>\n<ul data-start=\"999\" data-end=\"1175\">\n<li data-start=\"999\" data-end=\"1018\">\n<p data-start=\"1001\" data-end=\"1018\">Materiale: Legering<\/p>\n<\/li>\n<li data-start=\"1019\" data-end=\"1036\">\n<p data-start=\"1021\" data-end=\"1036\">Farve: S\u00f8lv<\/p>\n<\/li>\n<li data-start=\"1037\" data-end=\"1070\">\n<p data-start=\"1039\" data-end=\"1070\">Muligheder for indl\u00f8bsbredde: 22-40 mm<\/p>\n<\/li>\n<li data-start=\"1071\" data-end=\"1108\">\n<p data-start=\"1073\" data-end=\"1108\">F\u00e6rdige breddeindstillinger: 5,5-12 mm<\/p>\n<\/li>\n<li data-start=\"1109\" data-end=\"1175\">\n<p data-start=\"1111\" data-end=\"1175\">Kompatibel med: Flade symaskiner og hjemmesymaskiner<\/p>\n<\/li>\n<\/ul>\n<h2 style=\"text-align: center;\" data-start=\"1177\" data-end=\"1200\"><strong>\ud83d\udce6 Pakken indeholder<\/strong><\/h2>\n<ul data-start=\"1201\" data-end=\"1264\" data-is-last-node=\"\" data-is-only-node=\"\">\n<li data-start=\"1201\" data-end=\"1238\">\n<p data-start=\"1203\" data-end=\"1238\">1x symaskinefalsningsenhed.<\/p>\n<\/li>\n<li data-start=\"1239\" data-end=\"1264\" data-is-last-node=\"\">\n<p data-start=\"1241\" data-end=\"1264\" data-is-last-node=\"\">2x monteringsskruer.<\/p>\n<\/li>\n<\/ul>\n<\/div>\n<\/div>\n<\/div>\n<\/div>\n<\/div>\n<\/div>\n<\/article>\n<p>&nbsp;<\/p>\n<\/div>\n","protected":false},"excerpt":{"rendered":"<p>Lav Rene, Professionelle S\u00f8mme Hurtigt Og Nemt Med Hvert Eneste Sting. \ud83e\uddf5 Denne symaskinefals hj\u00e6lper med at folde og sy [&hellip;]<\/p>\n","protected":false},"featured_media":42636,"comment_status":"open","ping_status":"closed","template":"","meta":{"site-sidebar-layout":"default","site-content-layout":"","ast-site-content-layout":"default","site-content-style":"default","site-sidebar-style":"default","ast-global-header-display":"","ast-banner-title-visibility":"","ast-main-header-display":"","ast-hfb-above-header-display":"","ast-hfb-below-header-display":"","ast-hfb-mobile-header-display":"","site-post-title":"","ast-breadcrumbs-content":"","ast-featured-img":"","footer-sml-layout":"","theme-transparent-header-meta":"default","adv-header-id-meta":"","stick-header-meta":"","header-above-stick-meta":"","header-main-stick-meta":"","header-below-stick-meta":"","astra-migrate-meta-layouts":"set","ast-page-background-enabled":"default","ast-page-background-meta":{"desktop":{"background-color":"var(--ast-global-color-5)","background-image":"","background-repeat":"repeat","background-position":"center center","background-size":"auto","background-attachment":"scroll","background-type":"","background-media":"","overlay-type":"","overlay-color":"","overlay-opacity":"","overlay-gradient":""},"tablet":{"background-color":"","background-image":"","background-repeat":"repeat","background-position":"center center","background-size":"auto","background-attachment":"scroll","background-type":"","background-media":"","overlay-type":"","overlay-color":"","overlay-opacity":"","overlay-gradient":""},"mobile":{"background-color":"","background-image":"","background-repeat":"repeat","background-position":"center center","background-size":"auto","background-attachment":"scroll","background-type":"","background-media":"","overlay-type":"","overlay-color":"","overlay-opacity":"","overlay-gradient":""}},"ast-content-background-meta":{"desktop":{"background-color":"var(--ast-global-color-4)","background-image":"","background-repeat":"repeat","background-position":"center center","background-size":"auto","background-attachment":"scroll","background-type":"","background-media":"","overlay-type":"","overlay-color":"","overlay-opacity":"","overlay-gradient":""},"tablet":{"background-color":"var(--ast-global-color-4)","background-image":"","background-repeat":"repeat","background-position":"center center","background-size":"auto","background-attachment":"scroll","background-type":"","background-media":"","overlay-type":"","overlay-color":"","overlay-opacity":"","overlay-gradient":""},"mobile":{"background-color":"var(--ast-global-color-4)","background-image":"","background-repeat":"repeat","background-position":"center center","background-size":"auto","background-attachment":"scroll","background-type":"","background-media":"","overlay-type":"","overlay-color":"","overlay-opacity":"","overlay-gradient":""}}},"product_brand":[],"product_cat":[19],"product_tag":[],"class_list":{"0":"post-42640","1":"product","2":"type-product","3":"status-publish","4":"has-post-thumbnail","6":"product_cat-uncategorized","7":"pa_60027_5cy7ytej-22-mm","8":"pa_60027_5cy7ytej-24-mm","9":"pa_60027_5cy7ytej-26-mm","10":"pa_60027_5cy7ytej-28-mm","11":"pa_60027_5cy7ytej-30-mm","12":"pa_60027_5cy7ytej-32-mm","13":"pa_60027_5cy7ytej-34-mm","14":"pa_60027_5cy7ytej-36-mm","15":"pa_60027_5cy7ytej-38-mm","16":"pa_60027_5cy7ytej-40-mm","17":"desktop-align-left","18":"tablet-align-left","19":"mobile-align-left","21":"first","22":"instock","23":"shipping-taxable","24":"purchasable","25":"product-type-variable"},"_links":{"self":[{"href":"https:\/\/ecostera.com\/dk\/wp-json\/wp\/v2\/product\/42640","targetHints":{"allow":["GET"]}}],"collection":[{"href":"https:\/\/ecostera.com\/dk\/wp-json\/wp\/v2\/product"}],"about":[{"href":"https:\/\/ecostera.com\/dk\/wp-json\/wp\/v2\/types\/product"}],"replies":[{"embeddable":true,"href":"https:\/\/ecostera.com\/dk\/wp-json\/wp\/v2\/comments?post=42640"}],"wp:featuredmedia":[{"embeddable":true,"href":"https:\/\/ecostera.com\/dk\/wp-json\/wp\/v2\/media\/42636"}],"wp:attachment":[{"href":"https:\/\/ecostera.com\/dk\/wp-json\/wp\/v2\/media?parent=42640"}],"wp:term":[{"taxonomy":"product_brand","embeddable":true,"href":"https:\/\/ecostera.com\/dk\/wp-json\/wp\/v2\/product_brand?post=42640"},{"taxonomy":"product_cat","embeddable":true,"href":"https:\/\/ecostera.com\/dk\/wp-json\/wp\/v2\/product_cat?post=42640"},{"taxonomy":"product_tag","embeddable":true,"href":"https:\/\/ecostera.com\/dk\/wp-json\/wp\/v2\/product_tag?post=42640"}],"curies":[{"name":"wp","href":"https:\/\/api.w.org\/{rel}","templated":true}]}}