{"id":42875,"date":"2025-12-17T19:09:31","date_gmt":"2025-12-17T17:09:31","guid":{"rendered":"https:\/\/ecostera.com\/dk\/product\/saet-til-lokalisering-af-haengselshuller\/"},"modified":"2025-12-19T16:20:13","modified_gmt":"2025-12-19T14:20:13","slug":"saet-til-lokalisering-af-haengselshuller","status":"publish","type":"product","link":"https:\/\/ecostera.com\/dk\/product\/saet-til-lokalisering-af-haengselshuller\/","title":{"rendered":"S\u00e6t til lokalisering af h\u00e6ngselshuller"},"content":{"rendered":"<p style=\"text-align: center;\" data-start=\"0\" data-end=\"64\"><strong data-start=\"0\" data-end=\"64\">Bor perfekte h\u00e6ngselhuller hurtigt og pr\u00e6cist hver gang. \ud83d\udee0\ufe0f<\/strong><\/p>\n<p style=\"text-align: center;\" data-start=\"66\" data-end=\"356\">Dette s\u00e6t til lokalisering af h\u00e6ngselhuller hj\u00e6lper dig med at installere skabsh\u00e6ngsler med pr\u00e6cision og sikkerhed. Dette v\u00e6rkt\u00f8j er designet til 35 mm skjulte h\u00e6ngsler og sikrer rene, centrerede huller uden g\u00e6tterier. Det sparer tid, reducerer fejl og giver professionelle resultater til g\u00f8r-det-selv-projekter og m\u00f8belarbejde.<\/p>\n<p data-start=\"66\" data-end=\"356\"><img fetchpriority=\"high\" decoding=\"async\" class=\"size-full wp-image-45948 aligncenter\" src=\"https:\/\/keluvo.com\/template\/wp-content\/uploads\/sites\/5\/2025\/12\/102212-ezgif.com-video-to-webp-converter-3.webp\" alt=\"\" width=\"500\" height=\"667\" \/><\/p>\n<h2 style=\"text-align: center;\" data-start=\"358\" data-end=\"377\">Vigtigste fordele<\/h2>\n<p data-start=\"380\" data-end=\"443\">\ud83c\udfaf Pr\u00e6cis justering af h\u00e6ngsler &#8211; sikrer n\u00f8jagtige 35 mm huller.<\/p>\n<p data-start=\"446\" data-end=\"512\">\ud83d\udee0\ufe0f Justerbar positionering &#8211; passer til plader med en tykkelse p\u00e5 15-20 mm.<\/p>\n<p data-start=\"515\" data-end=\"569\">\ud83d\udd29 St\u00e6rk st\u00e5lkonstruktion &#8211; holdbar og langtidsholdbar.<\/p>\n<p data-start=\"572\" data-end=\"635\">\u26a1 Hurtig installation &#8211; fremskynder skabs- og d\u00f8rprojekter.<\/p>\n<p data-start=\"638\" data-end=\"701\">\ud83d\udc4c Let at bruge &#8211; Velegnet til begyndere og professionelle.<\/p>\n<p data-start=\"638\" data-end=\"701\"><img decoding=\"async\" class=\"size-full wp-image-45949 aligncenter\" src=\"https:\/\/keluvo.com\/template\/wp-content\/uploads\/sites\/5\/2025\/12\/102211-ezgif.com-video-to-webp-converter-3.webp\" alt=\"\" width=\"500\" height=\"667\" \/><\/p>\n<h2 style=\"text-align: center;\" data-start=\"703\" data-end=\"720\">S\u00e5dan bruges<\/h2>\n<ol data-start=\"721\" data-end=\"978\">\n<li data-start=\"721\" data-end=\"774\">\n<p data-start=\"724\" data-end=\"774\">Juster lokalisatoren, s\u00e5 den passer til pladetykkelsen.<\/p>\n<\/li>\n<li data-start=\"775\" data-end=\"836\">\n<p data-start=\"778\" data-end=\"836\">Placer skabelonen, hvor h\u00e6ngslet skal monteres.<\/p>\n<\/li>\n<li data-start=\"837\" data-end=\"872\">\n<p data-start=\"840\" data-end=\"872\">S\u00e6t den godt fast p\u00e5 panelet.<\/p>\n<\/li>\n<li data-start=\"873\" data-end=\"931\">\n<p data-start=\"876\" data-end=\"931\">Bor gennem guiden med det medf\u00f8lgende bor.<\/p>\n<\/li>\n<li data-start=\"932\" data-end=\"978\">\n<p data-start=\"935\" data-end=\"978\">Fjern lokalisatoren, og monter h\u00e6ngslet.<\/p>\n<\/li>\n<\/ol>\n<h2 style=\"text-align: center;\" data-start=\"980\" data-end=\"1002\">Produktdetaljer<\/h2>\n<ul data-start=\"1003\" data-end=\"1177\">\n<li data-start=\"1040\" data-end=\"1060\">\n<p data-start=\"1042\" data-end=\"1060\">Hulst\u00f8rrelse: 35 mm<\/p>\n<\/li>\n<li data-start=\"1061\" data-end=\"1092\">\n<p data-start=\"1063\" data-end=\"1092\">Materiale: St\u00e5l med h\u00f8jt kulstofindhold<\/p>\n<\/li>\n<li data-start=\"1126\" data-end=\"1177\">\n<p data-start=\"1128\" data-end=\"1177\">Anvendelse: Skabsl\u00e5ger og skjulte h\u00e6ngsler<\/p>\n<\/li>\n<li data-start=\"1126\" data-end=\"1177\">St\u00f8rrelse: 14,5 x 5,8 cm<\/li>\n<\/ul>\n<h2 style=\"text-align: center;\" data-start=\"1179\" data-end=\"1202\">Pakken indeholder<\/h2>\n<ul data-start=\"1203\" data-end=\"1378\" data-is-last-node=\"\" data-is-only-node=\"\">\n<li data-start=\"1203\" data-end=\"1224\">\n<p data-start=\"1205\" data-end=\"1224\">1x h\u00e6ngsellokator<\/p>\n<\/li>\n<li data-start=\"1225\" data-end=\"1249\">\n<p data-start=\"1227\" data-end=\"1249\">1x sekskantn\u00f8gle<\/p>\n<\/li>\n<li data-start=\"1250\" data-end=\"1274\">\n<p data-start=\"1252\" data-end=\"1274\">1x 12 mm begr\u00e6nsningsring<\/p>\n<\/li>\n<li data-start=\"1275\" data-end=\"1316\">\n<p data-start=\"1277\" data-end=\"1316\">1x 2,5 mm h\u00f8jhastighedsst\u00e5lbor<\/p>\n<\/li>\n<li data-start=\"1317\" data-end=\"1334\">\n<p data-start=\"1319\" data-end=\"1334\">1x batchbit<\/p>\n<\/li>\n<li data-start=\"1335\" data-end=\"1378\" data-is-last-node=\"\">\n<p data-start=\"1337\" data-end=\"1378\" data-is-last-node=\"\">1x 35 mm hul\u00e5bningsbor (sekskanth\u00e5ndtag).<\/p>\n<\/li>\n<\/ul>\n","protected":false},"excerpt":{"rendered":"<p>Bor perfekte h\u00e6ngselhuller hurtigt og pr\u00e6cist hver gang. \ud83d\udee0\ufe0f Dette s\u00e6t til lokalisering af h\u00e6ngselhuller hj\u00e6lper dig med at installere [&hellip;]<\/p>\n","protected":false},"featured_media":42871,"comment_status":"open","ping_status":"closed","template":"","meta":{"site-sidebar-layout":"default","site-content-layout":"","ast-site-content-layout":"default","site-content-style":"default","site-sidebar-style":"default","ast-global-header-display":"","ast-banner-title-visibility":"","ast-main-header-display":"","ast-hfb-above-header-display":"","ast-hfb-below-header-display":"","ast-hfb-mobile-header-display":"","site-post-title":"","ast-breadcrumbs-content":"","ast-featured-img":"","footer-sml-layout":"","theme-transparent-header-meta":"default","adv-header-id-meta":"","stick-header-meta":"","header-above-stick-meta":"","header-main-stick-meta":"","header-below-stick-meta":"","astra-migrate-meta-layouts":"set","ast-page-background-enabled":"default","ast-page-background-meta":{"desktop":{"background-color":"var(--ast-global-color-5)","background-image":"","background-repeat":"repeat","background-position":"center center","background-size":"auto","background-attachment":"scroll","background-type":"","background-media":"","overlay-type":"","overlay-color":"","overlay-opacity":"","overlay-gradient":""},"tablet":{"background-color":"","background-image":"","background-repeat":"repeat","background-position":"center center","background-size":"auto","background-attachment":"scroll","background-type":"","background-media":"","overlay-type":"","overlay-color":"","overlay-opacity":"","overlay-gradient":""},"mobile":{"background-color":"","background-image":"","background-repeat":"repeat","background-position":"center center","background-size":"auto","background-attachment":"scroll","background-type":"","background-media":"","overlay-type":"","overlay-color":"","overlay-opacity":"","overlay-gradient":""}},"ast-content-background-meta":{"desktop":{"background-color":"var(--ast-global-color-4)","background-image":"","background-repeat":"repeat","background-position":"center center","background-size":"auto","background-attachment":"scroll","background-type":"","background-media":"","overlay-type":"","overlay-color":"","overlay-opacity":"","overlay-gradient":""},"tablet":{"background-color":"var(--ast-global-color-4)","background-image":"","background-repeat":"repeat","background-position":"center center","background-size":"auto","background-attachment":"scroll","background-type":"","background-media":"","overlay-type":"","overlay-color":"","overlay-opacity":"","overlay-gradient":""},"mobile":{"background-color":"var(--ast-global-color-4)","background-image":"","background-repeat":"repeat","background-position":"center center","background-size":"auto","background-attachment":"scroll","background-type":"","background-media":"","overlay-type":"","overlay-color":"","overlay-opacity":"","overlay-gradient":""}}},"product_brand":[],"product_cat":[19],"product_tag":[],"class_list":{"0":"post-42875","1":"product","2":"type-product","3":"status-publish","4":"has-post-thumbnail","6":"product_cat-uncategorized","7":"pa_60107_991vy48b-soelv","8":"pa_60107_991vy48b-sort","9":"desktop-align-left","10":"tablet-align-left","11":"mobile-align-left","13":"first","14":"instock","15":"shipping-taxable","16":"purchasable","17":"product-type-variable"},"_links":{"self":[{"href":"https:\/\/ecostera.com\/dk\/wp-json\/wp\/v2\/product\/42875","targetHints":{"allow":["GET"]}}],"collection":[{"href":"https:\/\/ecostera.com\/dk\/wp-json\/wp\/v2\/product"}],"about":[{"href":"https:\/\/ecostera.com\/dk\/wp-json\/wp\/v2\/types\/product"}],"replies":[{"embeddable":true,"href":"https:\/\/ecostera.com\/dk\/wp-json\/wp\/v2\/comments?post=42875"}],"wp:featuredmedia":[{"embeddable":true,"href":"https:\/\/ecostera.com\/dk\/wp-json\/wp\/v2\/media\/42871"}],"wp:attachment":[{"href":"https:\/\/ecostera.com\/dk\/wp-json\/wp\/v2\/media?parent=42875"}],"wp:term":[{"taxonomy":"product_brand","embeddable":true,"href":"https:\/\/ecostera.com\/dk\/wp-json\/wp\/v2\/product_brand?post=42875"},{"taxonomy":"product_cat","embeddable":true,"href":"https:\/\/ecostera.com\/dk\/wp-json\/wp\/v2\/product_cat?post=42875"},{"taxonomy":"product_tag","embeddable":true,"href":"https:\/\/ecostera.com\/dk\/wp-json\/wp\/v2\/product_tag?post=42875"}],"curies":[{"name":"wp","href":"https:\/\/api.w.org\/{rel}","templated":true}]}}