{"id":42888,"date":"2025-12-17T19:11:31","date_gmt":"2025-12-17T17:11:31","guid":{"rendered":"https:\/\/ecostera.com\/dk\/product\/traebearbejdningssavens-materialeudtraekker\/"},"modified":"2025-12-19T16:22:00","modified_gmt":"2025-12-19T14:22:00","slug":"traebearbejdningssavens-materialeudtraekker","status":"publish","type":"product","link":"https:\/\/ecostera.com\/dk\/product\/traebearbejdningssavens-materialeudtraekker\/","title":{"rendered":"Tr\u00e6bearbejdningssavens materialeudtr\u00e6kker"},"content":{"rendered":"<div class=\"flex flex-col text-sm pb-25\">\n<article class=\"text-token-text-primary w-full focus:outline-none [--shadow-height:45px] has-data-writing-block:pointer-events-none has-data-writing-block:-mt-(--shadow-height) has-data-writing-block:pt-(--shadow-height) [&amp;:has([data-writing-block])&gt;*]:pointer-events-auto [content-visibility:auto] supports-[content-visibility:auto]:[contain-intrinsic-size:auto_100lvh] scroll-mt-[calc(var(--header-height)+min(200px,max(70px,20svh)))]\" dir=\"auto\" data-turn-id=\"c49e2d14-0e7b-4ccc-9fff-55b559649bdb\" data-testid=\"conversation-turn-122\" data-scroll-anchor=\"true\" data-turn=\"assistant\">\n<div class=\"text-base my-auto mx-auto pb-10 [--thread-content-margin:--spacing(4)] @w-sm\/main:[--thread-content-margin:--spacing(6)] @w-lg\/main:[--thread-content-margin:--spacing(16)] px-(--thread-content-margin)\">\n<div class=\"[--thread-content-max-width:40rem] @w-lg\/main:[--thread-content-max-width:48rem] mx-auto max-w-(--thread-content-max-width) flex-1 group\/turn-messages focus-visible:outline-hidden relative flex w-full min-w-0 flex-col agent-turn\">\n<div class=\"flex max-w-full flex-col grow\">\n<div class=\"min-h-8 text-message relative flex w-full flex-col items-end gap-2 text-start break-words whitespace-normal [.text-message+&amp;]:mt-1\" dir=\"auto\" data-message-author-role=\"assistant\" data-message-id=\"c49e2d14-0e7b-4ccc-9fff-55b559649bdb\" data-message-model-slug=\"gpt-5-2\">\n<div class=\"flex w-full flex-col gap-1 empty:hidden first:pt-[1px]\">\n<div class=\"markdown prose dark:prose-invert w-full break-words light markdown-new-styling\">\n<p style=\"text-align: center;\" data-start=\"0\" data-end=\"67\"><strong data-start=\"0\" data-end=\"67\">Genopret Rene, Glatte Snit Ved At Indstille Savt\u00e6nderne Korrekt. \ud83c\udf32<\/strong><\/p>\n<p style=\"text-align: center;\" data-start=\"69\" data-end=\"336\">Denne tr\u00e6bearbejdningssavs materialetr\u00e6kketang hj\u00e6lper dig med at justere savbanen ved at b\u00f8je savt\u00e6nderne j\u00e6vnt til venstre og h\u00f8jre. Dette genopretter sk\u00e6reeffektiviteten p\u00e5 nye eller gamle save og forhindrer binding, mens du sk\u00e6rer i tr\u00e6. Det er et vigtigt v\u00e6rkt\u00f8j for alle, der arbejder med h\u00e5ndsave.<\/p>\n<p data-start=\"69\" data-end=\"336\"><img fetchpriority=\"high\" decoding=\"async\" class=\"size-full wp-image-45960 aligncenter\" src=\"https:\/\/keluvo.com\/template\/wp-content\/uploads\/sites\/5\/2025\/12\/102213-ezgif.com-video-to-webp-converter-3.webp\" alt=\"\" width=\"500\" height=\"667\" \/><\/p>\n<h2 style=\"text-align: center;\" data-start=\"623\" data-end=\"642\">\u2b50 Vigtigste fordele<\/h2>\n<p data-start=\"645\" data-end=\"710\">\u2702\ufe0f Forbedrer sk\u00e6reevnen &#8211; Gendanner den korrekte savbane.<\/p>\n<p data-start=\"713\" data-end=\"787\">\ud83c\udf32 Til tr\u00e6\u00e5rer og krydssk\u00e6ring &#8211; Underst\u00f8tter forskellige savstile.<\/p>\n<p data-start=\"790\" data-end=\"844\">\ud83d\udd29 St\u00e6rk st\u00e5lkonstruktion &#8211; Holdbar og langtidsholdbar.<\/p>\n<p data-start=\"847\" data-end=\"914\">\ud83d\udc41\ufe0f Valgfrit forst\u00f8rrelsesglas &#8211; Bedre pr\u00e6cision p\u00e5 fine t\u00e6nder.<\/p>\n<p data-start=\"917\" data-end=\"984\">\ud83d\udd90\ufe0f Nem h\u00e5ndkontrol &#8211; Behageligt greb og pr\u00e6cist tryk.<\/p>\n<p data-start=\"917\" data-end=\"984\"><img decoding=\"async\" class=\" wp-image-45959 aligncenter\" src=\"https:\/\/keluvo.com\/template\/wp-content\/uploads\/sites\/5\/2025\/12\/237bab42-7c82-419c-8220-dd8aaaa40ea0.gif\" alt=\"\" width=\"500\" height=\"500\" \/><\/p>\n<h2 style=\"text-align: center;\" data-start=\"986\" data-end=\"1004\"><strong>\ud83d\udee0\ufe0f S\u00e5dan Bruges<\/strong><\/h2>\n<ol data-start=\"1005\" data-end=\"1225\">\n<li data-start=\"1005\" data-end=\"1060\">\n<p data-start=\"1008\" data-end=\"1060\">Identificer savtypen (lige snit eller tv\u00e6rsnit).<\/p>\n<\/li>\n<li data-start=\"1061\" data-end=\"1098\">\n<p data-start=\"1064\" data-end=\"1098\">Placer tangen p\u00e5 en savtand.<\/p>\n<\/li>\n<li data-start=\"1099\" data-end=\"1150\">\n<p data-start=\"1102\" data-end=\"1150\">B\u00f8j forsigtigt tanden til venstre eller h\u00f8jre efter behov.<\/p>\n<\/li>\n<li data-start=\"1151\" data-end=\"1187\">\n<p data-start=\"1154\" data-end=\"1187\">Gentag j\u00e6vnt over hele klingen.<\/p>\n<\/li>\n<li data-start=\"1188\" data-end=\"1225\">\n<p data-start=\"1191\" data-end=\"1225\">Test saven for j\u00e6vn sk\u00e6ring.<\/p>\n<\/li>\n<\/ol>\n<h2 style=\"text-align: center;\" data-start=\"1227\" data-end=\"1249\"><strong>\ud83d\udccf Produktdetaljer<\/strong><\/h2>\n<ul data-start=\"1250\" data-end=\"1489\">\n<li data-start=\"1292\" data-end=\"1333\">\n<p data-start=\"1294\" data-end=\"1333\">Anvendelse: Justering af savt\u00e6nder til tr\u00e6bearbejdning<\/p>\n<\/li>\n<li data-start=\"1334\" data-end=\"1391\">\n<p data-start=\"1336\" data-end=\"1391\">Materiale: Stempel af h\u00f8jkulstofst\u00e5l + h\u00e5ndtag af zinklegering<\/p>\n<\/li>\n<li data-start=\"1392\" data-end=\"1434\">\n<p data-start=\"1394\" data-end=\"1434\">Type: Med eller uden forst\u00f8rrelsesglas<\/p>\n<\/li>\n<li data-start=\"1435\" data-end=\"1489\">\n<p data-start=\"1437\" data-end=\"1489\">Funktion: Justerer savtandens bredde og sk\u00e6rebane<\/p>\n<\/li>\n<\/ul>\n<h2 style=\"text-align: center;\" data-start=\"1491\" data-end=\"1514\"><strong>\ud83d\udce6 Pakken indeholder<\/strong><\/h2>\n<ul data-start=\"1515\" data-end=\"1544\" data-is-last-node=\"\" data-is-only-node=\"\">\n<li data-start=\"1515\" data-end=\"1544\" data-is-last-node=\"\">\n<p data-start=\"1517\" data-end=\"1544\" data-is-last-node=\"\">1x tr\u00e6bearbejdningssavs materialeudtr\u00e6kningstang.<\/p>\n<\/li>\n<\/ul>\n<\/div>\n<\/div>\n<\/div>\n<\/div>\n<\/div>\n<\/div>\n<\/article>\n<\/div>\n","protected":false},"excerpt":{"rendered":"<p>Genopret Rene, Glatte Snit Ved At Indstille Savt\u00e6nderne Korrekt. \ud83c\udf32 Denne tr\u00e6bearbejdningssavs materialetr\u00e6kketang hj\u00e6lper dig med at justere savbanen ved [&hellip;]<\/p>\n","protected":false},"featured_media":42884,"comment_status":"open","ping_status":"closed","template":"","meta":{"site-sidebar-layout":"default","site-content-layout":"","ast-site-content-layout":"default","site-content-style":"default","site-sidebar-style":"default","ast-global-header-display":"","ast-banner-title-visibility":"","ast-main-header-display":"","ast-hfb-above-header-display":"","ast-hfb-below-header-display":"","ast-hfb-mobile-header-display":"","site-post-title":"","ast-breadcrumbs-content":"","ast-featured-img":"","footer-sml-layout":"","theme-transparent-header-meta":"default","adv-header-id-meta":"","stick-header-meta":"","header-above-stick-meta":"","header-main-stick-meta":"","header-below-stick-meta":"","astra-migrate-meta-layouts":"set","ast-page-background-enabled":"default","ast-page-background-meta":{"desktop":{"background-color":"var(--ast-global-color-5)","background-image":"","background-repeat":"repeat","background-position":"center center","background-size":"auto","background-attachment":"scroll","background-type":"","background-media":"","overlay-type":"","overlay-color":"","overlay-opacity":"","overlay-gradient":""},"tablet":{"background-color":"","background-image":"","background-repeat":"repeat","background-position":"center center","background-size":"auto","background-attachment":"scroll","background-type":"","background-media":"","overlay-type":"","overlay-color":"","overlay-opacity":"","overlay-gradient":""},"mobile":{"background-color":"","background-image":"","background-repeat":"repeat","background-position":"center center","background-size":"auto","background-attachment":"scroll","background-type":"","background-media":"","overlay-type":"","overlay-color":"","overlay-opacity":"","overlay-gradient":""}},"ast-content-background-meta":{"desktop":{"background-color":"var(--ast-global-color-4)","background-image":"","background-repeat":"repeat","background-position":"center center","background-size":"auto","background-attachment":"scroll","background-type":"","background-media":"","overlay-type":"","overlay-color":"","overlay-opacity":"","overlay-gradient":""},"tablet":{"background-color":"var(--ast-global-color-4)","background-image":"","background-repeat":"repeat","background-position":"center center","background-size":"auto","background-attachment":"scroll","background-type":"","background-media":"","overlay-type":"","overlay-color":"","overlay-opacity":"","overlay-gradient":""},"mobile":{"background-color":"var(--ast-global-color-4)","background-image":"","background-repeat":"repeat","background-position":"center center","background-size":"auto","background-attachment":"scroll","background-type":"","background-media":"","overlay-type":"","overlay-color":"","overlay-opacity":"","overlay-gradient":""}}},"product_brand":[],"product_cat":[19],"product_tag":[],"class_list":{"0":"post-42888","1":"product","2":"type-product","3":"status-publish","4":"has-post-thumbnail","6":"product_cat-uncategorized","7":"pa_60131_thtdr8jm-med-forstoerrelsesglas","8":"pa_60131_thtdr8jm-uden-forstoerrelsesglas","9":"desktop-align-left","10":"tablet-align-left","11":"mobile-align-left","13":"first","14":"instock","15":"shipping-taxable","16":"purchasable","17":"product-type-variable"},"_links":{"self":[{"href":"https:\/\/ecostera.com\/dk\/wp-json\/wp\/v2\/product\/42888","targetHints":{"allow":["GET"]}}],"collection":[{"href":"https:\/\/ecostera.com\/dk\/wp-json\/wp\/v2\/product"}],"about":[{"href":"https:\/\/ecostera.com\/dk\/wp-json\/wp\/v2\/types\/product"}],"replies":[{"embeddable":true,"href":"https:\/\/ecostera.com\/dk\/wp-json\/wp\/v2\/comments?post=42888"}],"wp:featuredmedia":[{"embeddable":true,"href":"https:\/\/ecostera.com\/dk\/wp-json\/wp\/v2\/media\/42884"}],"wp:attachment":[{"href":"https:\/\/ecostera.com\/dk\/wp-json\/wp\/v2\/media?parent=42888"}],"wp:term":[{"taxonomy":"product_brand","embeddable":true,"href":"https:\/\/ecostera.com\/dk\/wp-json\/wp\/v2\/product_brand?post=42888"},{"taxonomy":"product_cat","embeddable":true,"href":"https:\/\/ecostera.com\/dk\/wp-json\/wp\/v2\/product_cat?post=42888"},{"taxonomy":"product_tag","embeddable":true,"href":"https:\/\/ecostera.com\/dk\/wp-json\/wp\/v2\/product_tag?post=42888"}],"curies":[{"name":"wp","href":"https:\/\/api.w.org\/{rel}","templated":true}]}}