{"id":42901,"date":"2025-12-17T19:12:50","date_gmt":"2025-12-17T17:12:50","guid":{"rendered":"https:\/\/ecostera.com\/dk\/product\/indvendigt-vaerktoej-til-koblingsstang\/"},"modified":"2025-12-19T16:24:53","modified_gmt":"2025-12-19T14:24:53","slug":"indvendigt-vaerktoej-til-koblingsstang","status":"publish","type":"product","link":"https:\/\/ecostera.com\/dk\/product\/indvendigt-vaerktoej-til-koblingsstang\/","title":{"rendered":"Indvendigt v\u00e6rkt\u00f8j til koblingsstang"},"content":{"rendered":"<p style=\"text-align: center;\" data-start=\"0\" data-end=\"72\"><strong data-start=\"0\" data-end=\"72\">Fjern og monter indvendige tr\u00e6kst\u00e6nger hurtigt uden ekstra demontering. \ud83d\udee0\ufe0f<\/strong><\/p>\n<p style=\"text-align: center;\" data-start=\"74\" data-end=\"288\">\u00a0Dette lette 0,9 cm v\u00e6rkt\u00f8j til indvendige styrest\u00e6nger griber godt fat i glatte cylinderstyrest\u00e6nger for sikker betjening. <span style=\"font-size: 16px; font-style: normal; font-weight: 400;\">Det giver dig mulighed for at arbejde uden at fjerne den ydre tr\u00e6kstang, hvilket sparer tid, kr\u00e6fter og frustrationer under styret\u00f8jsreparationer.<\/span><span style=\"font-size: 16px; font-style: normal; font-weight: 400;\">\u00a0<\/span><span style=\"font-size: 16px;\">\u00a0Den er lavet af st\u00e6rkt kulstofst\u00e5l og leverer et h\u00f8jt drejningsmoment med mindre indsats, hvilket g\u00f8r den ideel til b\u00e5de hjemmemekanikere og professionelle.<\/span><\/p>\n<p data-start=\"74\" data-end=\"288\"><img fetchpriority=\"high\" decoding=\"async\" class=\"size-full wp-image-45988 aligncenter\" src=\"https:\/\/keluvo.com\/template\/wp-content\/uploads\/sites\/5\/2025\/12\/102214-ezgif.com-video-to-webp-converter-3.webp\" alt=\"\" width=\"500\" height=\"667\" \/><\/p>\n<h2 style=\"text-align: center;\" data-start=\"581\" data-end=\"600\">Vigtigste fordele<\/h2>\n<p data-start=\"603\" data-end=\"660\">\ud83d\udee0\ufe0f Ingen fjernelse af den ydre styrestang &#8211; Sparer tid og arbejde.<\/p>\n<p data-start=\"663\" data-end=\"722\">\ud83d\udd12 St\u00e6rkt skridsikkert greb &#8211; Sikker og stabil drift.<\/p>\n<p data-start=\"725\" data-end=\"789\">\u2699\ufe0f Kulstofst\u00e5l med h\u00f8j styrke &#8211; Holdbar og slidst\u00e6rk.<\/p>\n<p data-start=\"792\" data-end=\"851\">\ud83c\udf92 Let og b\u00e6rbar &#8211; Nem at b\u00e6re og opbevare.<\/p>\n<p data-start=\"854\" data-end=\"918\">\ud83d\ude97 Universel pasform &#8211; Fungerer med standard tr\u00e6kst\u00e6nger med glat ende.<\/p>\n<p data-start=\"854\" data-end=\"918\"><img decoding=\"async\" class=\"size-full wp-image-45987 aligncenter\" src=\"https:\/\/keluvo.com\/template\/wp-content\/uploads\/sites\/5\/2025\/12\/102215-ezgif.com-video-to-webp-converter-2.webp\" alt=\"\" width=\"500\" height=\"667\" \/><\/p>\n<h2 style=\"text-align: center;\" data-start=\"920\" data-end=\"937\">S\u00e5dan bruges<\/h2>\n<ol data-start=\"938\" data-end=\"1180\">\n<li data-start=\"938\" data-end=\"986\">\n<p data-start=\"941\" data-end=\"986\">Fastg\u00f8r v\u00e6rkt\u00f8jet til en 0,9 cm skruen\u00f8gle.<\/p>\n<\/li>\n<li data-start=\"987\" data-end=\"1030\">\n<p data-start=\"990\" data-end=\"1030\">Skub v\u00e6rkt\u00f8jet over den indvendige tr\u00e6kstang.<\/p>\n<\/li>\n<li data-start=\"1031\" data-end=\"1082\">\n<p data-start=\"1034\" data-end=\"1082\">S\u00f8rg for et fast greb om den glatte cylinderende.<\/p>\n<\/li>\n<li data-start=\"1083\" data-end=\"1132\">\n<p data-start=\"1086\" data-end=\"1132\">Drej for at l\u00f8sne eller stramme den indvendige tr\u00e6kstang.<\/p>\n<\/li>\n<li data-start=\"1133\" data-end=\"1180\">\n<p data-start=\"1136\" data-end=\"1180\">Fjern v\u00e6rkt\u00f8jet, n\u00e5r jobbet er f\u00e6rdigt.<\/p>\n<\/li>\n<\/ol>\n<h2 style=\"text-align: center;\" data-start=\"1182\" data-end=\"1204\">Produktdetaljer<\/h2>\n<ul data-start=\"1205\" data-end=\"1372\">\n<li data-start=\"1242\" data-end=\"1266\">\n<p data-start=\"1244\" data-end=\"1266\">Drevst\u00f8rrelse: 0,9 cm<\/p>\n<\/li>\n<li data-start=\"1267\" data-end=\"1293\">\n<p data-start=\"1269\" data-end=\"1293\">Materiale: Kulstofst\u00e5l<\/p>\n<\/li>\n<li data-start=\"1294\" data-end=\"1310\">\n<p data-start=\"1296\" data-end=\"1310\">Farve: Sort<\/p>\n<\/li>\n<li data-start=\"1311\" data-end=\"1336\">\n<p data-start=\"1313\" data-end=\"1336\">Pakkev\u00e6gt: 310 g<\/p>\n<\/li>\n<li data-start=\"1337\" data-end=\"1372\">\n<p data-start=\"1339\" data-end=\"1372\">St\u00f8rrelse: 7,6 x 7,4 x 1,9 cm<\/p>\n<\/li>\n<\/ul>\n<h2 style=\"text-align: center;\" data-start=\"1374\" data-end=\"1397\">Pakken indeholder<\/h2>\n<ul data-start=\"1398\" data-end=\"1422\" data-is-last-node=\"\" data-is-only-node=\"\">\n<li data-start=\"1398\" data-end=\"1422\" data-is-last-node=\"\">\n<p data-start=\"1400\" data-end=\"1422\" data-is-last-node=\"\">1x v\u00e6rkt\u00f8j til indvendig tr\u00e6kstang.<\/p>\n<\/li>\n<\/ul>\n","protected":false},"excerpt":{"rendered":"<p>Fjern og monter indvendige tr\u00e6kst\u00e6nger hurtigt uden ekstra demontering. \ud83d\udee0\ufe0f \u00a0Dette lette 0,9 cm v\u00e6rkt\u00f8j til indvendige styrest\u00e6nger griber godt [&hellip;]<\/p>\n","protected":false},"featured_media":42897,"comment_status":"open","ping_status":"closed","template":"","meta":{"site-sidebar-layout":"default","site-content-layout":"","ast-site-content-layout":"default","site-content-style":"default","site-sidebar-style":"default","ast-global-header-display":"","ast-banner-title-visibility":"","ast-main-header-display":"","ast-hfb-above-header-display":"","ast-hfb-below-header-display":"","ast-hfb-mobile-header-display":"","site-post-title":"","ast-breadcrumbs-content":"","ast-featured-img":"","footer-sml-layout":"","theme-transparent-header-meta":"default","adv-header-id-meta":"","stick-header-meta":"","header-above-stick-meta":"","header-main-stick-meta":"","header-below-stick-meta":"","astra-migrate-meta-layouts":"set","ast-page-background-enabled":"default","ast-page-background-meta":{"desktop":{"background-color":"var(--ast-global-color-5)","background-image":"","background-repeat":"repeat","background-position":"center center","background-size":"auto","background-attachment":"scroll","background-type":"","background-media":"","overlay-type":"","overlay-color":"","overlay-opacity":"","overlay-gradient":""},"tablet":{"background-color":"","background-image":"","background-repeat":"repeat","background-position":"center center","background-size":"auto","background-attachment":"scroll","background-type":"","background-media":"","overlay-type":"","overlay-color":"","overlay-opacity":"","overlay-gradient":""},"mobile":{"background-color":"","background-image":"","background-repeat":"repeat","background-position":"center center","background-size":"auto","background-attachment":"scroll","background-type":"","background-media":"","overlay-type":"","overlay-color":"","overlay-opacity":"","overlay-gradient":""}},"ast-content-background-meta":{"desktop":{"background-color":"var(--ast-global-color-4)","background-image":"","background-repeat":"repeat","background-position":"center center","background-size":"auto","background-attachment":"scroll","background-type":"","background-media":"","overlay-type":"","overlay-color":"","overlay-opacity":"","overlay-gradient":""},"tablet":{"background-color":"var(--ast-global-color-4)","background-image":"","background-repeat":"repeat","background-position":"center center","background-size":"auto","background-attachment":"scroll","background-type":"","background-media":"","overlay-type":"","overlay-color":"","overlay-opacity":"","overlay-gradient":""},"mobile":{"background-color":"var(--ast-global-color-4)","background-image":"","background-repeat":"repeat","background-position":"center center","background-size":"auto","background-attachment":"scroll","background-type":"","background-media":"","overlay-type":"","overlay-color":"","overlay-opacity":"","overlay-gradient":""}}},"product_brand":[],"product_cat":[19],"product_tag":[],"class_list":{"0":"post-42901","1":"product","2":"type-product","3":"status-publish","4":"has-post-thumbnail","6":"product_cat-uncategorized","7":"desktop-align-left","8":"tablet-align-left","9":"mobile-align-left","11":"first","12":"instock","13":"shipping-taxable","14":"purchasable","15":"product-type-simple"},"_links":{"self":[{"href":"https:\/\/ecostera.com\/dk\/wp-json\/wp\/v2\/product\/42901","targetHints":{"allow":["GET"]}}],"collection":[{"href":"https:\/\/ecostera.com\/dk\/wp-json\/wp\/v2\/product"}],"about":[{"href":"https:\/\/ecostera.com\/dk\/wp-json\/wp\/v2\/types\/product"}],"replies":[{"embeddable":true,"href":"https:\/\/ecostera.com\/dk\/wp-json\/wp\/v2\/comments?post=42901"}],"wp:featuredmedia":[{"embeddable":true,"href":"https:\/\/ecostera.com\/dk\/wp-json\/wp\/v2\/media\/42897"}],"wp:attachment":[{"href":"https:\/\/ecostera.com\/dk\/wp-json\/wp\/v2\/media?parent=42901"}],"wp:term":[{"taxonomy":"product_brand","embeddable":true,"href":"https:\/\/ecostera.com\/dk\/wp-json\/wp\/v2\/product_brand?post=42901"},{"taxonomy":"product_cat","embeddable":true,"href":"https:\/\/ecostera.com\/dk\/wp-json\/wp\/v2\/product_cat?post=42901"},{"taxonomy":"product_tag","embeddable":true,"href":"https:\/\/ecostera.com\/dk\/wp-json\/wp\/v2\/product_tag?post=42901"}],"curies":[{"name":"wp","href":"https:\/\/api.w.org\/{rel}","templated":true}]}}