{"id":42910,"date":"2025-12-17T19:14:37","date_gmt":"2025-12-17T17:14:37","guid":{"rendered":"https:\/\/ecostera.com\/dk\/product\/slibemaskine-til-borekroner\/"},"modified":"2025-12-22T18:20:08","modified_gmt":"2025-12-22T16:20:08","slug":"slibemaskine-til-borekroner","status":"publish","type":"product","link":"https:\/\/ecostera.com\/dk\/product\/slibemaskine-til-borekroner\/","title":{"rendered":"Slibemaskine til borekroner"},"content":{"rendered":"<div class=\"flex max-w-full flex-col grow\">\n<div class=\"min-h-8 text-message relative flex w-full flex-col items-end gap-2 text-start break-words whitespace-normal [.text-message+&amp;]:mt-1\" dir=\"auto\" data-message-author-role=\"assistant\" data-message-id=\"e7ad2938-0782-4be8-9474-e98242152b14\" data-message-model-slug=\"gpt-5-2\">\n<div class=\"flex w-full flex-col gap-1 empty:hidden first:pt-[1px]\">\n<div class=\"markdown prose dark:prose-invert w-full break-words light markdown-new-styling\">\n<p style=\"text-align: center;\" data-start=\"0\" data-end=\"67\"><strong data-start=\"0\" data-end=\"67\">Slib Sl\u00f8ve Bor Hurtigt, Og F\u00e5 Dem Til At Fungere Som Nye Igen. \u2699\ufe0f<\/strong><\/p>\n<p style=\"text-align: center;\" data-start=\"69\" data-end=\"349\">Dette slibning af bor hj\u00e6lper dig med hurtigt at genoprette slidte bor uden at k\u00f8be nye. Denne brugervenlige slibeforsats passer p\u00e5 din vinkelsliber og giver dig mulighed for at slibe forskellige borest\u00f8rrelser med den korrekte vinkel for renere og hurtigere boring.<\/p>\n<p data-start=\"69\" data-end=\"349\"><img fetchpriority=\"high\" decoding=\"async\" class=\"size-full wp-image-45994 aligncenter\" src=\"https:\/\/keluvo.com\/template\/wp-content\/uploads\/sites\/5\/2025\/12\/102217-ezgif.com-video-to-webp-converter-3.webp\" alt=\"\" width=\"500\" height=\"500\" \/><\/p>\n<h2 style=\"text-align: center;\" data-start=\"625\" data-end=\"644\"><strong>\u2b50 Hovedfordele<\/strong><\/h2>\n<p data-start=\"647\" data-end=\"709\">\ud83e\ude9b Gendanner sl\u00f8ve bor &#8211; G\u00f8r gamle bor skarpe igen.<\/p>\n<p data-start=\"712\" data-end=\"774\">\u2699\ufe0f Flere vinkel\u00e5bninger &#8211; Passer til forskellige borest\u00f8rrelser.<\/p>\n<p data-start=\"777\" data-end=\"826\">\ud83d\udd29 Let at bruge &#8211; Kr\u00e6ver ingen s\u00e6rlige f\u00e6rdigheder.<\/p>\n<p data-start=\"829\" data-end=\"898\">\ud83e\uddf0 Bred kompatibilitet &#8211; Fungerer med HSS, legering, kobolt og meget mere.<\/p>\n<p data-start=\"901\" data-end=\"968\">\ud83d\udcb0 Omkostningsbesparende l\u00f8sning &#8211; Reducerer behovet for nye bor.<\/p>\n<p data-start=\"901\" data-end=\"968\"><img decoding=\"async\" class=\"size-full wp-image-45995 aligncenter\" src=\"https:\/\/keluvo.com\/template\/wp-content\/uploads\/sites\/5\/2025\/12\/102216-ezgif.com-video-to-webp-converter-3.webp\" alt=\"\" width=\"500\" height=\"667\" \/><\/p>\n<h2 style=\"text-align: center;\" data-start=\"970\" data-end=\"987\"><strong>\ud83e\udde9 S\u00e5dan Bruges<\/strong><\/h2>\n<ol data-start=\"988\" data-end=\"1223\">\n<li data-start=\"988\" data-end=\"1045\">\n<p data-start=\"991\" data-end=\"1045\">Fastg\u00f8r slibemaskinen til din vinkelsliber.<\/p>\n<\/li>\n<li data-start=\"1046\" data-end=\"1099\">\n<p data-start=\"1049\" data-end=\"1099\">V\u00e6lg det korrekte spor til din borest\u00f8rrelse.<\/p>\n<\/li>\n<li data-start=\"1100\" data-end=\"1141\">\n<p data-start=\"1103\" data-end=\"1141\">Inds\u00e6t boret i guiden.<\/p>\n<\/li>\n<li data-start=\"1142\" data-end=\"1180\">\n<p data-start=\"1145\" data-end=\"1180\">Slib forsigtigt i den guidede vinkel.<\/p>\n<\/li>\n<li data-start=\"1181\" data-end=\"1223\">\n<p data-start=\"1184\" data-end=\"1223\">Kontroller skarpheden og gentag om n\u00f8dvendigt.<\/p>\n<\/li>\n<\/ol>\n<h2 style=\"text-align: center;\" data-start=\"1225\" data-end=\"1247\"><strong>\ud83d\udccf Produktoplysninger<\/strong><\/h2>\n<ul data-start=\"1248\" data-end=\"1434\">\n<li data-start=\"1296\" data-end=\"1313\">\n<p data-start=\"1298\" data-end=\"1313\">Materiale: ABS<\/p>\n<\/li>\n<li data-start=\"1314\" data-end=\"1349\">\n<p data-start=\"1316\" data-end=\"1349\">Kompatibel v\u00e6rkt\u00f8jer: Vinkelsliber<\/p>\n<\/li>\n<li data-start=\"1350\" data-end=\"1415\">\n<p data-start=\"1352\" data-end=\"1415\">Velegnet til: HSS, h\u00e5rd legering, kobolt og lignende bor<\/p>\n<\/li>\n<li data-start=\"1416\" data-end=\"1434\">\n<p data-start=\"1418\" data-end=\"1434\">St\u00f8rrelse: 12,5 x 11,5 cm<\/p>\n<\/li>\n<li data-start=\"1416\" data-end=\"1434\">Ti hullers positionsmodel: 3, 4, 5, 6, 7, 8, 9, 10, 11, 12 mm<\/li>\n<\/ul>\n<h2 style=\"text-align: center;\" data-start=\"1436\" data-end=\"1459\"><strong>\ud83d\udce6 Pakken indeholder<\/strong><\/h2>\n<ul data-start=\"1460\" data-end=\"1494\" data-is-last-node=\"\" data-is-only-node=\"\">\n<li data-start=\"1460\" data-end=\"1494\" data-is-last-node=\"\">\n<p data-start=\"1462\" data-end=\"1494\" data-is-last-node=\"\">1, 2x boresliber.<\/p>\n<\/li>\n<\/ul>\n<\/div>\n<\/div>\n<\/div>\n<\/div>\n","protected":false},"excerpt":{"rendered":"<p>Slib Sl\u00f8ve Bor Hurtigt, Og F\u00e5 Dem Til At Fungere Som Nye Igen. \u2699\ufe0f Dette slibning af bor hj\u00e6lper dig [&hellip;]<\/p>\n","protected":false},"featured_media":42906,"comment_status":"open","ping_status":"closed","template":"","meta":{"site-sidebar-layout":"default","site-content-layout":"","ast-site-content-layout":"default","site-content-style":"default","site-sidebar-style":"default","ast-global-header-display":"","ast-banner-title-visibility":"","ast-main-header-display":"","ast-hfb-above-header-display":"","ast-hfb-below-header-display":"","ast-hfb-mobile-header-display":"","site-post-title":"","ast-breadcrumbs-content":"","ast-featured-img":"","footer-sml-layout":"","theme-transparent-header-meta":"default","adv-header-id-meta":"","stick-header-meta":"","header-above-stick-meta":"","header-main-stick-meta":"","header-below-stick-meta":"","astra-migrate-meta-layouts":"set","ast-page-background-enabled":"default","ast-page-background-meta":{"desktop":{"background-color":"var(--ast-global-color-5)","background-image":"","background-repeat":"repeat","background-position":"center center","background-size":"auto","background-attachment":"scroll","background-type":"","background-media":"","overlay-type":"","overlay-color":"","overlay-opacity":"","overlay-gradient":""},"tablet":{"background-color":"","background-image":"","background-repeat":"repeat","background-position":"center center","background-size":"auto","background-attachment":"scroll","background-type":"","background-media":"","overlay-type":"","overlay-color":"","overlay-opacity":"","overlay-gradient":""},"mobile":{"background-color":"","background-image":"","background-repeat":"repeat","background-position":"center center","background-size":"auto","background-attachment":"scroll","background-type":"","background-media":"","overlay-type":"","overlay-color":"","overlay-opacity":"","overlay-gradient":""}},"ast-content-background-meta":{"desktop":{"background-color":"var(--ast-global-color-4)","background-image":"","background-repeat":"repeat","background-position":"center center","background-size":"auto","background-attachment":"scroll","background-type":"","background-media":"","overlay-type":"","overlay-color":"","overlay-opacity":"","overlay-gradient":""},"tablet":{"background-color":"var(--ast-global-color-4)","background-image":"","background-repeat":"repeat","background-position":"center center","background-size":"auto","background-attachment":"scroll","background-type":"","background-media":"","overlay-type":"","overlay-color":"","overlay-opacity":"","overlay-gradient":""},"mobile":{"background-color":"var(--ast-global-color-4)","background-image":"","background-repeat":"repeat","background-position":"center center","background-size":"auto","background-attachment":"scroll","background-type":"","background-media":"","overlay-type":"","overlay-color":"","overlay-opacity":"","overlay-gradient":""}}},"product_brand":[],"product_cat":[19],"product_tag":[],"class_list":{"0":"post-42910","1":"product","2":"type-product","3":"status-publish","4":"has-post-thumbnail","6":"product_cat-uncategorized","7":"pa_60176_od2baguu-blaa","8":"pa_60176_od2baguu-roed","9":"pa_60176_od2baguu-sort","10":"pa_60176_vq57n8aw-1-stk","11":"pa_60176_vq57n8aw-2-stk","12":"desktop-align-left","13":"tablet-align-left","14":"mobile-align-left","16":"first","17":"instock","18":"shipping-taxable","19":"purchasable","20":"product-type-variable","21":"has-default-attributes"},"_links":{"self":[{"href":"https:\/\/ecostera.com\/dk\/wp-json\/wp\/v2\/product\/42910","targetHints":{"allow":["GET"]}}],"collection":[{"href":"https:\/\/ecostera.com\/dk\/wp-json\/wp\/v2\/product"}],"about":[{"href":"https:\/\/ecostera.com\/dk\/wp-json\/wp\/v2\/types\/product"}],"replies":[{"embeddable":true,"href":"https:\/\/ecostera.com\/dk\/wp-json\/wp\/v2\/comments?post=42910"}],"wp:featuredmedia":[{"embeddable":true,"href":"https:\/\/ecostera.com\/dk\/wp-json\/wp\/v2\/media\/42906"}],"wp:attachment":[{"href":"https:\/\/ecostera.com\/dk\/wp-json\/wp\/v2\/media?parent=42910"}],"wp:term":[{"taxonomy":"product_brand","embeddable":true,"href":"https:\/\/ecostera.com\/dk\/wp-json\/wp\/v2\/product_brand?post=42910"},{"taxonomy":"product_cat","embeddable":true,"href":"https:\/\/ecostera.com\/dk\/wp-json\/wp\/v2\/product_cat?post=42910"},{"taxonomy":"product_tag","embeddable":true,"href":"https:\/\/ecostera.com\/dk\/wp-json\/wp\/v2\/product_tag?post=42910"}],"curies":[{"name":"wp","href":"https:\/\/api.w.org\/{rel}","templated":true}]}}