{"id":42931,"date":"2025-12-17T19:16:36","date_gmt":"2025-12-17T17:16:36","guid":{"rendered":"https:\/\/ecostera.com\/dk\/product\/vaerktoej-til-hurtig-montering-af-skabslaager\/"},"modified":"2025-12-19T16:29:05","modified_gmt":"2025-12-19T14:29:05","slug":"vaerktoej-til-hurtig-montering-af-skabslaager","status":"publish","type":"product","link":"https:\/\/ecostera.com\/dk\/product\/vaerktoej-til-hurtig-montering-af-skabslaager\/","title":{"rendered":"V\u00e6rkt\u00f8j til hurtig montering af skabsl\u00e5ger"},"content":{"rendered":"<p style=\"text-align: center;\" data-start=\"0\" data-end=\"71\"><strong data-start=\"0\" data-end=\"71\">Monter Skabsl\u00e5ger Hurtigt, Pr\u00e6cist Og Uden Frustrationer. \ud83d\udd29\ud83c\udfe0<\/strong><\/p>\n<p style=\"text-align: center;\" data-start=\"73\" data-end=\"317\">Dette v\u00e6rkt\u00f8j til hurtig montering af skabsl\u00e5ger hj\u00e6lper dig med at l\u00f8fte, nivellere og fastg\u00f8re skabsl\u00e5ger med pr\u00e6cision, hvilket g\u00f8r monteringen af l\u00e5gerne hurtigere og nemmere. Det eliminerer uj\u00e6vne huller og forskydninger, s\u00e5 dine skabe ser rene og professionelle ud hver gang. Dette v\u00e6rkt\u00f8j er designet til b\u00e5de begyndere og professionelle. Dets mikrojusteringssystem giver mulighed for finjustering, mens den robuste krop i rustfrit st\u00e5l holder d\u00f8rene fast p\u00e5 plads under installationen, hvilket reducerer fejl og sparer tid.<\/p>\n<p data-start=\"73\" data-end=\"317\"><img fetchpriority=\"high\" decoding=\"async\" class=\"size-full wp-image-46014 aligncenter\" src=\"https:\/\/keluvo.com\/template\/wp-content\/uploads\/sites\/5\/2025\/12\/102219-ezgif.com-video-to-webp-converter-2.webp\" alt=\"\" width=\"500\" height=\"889\" \/><\/p>\n<h2 style=\"text-align: center;\" data-start=\"634\" data-end=\"653\"><strong>Hovedfordele<\/strong><\/h2>\n<p data-start=\"656\" data-end=\"719\">\ud83e\uddf0 Alt-i-et-v\u00e6rkt\u00f8j &#8211; L\u00f8ft, niveller og hold d\u00f8rene sikkert.<\/p>\n<p data-start=\"722\" data-end=\"790\">\ud83c\udfaf Pr\u00e6cis justering &#8211; Mikrojusteringer giver perfekte d\u00f8rhuller.<\/p>\n<p data-start=\"793\" data-end=\"856\">\u270b Let at bruge &#8211; Ergonomiske h\u00e5ndtag giver behagelig kontrol.<\/p>\n<p data-start=\"859\" data-end=\"922\">\ud83d\udd29 St\u00e6rk og holdbar &#8211; Fremstillet af f\u00f8rsteklasses rustfrit st\u00e5l.<\/p>\n<p data-start=\"925\" data-end=\"1001\">\ud83d\udeaa Bred kompatibilitet &#8211; Fungerer med skabe og skjulte d\u00f8re.<\/p>\n<p data-start=\"925\" data-end=\"1001\"><img decoding=\"async\" class=\"size-full wp-image-46015 aligncenter\" src=\"https:\/\/keluvo.com\/template\/wp-content\/uploads\/sites\/5\/2025\/12\/102220-ezgif.com-video-to-webp-converter-2.webp\" alt=\"\" width=\"500\" height=\"889\" \/><\/p>\n<h2 style=\"text-align: center;\" data-start=\"1003\" data-end=\"1020\"><strong>S\u00e5dan Bruges<\/strong><\/h2>\n<ol data-start=\"1021\" data-end=\"1271\">\n<li data-start=\"1021\" data-end=\"1081\">\n<p data-start=\"1024\" data-end=\"1081\">Placer v\u00e6rkt\u00f8jet i bunden eller p\u00e5 siden af skabsd\u00f8ren.<\/p>\n<\/li>\n<li data-start=\"1082\" data-end=\"1127\">\n<p data-start=\"1085\" data-end=\"1127\">L\u00f8ft og st\u00f8t d\u00f8ren p\u00e5 plads.<\/p>\n<\/li>\n<li data-start=\"1128\" data-end=\"1190\">\n<p data-start=\"1131\" data-end=\"1190\">Brug justeringsmekanismen til at justere d\u00f8ren perfekt.<\/p>\n<\/li>\n<li data-start=\"1191\" data-end=\"1226\">\n<p data-start=\"1194\" data-end=\"1226\">Fastg\u00f8r h\u00e6ngslerne eller beslagene.<\/p>\n<\/li>\n<li data-start=\"1227\" data-end=\"1271\">\n<p data-start=\"1230\" data-end=\"1271\">Fjern v\u00e6rkt\u00f8jet, n\u00e5r d\u00f8ren er fastgjort.<\/p>\n<\/li>\n<\/ol>\n<h2 style=\"text-align: center;\" data-start=\"1273\" data-end=\"1295\"><strong>Produktoplysninger<\/strong><\/h2>\n<ul data-start=\"1296\" data-end=\"1512\">\n<li data-start=\"1340\" data-end=\"1369\">\n<p data-start=\"1342\" data-end=\"1369\">Materiale: Rustfrit st\u00e5l<\/p>\n<\/li>\n<li data-start=\"1370\" data-end=\"1447\">\n<p data-start=\"1372\" data-end=\"1447\">Anvendelse: Gulvskabe, overskabe, skjulte d\u00f8re, drop-down-d\u00f8re<\/p>\n<\/li>\n<li data-start=\"1448\" data-end=\"1474\">\n<p data-start=\"1450\" data-end=\"1474\">St\u00f8rrelse: 100 x 70 x 50 mm<\/p>\n<\/li>\n<\/ul>\n<h2 style=\"text-align: center;\" data-start=\"1514\" data-end=\"1537\"><strong>Pakken indeholder<\/strong><\/h2>\n<ul data-start=\"1538\" data-end=\"1575\" data-is-last-node=\"\" data-is-only-node=\"\">\n<li data-start=\"1538\" data-end=\"1575\" data-is-last-node=\"\">\n<p data-start=\"1540\" data-end=\"1575\" data-is-last-node=\"\">1, 2x v\u00e6rkt\u00f8j til hurtig montering af skabsd\u00f8re.<\/p>\n<\/li>\n<\/ul>\n","protected":false},"excerpt":{"rendered":"<p>Monter Skabsl\u00e5ger Hurtigt, Pr\u00e6cist Og Uden Frustrationer. \ud83d\udd29\ud83c\udfe0 Dette v\u00e6rkt\u00f8j til hurtig montering af skabsl\u00e5ger hj\u00e6lper dig med at l\u00f8fte, [&hellip;]<\/p>\n","protected":false},"featured_media":42927,"comment_status":"open","ping_status":"closed","template":"","meta":{"site-sidebar-layout":"default","site-content-layout":"","ast-site-content-layout":"default","site-content-style":"default","site-sidebar-style":"default","ast-global-header-display":"","ast-banner-title-visibility":"","ast-main-header-display":"","ast-hfb-above-header-display":"","ast-hfb-below-header-display":"","ast-hfb-mobile-header-display":"","site-post-title":"","ast-breadcrumbs-content":"","ast-featured-img":"","footer-sml-layout":"","theme-transparent-header-meta":"default","adv-header-id-meta":"","stick-header-meta":"","header-above-stick-meta":"","header-main-stick-meta":"","header-below-stick-meta":"","astra-migrate-meta-layouts":"set","ast-page-background-enabled":"default","ast-page-background-meta":{"desktop":{"background-color":"var(--ast-global-color-5)","background-image":"","background-repeat":"repeat","background-position":"center center","background-size":"auto","background-attachment":"scroll","background-type":"","background-media":"","overlay-type":"","overlay-color":"","overlay-opacity":"","overlay-gradient":""},"tablet":{"background-color":"","background-image":"","background-repeat":"repeat","background-position":"center center","background-size":"auto","background-attachment":"scroll","background-type":"","background-media":"","overlay-type":"","overlay-color":"","overlay-opacity":"","overlay-gradient":""},"mobile":{"background-color":"","background-image":"","background-repeat":"repeat","background-position":"center center","background-size":"auto","background-attachment":"scroll","background-type":"","background-media":"","overlay-type":"","overlay-color":"","overlay-opacity":"","overlay-gradient":""}},"ast-content-background-meta":{"desktop":{"background-color":"var(--ast-global-color-4)","background-image":"","background-repeat":"repeat","background-position":"center center","background-size":"auto","background-attachment":"scroll","background-type":"","background-media":"","overlay-type":"","overlay-color":"","overlay-opacity":"","overlay-gradient":""},"tablet":{"background-color":"var(--ast-global-color-4)","background-image":"","background-repeat":"repeat","background-position":"center center","background-size":"auto","background-attachment":"scroll","background-type":"","background-media":"","overlay-type":"","overlay-color":"","overlay-opacity":"","overlay-gradient":""},"mobile":{"background-color":"var(--ast-global-color-4)","background-image":"","background-repeat":"repeat","background-position":"center center","background-size":"auto","background-attachment":"scroll","background-type":"","background-media":"","overlay-type":"","overlay-color":"","overlay-opacity":"","overlay-gradient":""}}},"product_brand":[],"product_cat":[19],"product_tag":[],"class_list":{"0":"post-42931","1":"product","2":"type-product","3":"status-publish","4":"has-post-thumbnail","6":"product_cat-uncategorized","7":"pa_60183_jo4xw22h-1-stk","8":"pa_60183_jo4xw22h-2-stk","9":"desktop-align-left","10":"tablet-align-left","11":"mobile-align-left","13":"first","14":"instock","15":"shipping-taxable","16":"purchasable","17":"product-type-variable"},"_links":{"self":[{"href":"https:\/\/ecostera.com\/dk\/wp-json\/wp\/v2\/product\/42931","targetHints":{"allow":["GET"]}}],"collection":[{"href":"https:\/\/ecostera.com\/dk\/wp-json\/wp\/v2\/product"}],"about":[{"href":"https:\/\/ecostera.com\/dk\/wp-json\/wp\/v2\/types\/product"}],"replies":[{"embeddable":true,"href":"https:\/\/ecostera.com\/dk\/wp-json\/wp\/v2\/comments?post=42931"}],"wp:featuredmedia":[{"embeddable":true,"href":"https:\/\/ecostera.com\/dk\/wp-json\/wp\/v2\/media\/42927"}],"wp:attachment":[{"href":"https:\/\/ecostera.com\/dk\/wp-json\/wp\/v2\/media?parent=42931"}],"wp:term":[{"taxonomy":"product_brand","embeddable":true,"href":"https:\/\/ecostera.com\/dk\/wp-json\/wp\/v2\/product_brand?post=42931"},{"taxonomy":"product_cat","embeddable":true,"href":"https:\/\/ecostera.com\/dk\/wp-json\/wp\/v2\/product_cat?post=42931"},{"taxonomy":"product_tag","embeddable":true,"href":"https:\/\/ecostera.com\/dk\/wp-json\/wp\/v2\/product_tag?post=42931"}],"curies":[{"name":"wp","href":"https:\/\/api.w.org\/{rel}","templated":true}]}}