{"id":42944,"date":"2025-12-17T19:18:57","date_gmt":"2025-12-17T17:18:57","guid":{"rendered":"https:\/\/ecostera.com\/dk\/product\/automatisk-foderautomat-til-kyllinger-aender-og-gaes\/"},"modified":"2025-12-22T18:20:16","modified_gmt":"2025-12-22T16:20:16","slug":"automatisk-foderautomat-til-kyllinger-aender-og-gaes","status":"publish","type":"product","link":"https:\/\/ecostera.com\/dk\/product\/automatisk-foderautomat-til-kyllinger-aender-og-gaes\/","title":{"rendered":"Automatisk foderautomat til kyllinger, \u00e6nder og g\u00e6s"},"content":{"rendered":"<p style=\"text-align: center;\" data-start=\"0\" data-end=\"83\"><strong data-start=\"0\" data-end=\"83\">Fodr dine kyllinger, \u00e6nder og g\u00e6s automatisk med mindre spild og mindre arbejde. \ud83d\udc14\ud83e\udd86<\/strong><\/p>\n<p style=\"text-align: center;\" data-start=\"85\" data-end=\"315\">Denne automatiske foderautomat bruger et tyngdekraftsfodret system til at give en stabil forsyning af foder uden konstant genopfyldning. Det hj\u00e6lper med at holde foderet t\u00f8rt, reducerer rodet og sikrer, at dit fjerkr\u00e6 altid har adgang til foder, selv n\u00e5r du ikke er i n\u00e6rheden. Systemet er designet som et g\u00f8r-det-selv-s\u00e6t og monteres nemt p\u00e5 en spand eller foderbeholder. Dets regnt\u00e6tte design beskytter foderet mod fugt, mens tyngdekraften leverer den rigtige m\u00e6ngde foder for at forhindre spild og affald.<\/p>\n<p data-start=\"85\" data-end=\"315\"><img fetchpriority=\"high\" decoding=\"async\" class=\"size-full wp-image-46024 aligncenter\" src=\"https:\/\/keluvo.com\/template\/wp-content\/uploads\/sites\/5\/2025\/12\/102222-ezgif.com-video-to-webp-converter-2.webp\" alt=\"\" width=\"500\" height=\"889\" \/><\/p>\n<h2 style=\"text-align: center;\" data-start=\"593\" data-end=\"612\"><strong>Hovedfordele<\/strong><\/h2>\n<p data-start=\"615\" data-end=\"683\">\ud83c\udf3e Automatisk fodring &#8211; Tyngdekraftsystemet giver kontinuerligt foder.<\/p>\n<p data-start=\"686\" data-end=\"738\">\ud83d\udca7 Regnt\u00e6t design &#8211; Holder foderet t\u00f8rt og frisk.<\/p>\n<p data-start=\"741\" data-end=\"804\">\ud83d\udd27 Nem g\u00f8r-det-selv-installation &#8211; Passer til standardspande eller -tanke.<\/p>\n<p data-start=\"807\" data-end=\"868\">\u267b\ufe0f Mindre foderspild &#8211; Kontrolleret adgang til foder for fjerkr\u00e6.<\/p>\n<p data-start=\"871\" data-end=\"923\">\ud83d\udee0\ufe0f Holdbar konstruktion &#8211; Lavet til daglig udend\u00f8rs brug.<\/p>\n<p data-start=\"871\" data-end=\"923\"><img decoding=\"async\" class=\"size-full wp-image-46025 aligncenter\" src=\"https:\/\/keluvo.com\/template\/wp-content\/uploads\/sites\/5\/2025\/12\/102221-ezgif.com-video-to-webp-converter-3.webp\" alt=\"\" width=\"500\" height=\"889\" \/><\/p>\n<h2 style=\"text-align: center;\" data-start=\"925\" data-end=\"942\"><strong>S\u00e5dan Bruges<\/strong><\/h2>\n<ol data-start=\"943\" data-end=\"1172\">\n<li data-start=\"943\" data-end=\"990\">\n<p data-start=\"946\" data-end=\"990\">Bor huller i en spand eller foderbeholder.<\/p>\n<\/li>\n<li data-start=\"991\" data-end=\"1030\">\n<p data-start=\"994\" data-end=\"1030\">Monter foderportene sikkert.<\/p>\n<\/li>\n<li data-start=\"1031\" data-end=\"1073\">\n<p data-start=\"1034\" data-end=\"1073\">Fyld beholderen med fjerkr\u00e6foder.<\/p>\n<\/li>\n<li data-start=\"1074\" data-end=\"1125\">\n<p data-start=\"1077\" data-end=\"1125\">H\u00e6ng eller placer foderautomaten i en passende h\u00f8jde.<\/p>\n<\/li>\n<li data-start=\"1126\" data-end=\"1172\">\n<p data-start=\"1129\" data-end=\"1172\">Lad tyngdekraften klare fodringen automatisk.<\/p>\n<\/li>\n<\/ol>\n<h2 style=\"text-align: center;\" data-start=\"1174\" data-end=\"1196\"><strong>Produktdetaljer<\/strong><\/h2>\n<ul data-start=\"1197\" data-end=\"1412\">\n<li data-start=\"1239\" data-end=\"1270\">\n<p data-start=\"1241\" data-end=\"1270\">Fodringssystem: Tyngdekraftsfodring<\/p>\n<\/li>\n<li data-start=\"1271\" data-end=\"1319\">\n<p data-start=\"1273\" data-end=\"1319\">Velegnet til: Kyllinger, \u00e6nder, g\u00e6s<\/p>\n<\/li>\n<li data-start=\"1320\" data-end=\"1363\">\n<p data-start=\"1322\" data-end=\"1363\">Brug: Udend\u00f8rs og indend\u00f8rs fodring af fjerkr\u00e6<\/p>\n<\/li>\n<li data-start=\"1364\" data-end=\"1412\">\n<p data-start=\"1366\" data-end=\"1412\">Funktioner: Regnt\u00e6t, holdbar, affaldsreducerende<\/p>\n<\/li>\n<li data-start=\"1364\" data-end=\"1412\">St\u00f8rrelse: 8,6 x 7 x 4,8 cm<\/li>\n<\/ul>\n<h2 style=\"text-align: center;\" data-start=\"1414\" data-end=\"1437\"><strong>Pakken indeholder<\/strong><\/h2>\n<ul data-start=\"1438\" data-end=\"1481\" data-is-last-node=\"\" data-is-only-node=\"\">\n<li data-start=\"1438\" data-end=\"1481\" data-is-last-node=\"\">\n<p data-start=\"1440\" data-end=\"1481\" data-is-last-node=\"\">1, 2, 3, 4, 5, 6x automatisk foderautomat\/er til kyllinger, \u00e6nder og g\u00e6s.<\/p>\n<\/li>\n<\/ul>\n","protected":false},"excerpt":{"rendered":"<p>Fodr dine kyllinger, \u00e6nder og g\u00e6s automatisk med mindre spild og mindre arbejde. \ud83d\udc14\ud83e\udd86 Denne automatiske foderautomat bruger et tyngdekraftsfodret [&hellip;]<\/p>\n","protected":false},"featured_media":42940,"comment_status":"open","ping_status":"closed","template":"","meta":{"site-sidebar-layout":"default","site-content-layout":"","ast-site-content-layout":"default","site-content-style":"default","site-sidebar-style":"default","ast-global-header-display":"","ast-banner-title-visibility":"","ast-main-header-display":"","ast-hfb-above-header-display":"","ast-hfb-below-header-display":"","ast-hfb-mobile-header-display":"","site-post-title":"","ast-breadcrumbs-content":"","ast-featured-img":"","footer-sml-layout":"","theme-transparent-header-meta":"default","adv-header-id-meta":"","stick-header-meta":"","header-above-stick-meta":"","header-main-stick-meta":"","header-below-stick-meta":"","astra-migrate-meta-layouts":"set","ast-page-background-enabled":"default","ast-page-background-meta":{"desktop":{"background-color":"var(--ast-global-color-5)","background-image":"","background-repeat":"repeat","background-position":"center center","background-size":"auto","background-attachment":"scroll","background-type":"","background-media":"","overlay-type":"","overlay-color":"","overlay-opacity":"","overlay-gradient":""},"tablet":{"background-color":"","background-image":"","background-repeat":"repeat","background-position":"center center","background-size":"auto","background-attachment":"scroll","background-type":"","background-media":"","overlay-type":"","overlay-color":"","overlay-opacity":"","overlay-gradient":""},"mobile":{"background-color":"","background-image":"","background-repeat":"repeat","background-position":"center center","background-size":"auto","background-attachment":"scroll","background-type":"","background-media":"","overlay-type":"","overlay-color":"","overlay-opacity":"","overlay-gradient":""}},"ast-content-background-meta":{"desktop":{"background-color":"var(--ast-global-color-4)","background-image":"","background-repeat":"repeat","background-position":"center center","background-size":"auto","background-attachment":"scroll","background-type":"","background-media":"","overlay-type":"","overlay-color":"","overlay-opacity":"","overlay-gradient":""},"tablet":{"background-color":"var(--ast-global-color-4)","background-image":"","background-repeat":"repeat","background-position":"center center","background-size":"auto","background-attachment":"scroll","background-type":"","background-media":"","overlay-type":"","overlay-color":"","overlay-opacity":"","overlay-gradient":""},"mobile":{"background-color":"var(--ast-global-color-4)","background-image":"","background-repeat":"repeat","background-position":"center center","background-size":"auto","background-attachment":"scroll","background-type":"","background-media":"","overlay-type":"","overlay-color":"","overlay-opacity":"","overlay-gradient":""}}},"product_brand":[],"product_cat":[19],"product_tag":[],"class_list":{"0":"post-42944","1":"product","2":"type-product","3":"status-publish","4":"has-post-thumbnail","6":"product_cat-uncategorized","7":"pa_60188_o5muqf68-1-stk","8":"pa_60188_o5muqf68-2-stk","9":"pa_60188_o5muqf68-3-stk","10":"pa_60188_o5muqf68-4-stk","11":"pa_60188_o5muqf68-5-stk","12":"pa_60188_o5muqf68-6-stk","13":"desktop-align-left","14":"tablet-align-left","15":"mobile-align-left","17":"first","18":"instock","19":"shipping-taxable","20":"purchasable","21":"product-type-variable"},"_links":{"self":[{"href":"https:\/\/ecostera.com\/dk\/wp-json\/wp\/v2\/product\/42944","targetHints":{"allow":["GET"]}}],"collection":[{"href":"https:\/\/ecostera.com\/dk\/wp-json\/wp\/v2\/product"}],"about":[{"href":"https:\/\/ecostera.com\/dk\/wp-json\/wp\/v2\/types\/product"}],"replies":[{"embeddable":true,"href":"https:\/\/ecostera.com\/dk\/wp-json\/wp\/v2\/comments?post=42944"}],"wp:featuredmedia":[{"embeddable":true,"href":"https:\/\/ecostera.com\/dk\/wp-json\/wp\/v2\/media\/42940"}],"wp:attachment":[{"href":"https:\/\/ecostera.com\/dk\/wp-json\/wp\/v2\/media?parent=42944"}],"wp:term":[{"taxonomy":"product_brand","embeddable":true,"href":"https:\/\/ecostera.com\/dk\/wp-json\/wp\/v2\/product_brand?post=42944"},{"taxonomy":"product_cat","embeddable":true,"href":"https:\/\/ecostera.com\/dk\/wp-json\/wp\/v2\/product_cat?post=42944"},{"taxonomy":"product_tag","embeddable":true,"href":"https:\/\/ecostera.com\/dk\/wp-json\/wp\/v2\/product_tag?post=42944"}],"curies":[{"name":"wp","href":"https:\/\/api.w.org\/{rel}","templated":true}]}}