{"id":42966,"date":"2025-12-17T19:21:07","date_gmt":"2025-12-17T17:21:07","guid":{"rendered":"https:\/\/ecostera.com\/dk\/product\/forlaengerroer-til-dobbelt-indvendig-ventil-5-stk\/"},"modified":"2025-12-22T18:20:13","modified_gmt":"2025-12-22T16:20:13","slug":"forlaengerroer-til-dobbelt-indvendig-ventil-5-stk","status":"publish","type":"product","link":"https:\/\/ecostera.com\/dk\/product\/forlaengerroer-til-dobbelt-indvendig-ventil-5-stk\/","title":{"rendered":"Forl\u00e6ngerr\u00f8r til dobbelt indvendig ventil (5 stk.)"},"content":{"rendered":"<p style=\"text-align: center;\" data-start=\"0\" data-end=\"82\"><strong data-start=\"0\" data-end=\"82\">Du kan nemt n\u00e5 sv\u00e6rt tilg\u00e6ngelige d\u00e6kventiler og pumpe dine d\u00e6k op uden besv\u00e6r. \ud83d\ude99\ud83c\udfcd<\/strong><\/p>\n<p style=\"text-align: center;\" data-start=\"84\" data-end=\"305\">Denne dobbelte indvendige ventilforl\u00e6nger g\u00f8r det hurtigt og stressfrit at pumpe d\u00e6k op ved at forl\u00e6nge ventilen til en lettere vinkel. Den passer til de fleste k\u00f8ret\u00f8jer og giver mulighed for j\u00e6vn oppumpning og t\u00f8mning uden at fjerne adapteren. Denne ventilforl\u00e6nger i massiv messing skrues direkte p\u00e5 din eksisterende d\u00e6kventil. Med vinklede muligheder hj\u00e6lper den dig med at f\u00e5 adgang til stramme eller skjulte ventiler p\u00e5 biler, lastbiler, motorcykler og cykler, mens du opretholder en st\u00e6rk, l\u00e6kagefri forsegling.<\/p>\n<p data-start=\"84\" data-end=\"305\"><img fetchpriority=\"high\" decoding=\"async\" class=\"size-full wp-image-46046 aligncenter\" src=\"https:\/\/keluvo.com\/template\/wp-content\/uploads\/sites\/5\/2025\/12\/102224-ezgif.com-video-to-webp-converter-1.webp\" alt=\"\" width=\"500\" height=\"889\" \/><\/p>\n<h2 style=\"text-align: center;\" data-start=\"585\" data-end=\"604\"><strong>Hovedfordele<\/strong><\/h2>\n<p data-start=\"607\" data-end=\"655\">\ud83d\udd27 Nem installation &#8211; Skrues p\u00e5 p\u00e5 f\u00e5 sekunder.<\/p>\n<p data-start=\"658\" data-end=\"707\">\ud83d\ude99 Universel pasform &#8211; Fungerer med de fleste k\u00f8ret\u00f8jer.<\/p>\n<p data-start=\"710\" data-end=\"771\">\ud83d\udd29 Holdbar messingkonstruktion &#8211; St\u00e6rk og korrosionsbestandig.<\/p>\n<p data-start=\"774\" data-end=\"831\">\ud83d\udca8 Indbygget ventilkerne &#8211; Pump og t\u00f8m let.<\/p>\n<p data-start=\"834\" data-end=\"897\">\ud83d\udcd0 Vinklet design &#8211; Bedre adgang til sn\u00e6vre ventilpositioner.<\/p>\n<p data-start=\"900\" data-end=\"958\">\ud83d\udee1\ufe0f L\u00e6kagesikker forsegling &#8211; Sikker pasform med metalst\u00f8vh\u00e6tte.<\/p>\n<p data-start=\"900\" data-end=\"958\"><img decoding=\"async\" class=\"size-full wp-image-46050 aligncenter\" src=\"https:\/\/keluvo.com\/template\/wp-content\/uploads\/sites\/5\/2025\/12\/102223-ezgif.com-video-to-webp-converter-1.webp\" alt=\"\" width=\"500\" height=\"889\" \/><\/p>\n<h2 style=\"text-align: center;\" data-start=\"960\" data-end=\"977\"><strong>S\u00e5dan Bruges<\/strong><\/h2>\n<ol data-start=\"978\" data-end=\"1196\">\n<li data-start=\"978\" data-end=\"1018\">\n<p data-start=\"981\" data-end=\"1018\">Fjern den originale ventilst\u00f8vh\u00e6tte.<\/p>\n<\/li>\n<li data-start=\"1019\" data-end=\"1070\">\n<p data-start=\"1022\" data-end=\"1070\">Skru ventilforl\u00e6ngelsen p\u00e5 d\u00e6kventilen.<\/p>\n<\/li>\n<li data-start=\"1071\" data-end=\"1106\">\n<p data-start=\"1074\" data-end=\"1106\">S\u00e6t din luftpumpe eller m\u00e5ler p\u00e5.<\/p>\n<\/li>\n<li data-start=\"1107\" data-end=\"1141\">\n<p data-start=\"1110\" data-end=\"1141\">Pump eller t\u00f8m efter behov.<\/p>\n<\/li>\n<li data-start=\"1142\" data-end=\"1196\">\n<p data-start=\"1145\" data-end=\"1196\">Lad forl\u00e6ngelsen sidde p\u00e5 plads eller fjern den efter brug.<\/p>\n<\/li>\n<\/ol>\n<h2 style=\"text-align: center;\" data-start=\"1198\" data-end=\"1220\"><strong>Produktdetaljer<\/strong><\/h2>\n<ul data-start=\"1221\" data-end=\"1478\">\n<li data-start=\"1268\" data-end=\"1302\">\n<p data-start=\"1270\" data-end=\"1302\">Materiale: Massiv messing (kobber)<\/p>\n<\/li>\n<li data-start=\"1335\" data-end=\"1361\">\n<p data-start=\"1337\" data-end=\"1361\">Ventilsystem: Schrader<\/p>\n<\/li>\n<li data-start=\"1362\" data-end=\"1395\">\n<p data-start=\"1364\" data-end=\"1395\">Vinkelmuligheder: 45\u00b0, 90\u00b0, 135\u00b0<\/p>\n<\/li>\n<li data-start=\"1396\" data-end=\"1444\">\n<p data-start=\"1398\" data-end=\"1444\">Funktion: Biler, lastbiler, motorcykler, cykler<\/p>\n<\/li>\n<li data-start=\"1445\" data-end=\"1478\">\n<p data-start=\"1447\" data-end=\"1478\">Installation: Skrues direkte p\u00e5<\/p>\n<\/li>\n<\/ul>\n<h2 style=\"text-align: center;\" data-start=\"1480\" data-end=\"1503\"><strong>Pakken indeholder<\/strong><\/h2>\n<ul data-start=\"1504\" data-end=\"1567\" data-is-last-node=\"\" data-is-only-node=\"\">\n<li data-start=\"1504\" data-end=\"1567\" data-is-last-node=\"\">\n<p data-start=\"1506\" data-end=\"1567\" data-is-last-node=\"\">5x d\u00e6kventilforl\u00e6ngerr\u00f8r.<\/p>\n<\/li>\n<\/ul>\n","protected":false},"excerpt":{"rendered":"<p>Du kan nemt n\u00e5 sv\u00e6rt tilg\u00e6ngelige d\u00e6kventiler og pumpe dine d\u00e6k op uden besv\u00e6r. \ud83d\ude99\ud83c\udfcd Denne dobbelte indvendige ventilforl\u00e6nger g\u00f8r [&hellip;]<\/p>\n","protected":false},"featured_media":42962,"comment_status":"open","ping_status":"closed","template":"","meta":{"site-sidebar-layout":"default","site-content-layout":"","ast-site-content-layout":"default","site-content-style":"default","site-sidebar-style":"default","ast-global-header-display":"","ast-banner-title-visibility":"","ast-main-header-display":"","ast-hfb-above-header-display":"","ast-hfb-below-header-display":"","ast-hfb-mobile-header-display":"","site-post-title":"","ast-breadcrumbs-content":"","ast-featured-img":"","footer-sml-layout":"","ast-disable-related-posts":"","theme-transparent-header-meta":"default","adv-header-id-meta":"","stick-header-meta":"","header-above-stick-meta":"","header-main-stick-meta":"","header-below-stick-meta":"","astra-migrate-meta-layouts":"set","ast-page-background-enabled":"default","ast-page-background-meta":{"desktop":{"background-color":"var(--ast-global-color-5)","background-image":"","background-repeat":"repeat","background-position":"center center","background-size":"auto","background-attachment":"scroll","background-type":"","background-media":"","overlay-type":"","overlay-color":"","overlay-opacity":"","overlay-gradient":""},"tablet":{"background-color":"","background-image":"","background-repeat":"repeat","background-position":"center center","background-size":"auto","background-attachment":"scroll","background-type":"","background-media":"","overlay-type":"","overlay-color":"","overlay-opacity":"","overlay-gradient":""},"mobile":{"background-color":"","background-image":"","background-repeat":"repeat","background-position":"center center","background-size":"auto","background-attachment":"scroll","background-type":"","background-media":"","overlay-type":"","overlay-color":"","overlay-opacity":"","overlay-gradient":""}},"ast-content-background-meta":{"desktop":{"background-color":"var(--ast-global-color-4)","background-image":"","background-repeat":"repeat","background-position":"center center","background-size":"auto","background-attachment":"scroll","background-type":"","background-media":"","overlay-type":"","overlay-color":"","overlay-opacity":"","overlay-gradient":""},"tablet":{"background-color":"var(--ast-global-color-4)","background-image":"","background-repeat":"repeat","background-position":"center center","background-size":"auto","background-attachment":"scroll","background-type":"","background-media":"","overlay-type":"","overlay-color":"","overlay-opacity":"","overlay-gradient":""},"mobile":{"background-color":"var(--ast-global-color-4)","background-image":"","background-repeat":"repeat","background-position":"center center","background-size":"auto","background-attachment":"scroll","background-type":"","background-media":"","overlay-type":"","overlay-color":"","overlay-opacity":"","overlay-gradient":""}}},"product_brand":[],"product_cat":[19],"product_tag":[],"class_list":{"0":"post-42966","1":"product","2":"type-product","3":"status-publish","4":"has-post-thumbnail","6":"product_cat-uncategorized","7":"pa_60202_brq8nlm1-guld","8":"pa_60202_brq8nlm1-soelv","9":"pa_60202_g5yd1tdq-6047","10":"pa_60202_g5yd1tdq-6048","11":"pa_60202_g5yd1tdq-6049","12":"desktop-align-left","13":"tablet-align-left","14":"mobile-align-left","16":"first","17":"instock","18":"shipping-taxable","19":"purchasable","20":"product-type-variable","21":"has-default-attributes"},"_links":{"self":[{"href":"https:\/\/ecostera.com\/dk\/wp-json\/wp\/v2\/product\/42966","targetHints":{"allow":["GET"]}}],"collection":[{"href":"https:\/\/ecostera.com\/dk\/wp-json\/wp\/v2\/product"}],"about":[{"href":"https:\/\/ecostera.com\/dk\/wp-json\/wp\/v2\/types\/product"}],"replies":[{"embeddable":true,"href":"https:\/\/ecostera.com\/dk\/wp-json\/wp\/v2\/comments?post=42966"}],"wp:featuredmedia":[{"embeddable":true,"href":"https:\/\/ecostera.com\/dk\/wp-json\/wp\/v2\/media\/42962"}],"wp:attachment":[{"href":"https:\/\/ecostera.com\/dk\/wp-json\/wp\/v2\/media?parent=42966"}],"wp:term":[{"taxonomy":"product_brand","embeddable":true,"href":"https:\/\/ecostera.com\/dk\/wp-json\/wp\/v2\/product_brand?post=42966"},{"taxonomy":"product_cat","embeddable":true,"href":"https:\/\/ecostera.com\/dk\/wp-json\/wp\/v2\/product_cat?post=42966"},{"taxonomy":"product_tag","embeddable":true,"href":"https:\/\/ecostera.com\/dk\/wp-json\/wp\/v2\/product_tag?post=42966"}],"curies":[{"name":"wp","href":"https:\/\/api.w.org\/{rel}","templated":true}]}}