{"id":42987,"date":"2025-12-17T19:23:15","date_gmt":"2025-12-17T17:23:15","guid":{"rendered":"https:\/\/ecostera.com\/dk\/product\/stoette-til-sideforlaengelse-af-motorcykel\/"},"modified":"2025-12-19T16:34:14","modified_gmt":"2025-12-19T14:34:14","slug":"stoette-til-sideforlaengelse-af-motorcykel","status":"publish","type":"product","link":"https:\/\/ecostera.com\/dk\/product\/stoette-til-sideforlaengelse-af-motorcykel\/","title":{"rendered":"St\u00f8tte til sideforl\u00e6ngelse af motorcykel"},"content":{"rendered":"<p style=\"text-align: center;\" data-start=\"0\" data-end=\"83\"><strong data-start=\"0\" data-end=\"83\">Parker Din Motorcykel Sikkert P\u00e5 Ethvert Underlag Uden At Bekymre Dig Om At V\u00e6lte.<\/strong><span style=\"font-size: 16px; font-style: normal; font-weight: 400;\">\ud83c\udfcd\ufe0f<\/span><\/p>\n<p style=\"text-align: center;\" data-start=\"85\" data-end=\"335\">Dette motorcyklens sideforl\u00e6nger \u00f8ger kontaktomr\u00e5det for din sidest\u00f8tte, hvilket giver din motorcykel bedre stabilitet p\u00e5 bl\u00f8dt eller uj\u00e6vnt underlag. Den hj\u00e6lper med at forhindre, at den synker, glider og falder, n\u00e5r den er parkeret p\u00e5 mudder, gr\u00e6s, sand eller varm asfalt. Denne forst\u00f8rrer til sidest\u00f8tte er lavet af CNC-bearbejdet aluminium med h\u00f8j styrke og monteres nemt uden boring eller \u00e6ndringer. Dens anodiserede finish modst\u00e5r slid og vejr, hvilket g\u00f8r den til en p\u00e5lidelig opgradering til hverdagsk\u00f8rsel og touring.<\/p>\n<p data-start=\"85\" data-end=\"335\"><img fetchpriority=\"high\" decoding=\"async\" class=\"size-full wp-image-46065 aligncenter\" src=\"https:\/\/keluvo.com\/template\/wp-content\/uploads\/sites\/5\/2025\/12\/102225-ezgif.com-video-to-webp-converter-1.webp\" alt=\"\" width=\"500\" height=\"889\" \/><\/p>\n<h2 style=\"text-align: center;\" data-start=\"610\" data-end=\"629\"><strong>Hovedfordele<\/strong><\/h2>\n<p data-start=\"632\" data-end=\"684\">\ud83d\uded1 Forhindrer v\u00e6ltning &#8211; Mere stabil parkering.<\/p>\n<p data-start=\"687\" data-end=\"744\">\ud83c\udf31 Fungerer p\u00e5 bl\u00f8dt underlag &#8211; Gr\u00e6s, mudder, sand, asfalt.<\/p>\n<p data-start=\"747\" data-end=\"799\">\ud83d\udd29 CNC-aluminiumsbygning &#8211; St\u00e6rk og let.<\/p>\n<p data-start=\"802\" data-end=\"859\">\u2699\ufe0f Nem installation &#8211; Ingen boring eller \u00e6ndringer.<\/p>\n<p data-start=\"862\" data-end=\"915\">\ud83c\udfa8 Anodiseret finish &#8211; Holdbar og modstandsdygtig over for falmning.<\/p>\n<p data-start=\"918\" data-end=\"973\">\ud83c\udfcd\ufe0f Cykelspecifik pasform &#8211; Sikker og stabil st\u00f8tte.<\/p>\n<p data-start=\"918\" data-end=\"973\"><img decoding=\"async\" class=\"size-full wp-image-46064 aligncenter\" src=\"https:\/\/keluvo.com\/template\/wp-content\/uploads\/sites\/5\/2025\/12\/102226-ezgif.com-video-to-webp-converter-1.webp\" alt=\"\" width=\"500\" height=\"889\" \/><\/p>\n<h2 style=\"text-align: center;\" data-start=\"975\" data-end=\"992\"><strong>S\u00e5dan Bruges<\/strong><\/h2>\n<ol data-start=\"993\" data-end=\"1214\">\n<li data-start=\"993\" data-end=\"1053\">\n<p data-start=\"996\" data-end=\"1053\">Placer forl\u00e6ngelsen under motorcyklens sidest\u00f8tte.<\/p>\n<\/li>\n<li data-start=\"1054\" data-end=\"1105\">\n<p data-start=\"1057\" data-end=\"1105\">Juster den med stativfoden p\u00e5 venstre side.<\/p>\n<\/li>\n<li data-start=\"1106\" data-end=\"1156\">\n<p data-start=\"1109\" data-end=\"1156\">Stram ved hj\u00e6lp af den medf\u00f8lgende monteringshardware.<\/p>\n<\/li>\n<li data-start=\"1157\" data-end=\"1214\">\n<p data-start=\"1160\" data-end=\"1214\">S\u00f8rg for, at st\u00f8tten sidder godt fast, f\u00f8r du k\u00f8rer.<\/p>\n<\/li>\n<\/ol>\n<h2 style=\"text-align: center;\" data-start=\"1216\" data-end=\"1238\"><strong>Produktdetaljer<\/strong><\/h2>\n<ul data-start=\"1239\" data-end=\"1473\">\n<li data-start=\"1239\" data-end=\"1269\">\n<p data-start=\"1241\" data-end=\"1269\">Materiale: T6 6061 aluminium<\/p>\n<\/li>\n<li data-start=\"1270\" data-end=\"1301\">\n<p data-start=\"1272\" data-end=\"1301\">Fremstilling: CNC-bearbejdet<\/p>\n<\/li>\n<li data-start=\"1302\" data-end=\"1330\">\n<p data-start=\"1304\" data-end=\"1330\">Overfladefinish: Anodiseret<\/p>\n<\/li>\n<li data-start=\"1331\" data-end=\"1373\">\n<p data-start=\"1333\" data-end=\"1373\">Installationsplacering: Venstre sidest\u00f8tte<\/p>\n<\/li>\n<li data-start=\"1374\" data-end=\"1390\">\n<p data-start=\"1376\" data-end=\"1390\">V\u00e6gt: 64 g<\/p>\n<\/li>\n<li data-start=\"1436\" data-end=\"1473\">\n<p data-start=\"1438\" data-end=\"1473\">Tilstand: Helt ny, eftermarked<\/p>\n<\/li>\n<li data-start=\"1436\" data-end=\"1473\">St\u00f8rrelse: 7,2 x 5 cm<\/li>\n<\/ul>\n<h2 style=\"text-align: center;\" data-start=\"1475\" data-end=\"1498\"><strong>Pakken indeholder<\/strong><\/h2>\n<ul data-start=\"1499\" data-end=\"1538\" data-is-last-node=\"\" data-is-only-node=\"\">\n<li data-start=\"1499\" data-end=\"1538\" data-is-last-node=\"\">\n<p data-start=\"1501\" data-end=\"1538\" data-is-last-node=\"\">1x motorcykel sideforl\u00e6ngerst\u00f8tte.<\/p>\n<\/li>\n<\/ul>\n","protected":false},"excerpt":{"rendered":"<p>Parker Din Motorcykel Sikkert P\u00e5 Ethvert Underlag Uden At Bekymre Dig Om At V\u00e6lte.\ud83c\udfcd\ufe0f Dette motorcyklens sideforl\u00e6nger \u00f8ger kontaktomr\u00e5det for [&hellip;]<\/p>\n","protected":false},"featured_media":42983,"comment_status":"open","ping_status":"closed","template":"","meta":{"site-sidebar-layout":"default","site-content-layout":"","ast-site-content-layout":"default","site-content-style":"default","site-sidebar-style":"default","ast-global-header-display":"","ast-banner-title-visibility":"","ast-main-header-display":"","ast-hfb-above-header-display":"","ast-hfb-below-header-display":"","ast-hfb-mobile-header-display":"","site-post-title":"","ast-breadcrumbs-content":"","ast-featured-img":"","footer-sml-layout":"","theme-transparent-header-meta":"default","adv-header-id-meta":"","stick-header-meta":"","header-above-stick-meta":"","header-main-stick-meta":"","header-below-stick-meta":"","astra-migrate-meta-layouts":"set","ast-page-background-enabled":"default","ast-page-background-meta":{"desktop":{"background-color":"var(--ast-global-color-5)","background-image":"","background-repeat":"repeat","background-position":"center center","background-size":"auto","background-attachment":"scroll","background-type":"","background-media":"","overlay-type":"","overlay-color":"","overlay-opacity":"","overlay-gradient":""},"tablet":{"background-color":"","background-image":"","background-repeat":"repeat","background-position":"center center","background-size":"auto","background-attachment":"scroll","background-type":"","background-media":"","overlay-type":"","overlay-color":"","overlay-opacity":"","overlay-gradient":""},"mobile":{"background-color":"","background-image":"","background-repeat":"repeat","background-position":"center center","background-size":"auto","background-attachment":"scroll","background-type":"","background-media":"","overlay-type":"","overlay-color":"","overlay-opacity":"","overlay-gradient":""}},"ast-content-background-meta":{"desktop":{"background-color":"var(--ast-global-color-4)","background-image":"","background-repeat":"repeat","background-position":"center center","background-size":"auto","background-attachment":"scroll","background-type":"","background-media":"","overlay-type":"","overlay-color":"","overlay-opacity":"","overlay-gradient":""},"tablet":{"background-color":"var(--ast-global-color-4)","background-image":"","background-repeat":"repeat","background-position":"center center","background-size":"auto","background-attachment":"scroll","background-type":"","background-media":"","overlay-type":"","overlay-color":"","overlay-opacity":"","overlay-gradient":""},"mobile":{"background-color":"var(--ast-global-color-4)","background-image":"","background-repeat":"repeat","background-position":"center center","background-size":"auto","background-attachment":"scroll","background-type":"","background-media":"","overlay-type":"","overlay-color":"","overlay-opacity":"","overlay-gradient":""}}},"product_brand":[],"product_cat":[19],"product_tag":[],"class_list":{"0":"post-42987","1":"product","2":"type-product","3":"status-publish","4":"has-post-thumbnail","6":"product_cat-uncategorized","7":"pa_60286_xdrvwk6m-blaa","8":"pa_60286_xdrvwk6m-graa","9":"pa_60286_xdrvwk6m-gul","10":"pa_60286_xdrvwk6m-roed","11":"pa_60286_xdrvwk6m-sort","12":"desktop-align-left","13":"tablet-align-left","14":"mobile-align-left","16":"first","17":"instock","18":"shipping-taxable","19":"purchasable","20":"product-type-variable"},"_links":{"self":[{"href":"https:\/\/ecostera.com\/dk\/wp-json\/wp\/v2\/product\/42987","targetHints":{"allow":["GET"]}}],"collection":[{"href":"https:\/\/ecostera.com\/dk\/wp-json\/wp\/v2\/product"}],"about":[{"href":"https:\/\/ecostera.com\/dk\/wp-json\/wp\/v2\/types\/product"}],"replies":[{"embeddable":true,"href":"https:\/\/ecostera.com\/dk\/wp-json\/wp\/v2\/comments?post=42987"}],"wp:featuredmedia":[{"embeddable":true,"href":"https:\/\/ecostera.com\/dk\/wp-json\/wp\/v2\/media\/42983"}],"wp:attachment":[{"href":"https:\/\/ecostera.com\/dk\/wp-json\/wp\/v2\/media?parent=42987"}],"wp:term":[{"taxonomy":"product_brand","embeddable":true,"href":"https:\/\/ecostera.com\/dk\/wp-json\/wp\/v2\/product_brand?post=42987"},{"taxonomy":"product_cat","embeddable":true,"href":"https:\/\/ecostera.com\/dk\/wp-json\/wp\/v2\/product_cat?post=42987"},{"taxonomy":"product_tag","embeddable":true,"href":"https:\/\/ecostera.com\/dk\/wp-json\/wp\/v2\/product_tag?post=42987"}],"curies":[{"name":"wp","href":"https:\/\/api.w.org\/{rel}","templated":true}]}}