{"id":43006,"date":"2025-12-17T19:25:19","date_gmt":"2025-12-17T17:25:19","guid":{"rendered":"https:\/\/ecostera.com\/dk\/product\/fugtbestandige-skuffemaatter\/"},"modified":"2025-12-19T16:36:06","modified_gmt":"2025-12-19T14:36:06","slug":"fugtbestandige-skuffemaatter","status":"publish","type":"product","link":"https:\/\/ecostera.com\/dk\/product\/fugtbestandige-skuffemaatter\/","title":{"rendered":"Fugtbestandige skuffem\u00e5tter"},"content":{"rendered":"<p style=\"text-align: center;\" data-start=\"0\" data-end=\"65\"><strong data-start=\"0\" data-end=\"65\">Hold skuffer og hylder rene, t\u00f8rre og beskyttede hver dag.<\/strong><span style=\"font-size: 16px; font-style: normal; font-weight: 400;\">\ud83e\uddfc<\/span><\/p>\n<p style=\"text-align: center;\" data-start=\"67\" data-end=\"314\">Disse fugtbestandige skuffem\u00e5tter beskytter dine overflader mod spild, ridser og fugt, samtidig med at de holder tingene p\u00e5 plads. De er lavet af bl\u00f8dt, men holdbart EVA-materiale, er nemme at sk\u00e6re til, skridsikre og perfekte til k\u00f8kkener, skabe og opbevaringsomr\u00e5der. Disse m\u00e5tter tilf\u00f8jer et polstret lag, der forhindrer skader p\u00e5 m\u00f8bler og reducerer den daglige reng\u00f8ring. Det ikke-kl\u00e6bende design efterlader ingen rester, hvilket g\u00f8r dem nemme at fjerne eller udskifte, n\u00e5r det er n\u00f8dvendigt.<\/p>\n<p data-start=\"67\" data-end=\"314\"><img fetchpriority=\"high\" decoding=\"async\" class=\"size-full wp-image-46091 aligncenter\" src=\"https:\/\/keluvo.com\/template\/wp-content\/uploads\/sites\/5\/2025\/12\/10223-ezgif.com-video-to-webp-converter-5.webp\" alt=\"\" width=\"500\" height=\"889\" \/><\/p>\n<h2 style=\"text-align: center;\" data-start=\"553\" data-end=\"572\"><strong>Hovedfordele<\/strong><\/h2>\n<p data-start=\"575\" data-end=\"640\">\ud83d\udca7 Fugtbestandig &#8211; Beskytter mod spild og fugtige omr\u00e5der.<\/p>\n<p data-start=\"643\" data-end=\"703\">\ud83d\udee1\ufe0f Overfladebeskyttelse &#8211; Forhindrer ridser og revner.<\/p>\n<p data-start=\"706\" data-end=\"774\">\ud83d\udeab Skridsikkert design &#8211; Holder ting stabile i skuffer og hylder.<\/p>\n<p data-start=\"777\" data-end=\"824\">\u2702\ufe0f Let at sk\u00e6re til &#8211; Passer perfekt til ethvert rum.<\/p>\n<p data-start=\"827\" data-end=\"882\">\u267b\ufe0f EVA-materiale &#8211; Bl\u00f8dt, holdbart og milj\u00f8venligt.<\/p>\n<p data-start=\"885\" data-end=\"932\">\ud83e\uddfd Let at reng\u00f8re &#8211; T\u00f8rres af og genbruges n\u00e5r som helst.<\/p>\n<p data-start=\"885\" data-end=\"932\"><img decoding=\"async\" class=\"size-full wp-image-46092 aligncenter\" src=\"https:\/\/keluvo.com\/template\/wp-content\/uploads\/sites\/5\/2025\/12\/10222-ezgif.com-video-to-webp-converter-5.webp\" alt=\"\" width=\"500\" height=\"889\" \/><\/p>\n<h2 style=\"text-align: center;\" data-start=\"934\" data-end=\"951\"><strong>S\u00e5dan Bruges<\/strong><\/h2>\n<ol data-start=\"952\" data-end=\"1151\">\n<li data-start=\"952\" data-end=\"990\">\n<p data-start=\"955\" data-end=\"990\">M\u00e5l skuffe- eller hyldeomr\u00e5det.<\/p>\n<\/li>\n<li data-start=\"991\" data-end=\"1028\">\n<p data-start=\"994\" data-end=\"1028\">Sk\u00e6r m\u00e5tten til i den \u00f8nskede st\u00f8rrelse.<\/p>\n<\/li>\n<li data-start=\"1029\" data-end=\"1081\">\n<p data-start=\"1032\" data-end=\"1081\">Placer m\u00e5tten med den strukturerede side opad.<\/p>\n<\/li>\n<li data-start=\"1082\" data-end=\"1151\">\n<p data-start=\"1085\" data-end=\"1151\">Hvis kanterne kr\u00f8ller, skal du flade dem ud med v\u00e6gt, varmt vand eller forsigtig varme.<\/p>\n<\/li>\n<\/ol>\n<h2 style=\"text-align: center;\" data-start=\"1153\" data-end=\"1175\"><strong>Produktdetaljer<\/strong><\/h2>\n<ul data-start=\"1176\" data-end=\"1376\">\n<li data-start=\"1176\" data-end=\"1221\">\n<p data-start=\"1178\" data-end=\"1221\">Materiale: EVA (halvgummi, milj\u00f8venlig)<\/p>\n<\/li>\n<li data-start=\"1222\" data-end=\"1243\">\n<p data-start=\"1224\" data-end=\"1243\">St\u00f8rrelse: 45 x 300 cm<\/p>\n<\/li>\n<li data-start=\"1298\" data-end=\"1344\">\n<p data-start=\"1300\" data-end=\"1344\">Design: H\u00e6vet struktureret top, glat bund<\/p>\n<\/li>\n<li data-start=\"1345\" data-end=\"1376\">\n<p data-start=\"1347\" data-end=\"1376\">Kl\u00e6bemiddel: Ingen (ingen rester)<\/p>\n<\/li>\n<\/ul>\n<h2 style=\"text-align: center;\" data-start=\"1378\" data-end=\"1401\"><strong>Pakken indeholder<\/strong><\/h2>\n<ul data-start=\"1402\" data-end=\"1437\" data-is-last-node=\"\" data-is-only-node=\"\">\n<li data-start=\"1402\" data-end=\"1437\" data-is-last-node=\"\">\n<p data-start=\"1404\" data-end=\"1437\" data-is-last-node=\"\">1, 2, 3x fugtbestandig skuffem\u00e5tte.<\/p>\n<\/li>\n<\/ul>\n","protected":false},"excerpt":{"rendered":"<p>Hold skuffer og hylder rene, t\u00f8rre og beskyttede hver dag.\ud83e\uddfc Disse fugtbestandige skuffem\u00e5tter beskytter dine overflader mod spild, ridser og [&hellip;]<\/p>\n","protected":false},"featured_media":43002,"comment_status":"open","ping_status":"closed","template":"","meta":{"site-sidebar-layout":"default","site-content-layout":"","ast-site-content-layout":"default","site-content-style":"default","site-sidebar-style":"default","ast-global-header-display":"","ast-banner-title-visibility":"","ast-main-header-display":"","ast-hfb-above-header-display":"","ast-hfb-below-header-display":"","ast-hfb-mobile-header-display":"","site-post-title":"","ast-breadcrumbs-content":"","ast-featured-img":"","footer-sml-layout":"","theme-transparent-header-meta":"default","adv-header-id-meta":"","stick-header-meta":"","header-above-stick-meta":"","header-main-stick-meta":"","header-below-stick-meta":"","astra-migrate-meta-layouts":"set","ast-page-background-enabled":"default","ast-page-background-meta":{"desktop":{"background-color":"var(--ast-global-color-5)","background-image":"","background-repeat":"repeat","background-position":"center center","background-size":"auto","background-attachment":"scroll","background-type":"","background-media":"","overlay-type":"","overlay-color":"","overlay-opacity":"","overlay-gradient":""},"tablet":{"background-color":"","background-image":"","background-repeat":"repeat","background-position":"center center","background-size":"auto","background-attachment":"scroll","background-type":"","background-media":"","overlay-type":"","overlay-color":"","overlay-opacity":"","overlay-gradient":""},"mobile":{"background-color":"","background-image":"","background-repeat":"repeat","background-position":"center center","background-size":"auto","background-attachment":"scroll","background-type":"","background-media":"","overlay-type":"","overlay-color":"","overlay-opacity":"","overlay-gradient":""}},"ast-content-background-meta":{"desktop":{"background-color":"var(--ast-global-color-4)","background-image":"","background-repeat":"repeat","background-position":"center center","background-size":"auto","background-attachment":"scroll","background-type":"","background-media":"","overlay-type":"","overlay-color":"","overlay-opacity":"","overlay-gradient":""},"tablet":{"background-color":"var(--ast-global-color-4)","background-image":"","background-repeat":"repeat","background-position":"center center","background-size":"auto","background-attachment":"scroll","background-type":"","background-media":"","overlay-type":"","overlay-color":"","overlay-opacity":"","overlay-gradient":""},"mobile":{"background-color":"var(--ast-global-color-4)","background-image":"","background-repeat":"repeat","background-position":"center center","background-size":"auto","background-attachment":"scroll","background-type":"","background-media":"","overlay-type":"","overlay-color":"","overlay-opacity":"","overlay-gradient":""}}},"product_brand":[],"product_cat":[19],"product_tag":[],"class_list":{"0":"post-43006","1":"product","2":"type-product","3":"status-publish","4":"has-post-thumbnail","6":"product_cat-uncategorized","7":"pa_60393_buatqhfi-a","8":"pa_60393_buatqhfi-b","9":"pa_60393_buatqhfi-c","10":"pa_60393_mn7l7j28-1-stk","11":"pa_60393_mn7l7j28-2-stk","12":"pa_60393_mn7l7j28-3-stk","13":"desktop-align-left","14":"tablet-align-left","15":"mobile-align-left","17":"first","18":"instock","19":"shipping-taxable","20":"purchasable","21":"product-type-variable","22":"has-default-attributes"},"_links":{"self":[{"href":"https:\/\/ecostera.com\/dk\/wp-json\/wp\/v2\/product\/43006","targetHints":{"allow":["GET"]}}],"collection":[{"href":"https:\/\/ecostera.com\/dk\/wp-json\/wp\/v2\/product"}],"about":[{"href":"https:\/\/ecostera.com\/dk\/wp-json\/wp\/v2\/types\/product"}],"replies":[{"embeddable":true,"href":"https:\/\/ecostera.com\/dk\/wp-json\/wp\/v2\/comments?post=43006"}],"wp:featuredmedia":[{"embeddable":true,"href":"https:\/\/ecostera.com\/dk\/wp-json\/wp\/v2\/media\/43002"}],"wp:attachment":[{"href":"https:\/\/ecostera.com\/dk\/wp-json\/wp\/v2\/media?parent=43006"}],"wp:term":[{"taxonomy":"product_brand","embeddable":true,"href":"https:\/\/ecostera.com\/dk\/wp-json\/wp\/v2\/product_brand?post=43006"},{"taxonomy":"product_cat","embeddable":true,"href":"https:\/\/ecostera.com\/dk\/wp-json\/wp\/v2\/product_cat?post=43006"},{"taxonomy":"product_tag","embeddable":true,"href":"https:\/\/ecostera.com\/dk\/wp-json\/wp\/v2\/product_tag?post=43006"}],"curies":[{"name":"wp","href":"https:\/\/api.w.org\/{rel}","templated":true}]}}