{"id":43166,"date":"2025-12-18T15:32:16","date_gmt":"2025-12-18T13:32:16","guid":{"rendered":"https:\/\/ecostera.com\/dk\/product\/bremseudluftningssaet-2-stk\/"},"modified":"2025-12-22T18:20:02","modified_gmt":"2025-12-22T16:20:02","slug":"bremseudluftningssaet-2-stk","status":"publish","type":"product","link":"https:\/\/ecostera.com\/dk\/product\/bremseudluftningssaet-2-stk\/","title":{"rendered":"Bremseudluftningss\u00e6t (2 stk.)"},"content":{"rendered":"<p style=\"text-align: center;\" data-start=\"0\" data-end=\"61\"><strong data-start=\"0\" data-end=\"61\">Udluft Dine Bremser Nemt Og Sikkert Med Et Enkelt V\u00e6rkt\u00f8j. <\/strong><span style=\"font-size: 16px; font-style: normal; font-weight: 400;\">\ud83d\ude97\u00a0<\/span><\/p>\n<p style=\"text-align: center;\" data-start=\"63\" data-end=\"322\">Med dette bremseudluftningss\u00e6t kan du fjerne luft fra dit bremse- eller koblingssystem uden hj\u00e6lp, hvilket g\u00f8r bremsevedligeholdelse hurtigere og renere. Dens envejsventil forhindrer luft i at komme tilbage i systemet, hvilket giver dig en fast og p\u00e5lidelig bremsepedal hver gang. Denne professionelle bremseudlufter er perfekt til g\u00f8r-det-selv-bilejere og v\u00e6rksteder. Den fleksible slange n\u00e5r sn\u00e6vre vinkler, mens aluminiumshuset modst\u00e5r korrosion af bremsev\u00e6ske og forbliver let for nem h\u00e5ndtering.<\/p>\n<p data-start=\"63\" data-end=\"322\"><img fetchpriority=\"high\" decoding=\"async\" class=\"size-full wp-image-46234 aligncenter\" src=\"https:\/\/keluvo.com\/template\/wp-content\/uploads\/sites\/5\/2025\/12\/10229-ezgif.com-video-to-webp-converter-4.webp\" alt=\"\" width=\"500\" height=\"889\" \/><\/p>\n<h2 style=\"text-align: center;\" data-start=\"598\" data-end=\"618\"><strong>Hovedfordele<\/strong><\/h2>\n<p data-start=\"621\" data-end=\"683\">\ud83d\udd01 Envejsventilsystem &#8211; forhindrer luft i at str\u00f8mme tilbage.<\/p>\n<p data-start=\"686\" data-end=\"751\">\ud83d\udca8 Effektiv luftfjernelse &#8211; hj\u00e6lper med at skabe fast bremserespons.<\/p>\n<p data-start=\"754\" data-end=\"803\">\ud83e\uddf0 G\u00f8r-det-selv-venlig &#8211; bremseudluftning til \u00e9n person.<\/p>\n<p data-start=\"806\" data-end=\"863\">\ud83d\udd17 Hurtig klipsforbindelse &#8211; hurtig ops\u00e6tning uden v\u00e6rkt\u00f8j.<\/p>\n<p data-start=\"866\" data-end=\"923\">\ud83e\udeb6 Letv\u00e6gt &amp; b\u00e6rbar &#8211; Let at opbevare og b\u00e6re.<\/p>\n<p data-start=\"926\" data-end=\"984\">\ud83d\udee0\ufe0f Holdbar aluminiumskrop &#8211; Modstandsdygtig over for bremsev\u00e6ske.<\/p>\n<p data-start=\"926\" data-end=\"984\"><img decoding=\"async\" class=\"size-full wp-image-46235 aligncenter\" src=\"https:\/\/keluvo.com\/template\/wp-content\/uploads\/sites\/5\/2025\/12\/4bcbf81afb287dfda666e749e96b87d9e2e57672-700.jpg\" alt=\"\" width=\"1080\" height=\"1080\" \/><\/p>\n<h2 style=\"text-align: center;\" data-start=\"986\" data-end=\"1003\"><strong>S\u00e5dan Bruges<\/strong><\/h2>\n<ol data-start=\"1004\" data-end=\"1218\">\n<li data-start=\"1004\" data-end=\"1040\">\n<p data-start=\"1007\" data-end=\"1040\">L\u00f8s bremseudluftningsskruen.<\/p>\n<\/li>\n<li data-start=\"1041\" data-end=\"1110\">\n<p data-start=\"1044\" data-end=\"1110\">Tilslut udluftningsslangen (pilen peger v\u00e6k fra caliperen).<\/p>\n<\/li>\n<li data-start=\"1111\" data-end=\"1161\">\n<p data-start=\"1114\" data-end=\"1161\">Tryk langsomt p\u00e5 bremsepedalen for at skubbe luften ud.<\/p>\n<\/li>\n<li data-start=\"1162\" data-end=\"1218\">\n<p data-start=\"1165\" data-end=\"1218\">P\u00e5fyld bremsev\u00e6ske efter behov, og luk udluftningen.<\/p>\n<\/li>\n<\/ol>\n<h2 style=\"text-align: center;\" data-start=\"1220\" data-end=\"1242\"><strong>Produktdetaljer<\/strong><\/h2>\n<ul data-start=\"1243\" data-end=\"1437\">\n<li data-start=\"1289\" data-end=\"1317\">\n<p data-start=\"1291\" data-end=\"1317\">Materiale: Aluminiumskal<\/p>\n<\/li>\n<li data-start=\"1318\" data-end=\"1335\">\n<p data-start=\"1320\" data-end=\"1335\">Farve: S\u00f8lv<\/p>\n<\/li>\n<li data-start=\"1336\" data-end=\"1359\">\n<p data-start=\"1338\" data-end=\"1359\">V\u00e6gt: Ca. 30 g<\/p>\n<\/li>\n<li data-start=\"1360\" data-end=\"1401\">\n<p data-start=\"1362\" data-end=\"1401\">Slangetype: Fleksibelt, let b\u00f8jeligt design<\/p>\n<\/li>\n<li data-start=\"1402\" data-end=\"1437\">\n<p data-start=\"1404\" data-end=\"1437\">Ventiltype: Envejs kontraventil<\/p>\n<\/li>\n<\/ul>\n<h2 style=\"text-align: center;\" data-start=\"1439\" data-end=\"1462\"><strong>Pakken indeholder<\/strong><\/h2>\n<ul data-start=\"1463\" data-end=\"1544\" data-is-last-node=\"\" data-is-only-node=\"\">\n<li data-start=\"1463\" data-end=\"1514\">\n<p data-start=\"1465\" data-end=\"1514\">2x bremseudluftningsslange med envejs kontraventil<\/p>\n<\/li>\n<li data-start=\"1515\" data-end=\"1544\" data-is-last-node=\"\">\n<p data-start=\"1517\" data-end=\"1544\" data-is-last-node=\"\">4x ekstra udluftningsdysem\u00f8trikker.<\/p>\n<\/li>\n<\/ul>\n","protected":false},"excerpt":{"rendered":"<p>Udluft Dine Bremser Nemt Og Sikkert Med Et Enkelt V\u00e6rkt\u00f8j. \ud83d\ude97\u00a0 Med dette bremseudluftningss\u00e6t kan du fjerne luft fra dit [&hellip;]<\/p>\n","protected":false},"featured_media":43162,"comment_status":"open","ping_status":"closed","template":"","meta":{"site-sidebar-layout":"default","site-content-layout":"","ast-site-content-layout":"default","site-content-style":"default","site-sidebar-style":"default","ast-global-header-display":"","ast-banner-title-visibility":"","ast-main-header-display":"","ast-hfb-above-header-display":"","ast-hfb-below-header-display":"","ast-hfb-mobile-header-display":"","site-post-title":"","ast-breadcrumbs-content":"","ast-featured-img":"","footer-sml-layout":"","theme-transparent-header-meta":"default","adv-header-id-meta":"","stick-header-meta":"","header-above-stick-meta":"","header-main-stick-meta":"","header-below-stick-meta":"","astra-migrate-meta-layouts":"set","ast-page-background-enabled":"default","ast-page-background-meta":{"desktop":{"background-color":"var(--ast-global-color-5)","background-image":"","background-repeat":"repeat","background-position":"center center","background-size":"auto","background-attachment":"scroll","background-type":"","background-media":"","overlay-type":"","overlay-color":"","overlay-opacity":"","overlay-gradient":""},"tablet":{"background-color":"","background-image":"","background-repeat":"repeat","background-position":"center center","background-size":"auto","background-attachment":"scroll","background-type":"","background-media":"","overlay-type":"","overlay-color":"","overlay-opacity":"","overlay-gradient":""},"mobile":{"background-color":"","background-image":"","background-repeat":"repeat","background-position":"center center","background-size":"auto","background-attachment":"scroll","background-type":"","background-media":"","overlay-type":"","overlay-color":"","overlay-opacity":"","overlay-gradient":""}},"ast-content-background-meta":{"desktop":{"background-color":"var(--ast-global-color-4)","background-image":"","background-repeat":"repeat","background-position":"center center","background-size":"auto","background-attachment":"scroll","background-type":"","background-media":"","overlay-type":"","overlay-color":"","overlay-opacity":"","overlay-gradient":""},"tablet":{"background-color":"var(--ast-global-color-4)","background-image":"","background-repeat":"repeat","background-position":"center center","background-size":"auto","background-attachment":"scroll","background-type":"","background-media":"","overlay-type":"","overlay-color":"","overlay-opacity":"","overlay-gradient":""},"mobile":{"background-color":"var(--ast-global-color-4)","background-image":"","background-repeat":"repeat","background-position":"center center","background-size":"auto","background-attachment":"scroll","background-type":"","background-media":"","overlay-type":"","overlay-color":"","overlay-opacity":"","overlay-gradient":""}}},"product_brand":[],"product_cat":[19],"product_tag":[],"class_list":{"0":"post-43166","1":"product","2":"type-product","3":"status-publish","4":"has-post-thumbnail","6":"product_cat-uncategorized","7":"desktop-align-left","8":"tablet-align-left","9":"mobile-align-left","11":"first","12":"instock","13":"shipping-taxable","14":"purchasable","15":"product-type-simple"},"_links":{"self":[{"href":"https:\/\/ecostera.com\/dk\/wp-json\/wp\/v2\/product\/43166","targetHints":{"allow":["GET"]}}],"collection":[{"href":"https:\/\/ecostera.com\/dk\/wp-json\/wp\/v2\/product"}],"about":[{"href":"https:\/\/ecostera.com\/dk\/wp-json\/wp\/v2\/types\/product"}],"replies":[{"embeddable":true,"href":"https:\/\/ecostera.com\/dk\/wp-json\/wp\/v2\/comments?post=43166"}],"wp:featuredmedia":[{"embeddable":true,"href":"https:\/\/ecostera.com\/dk\/wp-json\/wp\/v2\/media\/43162"}],"wp:attachment":[{"href":"https:\/\/ecostera.com\/dk\/wp-json\/wp\/v2\/media?parent=43166"}],"wp:term":[{"taxonomy":"product_brand","embeddable":true,"href":"https:\/\/ecostera.com\/dk\/wp-json\/wp\/v2\/product_brand?post=43166"},{"taxonomy":"product_cat","embeddable":true,"href":"https:\/\/ecostera.com\/dk\/wp-json\/wp\/v2\/product_cat?post=43166"},{"taxonomy":"product_tag","embeddable":true,"href":"https:\/\/ecostera.com\/dk\/wp-json\/wp\/v2\/product_tag?post=43166"}],"curies":[{"name":"wp","href":"https:\/\/api.w.org\/{rel}","templated":true}]}}