{"id":43192,"date":"2025-12-18T15:35:32","date_gmt":"2025-12-18T13:35:32","guid":{"rendered":"https:\/\/ecostera.com\/dk\/product\/diy-teknologisk-legetoej\/"},"modified":"2025-12-19T16:55:39","modified_gmt":"2025-12-19T14:55:39","slug":"diy-teknologisk-legetoej","status":"publish","type":"product","link":"https:\/\/ecostera.com\/dk\/product\/diy-teknologisk-legetoej\/","title":{"rendered":"DIY-teknologisk leget\u00f8j"},"content":{"rendered":"<p style=\"text-align: center;\" data-start=\"0\" data-end=\"61\"><strong data-start=\"0\" data-end=\"61\">Byg, L\u00e6r Og Leg, Mens Du Udvikler \u00c6gte STEM-F\u00e6rdigheder.<\/strong><span style=\"font-size: 16px; font-style: normal; font-weight: 400;\">\ud83e\udde0<\/span><\/p>\n<p style=\"text-align: center;\" data-start=\"63\" data-end=\"280\">Med dette tekniske g\u00f8r-det-selv-leget\u00f8j kan b\u00f8rn udforske videnskab og teknologi gennem praktisk byggeri og kreativ leg. Med dyre- og naturtemaer l\u00e6rer b\u00f8rn ved at samle enkle modeller, der forvandler nysgerrighed til reel forst\u00e5else. Dette tekniske g\u00f8r-det-selv-leget\u00f8j er designet til b\u00f8rn i alderen 3-12 \u00e5r og kombinerer leg med uddannelse. B\u00f8rn f\u00f8lger enkle trin for at bygge modeller, forbedre probleml\u00f8sningsevner og forst\u00e5 grundl\u00e6ggende STEM-koncepter, mens de har det sjovt.<\/p>\n<p data-start=\"63\" data-end=\"280\"><img fetchpriority=\"high\" decoding=\"async\" class=\"size-full wp-image-46309 aligncenter\" src=\"https:\/\/keluvo.com\/template\/wp-content\/uploads\/sites\/5\/2025\/12\/102216-ezgif.com-video-to-webp-converter-4.webp\" alt=\"\" width=\"500\" height=\"500\" \/><\/p>\n<h2 style=\"text-align: center;\" data-start=\"529\" data-end=\"549\">Vigtigste fordele<\/h2>\n<p data-start=\"552\" data-end=\"621\">\ud83e\udde9 Praktisk STEM-l\u00e6ring &#8211; L\u00e6r ved at bygge og eksperimentere.<\/p>\n<p data-start=\"624\" data-end=\"681\">\ud83d\udc3e Dyre- og naturtema &#8211; Sjove og engagerende designs.<\/p>\n<p data-start=\"684\" data-end=\"743\">\ud83d\udcd8 Let at samle &#8211; Tydelige trin-for-trin-instruktioner.<\/p>\n<p data-start=\"746\" data-end=\"807\">\ud83d\udee1\ufe0f Sikkert for b\u00f8rn &#8211; Ugiftige, b\u00f8rnevenlige materialer.<\/p>\n<p data-start=\"810\" data-end=\"874\">\ud83d\udd27 \u00d8ger kreativiteten &#8211; Opmuntrer til t\u00e6nkning og fantasi.<\/p>\n<p data-start=\"877\" data-end=\"929\">\ud83e\uddf1 Holdbart design &#8211; Lavet til langvarig leg.<\/p>\n<p data-start=\"877\" data-end=\"929\"><img decoding=\"async\" class=\"size-full wp-image-46310 aligncenter\" src=\"https:\/\/keluvo.com\/template\/wp-content\/uploads\/sites\/5\/2025\/12\/a6cb65b2-4f3c-4a90-bb2e-8a6b74985463.jpg\" alt=\"\" width=\"768\" height=\"1080\" \/><\/p>\n<h2 style=\"text-align: center;\" data-start=\"931\" data-end=\"948\">S\u00e5dan bruges<\/h2>\n<ol data-start=\"949\" data-end=\"1111\">\n<li data-start=\"949\" data-end=\"990\">\n<p data-start=\"952\" data-end=\"990\">\u00c5bn pakken, og sorter delene.<\/p>\n<\/li>\n<li data-start=\"991\" data-end=\"1027\">\n<p data-start=\"994\" data-end=\"1027\">F\u00f8lg den trinvise vejledning.<\/p>\n<\/li>\n<li data-start=\"1028\" data-end=\"1067\">\n<p data-start=\"1031\" data-end=\"1067\">Saml modellen stykke for stykke.<\/p>\n<\/li>\n<li data-start=\"1068\" data-end=\"1111\">\n<p data-start=\"1071\" data-end=\"1111\">Leg, l\u00e6r, og udforsk, hvordan den fungerer.<\/p>\n<\/li>\n<\/ol>\n<h2 style=\"text-align: center;\" data-start=\"1113\" data-end=\"1135\">Produktdetaljer<\/h2>\n<ul data-start=\"1136\" data-end=\"1432\">\n<li data-start=\"1168\" data-end=\"1195\">\n<p data-start=\"1170\" data-end=\"1195\">Tema: Videnskab, k\u00f8ret\u00f8j og meget mere<\/p>\n<\/li>\n<li data-start=\"1196\" data-end=\"1238\">\n<p data-start=\"1198\" data-end=\"1238\">Anbefalet alder: 3-6 \u00e5r, 6-12 \u00e5r<\/p>\n<\/li>\n<li data-start=\"1239\" data-end=\"1279\">\n<p data-start=\"1241\" data-end=\"1279\">Materiale: Holdbar, ikke-giftig plast<\/p>\n<\/li>\n<li data-start=\"1280\" data-end=\"1340\">\n<p data-start=\"1282\" data-end=\"1340\">Sikkerhed: Ingen farlige materialer (\u2264105\u2103 flygtig standard)<\/p>\n<\/li>\n<li data-start=\"1341\" data-end=\"1375\">\n<p data-start=\"1343\" data-end=\"1375\">Montering: Nem vejledning medf\u00f8lger<\/p>\n<\/li>\n<li data-start=\"1376\" data-end=\"1432\">\n<p data-start=\"1378\" data-end=\"1432\">P\u00e6dagogisk fokus: STEM-l\u00e6ring og praktiske f\u00e6rdigheder<\/p>\n<\/li>\n<\/ul>\n<h2 style=\"text-align: center;\" data-start=\"1434\" data-end=\"1457\">Pakken indeholder<\/h2>\n<ul data-start=\"1458\" data-end=\"1519\" data-is-last-node=\"\" data-is-only-node=\"\">\n<li data-start=\"1458\" data-end=\"1485\">\n<p data-start=\"1460\" data-end=\"1485\">1, 8x DIY tech leget\u00f8jskomponenter<\/p>\n<\/li>\n<li data-start=\"1486\" data-end=\"1519\" data-is-last-node=\"\">\n<p data-start=\"1488\" data-end=\"1519\" data-is-last-node=\"\">1x trin-for-trin instruktionsmanual.<\/p>\n<\/li>\n<\/ul>\n","protected":false},"excerpt":{"rendered":"<p>Byg, L\u00e6r Og Leg, Mens Du Udvikler \u00c6gte STEM-F\u00e6rdigheder.\ud83e\udde0 Med dette tekniske g\u00f8r-det-selv-leget\u00f8j kan b\u00f8rn udforske videnskab og teknologi gennem [&hellip;]<\/p>\n","protected":false},"featured_media":43188,"comment_status":"open","ping_status":"closed","template":"","meta":{"site-sidebar-layout":"default","site-content-layout":"","ast-site-content-layout":"default","site-content-style":"default","site-sidebar-style":"default","ast-global-header-display":"","ast-banner-title-visibility":"","ast-main-header-display":"","ast-hfb-above-header-display":"","ast-hfb-below-header-display":"","ast-hfb-mobile-header-display":"","site-post-title":"","ast-breadcrumbs-content":"","ast-featured-img":"","footer-sml-layout":"","theme-transparent-header-meta":"default","adv-header-id-meta":"","stick-header-meta":"","header-above-stick-meta":"","header-main-stick-meta":"","header-below-stick-meta":"","astra-migrate-meta-layouts":"set","ast-page-background-enabled":"default","ast-page-background-meta":{"desktop":{"background-color":"var(--ast-global-color-5)","background-image":"","background-repeat":"repeat","background-position":"center center","background-size":"auto","background-attachment":"scroll","background-type":"","background-media":"","overlay-type":"","overlay-color":"","overlay-opacity":"","overlay-gradient":""},"tablet":{"background-color":"","background-image":"","background-repeat":"repeat","background-position":"center center","background-size":"auto","background-attachment":"scroll","background-type":"","background-media":"","overlay-type":"","overlay-color":"","overlay-opacity":"","overlay-gradient":""},"mobile":{"background-color":"","background-image":"","background-repeat":"repeat","background-position":"center center","background-size":"auto","background-attachment":"scroll","background-type":"","background-media":"","overlay-type":"","overlay-color":"","overlay-opacity":"","overlay-gradient":""}},"ast-content-background-meta":{"desktop":{"background-color":"var(--ast-global-color-4)","background-image":"","background-repeat":"repeat","background-position":"center center","background-size":"auto","background-attachment":"scroll","background-type":"","background-media":"","overlay-type":"","overlay-color":"","overlay-opacity":"","overlay-gradient":""},"tablet":{"background-color":"var(--ast-global-color-4)","background-image":"","background-repeat":"repeat","background-position":"center center","background-size":"auto","background-attachment":"scroll","background-type":"","background-media":"","overlay-type":"","overlay-color":"","overlay-opacity":"","overlay-gradient":""},"mobile":{"background-color":"var(--ast-global-color-4)","background-image":"","background-repeat":"repeat","background-position":"center center","background-size":"auto","background-attachment":"scroll","background-type":"","background-media":"","overlay-type":"","overlay-color":"","overlay-opacity":"","overlay-gradient":""}}},"product_brand":[],"product_cat":[19],"product_tag":[],"class_list":{"0":"post-43192","1":"product","2":"type-product","3":"status-publish","4":"has-post-thumbnail","6":"product_cat-uncategorized","7":"pa_61812_98w8xuv9-a","8":"pa_61812_98w8xuv9-b","9":"pa_61812_98w8xuv9-c","10":"pa_61812_98w8xuv9-d","11":"pa_61812_98w8xuv9-e","12":"pa_61812_98w8xuv9-f","13":"pa_61812_98w8xuv9-g","14":"pa_61812_98w8xuv9-h","15":"pa_61812_98w8xuv9-saet-med-8-stk","16":"desktop-align-left","17":"tablet-align-left","18":"mobile-align-left","20":"first","21":"instock","22":"shipping-taxable","23":"purchasable","24":"product-type-variable"},"_links":{"self":[{"href":"https:\/\/ecostera.com\/dk\/wp-json\/wp\/v2\/product\/43192","targetHints":{"allow":["GET"]}}],"collection":[{"href":"https:\/\/ecostera.com\/dk\/wp-json\/wp\/v2\/product"}],"about":[{"href":"https:\/\/ecostera.com\/dk\/wp-json\/wp\/v2\/types\/product"}],"replies":[{"embeddable":true,"href":"https:\/\/ecostera.com\/dk\/wp-json\/wp\/v2\/comments?post=43192"}],"wp:featuredmedia":[{"embeddable":true,"href":"https:\/\/ecostera.com\/dk\/wp-json\/wp\/v2\/media\/43188"}],"wp:attachment":[{"href":"https:\/\/ecostera.com\/dk\/wp-json\/wp\/v2\/media?parent=43192"}],"wp:term":[{"taxonomy":"product_brand","embeddable":true,"href":"https:\/\/ecostera.com\/dk\/wp-json\/wp\/v2\/product_brand?post=43192"},{"taxonomy":"product_cat","embeddable":true,"href":"https:\/\/ecostera.com\/dk\/wp-json\/wp\/v2\/product_cat?post=43192"},{"taxonomy":"product_tag","embeddable":true,"href":"https:\/\/ecostera.com\/dk\/wp-json\/wp\/v2\/product_tag?post=43192"}],"curies":[{"name":"wp","href":"https:\/\/api.w.org\/{rel}","templated":true}]}}