{"id":43219,"date":"2025-12-18T15:37:07","date_gmt":"2025-12-18T13:37:07","guid":{"rendered":"https:\/\/ecostera.com\/dk\/product\/visker-med-mikromolekylaer-antidugbelaegning\/"},"modified":"2025-12-22T18:20:09","modified_gmt":"2025-12-22T16:20:09","slug":"visker-med-mikromolekylaer-antidugbelaegning","status":"publish","type":"product","link":"https:\/\/ecostera.com\/dk\/product\/visker-med-mikromolekylaer-antidugbelaegning\/","title":{"rendered":"Visker med mikromolekyl\u00e6r antidugbel\u00e6gning"},"content":{"rendered":"<p style=\"text-align: center;\" data-start=\"0\" data-end=\"73\"><strong data-start=\"0\" data-end=\"73\">Hold dit glas klart og dugfrit for et mere sikkert og stressfrit udsyn. \ud83d\ude97<\/strong><\/p>\n<p style=\"text-align: center;\" data-start=\"75\" data-end=\"316\">Denne mikromolekyl\u00e6re antidugbel\u00e6gningsvisker skaber et gennemsigtigt beskyttelseslag, der forhindrer ophobning af dug p\u00e5 glasoverflader. Det forbedrer udsynet i regn, kulde og fugtige forhold og hj\u00e6lper dig med at k\u00f8re og leve mere sikkert og komfortabelt. Dette antidugmiddel virker \u00f8jeblikkeligt og stopper kondens, f\u00f8r den dannes. Det er nemt at p\u00e5f\u00f8re, efterlader ingen striber og holder glasset klart i l\u00e6ngere tid, uanset om det bruges i bilen eller derhjemme.<\/p>\n<p data-start=\"75\" data-end=\"316\"><img fetchpriority=\"high\" decoding=\"async\" class=\"size-full wp-image-46283 aligncenter\" src=\"https:\/\/keluvo.com\/template\/wp-content\/uploads\/sites\/5\/2025\/12\/102212-ezgif.com-video-to-webp-converter-5.webp\" alt=\"\" width=\"500\" height=\"889\" \/><\/p>\n<h2 style=\"text-align: center;\" data-start=\"541\" data-end=\"561\"><strong>Vigtigste Fordele<\/strong><\/h2>\n<p data-start=\"564\" data-end=\"625\">\ud83d\udc40 Antidugbeskyttelse &#8211; Forhindrer t\u00e5ge og kondens.<\/p>\n<p data-start=\"628\" data-end=\"691\">\ud83d\ude98 Forbedrer k\u00f8rselssikkerheden &#8211; Klar forrude og spejle.<\/p>\n<p data-start=\"694\" data-end=\"746\">\ud83e\uddfc Stregfri finish &#8211; Ingen rester efterlades.<\/p>\n<p data-start=\"749\" data-end=\"810\">\ud83c\udf27\ufe0f Brug i al slags vejr &#8211; Fungerer i kulde, regn og fugtighed.<\/p>\n<p data-start=\"813\" data-end=\"873\">\ud83e\ude9f Bred anvendelse &#8211; Velegnet til mange glasoverflader.<\/p>\n<p data-start=\"876\" data-end=\"920\">\u26a1 Hurtig og nem brug &#8211; Intet v\u00e6rkt\u00f8j n\u00f8dvendigt.<\/p>\n<p data-start=\"876\" data-end=\"920\"><img decoding=\"async\" class=\"size-full wp-image-46281 aligncenter\" src=\"https:\/\/keluvo.com\/template\/wp-content\/uploads\/sites\/5\/2025\/12\/1-2-2.jpg\" alt=\"\" width=\"1080\" height=\"1080\" \/><\/p>\n<h2 style=\"text-align: center;\" data-start=\"922\" data-end=\"939\"><strong>S\u00e5dan Bruges<\/strong><\/h2>\n<ol data-start=\"940\" data-end=\"1093\">\n<li data-start=\"940\" data-end=\"977\">\n<p data-start=\"943\" data-end=\"977\">Reng\u00f8r og t\u00f8r glasoverfladen.<\/p>\n<\/li>\n<li data-start=\"978\" data-end=\"1028\">\n<p data-start=\"981\" data-end=\"1028\">P\u00e5f\u00f8r antidugmidlet j\u00e6vnt p\u00e5 glasset.<\/p>\n<\/li>\n<li data-start=\"1029\" data-end=\"1058\">\n<p data-start=\"1032\" data-end=\"1058\">T\u00f8r forsigtigt af, indtil det er klart.<\/p>\n<\/li>\n<li data-start=\"1059\" data-end=\"1093\">\n<p data-start=\"1062\" data-end=\"1093\">Nyd t\u00e5gefrit, klart syn.<\/p>\n<\/li>\n<\/ol>\n<h2 style=\"text-align: center;\" data-start=\"1095\" data-end=\"1117\"><strong>Produktdetaljer<\/strong><\/h2>\n<ul data-start=\"1118\" data-end=\"1330\">\n<li data-start=\"1174\" data-end=\"1219\">\n<p data-start=\"1176\" data-end=\"1219\">Funktion: Antidug og klart syn p\u00e5 glas<\/p>\n<\/li>\n<li data-start=\"1220\" data-end=\"1239\">\n<p data-start=\"1222\" data-end=\"1239\">Kapacitet: 70 ml<\/p>\n<\/li>\n<li data-start=\"1240\" data-end=\"1263\">\n<p data-start=\"1242\" data-end=\"1263\">Holdbarhed: 3 \u00e5r<\/p>\n<\/li>\n<li data-start=\"1264\" data-end=\"1330\">\n<p data-start=\"1266\" data-end=\"1330\">Egnede overflader: Forruder, vinduer, spejle, bruseglas<\/p>\n<\/li>\n<\/ul>\n<h2 style=\"text-align: center;\" data-start=\"1332\" data-end=\"1355\"><strong>Pakken indeholder<\/strong><\/h2>\n<ul data-start=\"1356\" data-end=\"1458\" data-is-last-node=\"\" data-is-only-node=\"\">\n<li data-start=\"1356\" data-end=\"1395\">\n<p data-start=\"1358\" data-end=\"1395\">1x mikromolekyl\u00e6r visker med antidugbel\u00e6gning.<\/p>\n<\/li>\n<\/ul>\n","protected":false},"excerpt":{"rendered":"<p>Hold dit glas klart og dugfrit for et mere sikkert og stressfrit udsyn. \ud83d\ude97 Denne mikromolekyl\u00e6re antidugbel\u00e6gningsvisker skaber et gennemsigtigt [&hellip;]<\/p>\n","protected":false},"featured_media":43215,"comment_status":"open","ping_status":"closed","template":"","meta":{"site-sidebar-layout":"default","site-content-layout":"","ast-site-content-layout":"default","site-content-style":"default","site-sidebar-style":"default","ast-global-header-display":"","ast-banner-title-visibility":"","ast-main-header-display":"","ast-hfb-above-header-display":"","ast-hfb-below-header-display":"","ast-hfb-mobile-header-display":"","site-post-title":"","ast-breadcrumbs-content":"","ast-featured-img":"","footer-sml-layout":"","theme-transparent-header-meta":"default","adv-header-id-meta":"","stick-header-meta":"","header-above-stick-meta":"","header-main-stick-meta":"","header-below-stick-meta":"","astra-migrate-meta-layouts":"set","ast-page-background-enabled":"default","ast-page-background-meta":{"desktop":{"background-color":"var(--ast-global-color-5)","background-image":"","background-repeat":"repeat","background-position":"center center","background-size":"auto","background-attachment":"scroll","background-type":"","background-media":"","overlay-type":"","overlay-color":"","overlay-opacity":"","overlay-gradient":""},"tablet":{"background-color":"","background-image":"","background-repeat":"repeat","background-position":"center center","background-size":"auto","background-attachment":"scroll","background-type":"","background-media":"","overlay-type":"","overlay-color":"","overlay-opacity":"","overlay-gradient":""},"mobile":{"background-color":"","background-image":"","background-repeat":"repeat","background-position":"center center","background-size":"auto","background-attachment":"scroll","background-type":"","background-media":"","overlay-type":"","overlay-color":"","overlay-opacity":"","overlay-gradient":""}},"ast-content-background-meta":{"desktop":{"background-color":"var(--ast-global-color-4)","background-image":"","background-repeat":"repeat","background-position":"center center","background-size":"auto","background-attachment":"scroll","background-type":"","background-media":"","overlay-type":"","overlay-color":"","overlay-opacity":"","overlay-gradient":""},"tablet":{"background-color":"var(--ast-global-color-4)","background-image":"","background-repeat":"repeat","background-position":"center center","background-size":"auto","background-attachment":"scroll","background-type":"","background-media":"","overlay-type":"","overlay-color":"","overlay-opacity":"","overlay-gradient":""},"mobile":{"background-color":"var(--ast-global-color-4)","background-image":"","background-repeat":"repeat","background-position":"center center","background-size":"auto","background-attachment":"scroll","background-type":"","background-media":"","overlay-type":"","overlay-color":"","overlay-opacity":"","overlay-gradient":""}}},"product_brand":[],"product_cat":[19],"product_tag":[],"class_list":{"0":"post-43219","1":"product","2":"type-product","3":"status-publish","4":"has-post-thumbnail","6":"product_cat-uncategorized","7":"desktop-align-left","8":"tablet-align-left","9":"mobile-align-left","11":"first","12":"instock","13":"shipping-taxable","14":"purchasable","15":"product-type-simple"},"_links":{"self":[{"href":"https:\/\/ecostera.com\/dk\/wp-json\/wp\/v2\/product\/43219","targetHints":{"allow":["GET"]}}],"collection":[{"href":"https:\/\/ecostera.com\/dk\/wp-json\/wp\/v2\/product"}],"about":[{"href":"https:\/\/ecostera.com\/dk\/wp-json\/wp\/v2\/types\/product"}],"replies":[{"embeddable":true,"href":"https:\/\/ecostera.com\/dk\/wp-json\/wp\/v2\/comments?post=43219"}],"wp:featuredmedia":[{"embeddable":true,"href":"https:\/\/ecostera.com\/dk\/wp-json\/wp\/v2\/media\/43215"}],"wp:attachment":[{"href":"https:\/\/ecostera.com\/dk\/wp-json\/wp\/v2\/media?parent=43219"}],"wp:term":[{"taxonomy":"product_brand","embeddable":true,"href":"https:\/\/ecostera.com\/dk\/wp-json\/wp\/v2\/product_brand?post=43219"},{"taxonomy":"product_cat","embeddable":true,"href":"https:\/\/ecostera.com\/dk\/wp-json\/wp\/v2\/product_cat?post=43219"},{"taxonomy":"product_tag","embeddable":true,"href":"https:\/\/ecostera.com\/dk\/wp-json\/wp\/v2\/product_tag?post=43219"}],"curies":[{"name":"wp","href":"https:\/\/api.w.org\/{rel}","templated":true}]}}