{"id":4353,"date":"2025-07-29T12:34:43","date_gmt":"2025-07-29T12:34:43","guid":{"rendered":"https:\/\/ecostera.com\/dk\/product\/biloplader-120w\/"},"modified":"2025-09-09T14:01:05","modified_gmt":"2025-09-09T11:01:05","slug":"biloplader-120w","status":"publish","type":"product","link":"https:\/\/ecostera.com\/dk\/product\/biloplader-120w\/","title":{"rendered":"Biloplader (120W)"},"content":{"rendered":"<h2 class=\"\" style=\"text-align: center\" data-start=\"0\" data-end=\"24\">Oplad fire enheder<\/h2>\n<p class=\"\" style=\"text-align: center\" data-start=\"25\" data-end=\"221\">Med bilopladeren kan du f\u00e5 str\u00f8m til op til fire enheder p\u00e5 \u00e9n gang. Den har to indbyggede kabler og b\u00e5de USB-A- og USB-C-porte. Det g\u00f8r det nemt at oplade telefoner, tablets og andet, mens du er p\u00e5 farten.<\/p>\n<p data-start=\"25\" data-end=\"221\"><img decoding=\"async\" class=\"alignnone size-full wp-image-14046 aligncenter\" src=\"https:\/\/keluvo.com\/template\/wp-content\/uploads\/sites\/5\/2025\/04\/043fb4ca-cc5b-48f9-b899-efcf02f78e0c.webp\" alt=\"\" \/><\/p>\n<h2 class=\"\" style=\"text-align: center\" data-start=\"223\" data-end=\"251\">Hurtig og smart opladning<\/h2>\n<p class=\"\" style=\"text-align: center\" data-start=\"252\" data-end=\"467\">Med et maksimalt output p\u00e5 120 W underst\u00f8tter bilopladeren hurtig opladning af mange enheder. Den kan oplade to enheder hurtigt p\u00e5 samme tid med op til 66W og 120W. Fungerer kun med enheder, der underst\u00f8tter hurtig opladning.<\/p>\n<p data-start=\"252\" data-end=\"467\"><img decoding=\"async\" class=\"alignnone size-full wp-image-14045 aligncenter\" src=\"https:\/\/keluvo.com\/template\/wp-content\/uploads\/sites\/5\/2025\/04\/5f4eead2-e03b-4a4b-9c54-eb83bdeb6042.webp\" alt=\"\" \/><\/p>\n","protected":false},"excerpt":{"rendered":"<p>Oplad fire enheder Med bilopladeren kan du f\u00e5 str\u00f8m til op til fire enheder p\u00e5 \u00e9n gang. Den har to [&hellip;]<\/p>\n","protected":false},"featured_media":4349,"comment_status":"open","ping_status":"closed","template":"","meta":{"site-sidebar-layout":"default","site-content-layout":"","ast-site-content-layout":"default","site-content-style":"default","site-sidebar-style":"default","ast-global-header-display":"","ast-banner-title-visibility":"","ast-main-header-display":"","ast-hfb-above-header-display":"","ast-hfb-below-header-display":"","ast-hfb-mobile-header-display":"","site-post-title":"","ast-breadcrumbs-content":"","ast-featured-img":"","footer-sml-layout":"","theme-transparent-header-meta":"default","adv-header-id-meta":"","stick-header-meta":"","header-above-stick-meta":"","header-main-stick-meta":"","header-below-stick-meta":"","astra-migrate-meta-layouts":"set","ast-page-background-enabled":"default","ast-page-background-meta":{"desktop":{"background-color":"var(--ast-global-color-5)","background-image":"","background-repeat":"repeat","background-position":"center center","background-size":"auto","background-attachment":"scroll","background-type":"","background-media":"","overlay-type":"","overlay-color":"","overlay-opacity":"","overlay-gradient":""},"tablet":{"background-color":"","background-image":"","background-repeat":"repeat","background-position":"center center","background-size":"auto","background-attachment":"scroll","background-type":"","background-media":"","overlay-type":"","overlay-color":"","overlay-opacity":"","overlay-gradient":""},"mobile":{"background-color":"","background-image":"","background-repeat":"repeat","background-position":"center center","background-size":"auto","background-attachment":"scroll","background-type":"","background-media":"","overlay-type":"","overlay-color":"","overlay-opacity":"","overlay-gradient":""}},"ast-content-background-meta":{"desktop":{"background-color":"var(--ast-global-color-4)","background-image":"","background-repeat":"repeat","background-position":"center center","background-size":"auto","background-attachment":"scroll","background-type":"","background-media":"","overlay-type":"","overlay-color":"","overlay-opacity":"","overlay-gradient":""},"tablet":{"background-color":"var(--ast-global-color-4)","background-image":"","background-repeat":"repeat","background-position":"center center","background-size":"auto","background-attachment":"scroll","background-type":"","background-media":"","overlay-type":"","overlay-color":"","overlay-opacity":"","overlay-gradient":""},"mobile":{"background-color":"var(--ast-global-color-4)","background-image":"","background-repeat":"repeat","background-position":"center center","background-size":"auto","background-attachment":"scroll","background-type":"","background-media":"","overlay-type":"","overlay-color":"","overlay-opacity":"","overlay-gradient":""}}},"product_brand":[],"product_cat":[19],"product_tag":[],"class_list":{"0":"post-4353","1":"product","2":"type-product","3":"status-publish","4":"has-post-thumbnail","6":"product_cat-uncategorized","7":"pa_30322_l62si008-apple-type-c","8":"pa_30322_l62si008-type-c-type-c","9":"desktop-align-left","10":"tablet-align-left","11":"mobile-align-left","13":"first","14":"instock","15":"shipping-taxable","16":"purchasable","17":"product-type-variable"},"_links":{"self":[{"href":"https:\/\/ecostera.com\/dk\/wp-json\/wp\/v2\/product\/4353","targetHints":{"allow":["GET"]}}],"collection":[{"href":"https:\/\/ecostera.com\/dk\/wp-json\/wp\/v2\/product"}],"about":[{"href":"https:\/\/ecostera.com\/dk\/wp-json\/wp\/v2\/types\/product"}],"replies":[{"embeddable":true,"href":"https:\/\/ecostera.com\/dk\/wp-json\/wp\/v2\/comments?post=4353"}],"wp:featuredmedia":[{"embeddable":true,"href":"https:\/\/ecostera.com\/dk\/wp-json\/wp\/v2\/media\/4349"}],"wp:attachment":[{"href":"https:\/\/ecostera.com\/dk\/wp-json\/wp\/v2\/media?parent=4353"}],"wp:term":[{"taxonomy":"product_brand","embeddable":true,"href":"https:\/\/ecostera.com\/dk\/wp-json\/wp\/v2\/product_brand?post=4353"},{"taxonomy":"product_cat","embeddable":true,"href":"https:\/\/ecostera.com\/dk\/wp-json\/wp\/v2\/product_cat?post=4353"},{"taxonomy":"product_tag","embeddable":true,"href":"https:\/\/ecostera.com\/dk\/wp-json\/wp\/v2\/product_tag?post=4353"}],"curies":[{"name":"wp","href":"https:\/\/api.w.org\/{rel}","templated":true}]}}