{"id":4362,"date":"2025-07-29T12:35:26","date_gmt":"2025-07-29T12:35:26","guid":{"rendered":"https:\/\/ecostera.com\/dk\/product\/skaerevaerktoej\/"},"modified":"2025-07-29T12:35:40","modified_gmt":"2025-07-29T12:35:40","slug":"skaerevaerktoej","status":"publish","type":"product","link":"https:\/\/ecostera.com\/dk\/product\/skaerevaerktoej\/","title":{"rendered":"Sk\u00e6rev\u00e6rkt\u00f8j"},"content":{"rendered":"<h2 class=\"\" style=\"text-align: center\" data-start=\"0\" data-end=\"25\">Skarpe Og Rene Snit<\/h2>\n<p class=\"\" style=\"text-align: center\" data-start=\"26\" data-end=\"242\">Sk\u00e6rev\u00e6rkt\u00f8jet er lavet med st\u00e6rke blade i rustfrit st\u00e5l, der giver glatte og rene kanter. Det er ideelt til at sk\u00e6re gipsplader med en perfekt 45\u00b0 vinkel. Intet st\u00f8v og ingen ru kanter &#8211; bare en p\u00e6n finish hver gang.<\/p>\n<p data-start=\"26\" data-end=\"242\"><img decoding=\"async\" class=\"alignnone size-medium wp-image-13875 aligncenter\" src=\"https:\/\/keluvo.com\/template\/wp-content\/uploads\/sites\/5\/2025\/04\/e9e12a62-4ebe-43c6-80c2-5b3cdebdcd30.webp\" alt=\"\" \/><\/p>\n<h2 class=\"\" style=\"text-align: center\" data-start=\"244\" data-end=\"268\">Let At Bruge I H\u00e5nden<\/h2>\n<p class=\"\" style=\"text-align: center\" data-start=\"269\" data-end=\"457\">Dette sk\u00e6rev\u00e6rkt\u00f8j er let og enkelt at holde, hvilket g\u00f8r det let at styre i h\u00e5nden. Det fungerer godt p\u00e5 gipsplader, bl\u00f8dt tr\u00e6 og plast. Perfekt til hurtige opgaver uden brug af elv\u00e6rkt\u00f8j.<\/p>\n<p data-start=\"269\" data-end=\"457\"><img decoding=\"async\" class=\"alignnone size-medium wp-image-13876 aligncenter\" src=\"https:\/\/keluvo.com\/template\/wp-content\/uploads\/sites\/5\/2025\/04\/S2c281a9b940348ff90d2d8a86e4fbbaaP.jpg_960x960q75.jpg_.jpeg\" alt=\"\" \/><\/p>\n","protected":false},"excerpt":{"rendered":"<p>Skarpe Og Rene Snit Sk\u00e6rev\u00e6rkt\u00f8jet er lavet med st\u00e6rke blade i rustfrit st\u00e5l, der giver glatte og rene kanter. Det [&hellip;]<\/p>\n","protected":false},"featured_media":4358,"comment_status":"open","ping_status":"closed","template":"","meta":{"site-sidebar-layout":"default","site-content-layout":"","ast-site-content-layout":"default","site-content-style":"default","site-sidebar-style":"default","ast-global-header-display":"","ast-banner-title-visibility":"","ast-main-header-display":"","ast-hfb-above-header-display":"","ast-hfb-below-header-display":"","ast-hfb-mobile-header-display":"","site-post-title":"","ast-breadcrumbs-content":"","ast-featured-img":"","footer-sml-layout":"","theme-transparent-header-meta":"default","adv-header-id-meta":"","stick-header-meta":"","header-above-stick-meta":"","header-main-stick-meta":"","header-below-stick-meta":"","astra-migrate-meta-layouts":"set","ast-page-background-enabled":"default","ast-page-background-meta":{"desktop":{"background-color":"var(--ast-global-color-5)","background-image":"","background-repeat":"repeat","background-position":"center center","background-size":"auto","background-attachment":"scroll","background-type":"","background-media":"","overlay-type":"","overlay-color":"","overlay-opacity":"","overlay-gradient":""},"tablet":{"background-color":"","background-image":"","background-repeat":"repeat","background-position":"center center","background-size":"auto","background-attachment":"scroll","background-type":"","background-media":"","overlay-type":"","overlay-color":"","overlay-opacity":"","overlay-gradient":""},"mobile":{"background-color":"","background-image":"","background-repeat":"repeat","background-position":"center center","background-size":"auto","background-attachment":"scroll","background-type":"","background-media":"","overlay-type":"","overlay-color":"","overlay-opacity":"","overlay-gradient":""}},"ast-content-background-meta":{"desktop":{"background-color":"var(--ast-global-color-4)","background-image":"","background-repeat":"repeat","background-position":"center center","background-size":"auto","background-attachment":"scroll","background-type":"","background-media":"","overlay-type":"","overlay-color":"","overlay-opacity":"","overlay-gradient":""},"tablet":{"background-color":"var(--ast-global-color-4)","background-image":"","background-repeat":"repeat","background-position":"center center","background-size":"auto","background-attachment":"scroll","background-type":"","background-media":"","overlay-type":"","overlay-color":"","overlay-opacity":"","overlay-gradient":""},"mobile":{"background-color":"var(--ast-global-color-4)","background-image":"","background-repeat":"repeat","background-position":"center center","background-size":"auto","background-attachment":"scroll","background-type":"","background-media":"","overlay-type":"","overlay-color":"","overlay-opacity":"","overlay-gradient":""}}},"product_brand":[],"product_cat":[19],"product_tag":[],"class_list":{"0":"post-4362","1":"product","2":"type-product","3":"status-publish","4":"has-post-thumbnail","6":"product_cat-uncategorized","7":"pa_39954_wi6vdbq1-45-grader","8":"pa_39954_wi6vdbq1-45-og-60-grader","9":"pa_39954_wi6vdbq1-60-grader","10":"desktop-align-left","11":"tablet-align-left","12":"mobile-align-left","14":"first","15":"instock","16":"shipping-taxable","17":"purchasable","18":"product-type-variable"},"_links":{"self":[{"href":"https:\/\/ecostera.com\/dk\/wp-json\/wp\/v2\/product\/4362","targetHints":{"allow":["GET"]}}],"collection":[{"href":"https:\/\/ecostera.com\/dk\/wp-json\/wp\/v2\/product"}],"about":[{"href":"https:\/\/ecostera.com\/dk\/wp-json\/wp\/v2\/types\/product"}],"replies":[{"embeddable":true,"href":"https:\/\/ecostera.com\/dk\/wp-json\/wp\/v2\/comments?post=4362"}],"wp:featuredmedia":[{"embeddable":true,"href":"https:\/\/ecostera.com\/dk\/wp-json\/wp\/v2\/media\/4358"}],"wp:attachment":[{"href":"https:\/\/ecostera.com\/dk\/wp-json\/wp\/v2\/media?parent=4362"}],"wp:term":[{"taxonomy":"product_brand","embeddable":true,"href":"https:\/\/ecostera.com\/dk\/wp-json\/wp\/v2\/product_brand?post=4362"},{"taxonomy":"product_cat","embeddable":true,"href":"https:\/\/ecostera.com\/dk\/wp-json\/wp\/v2\/product_cat?post=4362"},{"taxonomy":"product_tag","embeddable":true,"href":"https:\/\/ecostera.com\/dk\/wp-json\/wp\/v2\/product_tag?post=4362"}],"curies":[{"name":"wp","href":"https:\/\/api.w.org\/{rel}","templated":true}]}}