{"id":43790,"date":"2025-12-22T21:21:49","date_gmt":"2025-12-22T19:21:49","guid":{"rendered":"https:\/\/ecostera.com\/dk\/product\/hoevl-til-affasning-af-gipsplader\/"},"modified":"2025-12-23T22:02:55","modified_gmt":"2025-12-23T20:02:55","slug":"hoevl-til-affasning-af-gipsplader","status":"publish","type":"product","link":"https:\/\/ecostera.com\/dk\/product\/hoevl-til-affasning-af-gipsplader\/","title":{"rendered":"H\u00f8vl til affasning af gipsplader"},"content":{"rendered":"<p style=\"text-align: center;\" data-start=\"0\" data-end=\"74\"><strong data-start=\"0\" data-end=\"74\">Lav Rene, Glatte 45\u00b0-Kanter P\u00e5 Gipsplader Hurtigt Og Pr\u00e6cist.<\/strong><span style=\"font-size: 16px; font-style: normal; font-weight: 400;\">\ud83d\udd27<\/span><\/p>\n<p style=\"text-align: center;\" data-start=\"76\" data-end=\"347\">Denne affasningsh\u00f8vl til gipsplader hj\u00e6lper dig med at forme perfekte affasninger og flade kanter med lethed. Den er designet til pr\u00e6cis kontrol og komfort og giver professionelle resultater ved efterbehandling af gipsplader, akustikpaneler og lignende materialer, hvilket sparer tid og kr\u00e6fter p\u00e5 hvert projekt. Denne h\u00f8vl kombinerer 45-graders affasning og fladsk\u00e6ring i \u00e9t kompakt v\u00e6rkt\u00f8j. Dens skarpe knivsystem og stabile greb giver j\u00e6vne, kontrollerede snit, hvilket g\u00f8r den ideel til b\u00e5de g\u00f8r-det-selv-brugere og professionelle.<\/p>\n<p data-start=\"76\" data-end=\"347\"><img fetchpriority=\"high\" decoding=\"async\" class=\"size-full wp-image-46483 aligncenter\" src=\"https:\/\/keluvo.com\/template\/wp-content\/uploads\/sites\/5\/2025\/12\/102210-ezgif.com-video-to-webp-converter-6.webp\" alt=\"\" width=\"500\" height=\"500\" \/><\/p>\n<h2 style=\"text-align: center;\" data-start=\"600\" data-end=\"619\">\u2b50 Vigtigste fordele<\/h2>\n<p data-start=\"622\" data-end=\"689\">\ud83d\udcd0 Pr\u00e6cis 45\u00b0 affasning &#8211; Rene, pr\u00e6cise flader hver gang.<\/p>\n<p data-start=\"692\" data-end=\"748\">\u2702\ufe0f Mulighed for fladsk\u00e6ring &#8211; To funktioner i \u00e9t v\u00e6rkt\u00f8j.<\/p>\n<p data-start=\"751\" data-end=\"808\">\u270b Skridsikkert greb &#8211; Sikrere h\u00e5ndtering og bedre kontrol.<\/p>\n<p data-start=\"811\" data-end=\"875\">\ud83d\udee0\ufe0f St\u00e6rk legeringskrop &#8211; holdbar til tung og gentagen brug.<\/p>\n<p data-start=\"878\" data-end=\"948\">\ud83d\udd01 Nem udskiftning af klinger &#8211; leveres med ekstra klinger til lang brug.<\/p>\n<p data-start=\"878\" data-end=\"948\"><img decoding=\"async\" class=\"size-full wp-image-46484 aligncenter\" src=\"https:\/\/keluvo.com\/template\/wp-content\/uploads\/sites\/5\/2025\/12\/102211-ezgif.com-video-to-webp-converter-5.webp\" alt=\"\" width=\"500\" height=\"500\" \/><\/p>\n<h2 style=\"text-align: center;\" data-start=\"950\" data-end=\"967\">\ud83e\udde9 S\u00e5dan Bruges<\/h2>\n<ol data-start=\"968\" data-end=\"1159\">\n<li data-start=\"968\" data-end=\"1011\">\n<p data-start=\"971\" data-end=\"1011\">Indstil dybden for affasning eller fladsk\u00e6ring.<\/p>\n<\/li>\n<li data-start=\"1012\" data-end=\"1059\">\n<p data-start=\"1015\" data-end=\"1059\">Plac\u00e9r h\u00f8vlen p\u00e5 kanten af br\u00e6ttet.<\/p>\n<\/li>\n<li data-start=\"1060\" data-end=\"1106\">\n<p data-start=\"1063\" data-end=\"1106\">Skub j\u00e6vnt fremad med j\u00e6vnt tryk.<\/p>\n<\/li>\n<li data-start=\"1107\" data-end=\"1159\">\n<p data-start=\"1110\" data-end=\"1159\">Juster dybden om n\u00f8dvendigt, og gentag, indtil den er glat.<\/p>\n<\/li>\n<\/ol>\n<h2 style=\"text-align: center;\" data-start=\"1161\" data-end=\"1183\">\ud83d\udccf Produktdetaljer<\/h2>\n<ul data-start=\"1184\" data-end=\"1375\">\n<li data-start=\"1233\" data-end=\"1261\">\n<p data-start=\"1235\" data-end=\"1261\">Materiale: Aluminiumslegering<\/p>\n<\/li>\n<li data-start=\"1280\" data-end=\"1305\">\n<p data-start=\"1282\" data-end=\"1305\">St\u00f8rrelse: 17 x 6 x 4,2 cm<\/p>\n<\/li>\n<li data-start=\"1306\" data-end=\"1340\">\n<p data-start=\"1308\" data-end=\"1340\">Skr\u00e5fasningsomr\u00e5de: 2-9 mm<\/p>\n<\/li>\n<li data-start=\"1341\" data-end=\"1375\">\n<p data-start=\"1343\" data-end=\"1375\">Flatfasningsomr\u00e5de: 0-12 mm<\/p>\n<\/li>\n<\/ul>\n<h2 style=\"text-align: center;\" data-start=\"1377\" data-end=\"1400\">\ud83d\udce6 Pakken indeholder<\/h2>\n<ul data-start=\"1401\" data-end=\"1469\" data-is-last-node=\"\" data-is-only-node=\"\">\n<li data-start=\"1401\" data-end=\"1443\">\n<p data-start=\"1403\" data-end=\"1443\">1x 45\u00b0 gipspladeaffasningsh\u00f8vl<\/p>\n<\/li>\n<li data-start=\"1401\" data-end=\"1443\">\n<p data-start=\"1403\" data-end=\"1443\">10x klinger.<\/p>\n<\/li>\n<\/ul>\n","protected":false},"excerpt":{"rendered":"<p>Lav Rene, Glatte 45\u00b0-Kanter P\u00e5 Gipsplader Hurtigt Og Pr\u00e6cist.\ud83d\udd27 Denne affasningsh\u00f8vl til gipsplader hj\u00e6lper dig med at forme perfekte affasninger [&hellip;]<\/p>\n","protected":false},"featured_media":43786,"comment_status":"open","ping_status":"closed","template":"","meta":{"site-sidebar-layout":"default","site-content-layout":"","ast-site-content-layout":"default","site-content-style":"default","site-sidebar-style":"default","ast-global-header-display":"","ast-banner-title-visibility":"","ast-main-header-display":"","ast-hfb-above-header-display":"","ast-hfb-below-header-display":"","ast-hfb-mobile-header-display":"","site-post-title":"","ast-breadcrumbs-content":"","ast-featured-img":"","footer-sml-layout":"","theme-transparent-header-meta":"default","adv-header-id-meta":"","stick-header-meta":"","header-above-stick-meta":"","header-main-stick-meta":"","header-below-stick-meta":"","astra-migrate-meta-layouts":"set","ast-page-background-enabled":"default","ast-page-background-meta":{"desktop":{"background-color":"var(--ast-global-color-5)","background-image":"","background-repeat":"repeat","background-position":"center center","background-size":"auto","background-attachment":"scroll","background-type":"","background-media":"","overlay-type":"","overlay-color":"","overlay-opacity":"","overlay-gradient":""},"tablet":{"background-color":"","background-image":"","background-repeat":"repeat","background-position":"center center","background-size":"auto","background-attachment":"scroll","background-type":"","background-media":"","overlay-type":"","overlay-color":"","overlay-opacity":"","overlay-gradient":""},"mobile":{"background-color":"","background-image":"","background-repeat":"repeat","background-position":"center center","background-size":"auto","background-attachment":"scroll","background-type":"","background-media":"","overlay-type":"","overlay-color":"","overlay-opacity":"","overlay-gradient":""}},"ast-content-background-meta":{"desktop":{"background-color":"var(--ast-global-color-4)","background-image":"","background-repeat":"repeat","background-position":"center center","background-size":"auto","background-attachment":"scroll","background-type":"","background-media":"","overlay-type":"","overlay-color":"","overlay-opacity":"","overlay-gradient":""},"tablet":{"background-color":"var(--ast-global-color-4)","background-image":"","background-repeat":"repeat","background-position":"center center","background-size":"auto","background-attachment":"scroll","background-type":"","background-media":"","overlay-type":"","overlay-color":"","overlay-opacity":"","overlay-gradient":""},"mobile":{"background-color":"var(--ast-global-color-4)","background-image":"","background-repeat":"repeat","background-position":"center center","background-size":"auto","background-attachment":"scroll","background-type":"","background-media":"","overlay-type":"","overlay-color":"","overlay-opacity":"","overlay-gradient":""}}},"product_brand":[],"product_cat":[19],"product_tag":[],"class_list":{"0":"post-43790","1":"product","2":"type-product","3":"status-publish","4":"has-post-thumbnail","6":"product_cat-uncategorized","7":"desktop-align-left","8":"tablet-align-left","9":"mobile-align-left","11":"first","12":"instock","13":"shipping-taxable","14":"purchasable","15":"product-type-simple"},"_links":{"self":[{"href":"https:\/\/ecostera.com\/dk\/wp-json\/wp\/v2\/product\/43790","targetHints":{"allow":["GET"]}}],"collection":[{"href":"https:\/\/ecostera.com\/dk\/wp-json\/wp\/v2\/product"}],"about":[{"href":"https:\/\/ecostera.com\/dk\/wp-json\/wp\/v2\/types\/product"}],"replies":[{"embeddable":true,"href":"https:\/\/ecostera.com\/dk\/wp-json\/wp\/v2\/comments?post=43790"}],"wp:featuredmedia":[{"embeddable":true,"href":"https:\/\/ecostera.com\/dk\/wp-json\/wp\/v2\/media\/43786"}],"wp:attachment":[{"href":"https:\/\/ecostera.com\/dk\/wp-json\/wp\/v2\/media?parent=43790"}],"wp:term":[{"taxonomy":"product_brand","embeddable":true,"href":"https:\/\/ecostera.com\/dk\/wp-json\/wp\/v2\/product_brand?post=43790"},{"taxonomy":"product_cat","embeddable":true,"href":"https:\/\/ecostera.com\/dk\/wp-json\/wp\/v2\/product_cat?post=43790"},{"taxonomy":"product_tag","embeddable":true,"href":"https:\/\/ecostera.com\/dk\/wp-json\/wp\/v2\/product_tag?post=43790"}],"curies":[{"name":"wp","href":"https:\/\/api.w.org\/{rel}","templated":true}]}}