{"id":43821,"date":"2025-12-22T21:26:23","date_gmt":"2025-12-22T19:26:23","guid":{"rendered":"https:\/\/ecostera.com\/dk\/product\/tyngdekraftsfoderautomat-til-kaeledyr-med-vanddispenser\/"},"modified":"2025-12-23T22:07:40","modified_gmt":"2025-12-23T20:07:40","slug":"tyngdekraftsfoderautomat-til-kaeledyr-med-vanddispenser","status":"publish","type":"product","link":"https:\/\/ecostera.com\/dk\/product\/tyngdekraftsfoderautomat-til-kaeledyr-med-vanddispenser\/","title":{"rendered":"Tyngdekraftsfoderautomat til k\u00e6ledyr med vanddispenser"},"content":{"rendered":"<p style=\"text-align: center;\" data-start=\"0\" data-end=\"60\"><strong data-start=\"0\" data-end=\"60\">Hold Dit K\u00e6ledyr Fodret Og Hydreret Hele Dagen Uden Besv\u00e6r. <\/strong><span style=\"font-size: 16px; font-style: normal; font-weight: 400;\">\ud83d\udc3e\u00a0<\/span><\/p>\n<p style=\"text-align: center;\" data-start=\"62\" data-end=\"329\">Denne foderautomat med vanddispenser genopfylder automatisk foder og vand ved hj\u00e6lp af tyngdekraften, s\u00e5 din kat eller hund altid har adgang til frisk mad og rent vand. Det dobbelte tankdesign holder mad og vand adskilt, samtidig med at der opretholdes et p\u00e6nt, hygiejnisk fodringsomr\u00e5de. Denne foderautomat er perfekt til travle k\u00e6ledyrsejere, da den reducerer antallet af daglige opfyldninger og hj\u00e6lper med at opretholde en ensartet fodringsrutine. Den synlige skala giver dig et hurtigt overblik over niveauerne, mens anti-skimmel-teknologi holder foder og vand frisk i l\u00e6ngere tid.<\/p>\n<p data-start=\"62\" data-end=\"329\"><img fetchpriority=\"high\" decoding=\"async\" class=\"size-full wp-image-46507 aligncenter\" src=\"https:\/\/keluvo.com\/template\/wp-content\/uploads\/sites\/5\/2025\/12\/102216-ezgif.com-video-to-webp-converter-5.webp\" alt=\"\" width=\"500\" height=\"500\" \/><\/p>\n<h2 style=\"text-align: center;\" data-start=\"598\" data-end=\"617\">\u2b50 Vigtigste fordele<\/h2>\n<p data-start=\"620\" data-end=\"693\">\ud83c\udf00 Tyngdekraftsystem &#8211; Automatisk genopfyldning uden brug af elektricitet.<\/p>\n<p data-start=\"696\" data-end=\"761\">\ud83d\udc40 Synlig skala &#8211; Nem overv\u00e5gning af foder- og vandniveauer.<\/p>\n<p data-start=\"764\" data-end=\"824\">\ud83e\uddfc Anti-skimmel-design &#8211; Holder fodringen ren og hygiejnisk.<\/p>\n<p data-start=\"764\" data-end=\"824\">\ud83d\udc36\ud83d\udc31 Til katte og hunde &#8211; passer til flere st\u00f8rrelser k\u00e6ledyr.<\/p>\n<p data-start=\"892\" data-end=\"947\">\ud83c\udfe0 Kompakt og let &#8211; nem at placere overalt.<\/p>\n<p data-start=\"892\" data-end=\"947\"><img decoding=\"async\" class=\"size-full wp-image-46506 aligncenter\" src=\"https:\/\/keluvo.com\/template\/wp-content\/uploads\/sites\/5\/2025\/12\/102217-ezgif.com-video-to-webp-converter-4.webp\" alt=\"\" width=\"500\" height=\"500\" \/><\/p>\n<h2 style=\"text-align: center;\" data-start=\"949\" data-end=\"966\">\ud83e\udde9 S\u00e5dan Bruges<\/h2>\n<ol data-start=\"967\" data-end=\"1110\">\n<li data-start=\"967\" data-end=\"1002\">\n<p data-start=\"970\" data-end=\"1002\">\u00c5bn foder- og vandtankene.<\/p>\n<\/li>\n<li data-start=\"1003\" data-end=\"1043\">\n<p data-start=\"1006\" data-end=\"1043\">Fyld med t\u00f8rfoder og rent vand.<\/p>\n<\/li>\n<li data-start=\"1044\" data-end=\"1080\">\n<p data-start=\"1047\" data-end=\"1080\">S\u00e6t tankene p\u00e5 plads igen.<\/p>\n<\/li>\n<li data-start=\"1081\" data-end=\"1110\">\n<p data-start=\"1084\" data-end=\"1110\">Lad tyngdekraften g\u00f8re arbejdet.<\/p>\n<\/li>\n<\/ol>\n<h2 style=\"text-align: center;\" data-start=\"1112\" data-end=\"1134\">\ud83d\udccf Produktdetaljer<\/h2>\n<ul data-start=\"1135\" data-end=\"1363\">\n<li data-start=\"1196\" data-end=\"1225\">\n<p data-start=\"1198\" data-end=\"1225\">Materiale: Holdbar plast<\/p>\n<\/li>\n<li data-start=\"1226\" data-end=\"1266\">\n<p data-start=\"1228\" data-end=\"1266\">Design: Dobbelt tank med synlig skala<\/p>\n<\/li>\n<li data-start=\"1267\" data-end=\"1301\">\n<p data-start=\"1269\" data-end=\"1301\">Funktioner: Anti-skimmel-teknologi<\/p>\n<\/li>\n<li data-start=\"1302\" data-end=\"1333\">\n<p data-start=\"1304\" data-end=\"1333\">Velegnet til: Katte og hunde<\/p>\n<\/li>\n<li data-start=\"1334\" data-end=\"1363\">\n<p data-start=\"1336\" data-end=\"1363\">Stil: Moderne og kompakt<\/p>\n<\/li>\n<li data-start=\"1334\" data-end=\"1363\">St\u00f8rrelse: 27 x 27 x 24 cm<\/li>\n<\/ul>\n<h2 style=\"text-align: center;\" data-start=\"1365\" data-end=\"1388\">\ud83d\udce6 Pakken indeholder<\/h2>\n<ul data-start=\"1389\" data-end=\"1445\" data-is-last-node=\"\" data-is-only-node=\"\">\n<li data-start=\"1389\" data-end=\"1415\">\n<p data-start=\"1391\" data-end=\"1415\">1x gravitationsfoderautomat med vanddispenser.<\/p>\n<\/li>\n<\/ul>\n","protected":false},"excerpt":{"rendered":"<p>Hold Dit K\u00e6ledyr Fodret Og Hydreret Hele Dagen Uden Besv\u00e6r. \ud83d\udc3e\u00a0 Denne foderautomat med vanddispenser genopfylder automatisk foder og vand [&hellip;]<\/p>\n","protected":false},"featured_media":43817,"comment_status":"open","ping_status":"closed","template":"","meta":{"site-sidebar-layout":"default","site-content-layout":"","ast-site-content-layout":"default","site-content-style":"default","site-sidebar-style":"default","ast-global-header-display":"","ast-banner-title-visibility":"","ast-main-header-display":"","ast-hfb-above-header-display":"","ast-hfb-below-header-display":"","ast-hfb-mobile-header-display":"","site-post-title":"","ast-breadcrumbs-content":"","ast-featured-img":"","footer-sml-layout":"","theme-transparent-header-meta":"default","adv-header-id-meta":"","stick-header-meta":"","header-above-stick-meta":"","header-main-stick-meta":"","header-below-stick-meta":"","astra-migrate-meta-layouts":"set","ast-page-background-enabled":"default","ast-page-background-meta":{"desktop":{"background-color":"var(--ast-global-color-5)","background-image":"","background-repeat":"repeat","background-position":"center center","background-size":"auto","background-attachment":"scroll","background-type":"","background-media":"","overlay-type":"","overlay-color":"","overlay-opacity":"","overlay-gradient":""},"tablet":{"background-color":"","background-image":"","background-repeat":"repeat","background-position":"center center","background-size":"auto","background-attachment":"scroll","background-type":"","background-media":"","overlay-type":"","overlay-color":"","overlay-opacity":"","overlay-gradient":""},"mobile":{"background-color":"","background-image":"","background-repeat":"repeat","background-position":"center center","background-size":"auto","background-attachment":"scroll","background-type":"","background-media":"","overlay-type":"","overlay-color":"","overlay-opacity":"","overlay-gradient":""}},"ast-content-background-meta":{"desktop":{"background-color":"var(--ast-global-color-4)","background-image":"","background-repeat":"repeat","background-position":"center center","background-size":"auto","background-attachment":"scroll","background-type":"","background-media":"","overlay-type":"","overlay-color":"","overlay-opacity":"","overlay-gradient":""},"tablet":{"background-color":"var(--ast-global-color-4)","background-image":"","background-repeat":"repeat","background-position":"center center","background-size":"auto","background-attachment":"scroll","background-type":"","background-media":"","overlay-type":"","overlay-color":"","overlay-opacity":"","overlay-gradient":""},"mobile":{"background-color":"var(--ast-global-color-4)","background-image":"","background-repeat":"repeat","background-position":"center center","background-size":"auto","background-attachment":"scroll","background-type":"","background-media":"","overlay-type":"","overlay-color":"","overlay-opacity":"","overlay-gradient":""}}},"product_brand":[],"product_cat":[19],"product_tag":[],"class_list":{"0":"post-43821","1":"product","2":"type-product","3":"status-publish","4":"has-post-thumbnail","6":"product_cat-uncategorized","7":"pa_62014_5w4imbvc-blaa","8":"pa_62014_5w4imbvc-graa","9":"pa_62014_5w4imbvc-groen","10":"pa_62014_5w4imbvc-gul","11":"desktop-align-left","12":"tablet-align-left","13":"mobile-align-left","15":"first","16":"instock","17":"shipping-taxable","18":"purchasable","19":"product-type-variable"},"_links":{"self":[{"href":"https:\/\/ecostera.com\/dk\/wp-json\/wp\/v2\/product\/43821","targetHints":{"allow":["GET"]}}],"collection":[{"href":"https:\/\/ecostera.com\/dk\/wp-json\/wp\/v2\/product"}],"about":[{"href":"https:\/\/ecostera.com\/dk\/wp-json\/wp\/v2\/types\/product"}],"replies":[{"embeddable":true,"href":"https:\/\/ecostera.com\/dk\/wp-json\/wp\/v2\/comments?post=43821"}],"wp:featuredmedia":[{"embeddable":true,"href":"https:\/\/ecostera.com\/dk\/wp-json\/wp\/v2\/media\/43817"}],"wp:attachment":[{"href":"https:\/\/ecostera.com\/dk\/wp-json\/wp\/v2\/media?parent=43821"}],"wp:term":[{"taxonomy":"product_brand","embeddable":true,"href":"https:\/\/ecostera.com\/dk\/wp-json\/wp\/v2\/product_brand?post=43821"},{"taxonomy":"product_cat","embeddable":true,"href":"https:\/\/ecostera.com\/dk\/wp-json\/wp\/v2\/product_cat?post=43821"},{"taxonomy":"product_tag","embeddable":true,"href":"https:\/\/ecostera.com\/dk\/wp-json\/wp\/v2\/product_tag?post=43821"}],"curies":[{"name":"wp","href":"https:\/\/api.w.org\/{rel}","templated":true}]}}