{"id":43847,"date":"2025-12-22T21:29:13","date_gmt":"2025-12-22T19:29:13","guid":{"rendered":"https:\/\/ecostera.com\/dk\/product\/alt-i-et-noeglevaerktoejssaet-til-vandhane\/"},"modified":"2025-12-23T22:11:10","modified_gmt":"2025-12-23T20:11:10","slug":"alt-i-et-noeglevaerktoejssaet-til-vandhane","status":"publish","type":"product","link":"https:\/\/ecostera.com\/dk\/product\/alt-i-et-noeglevaerktoejssaet-til-vandhane\/","title":{"rendered":"Alt-i-et-n\u00f8glev\u00e6rkt\u00f8jss\u00e6t til vandhane"},"content":{"rendered":"<div class=\"flex max-w-full flex-col grow\">\n<div class=\"min-h-8 text-message relative flex w-full flex-col items-end gap-2 text-start break-words whitespace-normal [.text-message+&amp;]:mt-1\" dir=\"auto\" data-message-author-role=\"assistant\" data-message-id=\"1cd7bf37-2587-4a26-b24e-75fe5085b8a6\" data-message-model-slug=\"gpt-5-2\">\n<div class=\"flex w-full flex-col gap-1 empty:hidden first:pt-[1px]\">\n<div class=\"markdown prose dark:prose-invert w-full break-words light markdown-new-styling\">\n<p style=\"text-align: center;\" data-start=\"0\" data-end=\"75\"><strong data-start=\"0\" data-end=\"75\">Reparer Og Vedligehold Vandhaner Nemt Med Et Kompakt Alt-I-Et-N\u00f8gles\u00e6t.<\/strong><span style=\"font-size: 16px; font-style: normal; font-weight: 400;\">\ud83d\udd27<\/span><\/p>\n<p style=\"text-align: center;\" data-start=\"77\" data-end=\"321\">Dette alt-i-en-n\u00f8gles\u00e6t til vandhaner hj\u00e6lper dig med at installere, fjerne og reparere vandhaner i k\u00f8kken og badev\u00e6relse uden besv\u00e6r. Det smarte design giver dig mulighed for at n\u00e5 ind p\u00e5 trange steder og h\u00e5ndtere almindelige vandhanedele, hvilket sparer tid og kr\u00e6fter under vedligeholdelse. Denne multifunktionelle skruen\u00f8gle er ideel til at fjerne perlatorer, ventilkerner og fittings i h\u00e5ndvaske og brusesystemer. Det ergonomiske h\u00e5ndtag giver dig et sikkert greb, hvilket g\u00f8r den behagelig for b\u00e5de g\u00f8r-det-selv-brugere og professionelle.<\/p>\n<p data-start=\"77\" data-end=\"321\"><img fetchpriority=\"high\" decoding=\"async\" class=\"size-full wp-image-46530 aligncenter\" src=\"https:\/\/keluvo.com\/template\/wp-content\/uploads\/sites\/5\/2025\/12\/102221-ezgif.com-video-to-webp-converter-4.webp\" alt=\"\" width=\"500\" height=\"500\" \/><\/p>\n<h2 style=\"text-align: center;\" data-start=\"596\" data-end=\"615\">\u2b50 Vigtigste fordele<\/h2>\n<p data-start=\"618\" data-end=\"682\">\ud83d\udee0\ufe0f Alt-i-et-design \u2013 Et v\u00e6rkt\u00f8j til flere vandhaneopgaver.<\/p>\n<p data-start=\"685\" data-end=\"743\">\ud83e\udd32 Komfortabelt greb \u2013 Reducerer belastningen af h\u00e5nden under brug.<\/p>\n<p data-start=\"746\" data-end=\"809\">\ud83d\udeb0 Perfekt til trange steder \u2013 Ideel til h\u00e5ndvaske og vandhaner.<\/p>\n<p data-start=\"812\" data-end=\"865\">\ud83e\uddf1 St\u00e6rk og holdbar \u2013 Bygget til langvarig brug.<\/p>\n<p data-start=\"868\" data-end=\"923\">\ud83c\udf92 Kompakt og b\u00e6rbar \u2013 Let at opbevare og b\u00e6re.<\/p>\n<p data-start=\"868\" data-end=\"923\"><img decoding=\"async\" class=\"size-full wp-image-46533 aligncenter\" src=\"https:\/\/keluvo.com\/template\/wp-content\/uploads\/sites\/5\/2025\/12\/102220-ezgif.com-video-to-webp-converter-3.webp\" alt=\"\" width=\"500\" height=\"500\" \/><\/p>\n<h2 style=\"text-align: center;\" data-start=\"925\" data-end=\"942\">\ud83e\uddf0 S\u00e5dan Bruges<\/h2>\n<ol data-start=\"943\" data-end=\"1189\">\n<li data-start=\"943\" data-end=\"996\">\n<p data-start=\"946\" data-end=\"996\">V\u00e6lg den korrekte \u00e5bning til din vandhane.<\/p>\n<\/li>\n<li data-start=\"997\" data-end=\"1050\">\n<p data-start=\"1000\" data-end=\"1050\">Placer n\u00f8glen p\u00e5 perlatoren eller ventilkernen.<\/p>\n<\/li>\n<li data-start=\"1051\" data-end=\"1089\">\n<p data-start=\"1054\" data-end=\"1089\">Drej forsigtigt for at l\u00f8sne eller stramme.<\/p>\n<\/li>\n<li data-start=\"1090\" data-end=\"1148\">\n<p data-start=\"1093\" data-end=\"1148\">Brug den medf\u00f8lgende sekskantn\u00f8gle eller skruetr\u00e6kker, hvis det er n\u00f8dvendigt.<\/p>\n<\/li>\n<li data-start=\"1149\" data-end=\"1189\">\n<p data-start=\"1152\" data-end=\"1189\">Geninstaller vandhanedelen sikkert.<\/p>\n<\/li>\n<\/ol>\n<h2 style=\"text-align: center;\" data-start=\"1191\" data-end=\"1213\">\ud83d\udccf Produktoplysninger<\/h2>\n<ul data-start=\"1214\" data-end=\"1430\">\n<li data-start=\"1270\" data-end=\"1289\">\n<p data-start=\"1272\" data-end=\"1289\">Materiale: Legering<\/p>\n<\/li>\n<li data-start=\"1290\" data-end=\"1323\">\n<p data-start=\"1292\" data-end=\"1323\">Produktst\u00f8rrelse: 10 x 5 x 4,7 cm<\/p>\n<\/li>\n<li data-start=\"1324\" data-end=\"1345\">\n<p data-start=\"1326\" data-end=\"1345\">Nettov\u00e6gt: 120 g<\/p>\n<\/li>\n<li data-start=\"1372\" data-end=\"1430\">\n<p data-start=\"1374\" data-end=\"1430\">Anvendelse: K\u00f8kken- og badev\u00e6relsesarmaturer, brusehoveder<\/p>\n<\/li>\n<\/ul>\n<h2 style=\"text-align: center;\" data-start=\"1432\" data-end=\"1455\">\ud83d\udce6 Pakken indeholder<\/h2>\n<ul data-start=\"1456\" data-end=\"1563\" data-is-last-node=\"\" data-is-only-node=\"\">\n<li data-start=\"1456\" data-end=\"1517\">\n<p data-start=\"1458\" data-end=\"1517\">1x multifunktionel vedligeholdelsesn\u00f8gle til k\u00f8kken og badev\u00e6relse<\/p>\n<\/li>\n<li data-start=\"1518\" data-end=\"1544\">\n<p data-start=\"1520\" data-end=\"1544\">2x skruen\u00f8gler (2,0 unbrakon\u00f8gle, 2,5 sekskantet)<\/p>\n<\/li>\n<li data-start=\"1545\" data-end=\"1563\" data-is-last-node=\"\">\n<p data-start=\"1547\" data-end=\"1563\" data-is-last-node=\"\">2x skruetr\u00e6kkere (65 fladhoved, 65 kryds).<\/p>\n<\/li>\n<\/ul>\n<\/div>\n<\/div>\n<\/div>\n<\/div>\n","protected":false},"excerpt":{"rendered":"<p>Reparer Og Vedligehold Vandhaner Nemt Med Et Kompakt Alt-I-Et-N\u00f8gles\u00e6t.\ud83d\udd27 Dette alt-i-en-n\u00f8gles\u00e6t til vandhaner hj\u00e6lper dig med at installere, fjerne og [&hellip;]<\/p>\n","protected":false},"featured_media":43843,"comment_status":"open","ping_status":"closed","template":"","meta":{"site-sidebar-layout":"default","site-content-layout":"","ast-site-content-layout":"default","site-content-style":"default","site-sidebar-style":"default","ast-global-header-display":"","ast-banner-title-visibility":"","ast-main-header-display":"","ast-hfb-above-header-display":"","ast-hfb-below-header-display":"","ast-hfb-mobile-header-display":"","site-post-title":"","ast-breadcrumbs-content":"","ast-featured-img":"","footer-sml-layout":"","theme-transparent-header-meta":"default","adv-header-id-meta":"","stick-header-meta":"","header-above-stick-meta":"","header-main-stick-meta":"","header-below-stick-meta":"","astra-migrate-meta-layouts":"set","ast-page-background-enabled":"default","ast-page-background-meta":{"desktop":{"background-color":"var(--ast-global-color-5)","background-image":"","background-repeat":"repeat","background-position":"center center","background-size":"auto","background-attachment":"scroll","background-type":"","background-media":"","overlay-type":"","overlay-color":"","overlay-opacity":"","overlay-gradient":""},"tablet":{"background-color":"","background-image":"","background-repeat":"repeat","background-position":"center center","background-size":"auto","background-attachment":"scroll","background-type":"","background-media":"","overlay-type":"","overlay-color":"","overlay-opacity":"","overlay-gradient":""},"mobile":{"background-color":"","background-image":"","background-repeat":"repeat","background-position":"center center","background-size":"auto","background-attachment":"scroll","background-type":"","background-media":"","overlay-type":"","overlay-color":"","overlay-opacity":"","overlay-gradient":""}},"ast-content-background-meta":{"desktop":{"background-color":"var(--ast-global-color-4)","background-image":"","background-repeat":"repeat","background-position":"center center","background-size":"auto","background-attachment":"scroll","background-type":"","background-media":"","overlay-type":"","overlay-color":"","overlay-opacity":"","overlay-gradient":""},"tablet":{"background-color":"var(--ast-global-color-4)","background-image":"","background-repeat":"repeat","background-position":"center center","background-size":"auto","background-attachment":"scroll","background-type":"","background-media":"","overlay-type":"","overlay-color":"","overlay-opacity":"","overlay-gradient":""},"mobile":{"background-color":"var(--ast-global-color-4)","background-image":"","background-repeat":"repeat","background-position":"center center","background-size":"auto","background-attachment":"scroll","background-type":"","background-media":"","overlay-type":"","overlay-color":"","overlay-opacity":"","overlay-gradient":""}}},"product_brand":[],"product_cat":[19],"product_tag":[],"class_list":{"0":"post-43847","1":"product","2":"type-product","3":"status-publish","4":"has-post-thumbnail","6":"product_cat-uncategorized","7":"desktop-align-left","8":"tablet-align-left","9":"mobile-align-left","11":"first","12":"instock","13":"shipping-taxable","14":"purchasable","15":"product-type-simple"},"_links":{"self":[{"href":"https:\/\/ecostera.com\/dk\/wp-json\/wp\/v2\/product\/43847","targetHints":{"allow":["GET"]}}],"collection":[{"href":"https:\/\/ecostera.com\/dk\/wp-json\/wp\/v2\/product"}],"about":[{"href":"https:\/\/ecostera.com\/dk\/wp-json\/wp\/v2\/types\/product"}],"replies":[{"embeddable":true,"href":"https:\/\/ecostera.com\/dk\/wp-json\/wp\/v2\/comments?post=43847"}],"wp:featuredmedia":[{"embeddable":true,"href":"https:\/\/ecostera.com\/dk\/wp-json\/wp\/v2\/media\/43843"}],"wp:attachment":[{"href":"https:\/\/ecostera.com\/dk\/wp-json\/wp\/v2\/media?parent=43847"}],"wp:term":[{"taxonomy":"product_brand","embeddable":true,"href":"https:\/\/ecostera.com\/dk\/wp-json\/wp\/v2\/product_brand?post=43847"},{"taxonomy":"product_cat","embeddable":true,"href":"https:\/\/ecostera.com\/dk\/wp-json\/wp\/v2\/product_cat?post=43847"},{"taxonomy":"product_tag","embeddable":true,"href":"https:\/\/ecostera.com\/dk\/wp-json\/wp\/v2\/product_tag?post=43847"}],"curies":[{"name":"wp","href":"https:\/\/api.w.org\/{rel}","templated":true}]}}