{"id":43856,"date":"2025-12-22T21:30:11","date_gmt":"2025-12-22T19:30:11","guid":{"rendered":"https:\/\/ecostera.com\/dk\/product\/fiskeskaler-2\/"},"modified":"2025-12-23T22:12:26","modified_gmt":"2025-12-23T20:12:26","slug":"fiskeskaler-2","status":"publish","type":"product","link":"https:\/\/ecostera.com\/dk\/product\/fiskeskaler-2\/","title":{"rendered":"Fiskeskaler"},"content":{"rendered":"<p style=\"text-align: center;\" data-start=\"0\" data-end=\"55\"><strong data-start=\"0\" data-end=\"55\">Fjern fiskesk\u00e6l hurtigt og rent med mindre indsats.<\/strong><span style=\"font-size: 16px; font-style: normal; font-weight: 400;\">\ud83d\udc1f<\/span><\/p>\n<p style=\"text-align: center;\" data-start=\"57\" data-end=\"258\">Denne fiskeskaler er designet til hurtigt og sikkert at fjerne sk\u00e6l fra alle typer fisk. Dens skarpe kant i rustfrit st\u00e5l g\u00f8r afkalkningen nem, ren og effektiv til b\u00e5de hjemmek\u00f8kkener og professionel brug. Denne professionelle fiskeskaler hj\u00e6lper dig med at afkalke fisk uden rod eller besv\u00e6r. Det ergonomiske h\u00e5ndtag giver dig fuld kontrol, mens den skarpe savtakkede kant fjerner sk\u00e6l uden at beskadige fisken.<\/p>\n<p data-start=\"57\" data-end=\"258\"><img fetchpriority=\"high\" decoding=\"async\" class=\"size-full wp-image-46536 aligncenter\" src=\"https:\/\/keluvo.com\/template\/wp-content\/uploads\/sites\/5\/2025\/12\/102222-ezgif.com-video-to-webp-converter-3.webp\" alt=\"\" width=\"500\" height=\"500\" \/><\/p>\n<h2 style=\"text-align: center;\" data-start=\"514\" data-end=\"533\">Vigtigste fordele<\/h2>\n<p data-start=\"536\" data-end=\"605\">\ud83d\udd2a Skarp savtakket kant &#8211; Fjerner sk\u00e6l hurtigt og effektivt.<\/p>\n<p data-start=\"608\" data-end=\"663\">\ud83e\uddfc Let at reng\u00f8re &#8211; Glat overflade i rustfrit st\u00e5l.<\/p>\n<p data-start=\"666\" data-end=\"714\">\ud83e\udd32 Behageligt greb &#8211; Reducerer tr\u00e6thed i h\u00e6nderne.<\/p>\n<p data-start=\"717\" data-end=\"774\">\ud83d\udc20 Multifunktionelt v\u00e6rkt\u00f8j &#8211; Skraber og afkalker i \u00e9t.<\/p>\n<p data-start=\"777\" data-end=\"849\">\ud83d\udee1\ufe0f Rustfrit st\u00e5l i f\u00f8devarekvalitet &#8211; Sikkert, rustbestandigt og holdbart.<\/p>\n<p data-start=\"777\" data-end=\"849\"><img decoding=\"async\" class=\"size-full wp-image-46535 aligncenter\" src=\"https:\/\/keluvo.com\/template\/wp-content\/uploads\/sites\/5\/2025\/12\/102223-ezgif.com-video-to-webp-converter-2.webp\" alt=\"\" width=\"500\" height=\"500\" \/><\/p>\n<h2 style=\"text-align: center;\" data-start=\"851\" data-end=\"868\"><strong>S\u00e5dan Bruges<\/strong><\/h2>\n<ol data-start=\"869\" data-end=\"1082\">\n<li data-start=\"869\" data-end=\"907\">\n<p data-start=\"872\" data-end=\"907\">Hold fisken fast i halen.<\/p>\n<\/li>\n<li data-start=\"908\" data-end=\"952\">\n<p data-start=\"911\" data-end=\"952\">Placer skr\u00e6lleren mod fiskens skind.<\/p>\n<\/li>\n<li data-start=\"953\" data-end=\"1005\">\n<p data-start=\"956\" data-end=\"1005\">Skrab fra hale til hoved med et let tryk.<\/p>\n<\/li>\n<li data-start=\"1006\" data-end=\"1047\">\n<p data-start=\"1009\" data-end=\"1047\">Skyl fisken og skr\u00e6lleren efter brug.<\/p>\n<\/li>\n<li data-start=\"1048\" data-end=\"1082\">\n<p data-start=\"1051\" data-end=\"1082\">Reng\u00f8r og opbevar til n\u00e6ste brug.<\/p>\n<\/li>\n<\/ol>\n<h2 style=\"text-align: center;\" data-start=\"1084\" data-end=\"1106\"><strong>Produktdetaljer<\/strong><\/h2>\n<ul data-start=\"1107\" data-end=\"1278\">\n<li data-start=\"1137\" data-end=\"1166\">\n<p data-start=\"1139\" data-end=\"1166\">Materiale: Rustfrit st\u00e5l<\/p>\n<\/li>\n<li data-start=\"1167\" data-end=\"1184\">\n<p data-start=\"1169\" data-end=\"1184\">Farve: S\u00f8lv<\/p>\n<\/li>\n<li data-start=\"1185\" data-end=\"1225\">\n<p data-start=\"1187\" data-end=\"1225\">St\u00f8rrelse: 16,2 x 5,8 cm<\/p>\n<\/li>\n<li data-start=\"1226\" data-end=\"1278\">\n<p data-start=\"1228\" data-end=\"1278\">Anvendelse: Hjemmek\u00f8kkener, fiske- og skaldyrsmarkeder, restauranter<\/p>\n<\/li>\n<\/ul>\n<h2 style=\"text-align: center;\" data-start=\"1280\" data-end=\"1303\"><strong>Pakken indeholder<\/strong><\/h2>\n<ul data-start=\"1304\" data-end=\"1344\" data-is-last-node=\"\" data-is-only-node=\"\">\n<li data-start=\"1304\" data-end=\"1344\" data-is-last-node=\"\">\n<p data-start=\"1306\" data-end=\"1344\" data-is-last-node=\"\">1x fiskeskr\u00e6ller i rustfrit st\u00e5l.<\/p>\n<\/li>\n<\/ul>\n","protected":false},"excerpt":{"rendered":"<p>Fjern fiskesk\u00e6l hurtigt og rent med mindre indsats.\ud83d\udc1f Denne fiskeskaler er designet til hurtigt og sikkert at fjerne sk\u00e6l fra [&hellip;]<\/p>\n","protected":false},"featured_media":43852,"comment_status":"open","ping_status":"closed","template":"","meta":{"site-sidebar-layout":"default","site-content-layout":"","ast-site-content-layout":"default","site-content-style":"default","site-sidebar-style":"default","ast-global-header-display":"","ast-banner-title-visibility":"","ast-main-header-display":"","ast-hfb-above-header-display":"","ast-hfb-below-header-display":"","ast-hfb-mobile-header-display":"","site-post-title":"","ast-breadcrumbs-content":"","ast-featured-img":"","footer-sml-layout":"","theme-transparent-header-meta":"default","adv-header-id-meta":"","stick-header-meta":"","header-above-stick-meta":"","header-main-stick-meta":"","header-below-stick-meta":"","astra-migrate-meta-layouts":"set","ast-page-background-enabled":"default","ast-page-background-meta":{"desktop":{"background-color":"var(--ast-global-color-5)","background-image":"","background-repeat":"repeat","background-position":"center center","background-size":"auto","background-attachment":"scroll","background-type":"","background-media":"","overlay-type":"","overlay-color":"","overlay-opacity":"","overlay-gradient":""},"tablet":{"background-color":"","background-image":"","background-repeat":"repeat","background-position":"center center","background-size":"auto","background-attachment":"scroll","background-type":"","background-media":"","overlay-type":"","overlay-color":"","overlay-opacity":"","overlay-gradient":""},"mobile":{"background-color":"","background-image":"","background-repeat":"repeat","background-position":"center center","background-size":"auto","background-attachment":"scroll","background-type":"","background-media":"","overlay-type":"","overlay-color":"","overlay-opacity":"","overlay-gradient":""}},"ast-content-background-meta":{"desktop":{"background-color":"var(--ast-global-color-4)","background-image":"","background-repeat":"repeat","background-position":"center center","background-size":"auto","background-attachment":"scroll","background-type":"","background-media":"","overlay-type":"","overlay-color":"","overlay-opacity":"","overlay-gradient":""},"tablet":{"background-color":"var(--ast-global-color-4)","background-image":"","background-repeat":"repeat","background-position":"center center","background-size":"auto","background-attachment":"scroll","background-type":"","background-media":"","overlay-type":"","overlay-color":"","overlay-opacity":"","overlay-gradient":""},"mobile":{"background-color":"var(--ast-global-color-4)","background-image":"","background-repeat":"repeat","background-position":"center center","background-size":"auto","background-attachment":"scroll","background-type":"","background-media":"","overlay-type":"","overlay-color":"","overlay-opacity":"","overlay-gradient":""}}},"product_brand":[],"product_cat":[19],"product_tag":[],"class_list":{"0":"post-43856","1":"product","2":"type-product","3":"status-publish","4":"has-post-thumbnail","6":"product_cat-uncategorized","7":"desktop-align-left","8":"tablet-align-left","9":"mobile-align-left","11":"first","12":"instock","13":"shipping-taxable","14":"purchasable","15":"product-type-simple"},"_links":{"self":[{"href":"https:\/\/ecostera.com\/dk\/wp-json\/wp\/v2\/product\/43856","targetHints":{"allow":["GET"]}}],"collection":[{"href":"https:\/\/ecostera.com\/dk\/wp-json\/wp\/v2\/product"}],"about":[{"href":"https:\/\/ecostera.com\/dk\/wp-json\/wp\/v2\/types\/product"}],"replies":[{"embeddable":true,"href":"https:\/\/ecostera.com\/dk\/wp-json\/wp\/v2\/comments?post=43856"}],"wp:featuredmedia":[{"embeddable":true,"href":"https:\/\/ecostera.com\/dk\/wp-json\/wp\/v2\/media\/43852"}],"wp:attachment":[{"href":"https:\/\/ecostera.com\/dk\/wp-json\/wp\/v2\/media?parent=43856"}],"wp:term":[{"taxonomy":"product_brand","embeddable":true,"href":"https:\/\/ecostera.com\/dk\/wp-json\/wp\/v2\/product_brand?post=43856"},{"taxonomy":"product_cat","embeddable":true,"href":"https:\/\/ecostera.com\/dk\/wp-json\/wp\/v2\/product_cat?post=43856"},{"taxonomy":"product_tag","embeddable":true,"href":"https:\/\/ecostera.com\/dk\/wp-json\/wp\/v2\/product_tag?post=43856"}],"curies":[{"name":"wp","href":"https:\/\/api.w.org\/{rel}","templated":true}]}}