{"id":43865,"date":"2025-12-22T21:31:21","date_gmt":"2025-12-22T19:31:21","guid":{"rendered":"https:\/\/ecostera.com\/dk\/product\/vinkelslibende-sandbaandsmaskine\/"},"modified":"2025-12-23T22:14:21","modified_gmt":"2025-12-23T20:14:21","slug":"vinkelslibende-sandbaandsmaskine","status":"publish","type":"product","link":"https:\/\/ecostera.com\/dk\/product\/vinkelslibende-sandbaandsmaskine\/","title":{"rendered":"Vinkelslibende sandb\u00e5ndsmaskine"},"content":{"rendered":"<p style=\"text-align: center;\" data-start=\"0\" data-end=\"67\"><strong data-start=\"0\" data-end=\"67\">Forvandl din vinkelsliber til en kraftfuld b\u00e5ndsliber p\u00e5 f\u00e5 minutter. <\/strong><span style=\"font-size: 16px; font-style: normal; font-weight: 400;\">\ud83d\udd27\u00a0<\/span><\/p>\n<p style=\"text-align: center;\" data-start=\"69\" data-end=\"316\">Denne vinkelsliber omdanner nemt din standard vinkelsliber til et stabilt og effektivt b\u00e5ndslibev\u00e6rkt\u00f8j. Den giver j\u00e6vn slibning, polering og formning af metal, tr\u00e6 og andre materialer med bedre kontrol og hastighed. Dette tilbeh\u00f8r bruger et automatisk b\u00e5ndsp\u00e6ndingssystem og et rillet drivhjul til at holde slibeb\u00e5ndet stabilt og justeret. Den solide aluminiumskonstruktion og det dobbelte lejedesign giver stabil, hurtig og pr\u00e6cis slibning til daglig v\u00e6rkstedsbrug.<\/p>\n<p data-start=\"69\" data-end=\"316\"><img fetchpriority=\"high\" decoding=\"async\" class=\"size-full wp-image-46543 aligncenter\" src=\"https:\/\/keluvo.com\/template\/wp-content\/uploads\/sites\/5\/2025\/12\/102224-ezgif.com-video-to-webp-converter-3.webp\" alt=\"\" width=\"500\" height=\"889\" \/><\/p>\n<h2 style=\"text-align: center;\" data-start=\"603\" data-end=\"622\">Vigtigste fordele<\/h2>\n<p data-start=\"625\" data-end=\"704\">\u2699\ufe0f Automatisk b\u00e6ltesp\u00e6nding &#8211; Indbygget fjeder justerer sp\u00e6ndingen automatisk.<\/p>\n<p data-start=\"707\" data-end=\"779\">\ud83d\udee0\ufe0f Intet b\u00e6lte, der glider &#8211; Rillet drivhjul holder b\u00e6ltet centreret.<\/p>\n<p data-start=\"782\" data-end=\"852\">\ud83e\uddf1 Hus i aluminiumslegering &#8211; St\u00e6rk, holdbar og slidst\u00e6rk.<\/p>\n<p data-start=\"855\" data-end=\"922\">\ud83d\udd04 Dobbelt lejedesign &#8211; J\u00e6vn, stabil og hurtig drift.<\/p>\n<p data-start=\"925\" data-end=\"990\">\ud83e\uddf0 Bred kompatibilitet &#8211; Passer til 100\/115\/125 vinkelslibere.<\/p>\n<p data-start=\"925\" data-end=\"990\"><img decoding=\"async\" class=\"size-full wp-image-46542 aligncenter\" src=\"https:\/\/keluvo.com\/template\/wp-content\/uploads\/sites\/5\/2025\/12\/102225-ezgif.com-video-to-webp-converter-2.webp\" alt=\"\" width=\"500\" height=\"889\" \/><\/p>\n<h2 style=\"text-align: center;\" data-start=\"992\" data-end=\"1012\">S\u00e5dan bruges<\/h2>\n<ol data-start=\"1013\" data-end=\"1232\">\n<li data-start=\"1013\" data-end=\"1057\">\n<p data-start=\"1016\" data-end=\"1057\">Sluk og tag stikket ud af din vinkelsliber.<\/p>\n<\/li>\n<li data-start=\"1058\" data-end=\"1118\">\n<p data-start=\"1061\" data-end=\"1118\">Monter beslaget og drivakslen p\u00e5 sliberen.<\/p>\n<\/li>\n<li data-start=\"1119\" data-end=\"1161\">\n<p data-start=\"1122\" data-end=\"1161\">Monter slibeb\u00e5ndet over hjulene.<\/p>\n<\/li>\n<li data-start=\"1162\" data-end=\"1199\">\n<p data-start=\"1165\" data-end=\"1199\">Juster og kontroller b\u00e5ndets justering.<\/p>\n<\/li>\n<li data-start=\"1200\" data-end=\"1232\">\n<p data-start=\"1203\" data-end=\"1232\">T\u00e6nd og begynd at slibe.<\/p>\n<\/li>\n<\/ol>\n<h2 style=\"text-align: center;\" data-start=\"1234\" data-end=\"1256\">Produktdetaljer<\/h2>\n<ul data-start=\"1257\" data-end=\"1449\">\n<li data-start=\"1308\" data-end=\"1336\">\n<p data-start=\"1310\" data-end=\"1336\">Materiale: Aluminiumslegering<\/p>\n<\/li>\n<li data-start=\"1402\" data-end=\"1449\">\n<p data-start=\"1404\" data-end=\"1449\">Kompatible slibemaskiner: 100 \/ 115 \/ 125 modeller<\/p>\n<\/li>\n<\/ul>\n<h2 style=\"text-align: center;\" data-start=\"1451\" data-end=\"1474\">Pakken indeholder<\/h2>\n<ul data-start=\"1475\" data-end=\"1599\" data-is-last-node=\"\" data-is-only-node=\"\">\n<li data-start=\"1475\" data-end=\"1504\">\n<p data-start=\"1477\" data-end=\"1504\">1x vinkelsliberbeslag<\/p>\n<\/li>\n<li data-start=\"1505\" data-end=\"1526\">\n<p data-start=\"1507\" data-end=\"1526\">1x drivaksel<\/p>\n<\/li>\n<li data-start=\"1527\" data-end=\"1552\">\n<p data-start=\"1529\" data-end=\"1552\">2x slibeb\u00e5nd.<\/p>\n<\/li>\n<\/ul>\n","protected":false},"excerpt":{"rendered":"<p>Forvandl din vinkelsliber til en kraftfuld b\u00e5ndsliber p\u00e5 f\u00e5 minutter. \ud83d\udd27\u00a0 Denne vinkelsliber omdanner nemt din standard vinkelsliber til et [&hellip;]<\/p>\n","protected":false},"featured_media":43861,"comment_status":"open","ping_status":"closed","template":"","meta":{"site-sidebar-layout":"default","site-content-layout":"","ast-site-content-layout":"default","site-content-style":"default","site-sidebar-style":"default","ast-global-header-display":"","ast-banner-title-visibility":"","ast-main-header-display":"","ast-hfb-above-header-display":"","ast-hfb-below-header-display":"","ast-hfb-mobile-header-display":"","site-post-title":"","ast-breadcrumbs-content":"","ast-featured-img":"","footer-sml-layout":"","theme-transparent-header-meta":"default","adv-header-id-meta":"","stick-header-meta":"","header-above-stick-meta":"","header-main-stick-meta":"","header-below-stick-meta":"","astra-migrate-meta-layouts":"set","ast-page-background-enabled":"default","ast-page-background-meta":{"desktop":{"background-color":"var(--ast-global-color-5)","background-image":"","background-repeat":"repeat","background-position":"center center","background-size":"auto","background-attachment":"scroll","background-type":"","background-media":"","overlay-type":"","overlay-color":"","overlay-opacity":"","overlay-gradient":""},"tablet":{"background-color":"","background-image":"","background-repeat":"repeat","background-position":"center center","background-size":"auto","background-attachment":"scroll","background-type":"","background-media":"","overlay-type":"","overlay-color":"","overlay-opacity":"","overlay-gradient":""},"mobile":{"background-color":"","background-image":"","background-repeat":"repeat","background-position":"center center","background-size":"auto","background-attachment":"scroll","background-type":"","background-media":"","overlay-type":"","overlay-color":"","overlay-opacity":"","overlay-gradient":""}},"ast-content-background-meta":{"desktop":{"background-color":"var(--ast-global-color-4)","background-image":"","background-repeat":"repeat","background-position":"center center","background-size":"auto","background-attachment":"scroll","background-type":"","background-media":"","overlay-type":"","overlay-color":"","overlay-opacity":"","overlay-gradient":""},"tablet":{"background-color":"var(--ast-global-color-4)","background-image":"","background-repeat":"repeat","background-position":"center center","background-size":"auto","background-attachment":"scroll","background-type":"","background-media":"","overlay-type":"","overlay-color":"","overlay-opacity":"","overlay-gradient":""},"mobile":{"background-color":"var(--ast-global-color-4)","background-image":"","background-repeat":"repeat","background-position":"center center","background-size":"auto","background-attachment":"scroll","background-type":"","background-media":"","overlay-type":"","overlay-color":"","overlay-opacity":"","overlay-gradient":""}}},"product_brand":[],"product_cat":[19],"product_tag":[],"class_list":{"0":"post-43865","1":"product","2":"type-product","3":"status-publish","4":"has-post-thumbnail","6":"product_cat-uncategorized","7":"desktop-align-left","8":"tablet-align-left","9":"mobile-align-left","11":"first","12":"instock","13":"shipping-taxable","14":"purchasable","15":"product-type-simple"},"_links":{"self":[{"href":"https:\/\/ecostera.com\/dk\/wp-json\/wp\/v2\/product\/43865","targetHints":{"allow":["GET"]}}],"collection":[{"href":"https:\/\/ecostera.com\/dk\/wp-json\/wp\/v2\/product"}],"about":[{"href":"https:\/\/ecostera.com\/dk\/wp-json\/wp\/v2\/types\/product"}],"replies":[{"embeddable":true,"href":"https:\/\/ecostera.com\/dk\/wp-json\/wp\/v2\/comments?post=43865"}],"wp:featuredmedia":[{"embeddable":true,"href":"https:\/\/ecostera.com\/dk\/wp-json\/wp\/v2\/media\/43861"}],"wp:attachment":[{"href":"https:\/\/ecostera.com\/dk\/wp-json\/wp\/v2\/media?parent=43865"}],"wp:term":[{"taxonomy":"product_brand","embeddable":true,"href":"https:\/\/ecostera.com\/dk\/wp-json\/wp\/v2\/product_brand?post=43865"},{"taxonomy":"product_cat","embeddable":true,"href":"https:\/\/ecostera.com\/dk\/wp-json\/wp\/v2\/product_cat?post=43865"},{"taxonomy":"product_tag","embeddable":true,"href":"https:\/\/ecostera.com\/dk\/wp-json\/wp\/v2\/product_tag?post=43865"}],"curies":[{"name":"wp","href":"https:\/\/api.w.org\/{rel}","templated":true}]}}