{"id":43874,"date":"2025-12-22T21:32:48","date_gmt":"2025-12-22T19:32:48","guid":{"rendered":"https:\/\/ecostera.com\/dk\/product\/2-i-1-geringssav-og-maalevaerktoej\/"},"modified":"2025-12-23T22:15:55","modified_gmt":"2025-12-23T20:15:55","slug":"2-i-1-geringssav-og-maalevaerktoej","status":"publish","type":"product","link":"https:\/\/ecostera.com\/dk\/product\/2-i-1-geringssav-og-maalevaerktoej\/","title":{"rendered":"2-i-1 geringssav og m\u00e5lev\u00e6rkt\u00f8j"},"content":{"rendered":"<p style=\"text-align: center;\" data-start=\"0\" data-end=\"54\"><strong data-start=\"0\" data-end=\"54\">M\u00e5l og sk\u00e6r perfekte vinkler i \u00e9t enkelt trin.<\/strong><span style=\"font-size: 16px; font-style: normal; font-weight: 400;\">\ud83d\udd27\u00a0<\/span><\/p>\n<p style=\"text-align: center;\" data-start=\"56\" data-end=\"296\">Med denne 2-i-1 geringssav og m\u00e5lev\u00e6rkt\u00f8j kan du m\u00e5le vinkler og sk\u00e6re dem pr\u00e6cist uden at skifte v\u00e6rkt\u00f8j. Det hj\u00e6lper dig med at f\u00e5 rene, pr\u00e6cise snit til fodlister, lister, r\u00f8r og tr\u00e6bearbejdningsprojekter med mindre indsats og f\u00e6rre fejl. Dette v\u00e6rkt\u00f8j kombinerer en vinkelm\u00e5ler og en savguide i \u00e9t. Du m\u00e5ler vinklen direkte og sk\u00e6rer den med det samme, s\u00e5 du undg\u00e5r overf\u00f8ringsfejl. Det er ideelt til g\u00f8r-det-selv-projekter, t\u00f8mrerarbejde og renovering af hjemmet, hvor n\u00f8jagtighed er vigtig.<\/p>\n<p data-start=\"56\" data-end=\"296\"><img fetchpriority=\"high\" decoding=\"async\" class=\"size-full wp-image-46551 aligncenter\" src=\"https:\/\/keluvo.com\/template\/wp-content\/uploads\/sites\/5\/2025\/12\/102226-ezgif.com-video-to-webp-converter-2.webp\" alt=\"\" width=\"500\" height=\"500\" \/><\/p>\n<h2 style=\"text-align: center;\" data-start=\"585\" data-end=\"604\">Vigtigste fordele<\/h2>\n<p data-start=\"607\" data-end=\"661\">\ud83d\udcd0 2-i-1-design &#8211; M\u00e5l og sk\u00e6r med \u00e9t v\u00e6rkt\u00f8j.<\/p>\n<p data-start=\"664\" data-end=\"721\">\ud83c\udfaf H\u00f8j n\u00f8jagtighed &#8211; M\u00e5ler vinkler fra 85\u00b0 til 180\u00b0.<\/p>\n<p data-start=\"724\" data-end=\"790\">\ud83e\ude9a Pr\u00e6cis sk\u00e6ring &#8211; Indbygget savguide til rene geringssnit.<\/p>\n<p data-start=\"793\" data-end=\"852\">\ud83e\uddf0 B\u00e6rbar og let &#8211; Nem at b\u00e6re og opbevare.<\/p>\n<p data-start=\"855\" data-end=\"933\">\ud83c\udfd7\ufe0f Alsidig brug &#8211; Perfekt til fodlister, r\u00f8r, lister og t\u00f8mrerarbejde.<\/p>\n<p data-start=\"855\" data-end=\"933\"><img decoding=\"async\" class=\"size-full wp-image-46550 aligncenter\" src=\"https:\/\/keluvo.com\/template\/wp-content\/uploads\/sites\/5\/2025\/12\/102227-ezgif.com-video-to-webp-converter.webp\" alt=\"\" width=\"500\" height=\"500\" \/><\/p>\n<h2 style=\"text-align: center;\" data-start=\"935\" data-end=\"955\"><strong>S\u00e5dan Bruges<\/strong><\/h2>\n<ol data-start=\"956\" data-end=\"1197\">\n<li data-start=\"956\" data-end=\"1022\">\n<p data-start=\"959\" data-end=\"1022\">\u00c5bn de to arme, og placer dem mod hj\u00f8rnet eller vinklen.<\/p>\n<\/li>\n<li data-start=\"1023\" data-end=\"1069\">\n<p data-start=\"1026\" data-end=\"1069\">L\u00e5s armene for at fange den n\u00f8jagtige vinkel.<\/p>\n<\/li>\n<li data-start=\"1070\" data-end=\"1109\">\n<p data-start=\"1073\" data-end=\"1109\">Placer v\u00e6rkt\u00f8jet p\u00e5 styrepladen.<\/p>\n<\/li>\n<li data-start=\"1110\" data-end=\"1153\">\n<p data-start=\"1113\" data-end=\"1153\">Brug en backsav langs styret til at sk\u00e6re.<\/p>\n<\/li>\n<li data-start=\"1154\" data-end=\"1197\">\n<p data-start=\"1157\" data-end=\"1197\">Installer dit stykke med en perfekt pasform.<\/p>\n<\/li>\n<\/ol>\n<h2 style=\"text-align: center;\" data-start=\"1199\" data-end=\"1221\"><strong>Produktdetaljer<\/strong><\/h2>\n<ul data-start=\"1222\" data-end=\"1418\">\n<li data-start=\"1276\" data-end=\"1311\">\n<p data-start=\"1278\" data-end=\"1311\">Materiale: ABS + rustfrit st\u00e5l<\/p>\n<\/li>\n<li data-start=\"1312\" data-end=\"1341\">\n<p data-start=\"1314\" data-end=\"1341\">M\u00e5leomr\u00e5de: 85\u00b0\u2013180\u00b0<\/p>\n<\/li>\n<li data-start=\"1342\" data-end=\"1400\">\n<p data-start=\"1344\" data-end=\"1400\">Produktst\u00f8rrelse: 31 x 8,5 x 6,5 cm<\/p>\n<\/li>\n<li data-start=\"1401\" data-end=\"1418\">\n<p data-start=\"1403\" data-end=\"1418\">V\u00e6gt: 375 g<\/p>\n<\/li>\n<\/ul>\n<h2 style=\"text-align: center;\" data-start=\"1420\" data-end=\"1443\"><strong>Pakken indeholder<\/strong><\/h2>\n<ul data-start=\"1444\" data-end=\"1485\" data-is-last-node=\"\" data-is-only-node=\"\">\n<li data-start=\"1444\" data-end=\"1485\" data-is-last-node=\"\">\n<p data-start=\"1446\" data-end=\"1485\" data-is-last-node=\"\">1x 2-i-1 geringssav og m\u00e5lev\u00e6rkt\u00f8j.<\/p>\n<\/li>\n<\/ul>\n","protected":false},"excerpt":{"rendered":"<p>M\u00e5l og sk\u00e6r perfekte vinkler i \u00e9t enkelt trin.\ud83d\udd27\u00a0 Med denne 2-i-1 geringssav og m\u00e5lev\u00e6rkt\u00f8j kan du m\u00e5le vinkler og [&hellip;]<\/p>\n","protected":false},"featured_media":43870,"comment_status":"open","ping_status":"closed","template":"","meta":{"site-sidebar-layout":"default","site-content-layout":"","ast-site-content-layout":"default","site-content-style":"default","site-sidebar-style":"default","ast-global-header-display":"","ast-banner-title-visibility":"","ast-main-header-display":"","ast-hfb-above-header-display":"","ast-hfb-below-header-display":"","ast-hfb-mobile-header-display":"","site-post-title":"","ast-breadcrumbs-content":"","ast-featured-img":"","footer-sml-layout":"","theme-transparent-header-meta":"default","adv-header-id-meta":"","stick-header-meta":"","header-above-stick-meta":"","header-main-stick-meta":"","header-below-stick-meta":"","astra-migrate-meta-layouts":"set","ast-page-background-enabled":"default","ast-page-background-meta":{"desktop":{"background-color":"var(--ast-global-color-5)","background-image":"","background-repeat":"repeat","background-position":"center center","background-size":"auto","background-attachment":"scroll","background-type":"","background-media":"","overlay-type":"","overlay-color":"","overlay-opacity":"","overlay-gradient":""},"tablet":{"background-color":"","background-image":"","background-repeat":"repeat","background-position":"center center","background-size":"auto","background-attachment":"scroll","background-type":"","background-media":"","overlay-type":"","overlay-color":"","overlay-opacity":"","overlay-gradient":""},"mobile":{"background-color":"","background-image":"","background-repeat":"repeat","background-position":"center center","background-size":"auto","background-attachment":"scroll","background-type":"","background-media":"","overlay-type":"","overlay-color":"","overlay-opacity":"","overlay-gradient":""}},"ast-content-background-meta":{"desktop":{"background-color":"var(--ast-global-color-4)","background-image":"","background-repeat":"repeat","background-position":"center center","background-size":"auto","background-attachment":"scroll","background-type":"","background-media":"","overlay-type":"","overlay-color":"","overlay-opacity":"","overlay-gradient":""},"tablet":{"background-color":"var(--ast-global-color-4)","background-image":"","background-repeat":"repeat","background-position":"center center","background-size":"auto","background-attachment":"scroll","background-type":"","background-media":"","overlay-type":"","overlay-color":"","overlay-opacity":"","overlay-gradient":""},"mobile":{"background-color":"var(--ast-global-color-4)","background-image":"","background-repeat":"repeat","background-position":"center center","background-size":"auto","background-attachment":"scroll","background-type":"","background-media":"","overlay-type":"","overlay-color":"","overlay-opacity":"","overlay-gradient":""}}},"product_brand":[],"product_cat":[19],"product_tag":[],"class_list":{"0":"post-43874","1":"product","2":"type-product","3":"status-publish","4":"has-post-thumbnail","6":"product_cat-uncategorized","7":"desktop-align-left","8":"tablet-align-left","9":"mobile-align-left","11":"first","12":"instock","13":"shipping-taxable","14":"purchasable","15":"product-type-simple"},"_links":{"self":[{"href":"https:\/\/ecostera.com\/dk\/wp-json\/wp\/v2\/product\/43874","targetHints":{"allow":["GET"]}}],"collection":[{"href":"https:\/\/ecostera.com\/dk\/wp-json\/wp\/v2\/product"}],"about":[{"href":"https:\/\/ecostera.com\/dk\/wp-json\/wp\/v2\/types\/product"}],"replies":[{"embeddable":true,"href":"https:\/\/ecostera.com\/dk\/wp-json\/wp\/v2\/comments?post=43874"}],"wp:featuredmedia":[{"embeddable":true,"href":"https:\/\/ecostera.com\/dk\/wp-json\/wp\/v2\/media\/43870"}],"wp:attachment":[{"href":"https:\/\/ecostera.com\/dk\/wp-json\/wp\/v2\/media?parent=43874"}],"wp:term":[{"taxonomy":"product_brand","embeddable":true,"href":"https:\/\/ecostera.com\/dk\/wp-json\/wp\/v2\/product_brand?post=43874"},{"taxonomy":"product_cat","embeddable":true,"href":"https:\/\/ecostera.com\/dk\/wp-json\/wp\/v2\/product_cat?post=43874"},{"taxonomy":"product_tag","embeddable":true,"href":"https:\/\/ecostera.com\/dk\/wp-json\/wp\/v2\/product_tag?post=43874"}],"curies":[{"name":"wp","href":"https:\/\/api.w.org\/{rel}","templated":true}]}}