{"id":43892,"date":"2025-12-22T21:35:44","date_gmt":"2025-12-22T19:35:44","guid":{"rendered":"https:\/\/ecostera.com\/dk\/product\/farverige-dominoblokke\/"},"modified":"2025-12-23T22:19:49","modified_gmt":"2025-12-23T20:19:49","slug":"farverige-dominoblokke","status":"publish","type":"product","link":"https:\/\/ecostera.com\/dk\/product\/farverige-dominoblokke\/","title":{"rendered":"Farverige dominoblokke"},"content":{"rendered":"<div class=\"flex max-w-full flex-col grow\">\n<div class=\"min-h-8 text-message relative flex w-full flex-col items-end gap-2 text-start break-words whitespace-normal [.text-message+&amp;]:mt-1\" dir=\"auto\" data-message-author-role=\"assistant\" data-message-id=\"a566bec2-e7fe-4544-91fa-4440068dfdf9\" data-message-model-slug=\"gpt-5-2\">\n<div class=\"flex w-full flex-col gap-1 empty:hidden first:pt-[1px]\">\n<div class=\"markdown prose dark:prose-invert w-full break-words light markdown-new-styling\">\n<p style=\"text-align: center;\" data-start=\"0\" data-end=\"82\"><strong data-start=\"0\" data-end=\"82\">Byg, Stil Op, Og V\u00e6lt Farverige Dominobrikker For Endel\u00f8s Sjov Og L\u00e6ring.<\/strong><span style=\"font-size: 16px; font-style: normal; font-weight: 400;\">\ud83c\udfa8<\/span><\/p>\n<p style=\"text-align: center;\" data-start=\"84\" data-end=\"292\">Disse farverige dominobrikker g\u00f8r legetid til en kreativ l\u00e6ringsoplevelse. B\u00f8rn kan stable, arrangere og l\u00f8be om kap med dominobrikker, mens de forbedrer farvegenkendelse, koordination og fantasi p\u00e5 en sikker og sjov m\u00e5de. Disse dominoblokke er designet til sm\u00e5b\u00f8rn, s\u00e5 de kan udforske farver, former og rum. B\u00f8rn kan bygge forskellige layouts, se dominolinjer falde og nyde praktisk leg, der holder dem besk\u00e6ftiget i timevis &#8211; alene eller sammen med familien.<\/p>\n<p data-start=\"84\" data-end=\"292\"><img fetchpriority=\"high\" decoding=\"async\" class=\" wp-image-46664 aligncenter\" src=\"https:\/\/keluvo.com\/template\/wp-content\/uploads\/sites\/5\/2025\/12\/2a014c21a2f7d17384369fd630d5d3b373245b3f9290e5066b02f57554b9c58a.webp\" alt=\"\" width=\"500\" height=\"500\" \/><\/p>\n<h2 style=\"text-align: center;\" data-start=\"570\" data-end=\"589\">\u2b50 Vigtigste fordele<\/h2>\n<p data-start=\"592\" data-end=\"645\">\ud83c\udfa8 Lyse farver &#8211; Hj\u00e6lper med farvegenkendelse.<\/p>\n<p data-start=\"648\" data-end=\"708\">\ud83e\udde0 \u00d8ger t\u00e6nkeevnen &#8211; Underst\u00f8tter rumlig bevidsthed.<\/p>\n<p data-start=\"711\" data-end=\"773\">\u270b Forbedrer motorikken &#8211; Forbedrer h\u00e5nd-\u00f8je-koordinationen.<\/p>\n<p data-start=\"776\" data-end=\"837\">\ud83d\udc76 B\u00f8rnesikkert design &#8211; Glatte kanter og ikke-giftig maling.<\/p>\n<p data-start=\"840\" data-end=\"909\">\ud83d\udc68\u200d\ud83d\udc69\u200d\ud83d\udc67 Familiesjov &#8211; Perfekt til b\u00f8rn, for\u00e6ldre og bedstefor\u00e6ldre.<\/p>\n<p data-start=\"840\" data-end=\"909\"><img decoding=\"async\" class=\" wp-image-46667 aligncenter\" src=\"https:\/\/keluvo.com\/template\/wp-content\/uploads\/sites\/5\/2025\/12\/bcdd6d6298883c4150cd5348ab7f6f33f549c0c5f43b0cd34a5d972d0ede47f4.webp\" alt=\"\" width=\"500\" height=\"500\" \/><\/p>\n<h2 style=\"text-align: center;\" data-start=\"911\" data-end=\"928\">\ud83e\udde9 S\u00e5dan Bruges<\/h2>\n<ol data-start=\"929\" data-end=\"1171\">\n<li data-start=\"929\" data-end=\"975\">\n<p data-start=\"932\" data-end=\"975\">S\u00e6t dominobrikkerne p\u00e5 gulvet eller bordet.<\/p>\n<\/li>\n<li data-start=\"976\" data-end=\"1024\">\n<p data-start=\"979\" data-end=\"1024\">Arranger dem i linjer eller kreative m\u00f8nstre.<\/p>\n<\/li>\n<li data-start=\"1025\" data-end=\"1094\">\n<p data-start=\"1028\" data-end=\"1094\">Tryk og stil dem op i h\u00e5nden eller med et dominotog (hvis det bruges).<\/p>\n<\/li>\n<li data-start=\"1095\" data-end=\"1142\">\n<p data-start=\"1098\" data-end=\"1142\">Tryk p\u00e5 den f\u00f8rste dominobrik og se dem falde.<\/p>\n<\/li>\n<li data-start=\"1143\" data-end=\"1171\">\n<p data-start=\"1146\" data-end=\"1171\">Byg op igen og leg igen.<\/p>\n<\/li>\n<\/ol>\n<h2 style=\"text-align: center;\" data-start=\"1173\" data-end=\"1195\">\ud83d\udccf Produktdetaljer<\/h2>\n<ul data-start=\"1196\" data-end=\"1391\">\n<li data-start=\"1237\" data-end=\"1275\">\n<p data-start=\"1239\" data-end=\"1275\">Materiale: ABS-plast af h\u00f8j kvalitet<\/p>\n<\/li>\n<li data-start=\"1276\" data-end=\"1312\">\n<p data-start=\"1278\" data-end=\"1312\">Maling: Ikke-giftig, modstandsdygtig over for falmning<\/p>\n<\/li>\n<li data-start=\"1313\" data-end=\"1345\">\n<p data-start=\"1315\" data-end=\"1345\">Kanter: Glatte og b\u00f8rnesikre<\/p>\n<\/li>\n<li data-start=\"1346\" data-end=\"1391\">\n<p data-start=\"1348\" data-end=\"1391\">Passende alder: Sm\u00e5b\u00f8rn og unge b\u00f8rn<\/p>\n<\/li>\n<\/ul>\n<h2 style=\"text-align: center;\" data-start=\"1393\" data-end=\"1416\">\ud83d\udce6 Pakken indeholder<\/h2>\n<ul data-start=\"1417\" data-end=\"1470\" data-is-last-node=\"\" data-is-only-node=\"\">\n<li data-start=\"1417\" data-end=\"1470\" data-is-last-node=\"\">\n<p data-start=\"1419\" data-end=\"1470\" data-is-last-node=\"\">60x farverige dominoblokke (kort)<\/p>\n<\/li>\n<li data-start=\"1417\" data-end=\"1470\" data-is-last-node=\"\">\n<p data-start=\"1419\" data-end=\"1470\" data-is-last-node=\"\">1x tog<\/p>\n<\/li>\n<li data-start=\"1417\" data-end=\"1470\" data-is-last-node=\"\">\n<p data-start=\"1419\" data-end=\"1470\" data-is-last-node=\"\">1x kortholder<\/p>\n<\/li>\n<li data-start=\"1417\" data-end=\"1470\" data-is-last-node=\"\">\n<p data-start=\"1419\" data-end=\"1470\" data-is-last-node=\"\">1x styrende ornament.<\/p>\n<\/li>\n<\/ul>\n<\/div>\n<\/div>\n<\/div>\n<p>&nbsp;<\/p>\n<\/div>\n","protected":false},"excerpt":{"rendered":"<p>Byg, Stil Op, Og V\u00e6lt Farverige Dominobrikker For Endel\u00f8s Sjov Og L\u00e6ring.\ud83c\udfa8 Disse farverige dominobrikker g\u00f8r legetid til en kreativ [&hellip;]<\/p>\n","protected":false},"featured_media":43888,"comment_status":"open","ping_status":"closed","template":"","meta":{"site-sidebar-layout":"default","site-content-layout":"","ast-site-content-layout":"default","site-content-style":"default","site-sidebar-style":"default","ast-global-header-display":"","ast-banner-title-visibility":"","ast-main-header-display":"","ast-hfb-above-header-display":"","ast-hfb-below-header-display":"","ast-hfb-mobile-header-display":"","site-post-title":"","ast-breadcrumbs-content":"","ast-featured-img":"","footer-sml-layout":"","theme-transparent-header-meta":"default","adv-header-id-meta":"","stick-header-meta":"","header-above-stick-meta":"","header-main-stick-meta":"","header-below-stick-meta":"","astra-migrate-meta-layouts":"set","ast-page-background-enabled":"default","ast-page-background-meta":{"desktop":{"background-color":"var(--ast-global-color-5)","background-image":"","background-repeat":"repeat","background-position":"center center","background-size":"auto","background-attachment":"scroll","background-type":"","background-media":"","overlay-type":"","overlay-color":"","overlay-opacity":"","overlay-gradient":""},"tablet":{"background-color":"","background-image":"","background-repeat":"repeat","background-position":"center center","background-size":"auto","background-attachment":"scroll","background-type":"","background-media":"","overlay-type":"","overlay-color":"","overlay-opacity":"","overlay-gradient":""},"mobile":{"background-color":"","background-image":"","background-repeat":"repeat","background-position":"center center","background-size":"auto","background-attachment":"scroll","background-type":"","background-media":"","overlay-type":"","overlay-color":"","overlay-opacity":"","overlay-gradient":""}},"ast-content-background-meta":{"desktop":{"background-color":"var(--ast-global-color-4)","background-image":"","background-repeat":"repeat","background-position":"center center","background-size":"auto","background-attachment":"scroll","background-type":"","background-media":"","overlay-type":"","overlay-color":"","overlay-opacity":"","overlay-gradient":""},"tablet":{"background-color":"var(--ast-global-color-4)","background-image":"","background-repeat":"repeat","background-position":"center center","background-size":"auto","background-attachment":"scroll","background-type":"","background-media":"","overlay-type":"","overlay-color":"","overlay-opacity":"","overlay-gradient":""},"mobile":{"background-color":"var(--ast-global-color-4)","background-image":"","background-repeat":"repeat","background-position":"center center","background-size":"auto","background-attachment":"scroll","background-type":"","background-media":"","overlay-type":"","overlay-color":"","overlay-opacity":"","overlay-gradient":""}}},"product_brand":[],"product_cat":[19],"product_tag":[],"class_list":{"0":"post-43892","1":"product","2":"type-product","3":"status-publish","4":"has-post-thumbnail","6":"product_cat-uncategorized","7":"pa_62117_q4qzlxz6-blaa","8":"pa_62117_q4qzlxz6-lyseroed","9":"desktop-align-left","10":"tablet-align-left","11":"mobile-align-left","13":"first","14":"instock","15":"shipping-taxable","16":"purchasable","17":"product-type-variable"},"_links":{"self":[{"href":"https:\/\/ecostera.com\/dk\/wp-json\/wp\/v2\/product\/43892","targetHints":{"allow":["GET"]}}],"collection":[{"href":"https:\/\/ecostera.com\/dk\/wp-json\/wp\/v2\/product"}],"about":[{"href":"https:\/\/ecostera.com\/dk\/wp-json\/wp\/v2\/types\/product"}],"replies":[{"embeddable":true,"href":"https:\/\/ecostera.com\/dk\/wp-json\/wp\/v2\/comments?post=43892"}],"wp:featuredmedia":[{"embeddable":true,"href":"https:\/\/ecostera.com\/dk\/wp-json\/wp\/v2\/media\/43888"}],"wp:attachment":[{"href":"https:\/\/ecostera.com\/dk\/wp-json\/wp\/v2\/media?parent=43892"}],"wp:term":[{"taxonomy":"product_brand","embeddable":true,"href":"https:\/\/ecostera.com\/dk\/wp-json\/wp\/v2\/product_brand?post=43892"},{"taxonomy":"product_cat","embeddable":true,"href":"https:\/\/ecostera.com\/dk\/wp-json\/wp\/v2\/product_cat?post=43892"},{"taxonomy":"product_tag","embeddable":true,"href":"https:\/\/ecostera.com\/dk\/wp-json\/wp\/v2\/product_tag?post=43892"}],"curies":[{"name":"wp","href":"https:\/\/api.w.org\/{rel}","templated":true}]}}