{"id":43905,"date":"2025-12-22T21:37:07","date_gmt":"2025-12-22T19:37:07","guid":{"rendered":"https:\/\/ecostera.com\/dk\/product\/baelte-til-korrektion-af-kropsholdning-2-stk\/"},"modified":"2025-12-23T22:21:46","modified_gmt":"2025-12-23T20:21:46","slug":"baelte-til-korrektion-af-kropsholdning-2-stk","status":"publish","type":"product","link":"https:\/\/ecostera.com\/dk\/product\/baelte-til-korrektion-af-kropsholdning-2-stk\/","title":{"rendered":"B\u00e6lte til korrektion af kropsholdning (2 stk.)"},"content":{"rendered":"<p style=\"text-align: center;\" data-start=\"0\" data-end=\"76\"><strong data-start=\"0\" data-end=\"76\">Ret Ryggen Og Forbedr Kropsholdningen Komfortabelt Hele Dagen.<\/strong><span style=\"font-size: 16px; font-style: normal; font-weight: 400;\">\ud83e\uddcd\u200d\u2642\ufe0f<\/span><\/p>\n<p style=\"text-align: center;\" data-start=\"78\" data-end=\"329\">Dette b\u00e6lte til holdningskorrektion tr\u00e6kker forsigtigt dine skuldre tilbage for at hj\u00e6lpe dig med at st\u00e5, sidde og bev\u00e6ge dig med korrekt kropsholdning. Det reducerer sk\u00e6vhed for\u00e5rsaget af langvarigt siddende arbejde, telefonbrug eller d\u00e5rlige vaner, samtidig med at det er behageligt at have p\u00e5 til daglig og til sportsaktiviteter. Dette justerbare holdningsb\u00e6lte st\u00f8tter skuldrene og den \u00f8vre del af ryggen for at korrigere pukkelryg og krumning af rygs\u00f8jlen. Det bl\u00f8de, \u00e5ndbare stof holder dig komfortabel, mens det hj\u00e6lper med at reducere ubehag i skuldre, nakke og ryg under arbejde, tr\u00e6ning eller daglige aktiviteter.<\/p>\n<p data-start=\"78\" data-end=\"329\"><img fetchpriority=\"high\" decoding=\"async\" class=\"size-full wp-image-46679 aligncenter\" src=\"https:\/\/keluvo.com\/template\/wp-content\/uploads\/sites\/5\/2025\/12\/1221-ezgif.com-video-to-webp-converter.webp\" alt=\"\" width=\"500\" height=\"500\" \/><\/p>\n<h2 style=\"text-align: center;\" data-start=\"645\" data-end=\"664\">Vigtigste fordele<\/h2>\n<p data-start=\"667\" data-end=\"730\">\ud83e\uddb4 Forbedrer kropsholdning &#8211; Hj\u00e6lper med at rette ryg og skuldre.<\/p>\n<p data-start=\"733\" data-end=\"791\">\ud83c\udf2c\ufe0f \u00c5ndbart stof &#8211; Komfortabelt til brug hele dagen.<\/p>\n<p data-start=\"794\" data-end=\"855\">\ud83d\udd27 Justerbar pasform &#8211; Tilpas stramhed til din komfort.<\/p>\n<p data-start=\"858\" data-end=\"934\">\ud83d\udcaa Smertelindrende st\u00f8tte &#8211; Reducerer belastning af skuldre, nakke og \u00f8vre ryg.<\/p>\n<p data-start=\"937\" data-end=\"1004\">\ud83c\udfc3 Multifunktionel brug &#8211; Ideel til arbejde, sport og dagligdag.<\/p>\n<p data-start=\"937\" data-end=\"1004\"><img decoding=\"async\" class=\"size-full wp-image-46680 aligncenter\" src=\"https:\/\/keluvo.com\/template\/wp-content\/uploads\/sites\/5\/2025\/12\/12212-ezgif.com-video-to-webp-converter.webp\" alt=\"\" width=\"500\" height=\"500\" \/><\/p>\n<h2 style=\"text-align: center;\" data-start=\"1006\" data-end=\"1023\"><strong>S\u00e5dan Bruges<\/strong><\/h2>\n<ol data-start=\"1024\" data-end=\"1249\">\n<li data-start=\"1024\" data-end=\"1061\">\n<p data-start=\"1027\" data-end=\"1061\">S\u00e6t b\u00e6ltet p\u00e5 som en rygs\u00e6k.<\/p>\n<\/li>\n<li data-start=\"1062\" data-end=\"1113\">\n<p data-start=\"1065\" data-end=\"1113\">Juster stropperne til en t\u00e6t, behagelig pasform.<\/p>\n<\/li>\n<li data-start=\"1114\" data-end=\"1151\">\n<p data-start=\"1117\" data-end=\"1151\">Brug det i 15-20 minutter i starten.<\/p>\n<\/li>\n<li data-start=\"1152\" data-end=\"1209\">\n<p data-start=\"1155\" data-end=\"1209\">\u00d8g brugstiden gradvist, n\u00e5r din krop tilpasser sig.<\/p>\n<\/li>\n<li data-start=\"1210\" data-end=\"1249\">\n<p data-start=\"1213\" data-end=\"1249\">Brug det dagligt for at opbygge kropshukommelse.<\/p>\n<\/li>\n<\/ol>\n<h2 style=\"text-align: center;\" data-start=\"1251\" data-end=\"1273\"><strong>Produktdetaljer<\/strong><\/h2>\n<ul data-start=\"1274\" data-end=\"1507\">\n<li data-start=\"1316\" data-end=\"1332\">\n<p data-start=\"1318\" data-end=\"1332\">Farve: Sort<\/p>\n<\/li>\n<li data-start=\"1333\" data-end=\"1357\">\n<p data-start=\"1335\" data-end=\"1357\">St\u00f8rrelser: S (45-55 kg), M (55-65 kg), L (65-75 kg), XL (75-85 kg), XXL (85-100 kg)<\/p>\n<\/li>\n<li data-start=\"1358\" data-end=\"1409\">\n<p data-start=\"1360\" data-end=\"1409\">Velegnet til: M\u00e6nd, kvinder, voksne og teenagere<\/p>\n<\/li>\n<li data-start=\"1410\" data-end=\"1456\">\n<p data-start=\"1412\" data-end=\"1456\">Materiale: Bl\u00f8dt, elastisk, \u00e5ndbart stof<\/p>\n<\/li>\n<li data-start=\"1457\" data-end=\"1507\">\n<p data-start=\"1459\" data-end=\"1507\">Anvendelse: Sport, fitness, arbejde, daglige aktiviteter<\/p>\n<\/li>\n<\/ul>\n<h2 style=\"text-align: center;\" data-start=\"1509\" data-end=\"1532\"><strong>Pakken indeholder<\/strong><\/h2>\n<ul data-start=\"1533\" data-end=\"1562\" data-is-last-node=\"\" data-is-only-node=\"\">\n<li data-start=\"1533\" data-end=\"1562\" data-is-last-node=\"\">\n<p data-start=\"1535\" data-end=\"1562\" data-is-last-node=\"\">2x b\u00e6lte til holdningskorrektion.<\/p>\n<\/li>\n<\/ul>\n","protected":false},"excerpt":{"rendered":"<p>Ret Ryggen Og Forbedr Kropsholdningen Komfortabelt Hele Dagen.\ud83e\uddcd\u200d\u2642\ufe0f Dette b\u00e6lte til holdningskorrektion tr\u00e6kker forsigtigt dine skuldre tilbage for at hj\u00e6lpe [&hellip;]<\/p>\n","protected":false},"featured_media":43901,"comment_status":"open","ping_status":"closed","template":"","meta":{"site-sidebar-layout":"default","site-content-layout":"","ast-site-content-layout":"default","site-content-style":"default","site-sidebar-style":"default","ast-global-header-display":"","ast-banner-title-visibility":"","ast-main-header-display":"","ast-hfb-above-header-display":"","ast-hfb-below-header-display":"","ast-hfb-mobile-header-display":"","site-post-title":"","ast-breadcrumbs-content":"","ast-featured-img":"","footer-sml-layout":"","theme-transparent-header-meta":"default","adv-header-id-meta":"","stick-header-meta":"","header-above-stick-meta":"","header-main-stick-meta":"","header-below-stick-meta":"","astra-migrate-meta-layouts":"set","ast-page-background-enabled":"default","ast-page-background-meta":{"desktop":{"background-color":"var(--ast-global-color-5)","background-image":"","background-repeat":"repeat","background-position":"center center","background-size":"auto","background-attachment":"scroll","background-type":"","background-media":"","overlay-type":"","overlay-color":"","overlay-opacity":"","overlay-gradient":""},"tablet":{"background-color":"","background-image":"","background-repeat":"repeat","background-position":"center center","background-size":"auto","background-attachment":"scroll","background-type":"","background-media":"","overlay-type":"","overlay-color":"","overlay-opacity":"","overlay-gradient":""},"mobile":{"background-color":"","background-image":"","background-repeat":"repeat","background-position":"center center","background-size":"auto","background-attachment":"scroll","background-type":"","background-media":"","overlay-type":"","overlay-color":"","overlay-opacity":"","overlay-gradient":""}},"ast-content-background-meta":{"desktop":{"background-color":"var(--ast-global-color-4)","background-image":"","background-repeat":"repeat","background-position":"center center","background-size":"auto","background-attachment":"scroll","background-type":"","background-media":"","overlay-type":"","overlay-color":"","overlay-opacity":"","overlay-gradient":""},"tablet":{"background-color":"var(--ast-global-color-4)","background-image":"","background-repeat":"repeat","background-position":"center center","background-size":"auto","background-attachment":"scroll","background-type":"","background-media":"","overlay-type":"","overlay-color":"","overlay-opacity":"","overlay-gradient":""},"mobile":{"background-color":"var(--ast-global-color-4)","background-image":"","background-repeat":"repeat","background-position":"center center","background-size":"auto","background-attachment":"scroll","background-type":"","background-media":"","overlay-type":"","overlay-color":"","overlay-opacity":"","overlay-gradient":""}}},"product_brand":[],"product_cat":[19],"product_tag":[],"class_list":{"0":"post-43905","1":"product","2":"type-product","3":"status-publish","4":"has-post-thumbnail","6":"product_cat-uncategorized","7":"pa_62127_jh6p0xhn-s","8":"pa_62127_jh6p0xhn-m","9":"pa_62127_jh6p0xhn-l","10":"pa_62127_jh6p0xhn-xl","11":"pa_62127_jh6p0xhn-xxl","12":"desktop-align-left","13":"tablet-align-left","14":"mobile-align-left","16":"first","17":"instock","18":"shipping-taxable","19":"purchasable","20":"product-type-variable"},"_links":{"self":[{"href":"https:\/\/ecostera.com\/dk\/wp-json\/wp\/v2\/product\/43905","targetHints":{"allow":["GET"]}}],"collection":[{"href":"https:\/\/ecostera.com\/dk\/wp-json\/wp\/v2\/product"}],"about":[{"href":"https:\/\/ecostera.com\/dk\/wp-json\/wp\/v2\/types\/product"}],"replies":[{"embeddable":true,"href":"https:\/\/ecostera.com\/dk\/wp-json\/wp\/v2\/comments?post=43905"}],"wp:featuredmedia":[{"embeddable":true,"href":"https:\/\/ecostera.com\/dk\/wp-json\/wp\/v2\/media\/43901"}],"wp:attachment":[{"href":"https:\/\/ecostera.com\/dk\/wp-json\/wp\/v2\/media?parent=43905"}],"wp:term":[{"taxonomy":"product_brand","embeddable":true,"href":"https:\/\/ecostera.com\/dk\/wp-json\/wp\/v2\/product_brand?post=43905"},{"taxonomy":"product_cat","embeddable":true,"href":"https:\/\/ecostera.com\/dk\/wp-json\/wp\/v2\/product_cat?post=43905"},{"taxonomy":"product_tag","embeddable":true,"href":"https:\/\/ecostera.com\/dk\/wp-json\/wp\/v2\/product_tag?post=43905"}],"curies":[{"name":"wp","href":"https:\/\/api.w.org\/{rel}","templated":true}]}}