{"id":43924,"date":"2025-12-22T21:39:09","date_gmt":"2025-12-22T19:39:09","guid":{"rendered":"https:\/\/ecostera.com\/dk\/product\/vindtaet-bilaskebaeger-med-led-lys\/"},"modified":"2025-12-23T22:24:09","modified_gmt":"2025-12-23T20:24:09","slug":"vindtaet-bilaskebaeger-med-led-lys","status":"publish","type":"product","link":"https:\/\/ecostera.com\/dk\/product\/vindtaet-bilaskebaeger-med-led-lys\/","title":{"rendered":"Vindt\u00e6t bilaskeb\u00e6ger med LED-lys"},"content":{"rendered":"<div class=\"flex flex-col text-sm pb-25\">\n<article class=\"text-token-text-primary w-full focus:outline-none [--shadow-height:45px] has-data-writing-block:pointer-events-none has-data-writing-block:-mt-(--shadow-height) has-data-writing-block:pt-(--shadow-height) [&amp;:has([data-writing-block])&gt;*]:pointer-events-auto scroll-mt-[calc(var(--header-height)+min(200px,max(70px,20svh)))]\" dir=\"auto\" data-turn-id=\"request-6936fe07-cfbc-8332-90bd-b8a479fabfb7-0\" data-testid=\"conversation-turn-192\" data-scroll-anchor=\"true\" data-turn=\"assistant\">\n<div class=\"text-base my-auto mx-auto pb-10 [--thread-content-margin:--spacing(4)] @w-sm\/main:[--thread-content-margin:--spacing(6)] @w-lg\/main:[--thread-content-margin:--spacing(16)] px-(--thread-content-margin)\">\n<div class=\"[--thread-content-max-width:40rem] @w-lg\/main:[--thread-content-max-width:48rem] mx-auto max-w-(--thread-content-max-width) flex-1 group\/turn-messages focus-visible:outline-hidden relative flex w-full min-w-0 flex-col agent-turn\">\n<div class=\"flex max-w-full flex-col grow\">\n<div class=\"min-h-8 text-message relative flex w-full flex-col items-end gap-2 text-start break-words whitespace-normal [.text-message+&amp;]:mt-1\" dir=\"auto\" data-message-author-role=\"assistant\" data-message-id=\"a29c7865-4bc2-4720-b1cb-444f25231197\" data-message-model-slug=\"gpt-5-2\">\n<div class=\"flex w-full flex-col gap-1 empty:hidden first:pt-[1px]\">\n<div class=\"markdown prose dark:prose-invert w-full break-words light markdown-new-styling\">\n<p style=\"text-align: center;\" data-start=\"0\" data-end=\"95\"><strong data-start=\"0\" data-end=\"95\">Hold Din Bil Ren Og R\u00f8gfri Med Et Vindt\u00e6t Askeb\u00e6ger, Der Er Designet Til Sikker Og Nem Brug.<\/strong><span style=\"font-size: 16px; font-style: normal; font-weight: 400;\">\ud83d\ude97<\/span><\/p>\n<p style=\"text-align: center;\" data-start=\"97\" data-end=\"327\">Dette vindt\u00e6tte bilaskeb\u00e6ger med LED-lys fanger aske, r\u00f8g og lugt inde i et forseglet l\u00e5g og holder din bil frisk og p\u00e6n. Det kompakte design passer fint ind i bild\u00f8re eller p\u00e5 skriveborde, og LED-lyset g\u00f8r det nemt at bruge om natten. Dette askeb\u00e6ger er lavet til bilister, der \u00f8nsker en renere bil og mere sikker k\u00f8rsel. Det vindt\u00e6tte skydel\u00e5g forhindrer aske i at flyve ud, og det indbyggede LED-lys lader dig bruge det uden at fjerne blikket fra vejen.<\/p>\n<p data-start=\"97\" data-end=\"327\"><img fetchpriority=\"high\" decoding=\"async\" class=\"size-full wp-image-46700 aligncenter\" src=\"https:\/\/keluvo.com\/template\/wp-content\/uploads\/sites\/5\/2025\/12\/spp_20250304110230_72724974bb17c6b46a4b4d0d5cdc2e13.gif\" alt=\"\" width=\"564\" height=\"555\" \/><\/p>\n<h2 style=\"text-align: center;\" data-start=\"605\" data-end=\"624\"><strong>\u2b50 Vigtigste fordele<\/strong><\/h2>\n<p data-start=\"627\" data-end=\"690\">\ud83c\udf2c\ufe0f Vindt\u00e6t l\u00e5g &#8211; Forhindrer aske og r\u00f8g i at sprede sig.<\/p>\n<p data-start=\"693\" data-end=\"750\">\ud83d\udca1 LED-lys &#8211; Let at bruge om natten eller i svagt lys.<\/p>\n<p data-start=\"753\" data-end=\"799\">\ud83e\uddfc Let at reng\u00f8re &#8211; Aftagelig metalforing.<\/p>\n<p data-start=\"802\" data-end=\"867\">\ud83d\ude98 Sikkert k\u00f8rselsdesign &#8211; Synlig uden at blokere dit udsyn.<\/p>\n<p data-start=\"870\" data-end=\"923\">\ud83d\udce6 Stor kapacitet &#8211; Kan rumme 20-30 cigaretskod.<\/p>\n<p data-start=\"870\" data-end=\"923\"><img decoding=\"async\" class=\"size-full wp-image-46704 aligncenter\" src=\"https:\/\/keluvo.com\/template\/wp-content\/uploads\/sites\/5\/2025\/12\/spp_20250304110224_b1aa4722a58d0b9a3849485528d75d56.webp\" alt=\"\" width=\"720\" height=\"604\" \/><\/p>\n<h2 style=\"text-align: center;\" data-start=\"930\" data-end=\"947\"><strong>\ud83d\udd27 S\u00e5dan Bruges<\/strong><\/h2>\n<ol data-start=\"948\" data-end=\"1246\">\n<li data-start=\"948\" data-end=\"1030\">\n<p data-start=\"951\" data-end=\"1030\">Fastg\u00f8r askeb\u00e6geret med den selvkl\u00e6bende base, eller placer det i en d\u00f8rlomme.<\/p>\n<\/li>\n<li data-start=\"1031\" data-end=\"1074\">\n<p data-start=\"1034\" data-end=\"1074\">Skub l\u00e5get op for at bruge askeb\u00e6geret.<\/p>\n<\/li>\n<li data-start=\"1075\" data-end=\"1129\">\n<p data-start=\"1078\" data-end=\"1129\">LED-lyset t\u00e6ndes, n\u00e5r det \u00e5bnes (LED-version).<\/p>\n<\/li>\n<li data-start=\"1130\" data-end=\"1183\">\n<p data-start=\"1133\" data-end=\"1183\">Efter brug lukkes l\u00e5get for at forsegle r\u00f8g og lugt.<\/p>\n<\/li>\n<li data-start=\"1184\" data-end=\"1246\">\n<p data-start=\"1187\" data-end=\"1246\">Fjern metalforingen, og skyl, n\u00e5r der er behov for reng\u00f8ring.<\/p>\n<\/li>\n<\/ol>\n<h2 style=\"text-align: center;\" data-start=\"1253\" data-end=\"1275\"><strong>\ud83d\udccf Produktdetaljer<\/strong><\/h2>\n<ul data-start=\"1276\" data-end=\"1551\">\n<li data-start=\"1331\" data-end=\"1361\">\n<p data-start=\"1333\" data-end=\"1361\">Materiale: ABS + PC + metal<\/p>\n<\/li>\n<li data-start=\"1362\" data-end=\"1389\">\n<p data-start=\"1364\" data-end=\"1389\">St\u00f8rrelse: 11,1 x 7 x 4,2 cm<\/p>\n<\/li>\n<li data-start=\"1390\" data-end=\"1425\">\n<p data-start=\"1392\" data-end=\"1425\">Kapacitet: 20-30 cigaretskodder<\/p>\n<\/li>\n<li data-start=\"1504\" data-end=\"1551\">\n<p data-start=\"1506\" data-end=\"1551\">Placering: Bilens d\u00f8rlomme, instrumentbr\u00e6t, skrivebord<\/p>\n<\/li>\n<\/ul>\n<h2 style=\"text-align: center;\" data-start=\"1558\" data-end=\"1581\"><strong>\ud83d\udce6 Pakken indeholder<\/strong><\/h2>\n<ul data-start=\"1582\" data-end=\"1634\" data-is-last-node=\"\" data-is-only-node=\"\">\n<li data-start=\"1582\" data-end=\"1634\" data-is-last-node=\"\">\n<p data-start=\"1584\" data-end=\"1634\" data-is-last-node=\"\">1x vindt\u00e6t bilaskeb\u00e6ger med LED-lys<\/p>\n<\/li>\n<li data-start=\"1582\" data-end=\"1634\" data-is-last-node=\"\">1x kl\u00e6beb\u00e5nd.<\/li>\n<\/ul>\n<\/div>\n<\/div>\n<\/div>\n<\/div>\n<\/div>\n<\/div>\n<\/article>\n<\/div>\n","protected":false},"excerpt":{"rendered":"<p>Hold Din Bil Ren Og R\u00f8gfri Med Et Vindt\u00e6t Askeb\u00e6ger, Der Er Designet Til Sikker Og Nem Brug.\ud83d\ude97 Dette vindt\u00e6tte [&hellip;]<\/p>\n","protected":false},"featured_media":43920,"comment_status":"open","ping_status":"closed","template":"","meta":{"site-sidebar-layout":"default","site-content-layout":"","ast-site-content-layout":"default","site-content-style":"default","site-sidebar-style":"default","ast-global-header-display":"","ast-banner-title-visibility":"","ast-main-header-display":"","ast-hfb-above-header-display":"","ast-hfb-below-header-display":"","ast-hfb-mobile-header-display":"","site-post-title":"","ast-breadcrumbs-content":"","ast-featured-img":"","footer-sml-layout":"","theme-transparent-header-meta":"default","adv-header-id-meta":"","stick-header-meta":"","header-above-stick-meta":"","header-main-stick-meta":"","header-below-stick-meta":"","astra-migrate-meta-layouts":"set","ast-page-background-enabled":"default","ast-page-background-meta":{"desktop":{"background-color":"var(--ast-global-color-5)","background-image":"","background-repeat":"repeat","background-position":"center center","background-size":"auto","background-attachment":"scroll","background-type":"","background-media":"","overlay-type":"","overlay-color":"","overlay-opacity":"","overlay-gradient":""},"tablet":{"background-color":"","background-image":"","background-repeat":"repeat","background-position":"center center","background-size":"auto","background-attachment":"scroll","background-type":"","background-media":"","overlay-type":"","overlay-color":"","overlay-opacity":"","overlay-gradient":""},"mobile":{"background-color":"","background-image":"","background-repeat":"repeat","background-position":"center center","background-size":"auto","background-attachment":"scroll","background-type":"","background-media":"","overlay-type":"","overlay-color":"","overlay-opacity":"","overlay-gradient":""}},"ast-content-background-meta":{"desktop":{"background-color":"var(--ast-global-color-4)","background-image":"","background-repeat":"repeat","background-position":"center center","background-size":"auto","background-attachment":"scroll","background-type":"","background-media":"","overlay-type":"","overlay-color":"","overlay-opacity":"","overlay-gradient":""},"tablet":{"background-color":"var(--ast-global-color-4)","background-image":"","background-repeat":"repeat","background-position":"center center","background-size":"auto","background-attachment":"scroll","background-type":"","background-media":"","overlay-type":"","overlay-color":"","overlay-opacity":"","overlay-gradient":""},"mobile":{"background-color":"var(--ast-global-color-4)","background-image":"","background-repeat":"repeat","background-position":"center center","background-size":"auto","background-attachment":"scroll","background-type":"","background-media":"","overlay-type":"","overlay-color":"","overlay-opacity":"","overlay-gradient":""}}},"product_brand":[],"product_cat":[19],"product_tag":[],"class_list":{"0":"post-43924","1":"product","2":"type-product","3":"status-publish","4":"has-post-thumbnail","6":"product_cat-uncategorized","7":"pa_62139_p9uzezby-soelv","8":"pa_62139_p9uzezby-sort","9":"desktop-align-left","10":"tablet-align-left","11":"mobile-align-left","13":"first","14":"instock","15":"shipping-taxable","16":"purchasable","17":"product-type-variable"},"_links":{"self":[{"href":"https:\/\/ecostera.com\/dk\/wp-json\/wp\/v2\/product\/43924","targetHints":{"allow":["GET"]}}],"collection":[{"href":"https:\/\/ecostera.com\/dk\/wp-json\/wp\/v2\/product"}],"about":[{"href":"https:\/\/ecostera.com\/dk\/wp-json\/wp\/v2\/types\/product"}],"replies":[{"embeddable":true,"href":"https:\/\/ecostera.com\/dk\/wp-json\/wp\/v2\/comments?post=43924"}],"wp:featuredmedia":[{"embeddable":true,"href":"https:\/\/ecostera.com\/dk\/wp-json\/wp\/v2\/media\/43920"}],"wp:attachment":[{"href":"https:\/\/ecostera.com\/dk\/wp-json\/wp\/v2\/media?parent=43924"}],"wp:term":[{"taxonomy":"product_brand","embeddable":true,"href":"https:\/\/ecostera.com\/dk\/wp-json\/wp\/v2\/product_brand?post=43924"},{"taxonomy":"product_cat","embeddable":true,"href":"https:\/\/ecostera.com\/dk\/wp-json\/wp\/v2\/product_cat?post=43924"},{"taxonomy":"product_tag","embeddable":true,"href":"https:\/\/ecostera.com\/dk\/wp-json\/wp\/v2\/product_tag?post=43924"}],"curies":[{"name":"wp","href":"https:\/\/api.w.org\/{rel}","templated":true}]}}